{"id":228,"date":"2021-04-22T23:11:16","date_gmt":"2021-04-22T22:11:16","guid":{"rendered":"http:\/\/omega-bakery.com\/sk\/?page_id=228"},"modified":"2021-07-08T16:42:21","modified_gmt":"2021-07-08T14:42:21","slug":"servis","status":"publish","type":"page","link":"https:\/\/omega-bakery.com\/sk\/sluzby\/servis\/","title":{"rendered":"Servis"},"content":{"rendered":"\n<div class=\"wp-block-columns\">\n<div class=\"wp-block-column\" style=\"flex-basis:100%\"><\/div>\n<\/div>\n\n\n\n<div class=\"container\">\n   <div class=\"row\">\n\n     <div class=\"col-lg-6 sm-12\">\n        <p>Spolo\u010dnost Omega Slovakia spol s.r.o. zais\u0165uje pre svojich z\u00e1kazn\u00edkov kompletn\u00fd servis a n\u00e1hradn\u00e9 diely pre pek\u00e1rensk\u00e9 a cukr\u00e1rensk\u00e9 stroje a zariadenia.<\/p>\n        <p>Div\u00edzia servis taktie\u017e zais\u0165uje gener\u00e1lne opravy strojov a to nielen nami dod\u00e1van\u00fdch. Samozrejmos\u0165ou je poskytnutie z\u00e1ruky na nami repasovan\u00e9 stroje.<\/p>\n        <p>Jedno servisn\u00e9 stredisko vo Vr\u00fatkach je vybaven\u00e9 skladom n\u00e1hradn\u00fdch dielov, autoparkom s celkom 7 pohotovostn\u00fdmi vozidlami a modernou diel\u0148ou.<\/p>\n\n        <p>\nDisponujeme t\u00edmom 7 vysoko kvalifikovan\u00fdch technikov. Servisn\u00ed technici sa pravidelne z\u00fa\u010dast\u0148uj\u00fa vzdel\u00e1vac\u00edch kurzov a odborn\u00fdch \u0161kolen\u00ed u v\u00fdrobcov jednotliv\u00fdch zariaden\u00ed.<\/p>\n\n        <p>Servis zais\u0165ujeme 7 dn\u00ed v t\u00fd\u017edni. Opravy objedn\u00e1vajte u ved\u00faceho servisu.<\/p>\n\n     <\/div>\n\n\n     <div class=\"col-lg-6 sm-12\">\n        <img loading=\"lazy\" src=\"http:\/\/omega-bakery.com\/sk\/wp-content\/uploads\/2021\/06\/servis-e1623959833908.png\" alt=\"popis\" height=\"540\" width=\"720\">       \n     <\/div>\n\n   <\/div>\n<\/div>\n\n\n\n<h2 class=\"container servis-subheadline\">Kontakty:<\/h2>\n\n\n\n<div class=\"wp-block-columns container\">\n<div class=\"wp-block-column\">\n<p><strong>Ing. Franti\u0161ek Blecha <br><\/strong><em>service manager <br><\/em>tel.: +420 281 021 419 <br>mobil: +420 731 614 707 <br>fax: +420 281 021 450 <br>e-mail: servis@omega-bakery.com<\/p>\n\n\n\n<p><\/p>\n\n\n\n<p><strong>ing. Martin Navr\u00e1til <br><\/strong><em>vedouc\u00ed servisu stroj\u016f &#8211; st\u0159edisko Morava <\/em><br>tel.: +420 281 021 420 <br>mobil: +420 731 614 708 <br>e-mail: martin.navratil@omega-bakery.com<\/p>\n<\/div>\n\n\n\n<div class=\"wp-block-column\">\n<p><strong>Ale\u0161 Pejcel, DiS. <br><\/strong><em>vedouc\u00ed servisu stroj\u016f &#8211; st\u0159edisko \u010cechy <br><\/em>tel.: +420 281 021 421 <br>mobil: +420 731 614 706 <br>fax: +420 281 021 450 <br>e-mail: ales.pejcel@omega-bakery.com<\/p>\n\n\n\n<p><\/p>\n\n\n\n<p><strong>Tom\u00e1\u0161 Svoboda <br><\/strong><em>prodej n\u00e1hradn\u00edch d\u00edl\u016f <\/em><br>tel.: +420 281 021 436 <br>mobil: +420 731 614 731 <br>fax: +420 281 021 450 <br>e-mail: objednavkynd@omega-bakery.com<\/p>\n<\/div>\n<\/div>\n\n\n\n<p><\/p>\n","protected":false},"excerpt":{"rendered":"<p>Spolo\u010dnost Omega Slovakia spol s.r.o. zais\u0165uje pre svojich z\u00e1kazn\u00edkov kompletn\u00fd servis a n\u00e1hradn\u00e9 diely pre pek\u00e1rensk\u00e9 a cukr\u00e1rensk\u00e9 stroje a zariadenia. Div\u00edzia servis taktie\u017e zais\u0165uje gener\u00e1lne opravy strojov a to nielen nami dod\u00e1van\u00fdch. Samozrejmos\u0165ou je poskytnutie z\u00e1ruky na nami repasovan\u00e9 stroje. Jedno servisn\u00e9 stredisko vo Vr\u00fatkach je vybaven\u00e9 skladom n\u00e1hradn\u00fdch dielov, autoparkom s celkom 7 [&#8230;]<\/p>\n<p><a class=\"btn btn-secondary understrap-read-more-link\" href=\"https:\/\/omega-bakery.com\/sk\/sluzby\/servis\/\">Read More&#8230;<\/a><\/p>\n","protected":false},"author":1,"featured_media":0,"parent":37,"menu_order":0,"comment_status":"closed","ping_status":"closed","template":"page-templates\/fullwidthpage.php","meta":[],"yoast_head":"<!-- This site is optimized with the Yoast SEO plugin v17.1 - https:\/\/yoast.com\/wordpress\/plugins\/seo\/ -->\n<title>Servis - Omega Bakery<\/title>\n<meta name=\"robots\" content=\"index, follow, max-snippet:-1, max-image-preview:large, max-video-preview:-1\" \/>\n<link rel=\"canonical\" href=\"https:\/\/omega-bakery.com\/sk\/sluzby\/servis\/\" \/>\n<meta property=\"og:locale\" content=\"sk_SK\" \/>\n<meta property=\"og:type\" content=\"article\" \/>\n<meta property=\"og:title\" content=\"Servis - Omega Bakery\" \/>\n<meta property=\"og:description\" content=\"Spolo\u010dnost Omega Slovakia spol s.r.o. zais\u0165uje pre svojich z\u00e1kazn\u00edkov kompletn\u00fd servis a n\u00e1hradn\u00e9 diely pre pek\u00e1rensk\u00e9 a cukr\u00e1rensk\u00e9 stroje a zariadenia. Div\u00edzia servis taktie\u017e zais\u0165uje gener\u00e1lne opravy strojov a to nielen nami dod\u00e1van\u00fdch. Samozrejmos\u0165ou je poskytnutie z\u00e1ruky na nami repasovan\u00e9 stroje. Jedno servisn\u00e9 stredisko vo Vr\u00fatkach je vybaven\u00e9 skladom n\u00e1hradn\u00fdch dielov, autoparkom s celkom 7 [...]Read More...\" \/>\n<meta property=\"og:url\" content=\"https:\/\/omega-bakery.com\/sk\/sluzby\/servis\/\" \/>\n<meta property=\"og:site_name\" content=\"Omega Bakery\" \/>\n<meta property=\"article:modified_time\" content=\"2021-07-08T14:42:21+00:00\" \/>\n<meta property=\"og:image\" content=\"http:\/\/omega-bakery.com\/sk\/wp-content\/uploads\/2021\/06\/servis-e1623959833908.png\" \/>\n<meta name=\"twitter:card\" content=\"summary_large_image\" \/>\n<meta name=\"twitter:label1\" content=\"Predpokladan\u00fd \u010das \u010d\u00edtania\" \/>\n\t<meta name=\"twitter:data1\" content=\"1 min\u00fata\" \/>\n<script type=\"application\/ld+json\" class=\"yoast-schema-graph\">{\"@context\":\"https:\/\/schema.org\",\"@graph\":[{\"@type\":\"WebSite\",\"@id\":\"https:\/\/omega-bakery.com\/sk\/#website\",\"url\":\"https:\/\/omega-bakery.com\/sk\/\",\"name\":\"Omega Bakery\",\"description\":\"Dodavatel stroj\\u016f a za\\u0159\\u00edzen\\u00ed pro pek\\u00e1rny\",\"potentialAction\":[{\"@type\":\"SearchAction\",\"target\":{\"@type\":\"EntryPoint\",\"urlTemplate\":\"https:\/\/omega-bakery.com\/sk\/?s={search_term_string}\"},\"query-input\":\"required name=search_term_string\"}],\"inLanguage\":\"sk-SK\"},{\"@type\":\"ImageObject\",\"@id\":\"https:\/\/omega-bakery.com\/sk\/sluzby\/servis\/#primaryimage\",\"inLanguage\":\"sk-SK\",\"url\":\"http:\/\/omega-bakery.com\/sk\/wp-content\/uploads\/2021\/06\/servis-e1623959833908.png\",\"contentUrl\":\"http:\/\/omega-bakery.com\/sk\/wp-content\/uploads\/2021\/06\/servis-e1623959833908.png\"},{\"@type\":\"WebPage\",\"@id\":\"https:\/\/omega-bakery.com\/sk\/sluzby\/servis\/#webpage\",\"url\":\"https:\/\/omega-bakery.com\/sk\/sluzby\/servis\/\",\"name\":\"Servis - Omega Bakery\",\"isPartOf\":{\"@id\":\"https:\/\/omega-bakery.com\/sk\/#website\"},\"primaryImageOfPage\":{\"@id\":\"https:\/\/omega-bakery.com\/sk\/sluzby\/servis\/#primaryimage\"},\"datePublished\":\"2021-04-22T22:11:16+00:00\",\"dateModified\":\"2021-07-08T14:42:21+00:00\",\"breadcrumb\":{\"@id\":\"https:\/\/omega-bakery.com\/sk\/sluzby\/servis\/#breadcrumb\"},\"inLanguage\":\"sk-SK\",\"potentialAction\":[{\"@type\":\"ReadAction\",\"target\":[\"https:\/\/omega-bakery.com\/sk\/sluzby\/servis\/\"]}]},{\"@type\":\"BreadcrumbList\",\"@id\":\"https:\/\/omega-bakery.com\/sk\/sluzby\/servis\/#breadcrumb\",\"itemListElement\":[{\"@type\":\"ListItem\",\"position\":1,\"name\":\"Dom\\u016f\",\"item\":\"https:\/\/omega-bakery.com\/sk\/\"},{\"@type\":\"ListItem\",\"position\":2,\"name\":\"Slu\\u017eby\",\"item\":\"https:\/\/omega-bakery.com\/sk\/sluzby\/\"},{\"@type\":\"ListItem\",\"position\":3,\"name\":\"Servis\"}]}]}<\/script>\n<!-- \/ Yoast SEO plugin. -->","yoast_head_json":{"title":"Servis - Omega Bakery","robots":{"index":"index","follow":"follow","max-snippet":"max-snippet:-1","max-image-preview":"max-image-preview:large","max-video-preview":"max-video-preview:-1"},"canonical":"https:\/\/omega-bakery.com\/sk\/sluzby\/servis\/","og_locale":"sk_SK","og_type":"article","og_title":"Servis - Omega Bakery","og_description":"Spolo\u010dnost Omega Slovakia spol s.r.o. zais\u0165uje pre svojich z\u00e1kazn\u00edkov kompletn\u00fd servis a n\u00e1hradn\u00e9 diely pre pek\u00e1rensk\u00e9 a cukr\u00e1rensk\u00e9 stroje a zariadenia. Div\u00edzia servis taktie\u017e zais\u0165uje gener\u00e1lne opravy strojov a to nielen nami dod\u00e1van\u00fdch. Samozrejmos\u0165ou je poskytnutie z\u00e1ruky na nami repasovan\u00e9 stroje. Jedno servisn\u00e9 stredisko vo Vr\u00fatkach je vybaven\u00e9 skladom n\u00e1hradn\u00fdch dielov, autoparkom s celkom 7 [...]Read More...","og_url":"https:\/\/omega-bakery.com\/sk\/sluzby\/servis\/","og_site_name":"Omega Bakery","article_modified_time":"2021-07-08T14:42:21+00:00","og_image":[{"url":"http:\/\/omega-bakery.com\/sk\/wp-content\/uploads\/2021\/06\/servis-e1623959833908.png"}],"twitter_card":"summary_large_image","twitter_misc":{"Predpokladan\u00fd \u010das \u010d\u00edtania":"1 min\u00fata"},"schema":{"@context":"https:\/\/schema.org","@graph":[{"@type":"WebSite","@id":"https:\/\/omega-bakery.com\/sk\/#website","url":"https:\/\/omega-bakery.com\/sk\/","name":"Omega Bakery","description":"Dodavatel stroj\u016f a za\u0159\u00edzen\u00ed pro pek\u00e1rny","potentialAction":[{"@type":"SearchAction","target":{"@type":"EntryPoint","urlTemplate":"https:\/\/omega-bakery.com\/sk\/?s={search_term_string}"},"query-input":"required name=search_term_string"}],"inLanguage":"sk-SK"},{"@type":"ImageObject","@id":"https:\/\/omega-bakery.com\/sk\/sluzby\/servis\/#primaryimage","inLanguage":"sk-SK","url":"http:\/\/omega-bakery.com\/sk\/wp-content\/uploads\/2021\/06\/servis-e1623959833908.png","contentUrl":"http:\/\/omega-bakery.com\/sk\/wp-content\/uploads\/2021\/06\/servis-e1623959833908.png"},{"@type":"WebPage","@id":"https:\/\/omega-bakery.com\/sk\/sluzby\/servis\/#webpage","url":"https:\/\/omega-bakery.com\/sk\/sluzby\/servis\/","name":"Servis - Omega Bakery","isPartOf":{"@id":"https:\/\/omega-bakery.com\/sk\/#website"},"primaryImageOfPage":{"@id":"https:\/\/omega-bakery.com\/sk\/sluzby\/servis\/#primaryimage"},"datePublished":"2021-04-22T22:11:16+00:00","dateModified":"2021-07-08T14:42:21+00:00","breadcrumb":{"@id":"https:\/\/omega-bakery.com\/sk\/sluzby\/servis\/#breadcrumb"},"inLanguage":"sk-SK","potentialAction":[{"@type":"ReadAction","target":["https:\/\/omega-bakery.com\/sk\/sluzby\/servis\/"]}]},{"@type":"BreadcrumbList","@id":"https:\/\/omega-bakery.com\/sk\/sluzby\/servis\/#breadcrumb","itemListElement":[{"@type":"ListItem","position":1,"name":"Dom\u016f","item":"https:\/\/omega-bakery.com\/sk\/"},{"@type":"ListItem","position":2,"name":"Slu\u017eby","item":"https:\/\/omega-bakery.com\/sk\/sluzby\/"},{"@type":"ListItem","position":3,"name":"Servis"}]}]}},"_links":{"self":[{"href":"https:\/\/omega-bakery.com\/sk\/wp-json\/wp\/v2\/pages\/228"}],"collection":[{"href":"https:\/\/omega-bakery.com\/sk\/wp-json\/wp\/v2\/pages"}],"about":[{"href":"https:\/\/omega-bakery.com\/sk\/wp-json\/wp\/v2\/types\/page"}],"author":[{"embeddable":true,"href":"https:\/\/omega-bakery.com\/sk\/wp-json\/wp\/v2\/users\/1"}],"replies":[{"embeddable":true,"href":"https:\/\/omega-bakery.com\/sk\/wp-json\/wp\/v2\/comments?post=228"}],"version-history":[{"count":23,"href":"https:\/\/omega-bakery.com\/sk\/wp-json\/wp\/v2\/pages\/228\/revisions"}],"predecessor-version":[{"id":1489,"href":"https:\/\/omega-bakery.com\/sk\/wp-json\/wp\/v2\/pages\/228\/revisions\/1489"}],"up":[{"embeddable":true,"href":"https:\/\/omega-bakery.com\/sk\/wp-json\/wp\/v2\/pages\/37"}],"wp:attachment":[{"href":"https:\/\/omega-bakery.com\/sk\/wp-json\/wp\/v2\/media?parent=228"}],"curies":[{"name":"wp","href":"https:\/\/api.w.org\/{rel}","templated":true}]}}