{"id":37,"date":"2021-04-20T19:19:00","date_gmt":"2021-04-20T17:19:00","guid":{"rendered":"http:\/\/omega-bakery.com\/sk\/?page_id=37"},"modified":"2021-07-08T16:40:05","modified_gmt":"2021-07-08T14:40:05","slug":"sluzby","status":"publish","type":"page","link":"https:\/\/omega-bakery.com\/sk\/sluzby\/","title":{"rendered":"Slu\u017eby"},"content":{"rendered":"\n<!-- Bloky A-C -->\n<section id=\"content-block\">\n<div class=\"container\">\n <div class=\"row\">\n   <div class=\"col-lg-6 md-12 blok-b-l\">\n<img loading=\"lazy\" src=\"http:\/\/omega-bakery.com\/sk\/wp-content\/uploads\/2021\/06\/servis-e1623959833908.png\" alt=\"popis\" height=\"540\" width=\"720\">       \n   <\/div>\n   <div class=\"col-lg-6 md-12 blok-b-p\">\n      <h2>Servis strojov<\/h2>\n     <p>Pre svojich z\u00e1kazn\u00edkov zais\u0165ujeme kompletn\u00fd servis a n\u00e1hradn\u00e9 diely pre pek\u00e1rensk\u00e9 a cukr\u00e1rensk\u00e9 stroje a zariadenia. Disponujeme t\u00edmom 7 vysoko kvalifikovan\u00fdch technikov, jednym servisn\u00fdm strediskom a autoparkom so 7 pohotovostn\u00fdmi vozidlami.<\/p>\n<a href=\"http:\/\/omega-bakery.com\/sk\/sluzby\/servis\"><button type=\"button\" class=\"btn btn-omega btn-lg py-3\">\n  Zistite viac\n<\/button><\/a>\n   <\/div>\n\n   <div class=\"col-lg-6 md-12 blok-c-l\">\n\n      <h2>Poradenstvo<\/h2>\n\n      <p> Na z\u00e1klade Va\u0161ich po\u017eiadaviek\/potrieb V\u00e1m navrhneme rie\u0161enie na mieru. Nech sa u\u017e jedn\u00e1 o zavedenie nov\u00e9ho v\u00fdrobku, cez optimaliz\u00e1ciu v\u00fdroby a\u017e po n\u00e1vrh kompletn\u00e9ho rie\u0161enia pek\u00e1rne.<\/p>\n      <p> Nez\u00e1le\u017e\u00ed, \u010di bude mal\u00e1 alebo ve\u013ek\u00e1. O na\u0161e dlhoro\u010dn\u00e9 sk\u00fasenosti v obore sa s Vami radi podel\u00edme.<\/p>\n\n<a href=\"http:\/\/omega-bakery.com\/sk\/kontaktujte-nas\/\"><button type=\"button\" class=\"btn btn-omega btn-lg py-3\">\n  Zistite viac\n<\/button><\/a>\n\n   <\/div>\n   <div class=\"col-lg-6 md-12 blok-c-p\">\n   <img loading=\"lazy\" src=\"http:\/\/omega-bakery.com\/sk\/wp-content\/uploads\/2021\/04\/plan.png\" alt=\"popis\" height=\"540\" width=\"720\">       \n   <\/div>\n\n<div class=\"col-lg-6 md-12 blok-b-l\">\n<img loading=\"lazy\" src=\"http:\/\/omega-bakery.com\/sk\/wp-content\/uploads\/2021\/04\/interier-pekarny.png\" alt=\"popis\" height=\"540\" width=\"720\">       \n   <\/div>\n   <div class=\"col-lg-6 md-12 blok-b-p\">\n      <h2>Interi\u00e9ry predajn\u00ed na k\u013e\u00fa\u010d<\/h2>\n   <p>Navrhujeme a kompletne realizujeme interi\u00e9ry kamenn\u00fdch i mobiln\u00fdch predajn\u00ed.<\/p>\n   <p>\u0160pecializujeme sa na interi\u00e9ry pek\u00e1rn\u00ed, cukr\u00e1rn\u00ed a kaviarn\u00ed, radi v\u0161ak pom\u00f4\u017eeme s vybaven\u00edm i \u010fal\u0161\u00edch druhov podnikov.<\/p>\n<a href=\"https:\/\/omega-interiery.com\/\" target=\"_blank\" rel=\"noopener\"><button type=\"button\" class=\"btn btn-omega btn-lg py-3\">\n  Zistite viac\n<\/button><\/a>\n\n   <\/div>\n\n   <div class=\"col-lg-6 md-12 blok-c-l\">\n      <h2>Nerezov\u00e1 v\u00fdroba<\/h2>\n <p>Na\u0161a plno vybaven\u00e1 z\u00e1mo\u010dn\u00edcka diel\u0148a v Prahe na Va\u0161e prianie vyhotov\u00ed ak\u00e9ko\u013evek kovov\u00e9 v\u00fdrobky, prev\u00e1\u017ene z nerezovej ocele.<\/p>\n<p>Sme schopn\u00ed pre V\u00e1s vyrobi\u0165 v\u0161etko od mal\u00fdch odkladac\u00edch stol\u00edkov, cez odkladacie voz\u00edky, voz\u00edky do pec\u00ed, stoly do ve\u013ek\u00fdch gastronomick\u00fdch prev\u00e1dzok a v\u0161etk\u00e9ho ostatn\u00e9ho potrebn\u00e9ho do potravin\u00e1rskeho priemyslu.<\/p>\n<a href=\"https:\/\/www.omega-inox.cz\/\" target=\"_blank\" rel=\"noopener\"><button type=\"button\" class=\"btn btn-omega btn-lg py-3\">\n  Zistite viac\n<\/button><\/a>\n\n   <\/div>\n   <div class=\"col-lg-6 md-12 blok-c-p\">\n   <img loading=\"lazy\" src=\"http:\/\/omega-bakery.com\/sk\/wp-content\/uploads\/2021\/04\/Untitled-design-31.png\" alt=\"popis\" height=\"540\" width=\"720\">       \n   <\/div>\n\n <\/div>\n<\/div>\n<\/section>\n\n\n\n<!-- Bloky A-C -->\n<section id=\"content-block\">\n<div class=\"container\">\n <div class=\"row\">\n\n   <div class=\"col-lg-6 md-12 blok-b-l\">\n<img loading=\"lazy\" src=\"http:\/\/omega-bakery.com\/sk\/wp-content\/uploads\/2021\/04\/klima.png\" alt=\"popis\" height=\"540\" width=\"720\">       \n   <\/div>\n\n   <div class=\"col-lg-6 md-12 blok-b-p\">\n      <h2>Klimatiz\u00e1cie TOSHIBA<\/h2>\n      <p>Sme ofici\u00e1lnym distrib\u00fatorom klimatiz\u00e1ci\u00ed a tepeln\u00fdch \u010derpadiel zna\u010dky TOSHIBA. Sk\u00fasenosti m\u00e1me z viacej ne\u017e 1 000 in\u0161tal\u00edci\u00ed v bytoch, domoch, kancel\u00e1ri\u00e1ch, predaj\u0148ach a \u010fal\u0161\u00edch priestoroch po celej \u010ceskej republike.<\/p>\n<a href=\"https:\/\/www.omega-klimatizace.cz\/\" target=\"_blank\" rel=\"noopener\"><button type=\"button\" class=\"btn btn-omega btn-lg py-3\">\n  Zistite viac\n<\/button><\/a>\n   <\/div>\n\n <\/div>\n<\/div>\n<\/section>\n","protected":false},"excerpt":{"rendered":"<p>Servis strojov Pre svojich z\u00e1kazn\u00edkov zais\u0165ujeme kompletn\u00fd servis a n\u00e1hradn\u00e9 diely pre pek\u00e1rensk\u00e9 a cukr\u00e1rensk\u00e9 stroje a zariadenia. Disponujeme t\u00edmom 7 vysoko kvalifikovan\u00fdch technikov, jednym servisn\u00fdm strediskom a autoparkom so 7 pohotovostn\u00fdmi vozidlami. Zistite viac Poradenstvo Na z\u00e1klade Va\u0161ich po\u017eiadaviek\/potrieb V\u00e1m navrhneme rie\u0161enie na mieru. Nech sa u\u017e jedn\u00e1 o zavedenie nov\u00e9ho v\u00fdrobku, cez optimaliz\u00e1ciu [&#8230;]<\/p>\n<p><a class=\"btn btn-secondary understrap-read-more-link\" href=\"https:\/\/omega-bakery.com\/sk\/sluzby\/\">Read More&#8230;<\/a><\/p>\n","protected":false},"author":1,"featured_media":0,"parent":0,"menu_order":0,"comment_status":"closed","ping_status":"closed","template":"page-templates\/fullwidthpage.php","meta":[],"yoast_head":"<!-- This site is optimized with the Yoast SEO plugin v17.1 - https:\/\/yoast.com\/wordpress\/plugins\/seo\/ -->\n<title>Slu\u017eby - Omega Bakery<\/title>\n<meta name=\"robots\" content=\"index, follow, max-snippet:-1, max-image-preview:large, max-video-preview:-1\" \/>\n<link rel=\"canonical\" href=\"https:\/\/omega-bakery.com\/sk\/sluzby\/\" \/>\n<meta property=\"og:locale\" content=\"sk_SK\" \/>\n<meta property=\"og:type\" content=\"article\" \/>\n<meta property=\"og:title\" content=\"Slu\u017eby - Omega Bakery\" \/>\n<meta property=\"og:description\" content=\"Servis strojov Pre svojich z\u00e1kazn\u00edkov zais\u0165ujeme kompletn\u00fd servis a n\u00e1hradn\u00e9 diely pre pek\u00e1rensk\u00e9 a cukr\u00e1rensk\u00e9 stroje a zariadenia. Disponujeme t\u00edmom 7 vysoko kvalifikovan\u00fdch technikov, jednym servisn\u00fdm strediskom a autoparkom so 7 pohotovostn\u00fdmi vozidlami. Zistite viac Poradenstvo Na z\u00e1klade Va\u0161ich po\u017eiadaviek\/potrieb V\u00e1m navrhneme rie\u0161enie na mieru. Nech sa u\u017e jedn\u00e1 o zavedenie nov\u00e9ho v\u00fdrobku, cez optimaliz\u00e1ciu [...]Read More...\" \/>\n<meta property=\"og:url\" content=\"https:\/\/omega-bakery.com\/sk\/sluzby\/\" \/>\n<meta property=\"og:site_name\" content=\"Omega Bakery\" \/>\n<meta property=\"article:modified_time\" content=\"2021-07-08T14:40:05+00:00\" \/>\n<meta property=\"og:image\" content=\"http:\/\/omega-bakery.com\/sk\/wp-content\/uploads\/2021\/06\/servis-e1623959833908.png\" \/>\n<meta name=\"twitter:card\" content=\"summary_large_image\" \/>\n<meta name=\"twitter:label1\" content=\"Predpokladan\u00fd \u010das \u010d\u00edtania\" \/>\n\t<meta name=\"twitter:data1\" content=\"2 min\u00faty\" \/>\n<script type=\"application\/ld+json\" class=\"yoast-schema-graph\">{\"@context\":\"https:\/\/schema.org\",\"@graph\":[{\"@type\":\"WebSite\",\"@id\":\"https:\/\/omega-bakery.com\/sk\/#website\",\"url\":\"https:\/\/omega-bakery.com\/sk\/\",\"name\":\"Omega Bakery\",\"description\":\"Dodavatel stroj\\u016f a za\\u0159\\u00edzen\\u00ed pro pek\\u00e1rny\",\"potentialAction\":[{\"@type\":\"SearchAction\",\"target\":{\"@type\":\"EntryPoint\",\"urlTemplate\":\"https:\/\/omega-bakery.com\/sk\/?s={search_term_string}\"},\"query-input\":\"required name=search_term_string\"}],\"inLanguage\":\"sk-SK\"},{\"@type\":\"ImageObject\",\"@id\":\"https:\/\/omega-bakery.com\/sk\/sluzby\/#primaryimage\",\"inLanguage\":\"sk-SK\",\"url\":\"http:\/\/omega-bakery.com\/sk\/wp-content\/uploads\/2021\/06\/servis-e1623959833908.png\",\"contentUrl\":\"http:\/\/omega-bakery.com\/sk\/wp-content\/uploads\/2021\/06\/servis-e1623959833908.png\"},{\"@type\":\"WebPage\",\"@id\":\"https:\/\/omega-bakery.com\/sk\/sluzby\/#webpage\",\"url\":\"https:\/\/omega-bakery.com\/sk\/sluzby\/\",\"name\":\"Slu\\u017eby - Omega Bakery\",\"isPartOf\":{\"@id\":\"https:\/\/omega-bakery.com\/sk\/#website\"},\"primaryImageOfPage\":{\"@id\":\"https:\/\/omega-bakery.com\/sk\/sluzby\/#primaryimage\"},\"datePublished\":\"2021-04-20T17:19:00+00:00\",\"dateModified\":\"2021-07-08T14:40:05+00:00\",\"breadcrumb\":{\"@id\":\"https:\/\/omega-bakery.com\/sk\/sluzby\/#breadcrumb\"},\"inLanguage\":\"sk-SK\",\"potentialAction\":[{\"@type\":\"ReadAction\",\"target\":[\"https:\/\/omega-bakery.com\/sk\/sluzby\/\"]}]},{\"@type\":\"BreadcrumbList\",\"@id\":\"https:\/\/omega-bakery.com\/sk\/sluzby\/#breadcrumb\",\"itemListElement\":[{\"@type\":\"ListItem\",\"position\":1,\"name\":\"Dom\\u016f\",\"item\":\"https:\/\/omega-bakery.com\/sk\/\"},{\"@type\":\"ListItem\",\"position\":2,\"name\":\"Slu\\u017eby\"}]}]}<\/script>\n<!-- \/ Yoast SEO plugin. -->","yoast_head_json":{"title":"Slu\u017eby - Omega Bakery","robots":{"index":"index","follow":"follow","max-snippet":"max-snippet:-1","max-image-preview":"max-image-preview:large","max-video-preview":"max-video-preview:-1"},"canonical":"https:\/\/omega-bakery.com\/sk\/sluzby\/","og_locale":"sk_SK","og_type":"article","og_title":"Slu\u017eby - Omega Bakery","og_description":"Servis strojov Pre svojich z\u00e1kazn\u00edkov zais\u0165ujeme kompletn\u00fd servis a n\u00e1hradn\u00e9 diely pre pek\u00e1rensk\u00e9 a cukr\u00e1rensk\u00e9 stroje a zariadenia. Disponujeme t\u00edmom 7 vysoko kvalifikovan\u00fdch technikov, jednym servisn\u00fdm strediskom a autoparkom so 7 pohotovostn\u00fdmi vozidlami. Zistite viac Poradenstvo Na z\u00e1klade Va\u0161ich po\u017eiadaviek\/potrieb V\u00e1m navrhneme rie\u0161enie na mieru. Nech sa u\u017e jedn\u00e1 o zavedenie nov\u00e9ho v\u00fdrobku, cez optimaliz\u00e1ciu [...]Read More...","og_url":"https:\/\/omega-bakery.com\/sk\/sluzby\/","og_site_name":"Omega Bakery","article_modified_time":"2021-07-08T14:40:05+00:00","og_image":[{"url":"http:\/\/omega-bakery.com\/sk\/wp-content\/uploads\/2021\/06\/servis-e1623959833908.png"}],"twitter_card":"summary_large_image","twitter_misc":{"Predpokladan\u00fd \u010das \u010d\u00edtania":"2 min\u00faty"},"schema":{"@context":"https:\/\/schema.org","@graph":[{"@type":"WebSite","@id":"https:\/\/omega-bakery.com\/sk\/#website","url":"https:\/\/omega-bakery.com\/sk\/","name":"Omega Bakery","description":"Dodavatel stroj\u016f a za\u0159\u00edzen\u00ed pro pek\u00e1rny","potentialAction":[{"@type":"SearchAction","target":{"@type":"EntryPoint","urlTemplate":"https:\/\/omega-bakery.com\/sk\/?s={search_term_string}"},"query-input":"required name=search_term_string"}],"inLanguage":"sk-SK"},{"@type":"ImageObject","@id":"https:\/\/omega-bakery.com\/sk\/sluzby\/#primaryimage","inLanguage":"sk-SK","url":"http:\/\/omega-bakery.com\/sk\/wp-content\/uploads\/2021\/06\/servis-e1623959833908.png","contentUrl":"http:\/\/omega-bakery.com\/sk\/wp-content\/uploads\/2021\/06\/servis-e1623959833908.png"},{"@type":"WebPage","@id":"https:\/\/omega-bakery.com\/sk\/sluzby\/#webpage","url":"https:\/\/omega-bakery.com\/sk\/sluzby\/","name":"Slu\u017eby - Omega Bakery","isPartOf":{"@id":"https:\/\/omega-bakery.com\/sk\/#website"},"primaryImageOfPage":{"@id":"https:\/\/omega-bakery.com\/sk\/sluzby\/#primaryimage"},"datePublished":"2021-04-20T17:19:00+00:00","dateModified":"2021-07-08T14:40:05+00:00","breadcrumb":{"@id":"https:\/\/omega-bakery.com\/sk\/sluzby\/#breadcrumb"},"inLanguage":"sk-SK","potentialAction":[{"@type":"ReadAction","target":["https:\/\/omega-bakery.com\/sk\/sluzby\/"]}]},{"@type":"BreadcrumbList","@id":"https:\/\/omega-bakery.com\/sk\/sluzby\/#breadcrumb","itemListElement":[{"@type":"ListItem","position":1,"name":"Dom\u016f","item":"https:\/\/omega-bakery.com\/sk\/"},{"@type":"ListItem","position":2,"name":"Slu\u017eby"}]}]}},"_links":{"self":[{"href":"https:\/\/omega-bakery.com\/sk\/wp-json\/wp\/v2\/pages\/37"}],"collection":[{"href":"https:\/\/omega-bakery.com\/sk\/wp-json\/wp\/v2\/pages"}],"about":[{"href":"https:\/\/omega-bakery.com\/sk\/wp-json\/wp\/v2\/types\/page"}],"author":[{"embeddable":true,"href":"https:\/\/omega-bakery.com\/sk\/wp-json\/wp\/v2\/users\/1"}],"replies":[{"embeddable":true,"href":"https:\/\/omega-bakery.com\/sk\/wp-json\/wp\/v2\/comments?post=37"}],"version-history":[{"count":31,"href":"https:\/\/omega-bakery.com\/sk\/wp-json\/wp\/v2\/pages\/37\/revisions"}],"predecessor-version":[{"id":1487,"href":"https:\/\/omega-bakery.com\/sk\/wp-json\/wp\/v2\/pages\/37\/revisions\/1487"}],"wp:attachment":[{"href":"https:\/\/omega-bakery.com\/sk\/wp-json\/wp\/v2\/media?parent=37"}],"curies":[{"name":"wp","href":"https:\/\/api.w.org\/{rel}","templated":true}]}}