{"id":41,"date":"2021-04-20T19:20:55","date_gmt":"2021-04-20T18:20:55","guid":{"rendered":"http:\/\/omega-bakery.com\/sk\/?page_id=41"},"modified":"2026-01-13T11:13:49","modified_gmt":"2026-01-13T09:13:49","slug":"kontaktujte-nas","status":"publish","type":"page","link":"https:\/\/omega-bakery.com\/sk\/kontaktujte-nas\/","title":{"rendered":"Kontaktujte n\u00e1s"},"content":{"rendered":"\n<div class=\"container\"><!-- Page Heading -->\n<p>&nbsp;<\/p>\n<p style=\"text-align: center;margin-bottom: 2rem\">Omega Slovakia spol. s r.o., Dielensk\u00e1 Kru\u017en\u00e1 2422\/38, 038 61 Vr\u00fatky<\/p>\n<p><!-- Kontakt --><\/p>\n<div class=\"kontakt\">\n<div class=\"row kontakt-1\">\n<div class=\"col-lg-4 md-12 kontakt\">\n<div class=\"kontakt-udaje\">\n<p class=\"pozice\">Konate\u013e spolo\u010dnosti<\/p>\n<p class=\"jmeno\">Ing. \u013dubo\u0161 Kus\u00fd<\/p>\n<p class=\"telefon\">Mobil.: +421 903 511 871<\/p>\n<p class=\"email\">E-mail: lubos.kusy@omega-bakery.com<\/p>\n<p class=\"email\">E-mail: kusy.omega@gmail.com<\/p>\n<\/div>\n<\/div>\n<div class=\"col-lg-4 md-12 kontakt\">\n<div class=\"kontakt-udaje\">\n<p class=\"pozice\">Prokurista spolo\u010dnosti<\/p>\n<p class=\"jmeno\">Ing. Janka Ko\u0161\u00fatov\u00e1<\/p>\n<p class=\"telefon\">Mobil: +421 908 696 552<\/p>\n<p class=\"email\">E-mail: janka.kosutova@omega-bakery.com<\/p>\n<\/div>\n<\/div>\n<div class=\"col-lg-4 md-12 kontakt\">\n<div class=\"kontakt-udaje\">\n<p class=\"pozice\">Sekretari\u00e1t, \u00fa\u010dt\u00e1re\u0148:<\/p>\n<p class=\"jmeno\">Ing. Kl\u00e1ra Markov\u00e1<\/p>\n<p class=\"telefon\">Mobil: +421 903 52 44 55<\/p>\n<p class=\"email\">E-mail: klara.markova@omega-bakery.com<\/p>\n<p class=\"email\">E-mail: omegask@omega-bakery.com<\/p>\n<\/div>\n<\/div>\n<div class=\"col-lg-4 md-12 kontakt\">\n<div class=\"kontakt-udaje\">\n<p class=\"pozice\">Predaj n\u00e1hradn\u00fdch dielov<\/p>\n<p class=\"jmeno\">Michal Dad\u00edk<\/p>\n<p class=\"telefon\">Mobil: +421 903 482 429<\/p>\n<p class=\"email\">E-mail: servissk@omega-bakery.com<\/p>\n<\/div>\n<\/div>\n<div class=\"col-lg-4 md-12 kontakt\">\n<div class=\"kontakt-udaje\">\n<p class=\"pozice\">Ved\u00faci servisu<\/p>\n<p class=\"jmeno\">Ivan Vi\u0161\u0148ovsk\u00fd<\/p>\n<p class=\"telefon\">Mobil: +421 911 779 780<\/p>\n<p class=\"email\">E-mail: ivan.visnovsky@omega-bakery.com<\/p>\n<\/div>\n<\/div>\n<div class=\"col-lg-4 md-12 kontakt\">\n<div class=\"kontakt-udaje\">\n<p class=\"pozice\">Ved\u00faca div\u00edzie stroje<\/p>\n<p class=\"jmeno\">Erika Pa\u017eick\u00e1<\/p>\n<p class=\"telefon\">Mobil: +421 903 269 456<\/p>\n<p class=\"email\">E-mail: erika.pazicka@omega-bakery.com<\/p>\n<\/div>\n<\/div>\n<div class=\"col-lg-4 md-12 kontakt\">\n<div class=\"kontakt-udaje\">\n<p class=\"pozice\">Obchodn\u00fd z\u00e1stupca pre oblas\u0165 z\u00e1padn\u00e9ho Slovenska<\/p>\n<p class=\"jmeno\">Vojtech Berhel<\/p>\n<p class=\"telefon\">Mobil: +421 903 411 029<\/p>\n<p class=\"email\">E-mail: vojtech.berhel@omega-bakery.com<\/p>\n<\/div>\n<\/div>\n<div class=\"col-lg-4 md-12 kontakt\">\n<div class=\"kontakt-udaje\">\n<p class=\"pozice\">Obchodn\u00fd z\u00e1stupca pre oblas\u0165 stredn\u00e9ho Slovenska<\/p>\n<p class=\"jmeno\">Martin Homola<\/p>\n<p class=\"telefon\">Mobil: +421 911 217 303<\/p>\n<p class=\"email\">E-mail: martin.homola@omega-bakery.com<\/p>\n<\/div>\n<\/div>\n<div class=\"col-lg-4 md-12 kontakt\">\n<div class=\"kontakt-udaje\">\n<p class=\"pozice\">Obchodn\u00fd z\u00e1stupca pre oblas\u0165 v\u00fdchodn\u00e9ho Slovenska<\/p>\n<p class=\"jmeno\">Peter Melicher<\/p>\n<p class=\"telefon\">Mobil: +421 911 779 799<\/p>\n<p class=\"email\">E-mail: peter.melicher@omega-bakery.com<\/p>\n<\/div>\n<\/div>\n<div class=\"col-lg-4 md-12 kontakt\">\n<div class=\"kontakt-udaje\">\n<p class=\"pozice\">Obchodn\u00fd z\u00e1stupca div\u00edzie surov\u00edn, s\u00e1\u010dkov, pom\u00f4cok:<\/p>\n<p class=\"jmeno\">Jana Pa\u017eick\u00e1<\/p>\n<p class=\"telefon\">Mobil: +421 903 518 290<\/p>\n<p class=\"email\">E-mail: jana.pazicka@omega-bakery.com<\/p>\n<\/div>\n<\/div>\n<\/div>\n<p><!-- \/Kontakt --> <!-- \/container --><\/p>\n<\/div>\n<\/div>\n\n\n\n<!-- mapa -->\n<div class=\"row map\">\n  \n <\/div>  <!-- \/mapa -->\n","protected":false},"excerpt":{"rendered":"<p>&nbsp; Omega Slovakia spol. s r.o., Dielensk\u00e1 Kru\u017en\u00e1 2422\/38, 038 61 Vr\u00fatky Konate\u013e spolo\u010dnosti Ing. \u013dubo\u0161 Kus\u00fd Mobil.: +421 903 511 871 E-mail: lubos.kusy@omega-bakery.com E-mail: kusy.omega@gmail.com Prokurista spolo\u010dnosti Ing. Janka Ko\u0161\u00fatov\u00e1 Mobil: +421 908 696 552 E-mail: janka.kosutova@omega-bakery.com Sekretari\u00e1t, \u00fa\u010dt\u00e1re\u0148: Ing. Kl\u00e1ra Markov\u00e1 Mobil: +421 903 52 44 55 E-mail: klara.markova@omega-bakery.com E-mail: omegask@omega-bakery.com Predaj n\u00e1hradn\u00fdch [&#8230;]<\/p>\n<p><a class=\"btn btn-secondary understrap-read-more-link\" href=\"https:\/\/omega-bakery.com\/sk\/kontaktujte-nas\/\">Read More&#8230;<\/a><\/p>\n","protected":false},"author":1,"featured_media":0,"parent":0,"menu_order":0,"comment_status":"closed","ping_status":"closed","template":"page-templates\/fullwidthpage.php","meta":[],"yoast_head":"<!-- This site is optimized with the Yoast SEO plugin v17.1 - https:\/\/yoast.com\/wordpress\/plugins\/seo\/ -->\n<title>Kontaktujte n\u00e1s - Omega Bakery<\/title>\n<meta name=\"robots\" content=\"index, follow, max-snippet:-1, max-image-preview:large, max-video-preview:-1\" \/>\n<link rel=\"canonical\" href=\"https:\/\/omega-bakery.com\/sk\/kontaktujte-nas\/\" \/>\n<meta property=\"og:locale\" content=\"sk_SK\" \/>\n<meta property=\"og:type\" content=\"article\" \/>\n<meta property=\"og:title\" content=\"Kontaktujte n\u00e1s - Omega Bakery\" \/>\n<meta property=\"og:description\" content=\"&nbsp; Omega Slovakia spol. s r.o., Dielensk\u00e1 Kru\u017en\u00e1 2422\/38, 038 61 Vr\u00fatky Konate\u013e spolo\u010dnosti Ing. \u013dubo\u0161 Kus\u00fd Mobil.: +421 903 511 871 E-mail: lubos.kusy@omega-bakery.com E-mail: kusy.omega@gmail.com Prokurista spolo\u010dnosti Ing. Janka Ko\u0161\u00fatov\u00e1 Mobil: +421 908 696 552 E-mail: janka.kosutova@omega-bakery.com Sekretari\u00e1t, \u00fa\u010dt\u00e1re\u0148: Ing. Kl\u00e1ra Markov\u00e1 Mobil: +421 903 52 44 55 E-mail: klara.markova@omega-bakery.com E-mail: omegask@omega-bakery.com Predaj n\u00e1hradn\u00fdch [...]Read More...\" \/>\n<meta property=\"og:url\" content=\"https:\/\/omega-bakery.com\/sk\/kontaktujte-nas\/\" \/>\n<meta property=\"og:site_name\" content=\"Omega Bakery\" \/>\n<meta property=\"article:modified_time\" content=\"2026-01-13T09:13:49+00:00\" \/>\n<meta name=\"twitter:card\" content=\"summary_large_image\" \/>\n<meta name=\"twitter:label1\" content=\"Predpokladan\u00fd \u010das \u010d\u00edtania\" \/>\n\t<meta name=\"twitter:data1\" content=\"1 min\u00fata\" \/>\n<script type=\"application\/ld+json\" class=\"yoast-schema-graph\">{\"@context\":\"https:\/\/schema.org\",\"@graph\":[{\"@type\":\"WebSite\",\"@id\":\"https:\/\/omega-bakery.com\/sk\/#website\",\"url\":\"https:\/\/omega-bakery.com\/sk\/\",\"name\":\"Omega Bakery\",\"description\":\"Dodavatel stroj\\u016f a za\\u0159\\u00edzen\\u00ed pro pek\\u00e1rny\",\"potentialAction\":[{\"@type\":\"SearchAction\",\"target\":{\"@type\":\"EntryPoint\",\"urlTemplate\":\"https:\/\/omega-bakery.com\/sk\/?s={search_term_string}\"},\"query-input\":\"required name=search_term_string\"}],\"inLanguage\":\"sk-SK\"},{\"@type\":\"WebPage\",\"@id\":\"https:\/\/omega-bakery.com\/sk\/kontaktujte-nas\/#webpage\",\"url\":\"https:\/\/omega-bakery.com\/sk\/kontaktujte-nas\/\",\"name\":\"Kontaktujte n\\u00e1s - Omega Bakery\",\"isPartOf\":{\"@id\":\"https:\/\/omega-bakery.com\/sk\/#website\"},\"datePublished\":\"2021-04-20T18:20:55+00:00\",\"dateModified\":\"2026-01-13T09:13:49+00:00\",\"breadcrumb\":{\"@id\":\"https:\/\/omega-bakery.com\/sk\/kontaktujte-nas\/#breadcrumb\"},\"inLanguage\":\"sk-SK\",\"potentialAction\":[{\"@type\":\"ReadAction\",\"target\":[\"https:\/\/omega-bakery.com\/sk\/kontaktujte-nas\/\"]}]},{\"@type\":\"BreadcrumbList\",\"@id\":\"https:\/\/omega-bakery.com\/sk\/kontaktujte-nas\/#breadcrumb\",\"itemListElement\":[{\"@type\":\"ListItem\",\"position\":1,\"name\":\"Dom\\u016f\",\"item\":\"https:\/\/omega-bakery.com\/sk\/\"},{\"@type\":\"ListItem\",\"position\":2,\"name\":\"Kontaktujte n\\u00e1s\"}]}]}<\/script>\n<!-- \/ Yoast SEO plugin. -->","yoast_head_json":{"title":"Kontaktujte n\u00e1s - Omega Bakery","robots":{"index":"index","follow":"follow","max-snippet":"max-snippet:-1","max-image-preview":"max-image-preview:large","max-video-preview":"max-video-preview:-1"},"canonical":"https:\/\/omega-bakery.com\/sk\/kontaktujte-nas\/","og_locale":"sk_SK","og_type":"article","og_title":"Kontaktujte n\u00e1s - Omega Bakery","og_description":"&nbsp; Omega Slovakia spol. s r.o., Dielensk\u00e1 Kru\u017en\u00e1 2422\/38, 038 61 Vr\u00fatky Konate\u013e spolo\u010dnosti Ing. \u013dubo\u0161 Kus\u00fd Mobil.: +421 903 511 871 E-mail: lubos.kusy@omega-bakery.com E-mail: kusy.omega@gmail.com Prokurista spolo\u010dnosti Ing. Janka Ko\u0161\u00fatov\u00e1 Mobil: +421 908 696 552 E-mail: janka.kosutova@omega-bakery.com Sekretari\u00e1t, \u00fa\u010dt\u00e1re\u0148: Ing. Kl\u00e1ra Markov\u00e1 Mobil: +421 903 52 44 55 E-mail: klara.markova@omega-bakery.com E-mail: omegask@omega-bakery.com Predaj n\u00e1hradn\u00fdch [...]Read More...","og_url":"https:\/\/omega-bakery.com\/sk\/kontaktujte-nas\/","og_site_name":"Omega Bakery","article_modified_time":"2026-01-13T09:13:49+00:00","twitter_card":"summary_large_image","twitter_misc":{"Predpokladan\u00fd \u010das \u010d\u00edtania":"1 min\u00fata"},"schema":{"@context":"https:\/\/schema.org","@graph":[{"@type":"WebSite","@id":"https:\/\/omega-bakery.com\/sk\/#website","url":"https:\/\/omega-bakery.com\/sk\/","name":"Omega Bakery","description":"Dodavatel stroj\u016f a za\u0159\u00edzen\u00ed pro pek\u00e1rny","potentialAction":[{"@type":"SearchAction","target":{"@type":"EntryPoint","urlTemplate":"https:\/\/omega-bakery.com\/sk\/?s={search_term_string}"},"query-input":"required name=search_term_string"}],"inLanguage":"sk-SK"},{"@type":"WebPage","@id":"https:\/\/omega-bakery.com\/sk\/kontaktujte-nas\/#webpage","url":"https:\/\/omega-bakery.com\/sk\/kontaktujte-nas\/","name":"Kontaktujte n\u00e1s - Omega Bakery","isPartOf":{"@id":"https:\/\/omega-bakery.com\/sk\/#website"},"datePublished":"2021-04-20T18:20:55+00:00","dateModified":"2026-01-13T09:13:49+00:00","breadcrumb":{"@id":"https:\/\/omega-bakery.com\/sk\/kontaktujte-nas\/#breadcrumb"},"inLanguage":"sk-SK","potentialAction":[{"@type":"ReadAction","target":["https:\/\/omega-bakery.com\/sk\/kontaktujte-nas\/"]}]},{"@type":"BreadcrumbList","@id":"https:\/\/omega-bakery.com\/sk\/kontaktujte-nas\/#breadcrumb","itemListElement":[{"@type":"ListItem","position":1,"name":"Dom\u016f","item":"https:\/\/omega-bakery.com\/sk\/"},{"@type":"ListItem","position":2,"name":"Kontaktujte n\u00e1s"}]}]}},"_links":{"self":[{"href":"https:\/\/omega-bakery.com\/sk\/wp-json\/wp\/v2\/pages\/41"}],"collection":[{"href":"https:\/\/omega-bakery.com\/sk\/wp-json\/wp\/v2\/pages"}],"about":[{"href":"https:\/\/omega-bakery.com\/sk\/wp-json\/wp\/v2\/types\/page"}],"author":[{"embeddable":true,"href":"https:\/\/omega-bakery.com\/sk\/wp-json\/wp\/v2\/users\/1"}],"replies":[{"embeddable":true,"href":"https:\/\/omega-bakery.com\/sk\/wp-json\/wp\/v2\/comments?post=41"}],"version-history":[{"count":30,"href":"https:\/\/omega-bakery.com\/sk\/wp-json\/wp\/v2\/pages\/41\/revisions"}],"predecessor-version":[{"id":2320,"href":"https:\/\/omega-bakery.com\/sk\/wp-json\/wp\/v2\/pages\/41\/revisions\/2320"}],"wp:attachment":[{"href":"https:\/\/omega-bakery.com\/sk\/wp-json\/wp\/v2\/media?parent=41"}],"curies":[{"name":"wp","href":"https:\/\/api.w.org\/{rel}","templated":true}]}}