{"id":1012,"date":"2021-05-24T21:07:34","date_gmt":"2021-05-24T19:07:34","guid":{"rendered":"http:\/\/omega-bakery.com\/sk\/?post_type=product&#038;p=1012"},"modified":"2021-07-01T15:02:42","modified_gmt":"2021-07-01T13:02:42","slug":"aristarco-sps-na-supinkovy-lad","status":"publish","type":"product","link":"https:\/\/omega-bakery.com\/sk\/produkt\/aristarco-sps-na-supinkovy-lad\/","title":{"rendered":"Aristarco SPS na \u0161upinkov\u00fd \u013ead"},"content":{"rendered":"","protected":false},"excerpt":{"rendered":"<p>V\u00fdrobn\u00edk \u013eadu SPS je ur\u010den\u00fd pre pek\u00e1rne a pou\u017e\u00edva tie najnov\u0161ie technol\u00f3gie na v\u00fdrobu ploch\u00fdch \u013eadov\u00fdch vlo\u010diek.<\/p>\n<p>Viac inform\u00e1ci\u00ed o tomto v\u00fdrobn\u00edku \u013eadu n\u00e1jdete v prilo\u017eenom let\u00e1ku <a href=\"http:\/\/omega-bakery.com\/sk\/wp-content\/uploads\/2021\/05\/vy\u0301robni\u0301k-s\u030cupinkove\u0301ho-ledu-Aristarco-SPS-0321.pdf\" target=\"_blank\" rel=\"noopener\">TU<\/a> [&#8230;]<\/p>\n<p><a class=\"btn btn-secondary understrap-read-more-link\" href=\"https:\/\/omega-bakery.com\/sk\/produkt\/aristarco-sps-na-supinkovy-lad\/\">Read More&#8230;<\/a><\/p>\n","protected":false},"featured_media":1018,"template":"","meta":[],"yoast_head":"<!-- This site is optimized with the Yoast SEO plugin v17.1 - https:\/\/yoast.com\/wordpress\/plugins\/seo\/ -->\n<title>Aristarco SPS na \u0161upinkov\u00fd \u013ead - Omega Bakery<\/title>\n<meta name=\"robots\" content=\"index, follow, max-snippet:-1, max-image-preview:large, max-video-preview:-1\" \/>\n<link rel=\"canonical\" href=\"https:\/\/omega-bakery.com\/sk\/produkt\/aristarco-sps-na-supinkovy-lad\/\" \/>\n<meta property=\"og:locale\" content=\"sk_SK\" \/>\n<meta property=\"og:type\" content=\"article\" \/>\n<meta property=\"og:title\" content=\"Aristarco SPS na \u0161upinkov\u00fd \u013ead - Omega Bakery\" \/>\n<meta property=\"og:description\" content=\"V\u00fdrobn\u00edk \u013eadu SPS je ur\u010den\u00fd pre pek\u00e1rne a pou\u017e\u00edva tie najnov\u0161ie technol\u00f3gie na v\u00fdrobu ploch\u00fdch \u013eadov\u00fdch vlo\u010diek.  Viac inform\u00e1ci\u00ed o tomto v\u00fdrobn\u00edku \u013eadu n\u00e1jdete v prilo\u017eenom let\u00e1ku TU [...]Read More...\" \/>\n<meta property=\"og:url\" content=\"https:\/\/omega-bakery.com\/sk\/produkt\/aristarco-sps-na-supinkovy-lad\/\" \/>\n<meta property=\"og:site_name\" content=\"Omega Bakery\" \/>\n<meta property=\"article:modified_time\" content=\"2021-07-01T13:02:42+00:00\" \/>\n<meta property=\"og:image\" content=\"http:\/\/omega-bakery.com\/sk\/wp-content\/uploads\/2021\/05\/Aristarco-SPS-s\u030cupinkovy\u0301-1.png\" \/>\n\t<meta property=\"og:image:width\" content=\"533\" \/>\n\t<meta property=\"og:image:height\" content=\"700\" \/>\n<meta name=\"twitter:card\" content=\"summary_large_image\" \/>\n<script type=\"application\/ld+json\" class=\"yoast-schema-graph\">{\"@context\":\"https:\/\/schema.org\",\"@graph\":[{\"@type\":\"WebSite\",\"@id\":\"https:\/\/omega-bakery.com\/sk\/#website\",\"url\":\"https:\/\/omega-bakery.com\/sk\/\",\"name\":\"Omega Bakery\",\"description\":\"Dodavatel stroj\\u016f a za\\u0159\\u00edzen\\u00ed pro pek\\u00e1rny\",\"potentialAction\":[{\"@type\":\"SearchAction\",\"target\":{\"@type\":\"EntryPoint\",\"urlTemplate\":\"https:\/\/omega-bakery.com\/sk\/?s={search_term_string}\"},\"query-input\":\"required name=search_term_string\"}],\"inLanguage\":\"sk-SK\"},{\"@type\":\"ImageObject\",\"@id\":\"https:\/\/omega-bakery.com\/sk\/produkt\/aristarco-sps-na-supinkovy-lad\/#primaryimage\",\"inLanguage\":\"sk-SK\",\"url\":\"https:\/\/omega-bakery.com\/sk\/wp-content\/uploads\/2021\/05\/Aristarco-SPS-s\\u030cupinkovy\\u0301-1.png\",\"contentUrl\":\"https:\/\/omega-bakery.com\/sk\/wp-content\/uploads\/2021\/05\/Aristarco-SPS-s\\u030cupinkovy\\u0301-1.png\",\"width\":533,\"height\":700},{\"@type\":\"WebPage\",\"@id\":\"https:\/\/omega-bakery.com\/sk\/produkt\/aristarco-sps-na-supinkovy-lad\/#webpage\",\"url\":\"https:\/\/omega-bakery.com\/sk\/produkt\/aristarco-sps-na-supinkovy-lad\/\",\"name\":\"Aristarco SPS na \\u0161upinkov\\u00fd \\u013ead - Omega Bakery\",\"isPartOf\":{\"@id\":\"https:\/\/omega-bakery.com\/sk\/#website\"},\"primaryImageOfPage\":{\"@id\":\"https:\/\/omega-bakery.com\/sk\/produkt\/aristarco-sps-na-supinkovy-lad\/#primaryimage\"},\"datePublished\":\"2021-05-24T19:07:34+00:00\",\"dateModified\":\"2021-07-01T13:02:42+00:00\",\"breadcrumb\":{\"@id\":\"https:\/\/omega-bakery.com\/sk\/produkt\/aristarco-sps-na-supinkovy-lad\/#breadcrumb\"},\"inLanguage\":\"sk-SK\",\"potentialAction\":[{\"@type\":\"ReadAction\",\"target\":[\"https:\/\/omega-bakery.com\/sk\/produkt\/aristarco-sps-na-supinkovy-lad\/\"]}]},{\"@type\":\"BreadcrumbList\",\"@id\":\"https:\/\/omega-bakery.com\/sk\/produkt\/aristarco-sps-na-supinkovy-lad\/#breadcrumb\",\"itemListElement\":[{\"@type\":\"ListItem\",\"position\":1,\"name\":\"Dom\\u016f\",\"item\":\"https:\/\/omega-bakery.com\/sk\/\"},{\"@type\":\"ListItem\",\"position\":2,\"name\":\"Stroje a zariadenia\",\"item\":\"https:\/\/omega-bakery.com\/sk\/stroje-a-zariadenia\/\"},{\"@type\":\"ListItem\",\"position\":3,\"name\":\"Ostatn\\u00e9 stroje\",\"item\":\"https:\/\/omega-bakery.com\/sk\/stroje-a-zarizeni\/ostatne-stroje\/\"},{\"@type\":\"ListItem\",\"position\":4,\"name\":\"D\\u00e1vkovanie a chladenie vody\",\"item\":\"https:\/\/omega-bakery.com\/sk\/stroje-a-zarizeni\/ostatne-stroje\/davkovanie-a-chladenie-vody\/\"},{\"@type\":\"ListItem\",\"position\":5,\"name\":\"V\\u00fdrobn\\u00edky \\u013eadu\",\"item\":\"https:\/\/omega-bakery.com\/sk\/stroje-a-zarizeni\/ostatne-stroje\/davkovanie-a-chladenie-vody\/vyrobniky-ladu\/\"},{\"@type\":\"ListItem\",\"position\":6,\"name\":\"Aristarco SPS na \\u0161upinkov\\u00fd \\u013ead\"}]}]}<\/script>\n<!-- \/ Yoast SEO plugin. -->","yoast_head_json":{"title":"Aristarco SPS na \u0161upinkov\u00fd \u013ead - Omega Bakery","robots":{"index":"index","follow":"follow","max-snippet":"max-snippet:-1","max-image-preview":"max-image-preview:large","max-video-preview":"max-video-preview:-1"},"canonical":"https:\/\/omega-bakery.com\/sk\/produkt\/aristarco-sps-na-supinkovy-lad\/","og_locale":"sk_SK","og_type":"article","og_title":"Aristarco SPS na \u0161upinkov\u00fd \u013ead - Omega Bakery","og_description":"V\u00fdrobn\u00edk \u013eadu SPS je ur\u010den\u00fd pre pek\u00e1rne a pou\u017e\u00edva tie najnov\u0161ie technol\u00f3gie na v\u00fdrobu ploch\u00fdch \u013eadov\u00fdch vlo\u010diek.  Viac inform\u00e1ci\u00ed o tomto v\u00fdrobn\u00edku \u013eadu n\u00e1jdete v prilo\u017eenom let\u00e1ku TU [...]Read More...","og_url":"https:\/\/omega-bakery.com\/sk\/produkt\/aristarco-sps-na-supinkovy-lad\/","og_site_name":"Omega Bakery","article_modified_time":"2021-07-01T13:02:42+00:00","og_image":[{"width":533,"height":700,"url":"http:\/\/omega-bakery.com\/sk\/wp-content\/uploads\/2021\/05\/Aristarco-SPS-s\u030cupinkovy\u0301-1.png","path":"\/data\/web\/virtuals\/278194\/virtual\/www\/domains\/omega-bakery.com\/sk\/wp-content\/uploads\/2021\/05\/Aristarco-SPS-s\u030cupinkovy\u0301-1.png","size":"full","id":1018,"alt":"","pixels":373100,"type":"image\/png"}],"twitter_card":"summary_large_image","schema":{"@context":"https:\/\/schema.org","@graph":[{"@type":"WebSite","@id":"https:\/\/omega-bakery.com\/sk\/#website","url":"https:\/\/omega-bakery.com\/sk\/","name":"Omega Bakery","description":"Dodavatel stroj\u016f a za\u0159\u00edzen\u00ed pro pek\u00e1rny","potentialAction":[{"@type":"SearchAction","target":{"@type":"EntryPoint","urlTemplate":"https:\/\/omega-bakery.com\/sk\/?s={search_term_string}"},"query-input":"required name=search_term_string"}],"inLanguage":"sk-SK"},{"@type":"ImageObject","@id":"https:\/\/omega-bakery.com\/sk\/produkt\/aristarco-sps-na-supinkovy-lad\/#primaryimage","inLanguage":"sk-SK","url":"https:\/\/omega-bakery.com\/sk\/wp-content\/uploads\/2021\/05\/Aristarco-SPS-s\u030cupinkovy\u0301-1.png","contentUrl":"https:\/\/omega-bakery.com\/sk\/wp-content\/uploads\/2021\/05\/Aristarco-SPS-s\u030cupinkovy\u0301-1.png","width":533,"height":700},{"@type":"WebPage","@id":"https:\/\/omega-bakery.com\/sk\/produkt\/aristarco-sps-na-supinkovy-lad\/#webpage","url":"https:\/\/omega-bakery.com\/sk\/produkt\/aristarco-sps-na-supinkovy-lad\/","name":"Aristarco SPS na \u0161upinkov\u00fd \u013ead - Omega Bakery","isPartOf":{"@id":"https:\/\/omega-bakery.com\/sk\/#website"},"primaryImageOfPage":{"@id":"https:\/\/omega-bakery.com\/sk\/produkt\/aristarco-sps-na-supinkovy-lad\/#primaryimage"},"datePublished":"2021-05-24T19:07:34+00:00","dateModified":"2021-07-01T13:02:42+00:00","breadcrumb":{"@id":"https:\/\/omega-bakery.com\/sk\/produkt\/aristarco-sps-na-supinkovy-lad\/#breadcrumb"},"inLanguage":"sk-SK","potentialAction":[{"@type":"ReadAction","target":["https:\/\/omega-bakery.com\/sk\/produkt\/aristarco-sps-na-supinkovy-lad\/"]}]},{"@type":"BreadcrumbList","@id":"https:\/\/omega-bakery.com\/sk\/produkt\/aristarco-sps-na-supinkovy-lad\/#breadcrumb","itemListElement":[{"@type":"ListItem","position":1,"name":"Dom\u016f","item":"https:\/\/omega-bakery.com\/sk\/"},{"@type":"ListItem","position":2,"name":"Stroje a zariadenia","item":"https:\/\/omega-bakery.com\/sk\/stroje-a-zariadenia\/"},{"@type":"ListItem","position":3,"name":"Ostatn\u00e9 stroje","item":"https:\/\/omega-bakery.com\/sk\/stroje-a-zarizeni\/ostatne-stroje\/"},{"@type":"ListItem","position":4,"name":"D\u00e1vkovanie a chladenie vody","item":"https:\/\/omega-bakery.com\/sk\/stroje-a-zarizeni\/ostatne-stroje\/davkovanie-a-chladenie-vody\/"},{"@type":"ListItem","position":5,"name":"V\u00fdrobn\u00edky \u013eadu","item":"https:\/\/omega-bakery.com\/sk\/stroje-a-zarizeni\/ostatne-stroje\/davkovanie-a-chladenie-vody\/vyrobniky-ladu\/"},{"@type":"ListItem","position":6,"name":"Aristarco SPS na \u0161upinkov\u00fd \u013ead"}]}]}},"_links":{"self":[{"href":"https:\/\/omega-bakery.com\/sk\/wp-json\/wp\/v2\/product\/1012"}],"collection":[{"href":"https:\/\/omega-bakery.com\/sk\/wp-json\/wp\/v2\/product"}],"about":[{"href":"https:\/\/omega-bakery.com\/sk\/wp-json\/wp\/v2\/types\/product"}],"wp:featuredmedia":[{"embeddable":true,"href":"https:\/\/omega-bakery.com\/sk\/wp-json\/wp\/v2\/media\/1018"}],"wp:attachment":[{"href":"https:\/\/omega-bakery.com\/sk\/wp-json\/wp\/v2\/media?parent=1012"}],"curies":[{"name":"wp","href":"https:\/\/api.w.org\/{rel}","templated":true}]}}