{"id":1127,"date":"2021-05-25T14:06:54","date_gmt":"2021-05-25T12:06:54","guid":{"rendered":"http:\/\/omega-bakery.com\/sk\/?post_type=product&#038;p=1127"},"modified":"2022-11-07T12:36:39","modified_gmt":"2022-11-07T10:36:39","slug":"aristarco-au","status":"publish","type":"product","link":"https:\/\/omega-bakery.com\/sk\/produkt\/aristarco-au\/","title":{"rendered":"Aristarco AU"},"content":{"rendered":"","protected":false},"excerpt":{"rendered":"<p>Boxov\u00e1 um\u00fdva\u010dka vhodn\u00e1 do prev\u00e1dzok lahodok a cukr\u00e1rn\u00ed pre um\u00fdvanie riadu ako s\u00fa hrnce, p\u00e1nve, kotl\u00edky. Vhodn\u00e1 tie\u017e pre um\u00fdvanie prepravok, plechov, t\u00e1cov atp.<\/p>\n<p>Viac inform\u00e1ci\u00ed o tejto priemyselnej um\u00fdva\u010dke n\u00e1jdete v prilo\u017eenom let\u00e1ku <a href=\"http:\/\/omega-bakery.com\/sk\/wp-content\/uploads\/2021\/05\/myc\u030cka-Aristarco-AU-55-65E-AU-125-80E-0321.pdf\" target=\"newtab\" rel=\"noopener\">TU<\/a> [&#8230;]<\/p>\n<p><a class=\"btn btn-secondary understrap-read-more-link\" href=\"https:\/\/omega-bakery.com\/sk\/produkt\/aristarco-au\/\">Read More&#8230;<\/a><\/p>\n","protected":false},"featured_media":1121,"template":"","meta":[],"yoast_head":"<!-- This site is optimized with the Yoast SEO plugin v17.1 - https:\/\/yoast.com\/wordpress\/plugins\/seo\/ -->\n<title>Aristarco AU - Omega Bakery<\/title>\n<meta name=\"robots\" content=\"index, follow, max-snippet:-1, max-image-preview:large, max-video-preview:-1\" \/>\n<link rel=\"canonical\" href=\"https:\/\/omega-bakery.com\/sk\/produkt\/aristarco-au\/\" \/>\n<meta property=\"og:locale\" content=\"sk_SK\" \/>\n<meta property=\"og:type\" content=\"article\" \/>\n<meta property=\"og:title\" content=\"Aristarco AU - Omega Bakery\" \/>\n<meta property=\"og:description\" content=\"Boxov\u00e1 um\u00fdva\u010dka vhodn\u00e1 do prev\u00e1dzok lahodok a cukr\u00e1rn\u00ed pre um\u00fdvanie riadu ako s\u00fa hrnce, p\u00e1nve, kotl\u00edky. Vhodn\u00e1 tie\u017e pre um\u00fdvanie prepravok, plechov, t\u00e1cov atp.  Viac inform\u00e1ci\u00ed o tejto priemyselnej um\u00fdva\u010dke n\u00e1jdete v prilo\u017eenom let\u00e1ku TU [...]Read More...\" \/>\n<meta property=\"og:url\" content=\"https:\/\/omega-bakery.com\/sk\/produkt\/aristarco-au\/\" \/>\n<meta property=\"og:site_name\" content=\"Omega Bakery\" \/>\n<meta property=\"article:modified_time\" content=\"2022-11-07T10:36:39+00:00\" \/>\n<meta property=\"og:image\" content=\"http:\/\/omega-bakery.com\/sk\/wp-content\/uploads\/2021\/04\/Aristarco-AU-1.png\" \/>\n\t<meta property=\"og:image:width\" content=\"533\" \/>\n\t<meta property=\"og:image:height\" content=\"700\" \/>\n<meta name=\"twitter:card\" content=\"summary_large_image\" \/>\n<script type=\"application\/ld+json\" class=\"yoast-schema-graph\">{\"@context\":\"https:\/\/schema.org\",\"@graph\":[{\"@type\":\"WebSite\",\"@id\":\"https:\/\/omega-bakery.com\/sk\/#website\",\"url\":\"https:\/\/omega-bakery.com\/sk\/\",\"name\":\"Omega Bakery\",\"description\":\"Dodavatel stroj\\u016f a za\\u0159\\u00edzen\\u00ed pro pek\\u00e1rny\",\"potentialAction\":[{\"@type\":\"SearchAction\",\"target\":{\"@type\":\"EntryPoint\",\"urlTemplate\":\"https:\/\/omega-bakery.com\/sk\/?s={search_term_string}\"},\"query-input\":\"required name=search_term_string\"}],\"inLanguage\":\"sk-SK\"},{\"@type\":\"ImageObject\",\"@id\":\"https:\/\/omega-bakery.com\/sk\/produkt\/aristarco-au\/#primaryimage\",\"inLanguage\":\"sk-SK\",\"url\":\"https:\/\/omega-bakery.com\/sk\/wp-content\/uploads\/2021\/04\/Aristarco-AU-1.png\",\"contentUrl\":\"https:\/\/omega-bakery.com\/sk\/wp-content\/uploads\/2021\/04\/Aristarco-AU-1.png\",\"width\":533,\"height\":700},{\"@type\":\"WebPage\",\"@id\":\"https:\/\/omega-bakery.com\/sk\/produkt\/aristarco-au\/#webpage\",\"url\":\"https:\/\/omega-bakery.com\/sk\/produkt\/aristarco-au\/\",\"name\":\"Aristarco AU - Omega Bakery\",\"isPartOf\":{\"@id\":\"https:\/\/omega-bakery.com\/sk\/#website\"},\"primaryImageOfPage\":{\"@id\":\"https:\/\/omega-bakery.com\/sk\/produkt\/aristarco-au\/#primaryimage\"},\"datePublished\":\"2021-05-25T12:06:54+00:00\",\"dateModified\":\"2022-11-07T10:36:39+00:00\",\"breadcrumb\":{\"@id\":\"https:\/\/omega-bakery.com\/sk\/produkt\/aristarco-au\/#breadcrumb\"},\"inLanguage\":\"sk-SK\",\"potentialAction\":[{\"@type\":\"ReadAction\",\"target\":[\"https:\/\/omega-bakery.com\/sk\/produkt\/aristarco-au\/\"]}]},{\"@type\":\"BreadcrumbList\",\"@id\":\"https:\/\/omega-bakery.com\/sk\/produkt\/aristarco-au\/#breadcrumb\",\"itemListElement\":[{\"@type\":\"ListItem\",\"position\":1,\"name\":\"Dom\\u016f\",\"item\":\"https:\/\/omega-bakery.com\/sk\/\"},{\"@type\":\"ListItem\",\"position\":2,\"name\":\"Stroje a zariadenia\",\"item\":\"https:\/\/omega-bakery.com\/sk\/stroje-a-zariadenia\/\"},{\"@type\":\"ListItem\",\"position\":3,\"name\":\"Um\\u00fdvacie stroje a \\u010disti\\u010dky\",\"item\":\"https:\/\/omega-bakery.com\/sk\/stroje-a-zarizeni\/umyvacie-stroje-a-cisticky\/\"},{\"@type\":\"ListItem\",\"position\":4,\"name\":\"Priemyseln\\u00e9 um\\u00fdva\\u010dky\",\"item\":\"https:\/\/omega-bakery.com\/sk\/stroje-a-zarizeni\/umyvacie-stroje-a-cisticky\/priemyselne-umyvacky\/\"},{\"@type\":\"ListItem\",\"position\":5,\"name\":\"Aristarco AU\"}]}]}<\/script>\n<!-- \/ Yoast SEO plugin. -->","yoast_head_json":{"title":"Aristarco AU - Omega Bakery","robots":{"index":"index","follow":"follow","max-snippet":"max-snippet:-1","max-image-preview":"max-image-preview:large","max-video-preview":"max-video-preview:-1"},"canonical":"https:\/\/omega-bakery.com\/sk\/produkt\/aristarco-au\/","og_locale":"sk_SK","og_type":"article","og_title":"Aristarco AU - Omega Bakery","og_description":"Boxov\u00e1 um\u00fdva\u010dka vhodn\u00e1 do prev\u00e1dzok lahodok a cukr\u00e1rn\u00ed pre um\u00fdvanie riadu ako s\u00fa hrnce, p\u00e1nve, kotl\u00edky. Vhodn\u00e1 tie\u017e pre um\u00fdvanie prepravok, plechov, t\u00e1cov atp.  Viac inform\u00e1ci\u00ed o tejto priemyselnej um\u00fdva\u010dke n\u00e1jdete v prilo\u017eenom let\u00e1ku TU [...]Read More...","og_url":"https:\/\/omega-bakery.com\/sk\/produkt\/aristarco-au\/","og_site_name":"Omega Bakery","article_modified_time":"2022-11-07T10:36:39+00:00","og_image":[{"width":533,"height":700,"url":"http:\/\/omega-bakery.com\/sk\/wp-content\/uploads\/2021\/04\/Aristarco-AU-1.png","path":"\/data\/web\/virtuals\/278194\/virtual\/www\/domains\/omega-bakery.com\/sk\/wp-content\/uploads\/2021\/04\/Aristarco-AU-1.png","size":"full","id":1121,"alt":"","pixels":373100,"type":"image\/png"}],"twitter_card":"summary_large_image","schema":{"@context":"https:\/\/schema.org","@graph":[{"@type":"WebSite","@id":"https:\/\/omega-bakery.com\/sk\/#website","url":"https:\/\/omega-bakery.com\/sk\/","name":"Omega Bakery","description":"Dodavatel stroj\u016f a za\u0159\u00edzen\u00ed pro pek\u00e1rny","potentialAction":[{"@type":"SearchAction","target":{"@type":"EntryPoint","urlTemplate":"https:\/\/omega-bakery.com\/sk\/?s={search_term_string}"},"query-input":"required name=search_term_string"}],"inLanguage":"sk-SK"},{"@type":"ImageObject","@id":"https:\/\/omega-bakery.com\/sk\/produkt\/aristarco-au\/#primaryimage","inLanguage":"sk-SK","url":"https:\/\/omega-bakery.com\/sk\/wp-content\/uploads\/2021\/04\/Aristarco-AU-1.png","contentUrl":"https:\/\/omega-bakery.com\/sk\/wp-content\/uploads\/2021\/04\/Aristarco-AU-1.png","width":533,"height":700},{"@type":"WebPage","@id":"https:\/\/omega-bakery.com\/sk\/produkt\/aristarco-au\/#webpage","url":"https:\/\/omega-bakery.com\/sk\/produkt\/aristarco-au\/","name":"Aristarco AU - Omega Bakery","isPartOf":{"@id":"https:\/\/omega-bakery.com\/sk\/#website"},"primaryImageOfPage":{"@id":"https:\/\/omega-bakery.com\/sk\/produkt\/aristarco-au\/#primaryimage"},"datePublished":"2021-05-25T12:06:54+00:00","dateModified":"2022-11-07T10:36:39+00:00","breadcrumb":{"@id":"https:\/\/omega-bakery.com\/sk\/produkt\/aristarco-au\/#breadcrumb"},"inLanguage":"sk-SK","potentialAction":[{"@type":"ReadAction","target":["https:\/\/omega-bakery.com\/sk\/produkt\/aristarco-au\/"]}]},{"@type":"BreadcrumbList","@id":"https:\/\/omega-bakery.com\/sk\/produkt\/aristarco-au\/#breadcrumb","itemListElement":[{"@type":"ListItem","position":1,"name":"Dom\u016f","item":"https:\/\/omega-bakery.com\/sk\/"},{"@type":"ListItem","position":2,"name":"Stroje a zariadenia","item":"https:\/\/omega-bakery.com\/sk\/stroje-a-zariadenia\/"},{"@type":"ListItem","position":3,"name":"Um\u00fdvacie stroje a \u010disti\u010dky","item":"https:\/\/omega-bakery.com\/sk\/stroje-a-zarizeni\/umyvacie-stroje-a-cisticky\/"},{"@type":"ListItem","position":4,"name":"Priemyseln\u00e9 um\u00fdva\u010dky","item":"https:\/\/omega-bakery.com\/sk\/stroje-a-zarizeni\/umyvacie-stroje-a-cisticky\/priemyselne-umyvacky\/"},{"@type":"ListItem","position":5,"name":"Aristarco AU"}]}]}},"_links":{"self":[{"href":"https:\/\/omega-bakery.com\/sk\/wp-json\/wp\/v2\/product\/1127"}],"collection":[{"href":"https:\/\/omega-bakery.com\/sk\/wp-json\/wp\/v2\/product"}],"about":[{"href":"https:\/\/omega-bakery.com\/sk\/wp-json\/wp\/v2\/types\/product"}],"wp:featuredmedia":[{"embeddable":true,"href":"https:\/\/omega-bakery.com\/sk\/wp-json\/wp\/v2\/media\/1121"}],"wp:attachment":[{"href":"https:\/\/omega-bakery.com\/sk\/wp-json\/wp\/v2\/media?parent=1127"}],"curies":[{"name":"wp","href":"https:\/\/api.w.org\/{rel}","templated":true}]}}