{"id":1354,"date":"2021-06-01T15:45:25","date_gmt":"2021-06-01T13:45:25","guid":{"rendered":"http:\/\/omega-bakery.com\/sk\/?post_type=product&#038;p=1354"},"modified":"2021-06-01T15:45:26","modified_gmt":"2021-06-01T13:45:26","slug":"pec-etazova-piccolo-wachtel","status":"publish","type":"product","link":"https:\/\/omega-bakery.com\/sk\/produkt\/pec-etazova-piccolo-wachtel\/","title":{"rendered":"Pec et\u00e1\u017eov\u00e1 PICCOLO, WACHTEL"},"content":{"rendered":"","protected":false},"excerpt":{"rendered":"<table border=\"1\" cellspacing=\"0\" cellpadding=\"0\">\n<tbody>\n<tr>\n<td>\n<p align=\"center\"><strong>Poradov\u00e9 \u010d\u00edslo<\/strong><\/p>\n<\/td>\n<td>\n<p align=\"center\"><strong>S82<\/strong><\/p>\n<\/td>\n<td rowspan=\"8\">\n<p align=\"center\">\n<\/td>\n<\/tr>\n<tr>\n<td>\n<p align=\"center\"><strong>Stroj<\/strong><\/p>\n<\/td>\n<td>\n<p align=\"center\"><strong>Pec et\u00e1\u017eov\u00e1<\/strong><\/p>\n<\/td>\n<\/tr>\n<tr>\n<td>\n<p align=\"center\"><strong>Typ stroja<\/strong><\/p>\n<\/td>\n<td>\n<p align=\"center\"><strong>PICCOLO I-1<\/strong><\/p>\n<\/td>\n<\/tr>\n<tr>\n<td>\n<p align=\"center\"><strong>V\u00fdrobn\u00e9 \u010d\u00edslo<\/strong><\/p>\n<\/td>\n<td>\n<p align=\"center\"><strong>25868<\/strong><\/p>\n<\/td>\n<\/tr>\n<tr>\n<td>\n<p align=\"center\"><strong>Intern\u00e9 \u010d\u00edslo (KL)<\/strong><\/p>\n<\/td>\n<td>\n<p align=\"center\"><strong>N114 12<\/strong><\/p>\n<\/td>\n<\/tr>\n<tr>\n<td>\n<p align=\"center\"><strong>Pozn\u00e1mka\/Cena<\/strong><\/p>\n<\/td>\n<td>\n<p align=\"center\">nov\u00fd stroj<\/p>\n<p align=\"center\"><strong>6.000,- Eur<\/strong><\/p>\n<p align=\"center\"><strong>162.000,- K\u010d bez DPH<\/strong><\/p>\n<\/td>\n<\/tr>\n<tr>\n<td>\n<p align=\"center\"><strong>Rok v\u00fdroby<\/strong><\/p>\n<\/td>\n<td>\n<p align=\"center\"><strong>2012<\/strong><\/p>\n<\/td>\n<\/tr>\n<tr>\n<td>\n<p align=\"center\"><strong>V\u00fdrobca<\/strong><\/p>\n<\/td>\n<td>\n<p align=\"center\"><strong>WACHTEL, Nemecko<\/strong><\/p>\n<\/td>\n<\/tr>\n<\/tbody>\n<\/table>\n<p> [&#8230;]<\/p>\n<p><a class=\"btn btn-secondary understrap-read-more-link\" href=\"https:\/\/omega-bakery.com\/sk\/produkt\/pec-etazova-piccolo-wachtel\/\">Read More&#8230;<\/a><\/p>\n","protected":false},"featured_media":1355,"template":"","meta":[],"yoast_head":"<!-- This site is optimized with the Yoast SEO plugin v17.1 - https:\/\/yoast.com\/wordpress\/plugins\/seo\/ -->\n<title>Pec et\u00e1\u017eov\u00e1 PICCOLO, WACHTEL - Omega Bakery<\/title>\n<meta name=\"robots\" content=\"index, follow, max-snippet:-1, max-image-preview:large, max-video-preview:-1\" \/>\n<link rel=\"canonical\" href=\"https:\/\/omega-bakery.com\/sk\/produkt\/pec-etazova-piccolo-wachtel\/\" \/>\n<meta property=\"og:locale\" content=\"sk_SK\" \/>\n<meta property=\"og:type\" content=\"article\" \/>\n<meta property=\"og:title\" content=\"Pec et\u00e1\u017eov\u00e1 PICCOLO, WACHTEL - Omega Bakery\" \/>\n<meta property=\"og:description\" content=\"Poradov\u00e9 \u010d\u00edslo   S82        Stroj   Pec et\u00e1\u017eov\u00e1     Typ stroja   PICCOLO I-1     V\u00fdrobn\u00e9 \u010d\u00edslo   25868     Intern\u00e9 \u010d\u00edslo (KL)   N114 12     Pozn\u00e1mka\/Cena   nov\u00fd stroj 6.000,- Eur 162.000,- K\u010d bez DPH     Rok v\u00fdroby   2012     V\u00fdrobca   WACHTEL, Nemecko     [...]Read More...\" \/>\n<meta property=\"og:url\" content=\"https:\/\/omega-bakery.com\/sk\/produkt\/pec-etazova-piccolo-wachtel\/\" \/>\n<meta property=\"og:site_name\" content=\"Omega Bakery\" \/>\n<meta property=\"article:modified_time\" content=\"2021-06-01T13:45:26+00:00\" \/>\n<meta property=\"og:image\" content=\"http:\/\/omega-bakery.com\/sk\/wp-content\/uploads\/2021\/06\/bazar-5.png\" \/>\n\t<meta property=\"og:image:width\" content=\"533\" \/>\n\t<meta property=\"og:image:height\" content=\"700\" \/>\n<meta name=\"twitter:card\" content=\"summary_large_image\" \/>\n<script type=\"application\/ld+json\" class=\"yoast-schema-graph\">{\"@context\":\"https:\/\/schema.org\",\"@graph\":[{\"@type\":\"WebSite\",\"@id\":\"https:\/\/omega-bakery.com\/sk\/#website\",\"url\":\"https:\/\/omega-bakery.com\/sk\/\",\"name\":\"Omega Bakery\",\"description\":\"Dodavatel stroj\\u016f a za\\u0159\\u00edzen\\u00ed pro pek\\u00e1rny\",\"potentialAction\":[{\"@type\":\"SearchAction\",\"target\":{\"@type\":\"EntryPoint\",\"urlTemplate\":\"https:\/\/omega-bakery.com\/sk\/?s={search_term_string}\"},\"query-input\":\"required name=search_term_string\"}],\"inLanguage\":\"sk-SK\"},{\"@type\":\"ImageObject\",\"@id\":\"https:\/\/omega-bakery.com\/sk\/produkt\/pec-etazova-piccolo-wachtel\/#primaryimage\",\"inLanguage\":\"sk-SK\",\"url\":\"https:\/\/omega-bakery.com\/sk\/wp-content\/uploads\/2021\/06\/bazar-5.png\",\"contentUrl\":\"https:\/\/omega-bakery.com\/sk\/wp-content\/uploads\/2021\/06\/bazar-5.png\",\"width\":533,\"height\":700},{\"@type\":\"WebPage\",\"@id\":\"https:\/\/omega-bakery.com\/sk\/produkt\/pec-etazova-piccolo-wachtel\/#webpage\",\"url\":\"https:\/\/omega-bakery.com\/sk\/produkt\/pec-etazova-piccolo-wachtel\/\",\"name\":\"Pec et\\u00e1\\u017eov\\u00e1 PICCOLO, WACHTEL - Omega Bakery\",\"isPartOf\":{\"@id\":\"https:\/\/omega-bakery.com\/sk\/#website\"},\"primaryImageOfPage\":{\"@id\":\"https:\/\/omega-bakery.com\/sk\/produkt\/pec-etazova-piccolo-wachtel\/#primaryimage\"},\"datePublished\":\"2021-06-01T13:45:25+00:00\",\"dateModified\":\"2021-06-01T13:45:26+00:00\",\"breadcrumb\":{\"@id\":\"https:\/\/omega-bakery.com\/sk\/produkt\/pec-etazova-piccolo-wachtel\/#breadcrumb\"},\"inLanguage\":\"sk-SK\",\"potentialAction\":[{\"@type\":\"ReadAction\",\"target\":[\"https:\/\/omega-bakery.com\/sk\/produkt\/pec-etazova-piccolo-wachtel\/\"]}]},{\"@type\":\"BreadcrumbList\",\"@id\":\"https:\/\/omega-bakery.com\/sk\/produkt\/pec-etazova-piccolo-wachtel\/#breadcrumb\",\"itemListElement\":[{\"@type\":\"ListItem\",\"position\":1,\"name\":\"Dom\\u016f\",\"item\":\"https:\/\/omega-bakery.com\/sk\/\"},{\"@type\":\"ListItem\",\"position\":2,\"name\":\"Stroje a zariadenia\",\"item\":\"https:\/\/omega-bakery.com\/sk\/stroje-a-zariadenia\/\"},{\"@type\":\"ListItem\",\"position\":3,\"name\":\"Baz\\u00e1r\",\"item\":\"https:\/\/omega-bakery.com\/sk\/stroje-a-zarizeni\/bazar\/\"},{\"@type\":\"ListItem\",\"position\":4,\"name\":\"Pece\",\"item\":\"http:\/\/omega-bakery.com\/sk\/stroje-a-zarizeni\/bazar\/pece-bazar\/\"},{\"@type\":\"ListItem\",\"position\":5,\"name\":\"Pec et\\u00e1\\u017eov\\u00e1 PICCOLO, WACHTEL\"}]}]}<\/script>\n<!-- \/ Yoast SEO plugin. -->","yoast_head_json":{"title":"Pec et\u00e1\u017eov\u00e1 PICCOLO, WACHTEL - Omega Bakery","robots":{"index":"index","follow":"follow","max-snippet":"max-snippet:-1","max-image-preview":"max-image-preview:large","max-video-preview":"max-video-preview:-1"},"canonical":"https:\/\/omega-bakery.com\/sk\/produkt\/pec-etazova-piccolo-wachtel\/","og_locale":"sk_SK","og_type":"article","og_title":"Pec et\u00e1\u017eov\u00e1 PICCOLO, WACHTEL - Omega Bakery","og_description":"Poradov\u00e9 \u010d\u00edslo   S82        Stroj   Pec et\u00e1\u017eov\u00e1     Typ stroja   PICCOLO I-1     V\u00fdrobn\u00e9 \u010d\u00edslo   25868     Intern\u00e9 \u010d\u00edslo (KL)   N114 12     Pozn\u00e1mka\/Cena   nov\u00fd stroj 6.000,- Eur 162.000,- K\u010d bez DPH     Rok v\u00fdroby   2012     V\u00fdrobca   WACHTEL, Nemecko     [...]Read More...","og_url":"https:\/\/omega-bakery.com\/sk\/produkt\/pec-etazova-piccolo-wachtel\/","og_site_name":"Omega Bakery","article_modified_time":"2021-06-01T13:45:26+00:00","og_image":[{"width":533,"height":700,"url":"http:\/\/omega-bakery.com\/sk\/wp-content\/uploads\/2021\/06\/bazar-5.png","path":"\/data\/web\/virtuals\/278194\/virtual\/www\/domains\/omega-bakery.com\/sk\/wp-content\/uploads\/2021\/06\/bazar-5.png","size":"full","id":1355,"alt":"","pixels":373100,"type":"image\/png"}],"twitter_card":"summary_large_image","schema":{"@context":"https:\/\/schema.org","@graph":[{"@type":"WebSite","@id":"https:\/\/omega-bakery.com\/sk\/#website","url":"https:\/\/omega-bakery.com\/sk\/","name":"Omega Bakery","description":"Dodavatel stroj\u016f a za\u0159\u00edzen\u00ed pro pek\u00e1rny","potentialAction":[{"@type":"SearchAction","target":{"@type":"EntryPoint","urlTemplate":"https:\/\/omega-bakery.com\/sk\/?s={search_term_string}"},"query-input":"required name=search_term_string"}],"inLanguage":"sk-SK"},{"@type":"ImageObject","@id":"https:\/\/omega-bakery.com\/sk\/produkt\/pec-etazova-piccolo-wachtel\/#primaryimage","inLanguage":"sk-SK","url":"https:\/\/omega-bakery.com\/sk\/wp-content\/uploads\/2021\/06\/bazar-5.png","contentUrl":"https:\/\/omega-bakery.com\/sk\/wp-content\/uploads\/2021\/06\/bazar-5.png","width":533,"height":700},{"@type":"WebPage","@id":"https:\/\/omega-bakery.com\/sk\/produkt\/pec-etazova-piccolo-wachtel\/#webpage","url":"https:\/\/omega-bakery.com\/sk\/produkt\/pec-etazova-piccolo-wachtel\/","name":"Pec et\u00e1\u017eov\u00e1 PICCOLO, WACHTEL - Omega Bakery","isPartOf":{"@id":"https:\/\/omega-bakery.com\/sk\/#website"},"primaryImageOfPage":{"@id":"https:\/\/omega-bakery.com\/sk\/produkt\/pec-etazova-piccolo-wachtel\/#primaryimage"},"datePublished":"2021-06-01T13:45:25+00:00","dateModified":"2021-06-01T13:45:26+00:00","breadcrumb":{"@id":"https:\/\/omega-bakery.com\/sk\/produkt\/pec-etazova-piccolo-wachtel\/#breadcrumb"},"inLanguage":"sk-SK","potentialAction":[{"@type":"ReadAction","target":["https:\/\/omega-bakery.com\/sk\/produkt\/pec-etazova-piccolo-wachtel\/"]}]},{"@type":"BreadcrumbList","@id":"https:\/\/omega-bakery.com\/sk\/produkt\/pec-etazova-piccolo-wachtel\/#breadcrumb","itemListElement":[{"@type":"ListItem","position":1,"name":"Dom\u016f","item":"https:\/\/omega-bakery.com\/sk\/"},{"@type":"ListItem","position":2,"name":"Stroje a zariadenia","item":"https:\/\/omega-bakery.com\/sk\/stroje-a-zariadenia\/"},{"@type":"ListItem","position":3,"name":"Baz\u00e1r","item":"https:\/\/omega-bakery.com\/sk\/stroje-a-zarizeni\/bazar\/"},{"@type":"ListItem","position":4,"name":"Pece","item":"http:\/\/omega-bakery.com\/sk\/stroje-a-zarizeni\/bazar\/pece-bazar\/"},{"@type":"ListItem","position":5,"name":"Pec et\u00e1\u017eov\u00e1 PICCOLO, WACHTEL"}]}]}},"_links":{"self":[{"href":"https:\/\/omega-bakery.com\/sk\/wp-json\/wp\/v2\/product\/1354"}],"collection":[{"href":"https:\/\/omega-bakery.com\/sk\/wp-json\/wp\/v2\/product"}],"about":[{"href":"https:\/\/omega-bakery.com\/sk\/wp-json\/wp\/v2\/types\/product"}],"wp:featuredmedia":[{"embeddable":true,"href":"https:\/\/omega-bakery.com\/sk\/wp-json\/wp\/v2\/media\/1355"}],"wp:attachment":[{"href":"https:\/\/omega-bakery.com\/sk\/wp-json\/wp\/v2\/media?parent=1354"}],"curies":[{"name":"wp","href":"https:\/\/api.w.org\/{rel}","templated":true}]}}