{"id":1356,"date":"2021-06-01T15:47:08","date_gmt":"2021-06-01T13:47:08","guid":{"rendered":"http:\/\/omega-bakery.com\/sk\/?post_type=product&#038;p=1356"},"modified":"2021-07-01T14:47:29","modified_gmt":"2021-07-01T12:47:29","slug":"plynova-panvica-sklopna","status":"publish","type":"product","link":"https:\/\/omega-bakery.com\/sk\/produkt\/plynova-panvica-sklopna\/","title":{"rendered":"Plynov\u00e1 panvica sklopn\u00e1"},"content":{"rendered":"","protected":false},"excerpt":{"rendered":"<table border=\"1\" cellspacing=\"0\" cellpadding=\"0\">\n<tbody>\n<tr>\n<td>\n<p align=\"center\"><strong>Po\u0159adov\u00e9 \u010d\u00edslo (b\u00edl\u00e9)<\/strong><\/p>\n<\/td>\n<td>\n<p align=\"center\"><strong>Z272<\/strong><\/p>\n<\/td>\n<td rowspan=\"8\">\n<p align=\"center\">\n<\/td>\n<\/tr>\n<tr>\n<td>\n<p align=\"center\"><strong>Stroj<\/strong><\/p>\n<\/td>\n<td>\n<p align=\"center\"><strong>Plynov\u00e1 p\u00e1nev sklopn\u00e1<\/strong><\/p>\n<\/td>\n<\/tr>\n<tr>\n<td>\n<p align=\"center\"><strong>Typ stroje<\/strong><\/p>\n<\/td>\n<td>\n<p align=\"center\">celkem 2 ks<\/p>\n<\/td>\n<\/tr>\n<tr>\n<td>\n<p align=\"center\"><strong>V\u00fdrobn\u00ed \u010d\u00edslo<\/strong><\/p>\n<\/td>\n<td>\n<p align=\"center\"><strong>&#8211;<\/strong><\/p>\n<\/td>\n<\/tr>\n<tr>\n<td>\n<p align=\"center\"><strong>Intern\u00ed \u010d\u00edslo (\u010derven\u00e9)<\/strong><\/p>\n<\/td>\n<td>\n<p align=\"center\"><strong>&#8211;<\/strong><\/p>\n<\/td>\n<\/tr>\n<tr>\n<td>\n<p align=\"center\"><strong>Pozn\u00e1mka<\/strong><\/p>\n<\/td>\n<td class=\"rtecenter\"><strong>+420 724 474 447<\/strong><\/td>\n<\/tr>\n<tr>\n<td>\n<p align=\"center\"><strong>Cena<\/strong><\/p>\n<\/td>\n<td>\n<p align=\"center\"><strong>52.500,- K\u010d bez DPH<\/strong><\/p>\n<\/td>\n<\/tr>\n<tr>\n<td>\n<p align=\"center\"><strong>V\u00fdrobce<\/strong><\/p>\n<\/td>\n<td>\n<p align=\"center\"><strong>ELECTROLUX, \u0160v\u00e9dsko<\/strong><\/p>\n<\/td>\n<\/tr>\n<\/tbody>\n<\/table>\n<p> [&#8230;]<\/p>\n<p><a class=\"btn btn-secondary understrap-read-more-link\" href=\"https:\/\/omega-bakery.com\/sk\/produkt\/plynova-panvica-sklopna\/\">Read More&#8230;<\/a><\/p>\n","protected":false},"featured_media":1357,"template":"","meta":[],"yoast_head":"<!-- This site is optimized with the Yoast SEO plugin v17.1 - https:\/\/yoast.com\/wordpress\/plugins\/seo\/ -->\n<title>Plynov\u00e1 panvica sklopn\u00e1 - Omega Bakery<\/title>\n<meta name=\"robots\" content=\"index, follow, max-snippet:-1, max-image-preview:large, max-video-preview:-1\" \/>\n<link rel=\"canonical\" href=\"https:\/\/omega-bakery.com\/sk\/produkt\/plynova-panvica-sklopna\/\" \/>\n<meta property=\"og:locale\" content=\"sk_SK\" \/>\n<meta property=\"og:type\" content=\"article\" \/>\n<meta property=\"og:title\" content=\"Plynov\u00e1 panvica sklopn\u00e1 - Omega Bakery\" \/>\n<meta property=\"og:description\" content=\"Po\u0159adov\u00e9 \u010d\u00edslo (b\u00edl\u00e9)   Z272        Stroj   Plynov\u00e1 p\u00e1nev sklopn\u00e1     Typ stroje   celkem 2 ks     V\u00fdrobn\u00ed \u010d\u00edslo   -     Intern\u00ed \u010d\u00edslo (\u010derven\u00e9)   -     Pozn\u00e1mka  +420 724 474 447    Cena   52.500,- K\u010d bez DPH     V\u00fdrobce   ELECTROLUX, \u0160v\u00e9dsko     [...]Read More...\" \/>\n<meta property=\"og:url\" content=\"https:\/\/omega-bakery.com\/sk\/produkt\/plynova-panvica-sklopna\/\" \/>\n<meta property=\"og:site_name\" content=\"Omega Bakery\" \/>\n<meta property=\"article:modified_time\" content=\"2021-07-01T12:47:29+00:00\" \/>\n<meta property=\"og:image\" content=\"http:\/\/omega-bakery.com\/sk\/wp-content\/uploads\/2021\/06\/bazar-6.png\" \/>\n\t<meta property=\"og:image:width\" content=\"533\" \/>\n\t<meta property=\"og:image:height\" content=\"700\" \/>\n<meta name=\"twitter:card\" content=\"summary_large_image\" \/>\n<script type=\"application\/ld+json\" class=\"yoast-schema-graph\">{\"@context\":\"https:\/\/schema.org\",\"@graph\":[{\"@type\":\"WebSite\",\"@id\":\"https:\/\/omega-bakery.com\/sk\/#website\",\"url\":\"https:\/\/omega-bakery.com\/sk\/\",\"name\":\"Omega Bakery\",\"description\":\"Dodavatel stroj\\u016f a za\\u0159\\u00edzen\\u00ed pro pek\\u00e1rny\",\"potentialAction\":[{\"@type\":\"SearchAction\",\"target\":{\"@type\":\"EntryPoint\",\"urlTemplate\":\"https:\/\/omega-bakery.com\/sk\/?s={search_term_string}\"},\"query-input\":\"required name=search_term_string\"}],\"inLanguage\":\"sk-SK\"},{\"@type\":\"ImageObject\",\"@id\":\"https:\/\/omega-bakery.com\/sk\/produkt\/plynova-panvica-sklopna\/#primaryimage\",\"inLanguage\":\"sk-SK\",\"url\":\"https:\/\/omega-bakery.com\/sk\/wp-content\/uploads\/2021\/06\/bazar-6.png\",\"contentUrl\":\"https:\/\/omega-bakery.com\/sk\/wp-content\/uploads\/2021\/06\/bazar-6.png\",\"width\":533,\"height\":700},{\"@type\":\"WebPage\",\"@id\":\"https:\/\/omega-bakery.com\/sk\/produkt\/plynova-panvica-sklopna\/#webpage\",\"url\":\"https:\/\/omega-bakery.com\/sk\/produkt\/plynova-panvica-sklopna\/\",\"name\":\"Plynov\\u00e1 panvica sklopn\\u00e1 - Omega Bakery\",\"isPartOf\":{\"@id\":\"https:\/\/omega-bakery.com\/sk\/#website\"},\"primaryImageOfPage\":{\"@id\":\"https:\/\/omega-bakery.com\/sk\/produkt\/plynova-panvica-sklopna\/#primaryimage\"},\"datePublished\":\"2021-06-01T13:47:08+00:00\",\"dateModified\":\"2021-07-01T12:47:29+00:00\",\"breadcrumb\":{\"@id\":\"https:\/\/omega-bakery.com\/sk\/produkt\/plynova-panvica-sklopna\/#breadcrumb\"},\"inLanguage\":\"sk-SK\",\"potentialAction\":[{\"@type\":\"ReadAction\",\"target\":[\"https:\/\/omega-bakery.com\/sk\/produkt\/plynova-panvica-sklopna\/\"]}]},{\"@type\":\"BreadcrumbList\",\"@id\":\"https:\/\/omega-bakery.com\/sk\/produkt\/plynova-panvica-sklopna\/#breadcrumb\",\"itemListElement\":[{\"@type\":\"ListItem\",\"position\":1,\"name\":\"Dom\\u016f\",\"item\":\"https:\/\/omega-bakery.com\/sk\/\"},{\"@type\":\"ListItem\",\"position\":2,\"name\":\"Stroje a zariadenia\",\"item\":\"https:\/\/omega-bakery.com\/sk\/stroje-a-zariadenia\/\"},{\"@type\":\"ListItem\",\"position\":3,\"name\":\"Baz\\u00e1r\",\"item\":\"https:\/\/omega-bakery.com\/sk\/stroje-a-zarizeni\/bazar\/\"},{\"@type\":\"ListItem\",\"position\":4,\"name\":\"Ostatn\\u00e9 stroje\",\"item\":\"https:\/\/omega-bakery.com\/sk\/stroje-a-zarizeni\/bazar\/ostatne-stroje-bazar\/\"},{\"@type\":\"ListItem\",\"position\":5,\"name\":\"Plynov\\u00e1 panvica sklopn\\u00e1\"}]}]}<\/script>\n<!-- \/ Yoast SEO plugin. -->","yoast_head_json":{"title":"Plynov\u00e1 panvica sklopn\u00e1 - Omega Bakery","robots":{"index":"index","follow":"follow","max-snippet":"max-snippet:-1","max-image-preview":"max-image-preview:large","max-video-preview":"max-video-preview:-1"},"canonical":"https:\/\/omega-bakery.com\/sk\/produkt\/plynova-panvica-sklopna\/","og_locale":"sk_SK","og_type":"article","og_title":"Plynov\u00e1 panvica sklopn\u00e1 - Omega Bakery","og_description":"Po\u0159adov\u00e9 \u010d\u00edslo (b\u00edl\u00e9)   Z272        Stroj   Plynov\u00e1 p\u00e1nev sklopn\u00e1     Typ stroje   celkem 2 ks     V\u00fdrobn\u00ed \u010d\u00edslo   -     Intern\u00ed \u010d\u00edslo (\u010derven\u00e9)   -     Pozn\u00e1mka  +420 724 474 447    Cena   52.500,- K\u010d bez DPH     V\u00fdrobce   ELECTROLUX, \u0160v\u00e9dsko     [...]Read More...","og_url":"https:\/\/omega-bakery.com\/sk\/produkt\/plynova-panvica-sklopna\/","og_site_name":"Omega Bakery","article_modified_time":"2021-07-01T12:47:29+00:00","og_image":[{"width":533,"height":700,"url":"http:\/\/omega-bakery.com\/sk\/wp-content\/uploads\/2021\/06\/bazar-6.png","path":"\/data\/web\/virtuals\/278194\/virtual\/www\/domains\/omega-bakery.com\/sk\/wp-content\/uploads\/2021\/06\/bazar-6.png","size":"full","id":1357,"alt":"","pixels":373100,"type":"image\/png"}],"twitter_card":"summary_large_image","schema":{"@context":"https:\/\/schema.org","@graph":[{"@type":"WebSite","@id":"https:\/\/omega-bakery.com\/sk\/#website","url":"https:\/\/omega-bakery.com\/sk\/","name":"Omega Bakery","description":"Dodavatel stroj\u016f a za\u0159\u00edzen\u00ed pro pek\u00e1rny","potentialAction":[{"@type":"SearchAction","target":{"@type":"EntryPoint","urlTemplate":"https:\/\/omega-bakery.com\/sk\/?s={search_term_string}"},"query-input":"required name=search_term_string"}],"inLanguage":"sk-SK"},{"@type":"ImageObject","@id":"https:\/\/omega-bakery.com\/sk\/produkt\/plynova-panvica-sklopna\/#primaryimage","inLanguage":"sk-SK","url":"https:\/\/omega-bakery.com\/sk\/wp-content\/uploads\/2021\/06\/bazar-6.png","contentUrl":"https:\/\/omega-bakery.com\/sk\/wp-content\/uploads\/2021\/06\/bazar-6.png","width":533,"height":700},{"@type":"WebPage","@id":"https:\/\/omega-bakery.com\/sk\/produkt\/plynova-panvica-sklopna\/#webpage","url":"https:\/\/omega-bakery.com\/sk\/produkt\/plynova-panvica-sklopna\/","name":"Plynov\u00e1 panvica sklopn\u00e1 - Omega Bakery","isPartOf":{"@id":"https:\/\/omega-bakery.com\/sk\/#website"},"primaryImageOfPage":{"@id":"https:\/\/omega-bakery.com\/sk\/produkt\/plynova-panvica-sklopna\/#primaryimage"},"datePublished":"2021-06-01T13:47:08+00:00","dateModified":"2021-07-01T12:47:29+00:00","breadcrumb":{"@id":"https:\/\/omega-bakery.com\/sk\/produkt\/plynova-panvica-sklopna\/#breadcrumb"},"inLanguage":"sk-SK","potentialAction":[{"@type":"ReadAction","target":["https:\/\/omega-bakery.com\/sk\/produkt\/plynova-panvica-sklopna\/"]}]},{"@type":"BreadcrumbList","@id":"https:\/\/omega-bakery.com\/sk\/produkt\/plynova-panvica-sklopna\/#breadcrumb","itemListElement":[{"@type":"ListItem","position":1,"name":"Dom\u016f","item":"https:\/\/omega-bakery.com\/sk\/"},{"@type":"ListItem","position":2,"name":"Stroje a zariadenia","item":"https:\/\/omega-bakery.com\/sk\/stroje-a-zariadenia\/"},{"@type":"ListItem","position":3,"name":"Baz\u00e1r","item":"https:\/\/omega-bakery.com\/sk\/stroje-a-zarizeni\/bazar\/"},{"@type":"ListItem","position":4,"name":"Ostatn\u00e9 stroje","item":"https:\/\/omega-bakery.com\/sk\/stroje-a-zarizeni\/bazar\/ostatne-stroje-bazar\/"},{"@type":"ListItem","position":5,"name":"Plynov\u00e1 panvica sklopn\u00e1"}]}]}},"_links":{"self":[{"href":"https:\/\/omega-bakery.com\/sk\/wp-json\/wp\/v2\/product\/1356"}],"collection":[{"href":"https:\/\/omega-bakery.com\/sk\/wp-json\/wp\/v2\/product"}],"about":[{"href":"https:\/\/omega-bakery.com\/sk\/wp-json\/wp\/v2\/types\/product"}],"wp:featuredmedia":[{"embeddable":true,"href":"https:\/\/omega-bakery.com\/sk\/wp-json\/wp\/v2\/media\/1357"}],"wp:attachment":[{"href":"https:\/\/omega-bakery.com\/sk\/wp-json\/wp\/v2\/media?parent=1356"}],"curies":[{"name":"wp","href":"https:\/\/api.w.org\/{rel}","templated":true}]}}