{"id":1526,"date":"2021-07-23T14:14:19","date_gmt":"2021-07-23T12:14:19","guid":{"rendered":"http:\/\/omega-bakery.com\/sk\/?post_type=product&#038;p=1526"},"modified":"2021-07-26T14:01:39","modified_gmt":"2021-07-26T12:01:39","slug":"sfoglia-piatta-lab","status":"publish","type":"product","link":"https:\/\/omega-bakery.com\/sk\/produkt\/sfoglia-piatta-lab\/","title":{"rendered":"Sfoglia piatta lab"},"content":{"rendered":"","protected":false},"excerpt":{"rendered":"<p>Balenie: 5&#215;2 kg pl\u00e1ty\/kart\u00f3n<\/p>\n<p>\u0164a\u017en\u00fd margar\u00edn na l\u00edstkov\u00e9 cesto. [&#8230;]<\/p>\n<p><a class=\"btn btn-secondary understrap-read-more-link\" href=\"https:\/\/omega-bakery.com\/sk\/produkt\/sfoglia-piatta-lab\/\">Read More&#8230;<\/a><\/p>\n","protected":false},"featured_media":1598,"template":"","meta":[],"yoast_head":"<!-- This site is optimized with the Yoast SEO plugin v17.1 - https:\/\/yoast.com\/wordpress\/plugins\/seo\/ -->\n<title>Sfoglia piatta lab - Omega Bakery<\/title>\n<meta name=\"robots\" content=\"index, follow, max-snippet:-1, max-image-preview:large, max-video-preview:-1\" \/>\n<link rel=\"canonical\" href=\"https:\/\/omega-bakery.com\/sk\/produkt\/sfoglia-piatta-lab\/\" \/>\n<meta property=\"og:locale\" content=\"sk_SK\" \/>\n<meta property=\"og:type\" content=\"article\" \/>\n<meta property=\"og:title\" content=\"Sfoglia piatta lab - Omega Bakery\" \/>\n<meta property=\"og:description\" content=\"Balenie: 5x2 kg pl\u00e1ty\/kart\u00f3n  \u0164a\u017en\u00fd margar\u00edn na l\u00edstkov\u00e9 cesto. [...]Read More...\" \/>\n<meta property=\"og:url\" content=\"https:\/\/omega-bakery.com\/sk\/produkt\/sfoglia-piatta-lab\/\" \/>\n<meta property=\"og:site_name\" content=\"Omega Bakery\" \/>\n<meta property=\"article:modified_time\" content=\"2021-07-26T12:01:39+00:00\" \/>\n<meta property=\"og:image\" content=\"http:\/\/omega-bakery.com\/sk\/wp-content\/uploads\/2021\/07\/Sfoglia-piatta-lab.jpg\" \/>\n\t<meta property=\"og:image:width\" content=\"667\" \/>\n\t<meta property=\"og:image:height\" content=\"778\" \/>\n<meta name=\"twitter:card\" content=\"summary_large_image\" \/>\n<script type=\"application\/ld+json\" class=\"yoast-schema-graph\">{\"@context\":\"https:\/\/schema.org\",\"@graph\":[{\"@type\":\"WebSite\",\"@id\":\"https:\/\/omega-bakery.com\/sk\/#website\",\"url\":\"https:\/\/omega-bakery.com\/sk\/\",\"name\":\"Omega Bakery\",\"description\":\"Dodavatel stroj\\u016f a za\\u0159\\u00edzen\\u00ed pro pek\\u00e1rny\",\"potentialAction\":[{\"@type\":\"SearchAction\",\"target\":{\"@type\":\"EntryPoint\",\"urlTemplate\":\"https:\/\/omega-bakery.com\/sk\/?s={search_term_string}\"},\"query-input\":\"required name=search_term_string\"}],\"inLanguage\":\"sk-SK\"},{\"@type\":\"ImageObject\",\"@id\":\"https:\/\/omega-bakery.com\/sk\/produkt\/sfoglia-piatta-lab\/#primaryimage\",\"inLanguage\":\"sk-SK\",\"url\":\"https:\/\/omega-bakery.com\/sk\/wp-content\/uploads\/2021\/07\/Sfoglia-piatta-lab.jpg\",\"contentUrl\":\"https:\/\/omega-bakery.com\/sk\/wp-content\/uploads\/2021\/07\/Sfoglia-piatta-lab.jpg\",\"width\":667,\"height\":778},{\"@type\":\"WebPage\",\"@id\":\"https:\/\/omega-bakery.com\/sk\/produkt\/sfoglia-piatta-lab\/#webpage\",\"url\":\"https:\/\/omega-bakery.com\/sk\/produkt\/sfoglia-piatta-lab\/\",\"name\":\"Sfoglia piatta lab - Omega Bakery\",\"isPartOf\":{\"@id\":\"https:\/\/omega-bakery.com\/sk\/#website\"},\"primaryImageOfPage\":{\"@id\":\"https:\/\/omega-bakery.com\/sk\/produkt\/sfoglia-piatta-lab\/#primaryimage\"},\"datePublished\":\"2021-07-23T12:14:19+00:00\",\"dateModified\":\"2021-07-26T12:01:39+00:00\",\"breadcrumb\":{\"@id\":\"https:\/\/omega-bakery.com\/sk\/produkt\/sfoglia-piatta-lab\/#breadcrumb\"},\"inLanguage\":\"sk-SK\",\"potentialAction\":[{\"@type\":\"ReadAction\",\"target\":[\"https:\/\/omega-bakery.com\/sk\/produkt\/sfoglia-piatta-lab\/\"]}]},{\"@type\":\"BreadcrumbList\",\"@id\":\"https:\/\/omega-bakery.com\/sk\/produkt\/sfoglia-piatta-lab\/#breadcrumb\",\"itemListElement\":[{\"@type\":\"ListItem\",\"position\":1,\"name\":\"Dom\\u016f\",\"item\":\"https:\/\/omega-bakery.com\/sk\/\"},{\"@type\":\"ListItem\",\"position\":2,\"name\":\"Stroje a zariadenia\",\"item\":\"https:\/\/omega-bakery.com\/sk\/stroje-a-zariadenia\/\"},{\"@type\":\"ListItem\",\"position\":3,\"name\":\"Suroviny\",\"item\":\"https:\/\/omega-bakery.com\/sk\/stroje-a-zarizeni\/suroviny\/\"},{\"@type\":\"ListItem\",\"position\":4,\"name\":\"Margar\\u00edny, tuky a oleje\",\"item\":\"https:\/\/omega-bakery.com\/sk\/stroje-a-zarizeni\/suroviny\/margariny-tuky-a-oleje\/\"},{\"@type\":\"ListItem\",\"position\":5,\"name\":\"Margar\\u00edny\",\"item\":\"https:\/\/omega-bakery.com\/sk\/stroje-a-zarizeni\/suroviny\/margariny-tuky-a-oleje\/margariny\/\"},{\"@type\":\"ListItem\",\"position\":6,\"name\":\"\\u0165a\\u017en\\u00fd\",\"item\":\"https:\/\/omega-bakery.com\/sk\/stroje-a-zarizeni\/suroviny\/margariny-tuky-a-oleje\/margariny\/tazny\/\"},{\"@type\":\"ListItem\",\"position\":7,\"name\":\"Sfoglia piatta lab\"}]}]}<\/script>\n<!-- \/ Yoast SEO plugin. -->","yoast_head_json":{"title":"Sfoglia piatta lab - Omega Bakery","robots":{"index":"index","follow":"follow","max-snippet":"max-snippet:-1","max-image-preview":"max-image-preview:large","max-video-preview":"max-video-preview:-1"},"canonical":"https:\/\/omega-bakery.com\/sk\/produkt\/sfoglia-piatta-lab\/","og_locale":"sk_SK","og_type":"article","og_title":"Sfoglia piatta lab - Omega Bakery","og_description":"Balenie: 5x2 kg pl\u00e1ty\/kart\u00f3n  \u0164a\u017en\u00fd margar\u00edn na l\u00edstkov\u00e9 cesto. [...]Read More...","og_url":"https:\/\/omega-bakery.com\/sk\/produkt\/sfoglia-piatta-lab\/","og_site_name":"Omega Bakery","article_modified_time":"2021-07-26T12:01:39+00:00","og_image":[{"width":667,"height":778,"url":"http:\/\/omega-bakery.com\/sk\/wp-content\/uploads\/2021\/07\/Sfoglia-piatta-lab.jpg","path":"\/data\/web\/virtuals\/278194\/virtual\/www\/domains\/omega-bakery.com\/sk\/wp-content\/uploads\/2021\/07\/Sfoglia-piatta-lab.jpg","size":"full","id":1598,"alt":"","pixels":518926,"type":"image\/jpeg"}],"twitter_card":"summary_large_image","schema":{"@context":"https:\/\/schema.org","@graph":[{"@type":"WebSite","@id":"https:\/\/omega-bakery.com\/sk\/#website","url":"https:\/\/omega-bakery.com\/sk\/","name":"Omega Bakery","description":"Dodavatel stroj\u016f a za\u0159\u00edzen\u00ed pro pek\u00e1rny","potentialAction":[{"@type":"SearchAction","target":{"@type":"EntryPoint","urlTemplate":"https:\/\/omega-bakery.com\/sk\/?s={search_term_string}"},"query-input":"required name=search_term_string"}],"inLanguage":"sk-SK"},{"@type":"ImageObject","@id":"https:\/\/omega-bakery.com\/sk\/produkt\/sfoglia-piatta-lab\/#primaryimage","inLanguage":"sk-SK","url":"https:\/\/omega-bakery.com\/sk\/wp-content\/uploads\/2021\/07\/Sfoglia-piatta-lab.jpg","contentUrl":"https:\/\/omega-bakery.com\/sk\/wp-content\/uploads\/2021\/07\/Sfoglia-piatta-lab.jpg","width":667,"height":778},{"@type":"WebPage","@id":"https:\/\/omega-bakery.com\/sk\/produkt\/sfoglia-piatta-lab\/#webpage","url":"https:\/\/omega-bakery.com\/sk\/produkt\/sfoglia-piatta-lab\/","name":"Sfoglia piatta lab - Omega Bakery","isPartOf":{"@id":"https:\/\/omega-bakery.com\/sk\/#website"},"primaryImageOfPage":{"@id":"https:\/\/omega-bakery.com\/sk\/produkt\/sfoglia-piatta-lab\/#primaryimage"},"datePublished":"2021-07-23T12:14:19+00:00","dateModified":"2021-07-26T12:01:39+00:00","breadcrumb":{"@id":"https:\/\/omega-bakery.com\/sk\/produkt\/sfoglia-piatta-lab\/#breadcrumb"},"inLanguage":"sk-SK","potentialAction":[{"@type":"ReadAction","target":["https:\/\/omega-bakery.com\/sk\/produkt\/sfoglia-piatta-lab\/"]}]},{"@type":"BreadcrumbList","@id":"https:\/\/omega-bakery.com\/sk\/produkt\/sfoglia-piatta-lab\/#breadcrumb","itemListElement":[{"@type":"ListItem","position":1,"name":"Dom\u016f","item":"https:\/\/omega-bakery.com\/sk\/"},{"@type":"ListItem","position":2,"name":"Stroje a zariadenia","item":"https:\/\/omega-bakery.com\/sk\/stroje-a-zariadenia\/"},{"@type":"ListItem","position":3,"name":"Suroviny","item":"https:\/\/omega-bakery.com\/sk\/stroje-a-zarizeni\/suroviny\/"},{"@type":"ListItem","position":4,"name":"Margar\u00edny, tuky a oleje","item":"https:\/\/omega-bakery.com\/sk\/stroje-a-zarizeni\/suroviny\/margariny-tuky-a-oleje\/"},{"@type":"ListItem","position":5,"name":"Margar\u00edny","item":"https:\/\/omega-bakery.com\/sk\/stroje-a-zarizeni\/suroviny\/margariny-tuky-a-oleje\/margariny\/"},{"@type":"ListItem","position":6,"name":"\u0165a\u017en\u00fd","item":"https:\/\/omega-bakery.com\/sk\/stroje-a-zarizeni\/suroviny\/margariny-tuky-a-oleje\/margariny\/tazny\/"},{"@type":"ListItem","position":7,"name":"Sfoglia piatta lab"}]}]}},"_links":{"self":[{"href":"https:\/\/omega-bakery.com\/sk\/wp-json\/wp\/v2\/product\/1526"}],"collection":[{"href":"https:\/\/omega-bakery.com\/sk\/wp-json\/wp\/v2\/product"}],"about":[{"href":"https:\/\/omega-bakery.com\/sk\/wp-json\/wp\/v2\/types\/product"}],"wp:featuredmedia":[{"embeddable":true,"href":"https:\/\/omega-bakery.com\/sk\/wp-json\/wp\/v2\/media\/1598"}],"wp:attachment":[{"href":"https:\/\/omega-bakery.com\/sk\/wp-json\/wp\/v2\/media?parent=1526"}],"curies":[{"name":"wp","href":"https:\/\/api.w.org\/{rel}","templated":true}]}}