{"id":1527,"date":"2021-07-26T09:17:33","date_gmt":"2021-07-26T07:17:33","guid":{"rendered":"http:\/\/omega-bakery.com\/sk\/?post_type=product&#038;p=1527"},"modified":"2021-07-26T09:17:33","modified_gmt":"2021-07-26T07:17:33","slug":"senna-pizzasauce","status":"publish","type":"product","link":"https:\/\/omega-bakery.com\/sk\/produkt\/senna-pizzasauce\/","title":{"rendered":"Senna Pizzasauce"},"content":{"rendered":"","protected":false},"excerpt":{"rendered":"<p>Balenie: 5 kg<\/p>\n<ul>\n<li>plne ovocn\u00e1 paradajkov\u00e1 chu\u0165<\/li>\n<li>pikantne korenen\u00e1<\/li>\n<li>zjemnen\u00e1 k\u00faskami zeleniny a byliniek<\/li>\n<li>stabiln\u00e1 pri pe\u010den\u00ed i chladen\u00ed<\/li>\n<\/ul>\n<p> [&#8230;]<\/p>\n<p><a class=\"btn btn-secondary understrap-read-more-link\" href=\"https:\/\/omega-bakery.com\/sk\/produkt\/senna-pizzasauce\/\">Read More&#8230;<\/a><\/p>\n","protected":false},"featured_media":1528,"template":"","meta":[],"yoast_head":"<!-- This site is optimized with the Yoast SEO plugin v17.1 - https:\/\/yoast.com\/wordpress\/plugins\/seo\/ -->\n<title>Senna Pizzasauce - Omega Bakery<\/title>\n<meta name=\"robots\" content=\"index, follow, max-snippet:-1, max-image-preview:large, max-video-preview:-1\" \/>\n<link rel=\"canonical\" href=\"https:\/\/omega-bakery.com\/sk\/produkt\/senna-pizzasauce\/\" \/>\n<meta property=\"og:locale\" content=\"sk_SK\" \/>\n<meta property=\"og:type\" content=\"article\" \/>\n<meta property=\"og:title\" content=\"Senna Pizzasauce - Omega Bakery\" \/>\n<meta property=\"og:description\" content=\"Balenie: 5 kg   plne ovocn\u00e1 paradajkov\u00e1 chu\u0165  pikantne korenen\u00e1  zjemnen\u00e1 k\u00faskami zeleniny a byliniek  stabiln\u00e1 pri pe\u010den\u00ed i chladen\u00ed  [...]Read More...\" \/>\n<meta property=\"og:url\" content=\"https:\/\/omega-bakery.com\/sk\/produkt\/senna-pizzasauce\/\" \/>\n<meta property=\"og:site_name\" content=\"Omega Bakery\" \/>\n<meta property=\"og:image\" content=\"http:\/\/omega-bakery.com\/sk\/wp-content\/uploads\/2021\/07\/1234298-SENNA-Pizzasauce5kg.jpg\" \/>\n\t<meta property=\"og:image:width\" content=\"1772\" \/>\n\t<meta property=\"og:image:height\" content=\"1793\" \/>\n<meta name=\"twitter:card\" content=\"summary_large_image\" \/>\n<script type=\"application\/ld+json\" class=\"yoast-schema-graph\">{\"@context\":\"https:\/\/schema.org\",\"@graph\":[{\"@type\":\"WebSite\",\"@id\":\"https:\/\/omega-bakery.com\/sk\/#website\",\"url\":\"https:\/\/omega-bakery.com\/sk\/\",\"name\":\"Omega Bakery\",\"description\":\"Dodavatel stroj\\u016f a za\\u0159\\u00edzen\\u00ed pro pek\\u00e1rny\",\"potentialAction\":[{\"@type\":\"SearchAction\",\"target\":{\"@type\":\"EntryPoint\",\"urlTemplate\":\"https:\/\/omega-bakery.com\/sk\/?s={search_term_string}\"},\"query-input\":\"required name=search_term_string\"}],\"inLanguage\":\"sk-SK\"},{\"@type\":\"ImageObject\",\"@id\":\"https:\/\/omega-bakery.com\/sk\/produkt\/senna-pizzasauce\/#primaryimage\",\"inLanguage\":\"sk-SK\",\"url\":\"https:\/\/omega-bakery.com\/sk\/wp-content\/uploads\/2021\/07\/1234298-SENNA-Pizzasauce5kg.jpg\",\"contentUrl\":\"https:\/\/omega-bakery.com\/sk\/wp-content\/uploads\/2021\/07\/1234298-SENNA-Pizzasauce5kg.jpg\",\"width\":1772,\"height\":1793},{\"@type\":\"WebPage\",\"@id\":\"https:\/\/omega-bakery.com\/sk\/produkt\/senna-pizzasauce\/#webpage\",\"url\":\"https:\/\/omega-bakery.com\/sk\/produkt\/senna-pizzasauce\/\",\"name\":\"Senna Pizzasauce - Omega Bakery\",\"isPartOf\":{\"@id\":\"https:\/\/omega-bakery.com\/sk\/#website\"},\"primaryImageOfPage\":{\"@id\":\"https:\/\/omega-bakery.com\/sk\/produkt\/senna-pizzasauce\/#primaryimage\"},\"datePublished\":\"2021-07-26T07:17:33+00:00\",\"dateModified\":\"2021-07-26T07:17:33+00:00\",\"breadcrumb\":{\"@id\":\"https:\/\/omega-bakery.com\/sk\/produkt\/senna-pizzasauce\/#breadcrumb\"},\"inLanguage\":\"sk-SK\",\"potentialAction\":[{\"@type\":\"ReadAction\",\"target\":[\"https:\/\/omega-bakery.com\/sk\/produkt\/senna-pizzasauce\/\"]}]},{\"@type\":\"BreadcrumbList\",\"@id\":\"https:\/\/omega-bakery.com\/sk\/produkt\/senna-pizzasauce\/#breadcrumb\",\"itemListElement\":[{\"@type\":\"ListItem\",\"position\":1,\"name\":\"Dom\\u016f\",\"item\":\"https:\/\/omega-bakery.com\/sk\/\"},{\"@type\":\"ListItem\",\"position\":2,\"name\":\"Stroje a zariadenia\",\"item\":\"https:\/\/omega-bakery.com\/sk\/stroje-a-zariadenia\/\"},{\"@type\":\"ListItem\",\"position\":3,\"name\":\"Suroviny\",\"item\":\"https:\/\/omega-bakery.com\/sk\/stroje-a-zarizeni\/suroviny\/\"},{\"@type\":\"ListItem\",\"position\":4,\"name\":\"N\\u00e1plne\",\"item\":\"https:\/\/omega-bakery.com\/sk\/stroje-a-zarizeni\/suroviny\/naplne\/\"},{\"@type\":\"ListItem\",\"position\":5,\"name\":\"Pizzov\\u00e1\",\"item\":\"https:\/\/omega-bakery.com\/sk\/stroje-a-zarizeni\/suroviny\/naplne\/pizzova\/\"},{\"@type\":\"ListItem\",\"position\":6,\"name\":\"Senna Pizzasauce\"}]}]}<\/script>\n<!-- \/ Yoast SEO plugin. -->","yoast_head_json":{"title":"Senna Pizzasauce - Omega Bakery","robots":{"index":"index","follow":"follow","max-snippet":"max-snippet:-1","max-image-preview":"max-image-preview:large","max-video-preview":"max-video-preview:-1"},"canonical":"https:\/\/omega-bakery.com\/sk\/produkt\/senna-pizzasauce\/","og_locale":"sk_SK","og_type":"article","og_title":"Senna Pizzasauce - Omega Bakery","og_description":"Balenie: 5 kg   plne ovocn\u00e1 paradajkov\u00e1 chu\u0165  pikantne korenen\u00e1  zjemnen\u00e1 k\u00faskami zeleniny a byliniek  stabiln\u00e1 pri pe\u010den\u00ed i chladen\u00ed  [...]Read More...","og_url":"https:\/\/omega-bakery.com\/sk\/produkt\/senna-pizzasauce\/","og_site_name":"Omega Bakery","og_image":[{"width":1772,"height":1793,"url":"http:\/\/omega-bakery.com\/sk\/wp-content\/uploads\/2021\/07\/1234298-SENNA-Pizzasauce5kg.jpg","path":"\/data\/web\/virtuals\/278194\/virtual\/www\/domains\/omega-bakery.com\/sk\/wp-content\/uploads\/2021\/07\/1234298-SENNA-Pizzasauce5kg.jpg","size":"full","id":1528,"alt":"","pixels":3177196,"type":"image\/jpeg"}],"twitter_card":"summary_large_image","schema":{"@context":"https:\/\/schema.org","@graph":[{"@type":"WebSite","@id":"https:\/\/omega-bakery.com\/sk\/#website","url":"https:\/\/omega-bakery.com\/sk\/","name":"Omega Bakery","description":"Dodavatel stroj\u016f a za\u0159\u00edzen\u00ed pro pek\u00e1rny","potentialAction":[{"@type":"SearchAction","target":{"@type":"EntryPoint","urlTemplate":"https:\/\/omega-bakery.com\/sk\/?s={search_term_string}"},"query-input":"required name=search_term_string"}],"inLanguage":"sk-SK"},{"@type":"ImageObject","@id":"https:\/\/omega-bakery.com\/sk\/produkt\/senna-pizzasauce\/#primaryimage","inLanguage":"sk-SK","url":"https:\/\/omega-bakery.com\/sk\/wp-content\/uploads\/2021\/07\/1234298-SENNA-Pizzasauce5kg.jpg","contentUrl":"https:\/\/omega-bakery.com\/sk\/wp-content\/uploads\/2021\/07\/1234298-SENNA-Pizzasauce5kg.jpg","width":1772,"height":1793},{"@type":"WebPage","@id":"https:\/\/omega-bakery.com\/sk\/produkt\/senna-pizzasauce\/#webpage","url":"https:\/\/omega-bakery.com\/sk\/produkt\/senna-pizzasauce\/","name":"Senna Pizzasauce - Omega Bakery","isPartOf":{"@id":"https:\/\/omega-bakery.com\/sk\/#website"},"primaryImageOfPage":{"@id":"https:\/\/omega-bakery.com\/sk\/produkt\/senna-pizzasauce\/#primaryimage"},"datePublished":"2021-07-26T07:17:33+00:00","dateModified":"2021-07-26T07:17:33+00:00","breadcrumb":{"@id":"https:\/\/omega-bakery.com\/sk\/produkt\/senna-pizzasauce\/#breadcrumb"},"inLanguage":"sk-SK","potentialAction":[{"@type":"ReadAction","target":["https:\/\/omega-bakery.com\/sk\/produkt\/senna-pizzasauce\/"]}]},{"@type":"BreadcrumbList","@id":"https:\/\/omega-bakery.com\/sk\/produkt\/senna-pizzasauce\/#breadcrumb","itemListElement":[{"@type":"ListItem","position":1,"name":"Dom\u016f","item":"https:\/\/omega-bakery.com\/sk\/"},{"@type":"ListItem","position":2,"name":"Stroje a zariadenia","item":"https:\/\/omega-bakery.com\/sk\/stroje-a-zariadenia\/"},{"@type":"ListItem","position":3,"name":"Suroviny","item":"https:\/\/omega-bakery.com\/sk\/stroje-a-zarizeni\/suroviny\/"},{"@type":"ListItem","position":4,"name":"N\u00e1plne","item":"https:\/\/omega-bakery.com\/sk\/stroje-a-zarizeni\/suroviny\/naplne\/"},{"@type":"ListItem","position":5,"name":"Pizzov\u00e1","item":"https:\/\/omega-bakery.com\/sk\/stroje-a-zarizeni\/suroviny\/naplne\/pizzova\/"},{"@type":"ListItem","position":6,"name":"Senna Pizzasauce"}]}]}},"_links":{"self":[{"href":"https:\/\/omega-bakery.com\/sk\/wp-json\/wp\/v2\/product\/1527"}],"collection":[{"href":"https:\/\/omega-bakery.com\/sk\/wp-json\/wp\/v2\/product"}],"about":[{"href":"https:\/\/omega-bakery.com\/sk\/wp-json\/wp\/v2\/types\/product"}],"wp:featuredmedia":[{"embeddable":true,"href":"https:\/\/omega-bakery.com\/sk\/wp-json\/wp\/v2\/media\/1528"}],"wp:attachment":[{"href":"https:\/\/omega-bakery.com\/sk\/wp-json\/wp\/v2\/media?parent=1527"}],"curies":[{"name":"wp","href":"https:\/\/api.w.org\/{rel}","templated":true}]}}