{"id":1552,"date":"2021-07-26T10:37:27","date_gmt":"2021-07-26T08:37:27","guid":{"rendered":"http:\/\/omega-bakery.com\/sk\/?post_type=product&#038;p=1552"},"modified":"2021-07-28T11:37:10","modified_gmt":"2021-07-28T09:37:10","slug":"senna-dekorativna-glazura-svetla","status":"publish","type":"product","link":"https:\/\/omega-bakery.com\/sk\/produkt\/senna-dekorativna-glazura-svetla\/","title":{"rendered":"SENNA Dekorat\u00edvna glaz\u00fara svetl\u00e1"},"content":{"rendered":"","protected":false},"excerpt":{"rendered":"<p>Balenie: 0,6 L (6 x 0,6 L)<\/p>\n<ul>\n<li>jemn\u00e1 cukrov\u00e1 chu\u0165<\/li>\n<\/ul>\n<p> [&#8230;]<\/p>\n<p><a class=\"btn btn-secondary understrap-read-more-link\" href=\"https:\/\/omega-bakery.com\/sk\/produkt\/senna-dekorativna-glazura-svetla\/\">Read More&#8230;<\/a><\/p>\n","protected":false},"featured_media":1553,"template":"","meta":[],"yoast_head":"<!-- This site is optimized with the Yoast SEO plugin v17.1 - https:\/\/yoast.com\/wordpress\/plugins\/seo\/ -->\n<title>SENNA Dekorat\u00edvna glaz\u00fara svetl\u00e1 - Omega Bakery<\/title>\n<meta name=\"robots\" content=\"index, follow, max-snippet:-1, max-image-preview:large, max-video-preview:-1\" \/>\n<link rel=\"canonical\" href=\"https:\/\/omega-bakery.com\/sk\/produkt\/senna-dekorativna-glazura-svetla\/\" \/>\n<meta property=\"og:locale\" content=\"sk_SK\" \/>\n<meta property=\"og:type\" content=\"article\" \/>\n<meta property=\"og:title\" content=\"SENNA Dekorat\u00edvna glaz\u00fara svetl\u00e1 - Omega Bakery\" \/>\n<meta property=\"og:description\" content=\"Balenie: 0,6 L (6 x 0,6 L)   jemn\u00e1 cukrov\u00e1 chu\u0165  [...]Read More...\" \/>\n<meta property=\"og:url\" content=\"https:\/\/omega-bakery.com\/sk\/produkt\/senna-dekorativna-glazura-svetla\/\" \/>\n<meta property=\"og:site_name\" content=\"Omega Bakery\" \/>\n<meta property=\"article:modified_time\" content=\"2021-07-28T09:37:10+00:00\" \/>\n<meta property=\"og:image\" content=\"http:\/\/omega-bakery.com\/sk\/wp-content\/uploads\/2021\/07\/1243216-SENNA-Dekorglasur-hell_neu.jpg\" \/>\n\t<meta property=\"og:image:width\" content=\"573\" \/>\n\t<meta property=\"og:image:height\" content=\"1654\" \/>\n<meta name=\"twitter:card\" content=\"summary_large_image\" \/>\n<script type=\"application\/ld+json\" class=\"yoast-schema-graph\">{\"@context\":\"https:\/\/schema.org\",\"@graph\":[{\"@type\":\"WebSite\",\"@id\":\"https:\/\/omega-bakery.com\/sk\/#website\",\"url\":\"https:\/\/omega-bakery.com\/sk\/\",\"name\":\"Omega Bakery\",\"description\":\"Dodavatel stroj\\u016f a za\\u0159\\u00edzen\\u00ed pro pek\\u00e1rny\",\"potentialAction\":[{\"@type\":\"SearchAction\",\"target\":{\"@type\":\"EntryPoint\",\"urlTemplate\":\"https:\/\/omega-bakery.com\/sk\/?s={search_term_string}\"},\"query-input\":\"required name=search_term_string\"}],\"inLanguage\":\"sk-SK\"},{\"@type\":\"ImageObject\",\"@id\":\"https:\/\/omega-bakery.com\/sk\/produkt\/senna-dekorativna-glazura-svetla\/#primaryimage\",\"inLanguage\":\"sk-SK\",\"url\":\"https:\/\/omega-bakery.com\/sk\/wp-content\/uploads\/2021\/07\/1243216-SENNA-Dekorglasur-hell_neu.jpg\",\"contentUrl\":\"https:\/\/omega-bakery.com\/sk\/wp-content\/uploads\/2021\/07\/1243216-SENNA-Dekorglasur-hell_neu.jpg\",\"width\":573,\"height\":1654},{\"@type\":\"WebPage\",\"@id\":\"https:\/\/omega-bakery.com\/sk\/produkt\/senna-dekorativna-glazura-svetla\/#webpage\",\"url\":\"https:\/\/omega-bakery.com\/sk\/produkt\/senna-dekorativna-glazura-svetla\/\",\"name\":\"SENNA Dekorat\\u00edvna glaz\\u00fara svetl\\u00e1 - Omega Bakery\",\"isPartOf\":{\"@id\":\"https:\/\/omega-bakery.com\/sk\/#website\"},\"primaryImageOfPage\":{\"@id\":\"https:\/\/omega-bakery.com\/sk\/produkt\/senna-dekorativna-glazura-svetla\/#primaryimage\"},\"datePublished\":\"2021-07-26T08:37:27+00:00\",\"dateModified\":\"2021-07-28T09:37:10+00:00\",\"breadcrumb\":{\"@id\":\"https:\/\/omega-bakery.com\/sk\/produkt\/senna-dekorativna-glazura-svetla\/#breadcrumb\"},\"inLanguage\":\"sk-SK\",\"potentialAction\":[{\"@type\":\"ReadAction\",\"target\":[\"https:\/\/omega-bakery.com\/sk\/produkt\/senna-dekorativna-glazura-svetla\/\"]}]},{\"@type\":\"BreadcrumbList\",\"@id\":\"https:\/\/omega-bakery.com\/sk\/produkt\/senna-dekorativna-glazura-svetla\/#breadcrumb\",\"itemListElement\":[{\"@type\":\"ListItem\",\"position\":1,\"name\":\"Dom\\u016f\",\"item\":\"https:\/\/omega-bakery.com\/sk\/\"},{\"@type\":\"ListItem\",\"position\":2,\"name\":\"Stroje a zariadenia\",\"item\":\"https:\/\/omega-bakery.com\/sk\/stroje-a-zariadenia\/\"},{\"@type\":\"ListItem\",\"position\":3,\"name\":\"Suroviny\",\"item\":\"https:\/\/omega-bakery.com\/sk\/stroje-a-zarizeni\/suroviny\/\"},{\"@type\":\"ListItem\",\"position\":4,\"name\":\"A in\\u00e9\",\"item\":\"https:\/\/omega-bakery.com\/sk\/stroje-a-zarizeni\/suroviny\/a-ine-suroviny\/\"},{\"@type\":\"ListItem\",\"position\":5,\"name\":\"SENNA Dekorat\\u00edvna glaz\\u00fara svetl\\u00e1\"}]}]}<\/script>\n<!-- \/ Yoast SEO plugin. -->","yoast_head_json":{"title":"SENNA Dekorat\u00edvna glaz\u00fara svetl\u00e1 - Omega Bakery","robots":{"index":"index","follow":"follow","max-snippet":"max-snippet:-1","max-image-preview":"max-image-preview:large","max-video-preview":"max-video-preview:-1"},"canonical":"https:\/\/omega-bakery.com\/sk\/produkt\/senna-dekorativna-glazura-svetla\/","og_locale":"sk_SK","og_type":"article","og_title":"SENNA Dekorat\u00edvna glaz\u00fara svetl\u00e1 - Omega Bakery","og_description":"Balenie: 0,6 L (6 x 0,6 L)   jemn\u00e1 cukrov\u00e1 chu\u0165  [...]Read More...","og_url":"https:\/\/omega-bakery.com\/sk\/produkt\/senna-dekorativna-glazura-svetla\/","og_site_name":"Omega Bakery","article_modified_time":"2021-07-28T09:37:10+00:00","og_image":[{"width":573,"height":1654,"url":"http:\/\/omega-bakery.com\/sk\/wp-content\/uploads\/2021\/07\/1243216-SENNA-Dekorglasur-hell_neu.jpg","path":"\/data\/web\/virtuals\/278194\/virtual\/www\/domains\/omega-bakery.com\/sk\/wp-content\/uploads\/2021\/07\/1243216-SENNA-Dekorglasur-hell_neu.jpg","size":"full","id":1553,"alt":"","pixels":947742,"type":"image\/jpeg"}],"twitter_card":"summary_large_image","schema":{"@context":"https:\/\/schema.org","@graph":[{"@type":"WebSite","@id":"https:\/\/omega-bakery.com\/sk\/#website","url":"https:\/\/omega-bakery.com\/sk\/","name":"Omega Bakery","description":"Dodavatel stroj\u016f a za\u0159\u00edzen\u00ed pro pek\u00e1rny","potentialAction":[{"@type":"SearchAction","target":{"@type":"EntryPoint","urlTemplate":"https:\/\/omega-bakery.com\/sk\/?s={search_term_string}"},"query-input":"required name=search_term_string"}],"inLanguage":"sk-SK"},{"@type":"ImageObject","@id":"https:\/\/omega-bakery.com\/sk\/produkt\/senna-dekorativna-glazura-svetla\/#primaryimage","inLanguage":"sk-SK","url":"https:\/\/omega-bakery.com\/sk\/wp-content\/uploads\/2021\/07\/1243216-SENNA-Dekorglasur-hell_neu.jpg","contentUrl":"https:\/\/omega-bakery.com\/sk\/wp-content\/uploads\/2021\/07\/1243216-SENNA-Dekorglasur-hell_neu.jpg","width":573,"height":1654},{"@type":"WebPage","@id":"https:\/\/omega-bakery.com\/sk\/produkt\/senna-dekorativna-glazura-svetla\/#webpage","url":"https:\/\/omega-bakery.com\/sk\/produkt\/senna-dekorativna-glazura-svetla\/","name":"SENNA Dekorat\u00edvna glaz\u00fara svetl\u00e1 - Omega Bakery","isPartOf":{"@id":"https:\/\/omega-bakery.com\/sk\/#website"},"primaryImageOfPage":{"@id":"https:\/\/omega-bakery.com\/sk\/produkt\/senna-dekorativna-glazura-svetla\/#primaryimage"},"datePublished":"2021-07-26T08:37:27+00:00","dateModified":"2021-07-28T09:37:10+00:00","breadcrumb":{"@id":"https:\/\/omega-bakery.com\/sk\/produkt\/senna-dekorativna-glazura-svetla\/#breadcrumb"},"inLanguage":"sk-SK","potentialAction":[{"@type":"ReadAction","target":["https:\/\/omega-bakery.com\/sk\/produkt\/senna-dekorativna-glazura-svetla\/"]}]},{"@type":"BreadcrumbList","@id":"https:\/\/omega-bakery.com\/sk\/produkt\/senna-dekorativna-glazura-svetla\/#breadcrumb","itemListElement":[{"@type":"ListItem","position":1,"name":"Dom\u016f","item":"https:\/\/omega-bakery.com\/sk\/"},{"@type":"ListItem","position":2,"name":"Stroje a zariadenia","item":"https:\/\/omega-bakery.com\/sk\/stroje-a-zariadenia\/"},{"@type":"ListItem","position":3,"name":"Suroviny","item":"https:\/\/omega-bakery.com\/sk\/stroje-a-zarizeni\/suroviny\/"},{"@type":"ListItem","position":4,"name":"A in\u00e9","item":"https:\/\/omega-bakery.com\/sk\/stroje-a-zarizeni\/suroviny\/a-ine-suroviny\/"},{"@type":"ListItem","position":5,"name":"SENNA Dekorat\u00edvna glaz\u00fara svetl\u00e1"}]}]}},"_links":{"self":[{"href":"https:\/\/omega-bakery.com\/sk\/wp-json\/wp\/v2\/product\/1552"}],"collection":[{"href":"https:\/\/omega-bakery.com\/sk\/wp-json\/wp\/v2\/product"}],"about":[{"href":"https:\/\/omega-bakery.com\/sk\/wp-json\/wp\/v2\/types\/product"}],"wp:featuredmedia":[{"embeddable":true,"href":"https:\/\/omega-bakery.com\/sk\/wp-json\/wp\/v2\/media\/1553"}],"wp:attachment":[{"href":"https:\/\/omega-bakery.com\/sk\/wp-json\/wp\/v2\/media?parent=1552"}],"curies":[{"name":"wp","href":"https:\/\/api.w.org\/{rel}","templated":true}]}}