{"id":1556,"date":"2021-07-26T10:51:49","date_gmt":"2021-07-26T08:51:49","guid":{"rendered":"http:\/\/omega-bakery.com\/sk\/?post_type=product&#038;p=1556"},"modified":"2021-07-26T10:51:50","modified_gmt":"2021-07-26T08:51:50","slug":"senna-majoneza-eco-50","status":"publish","type":"product","link":"https:\/\/omega-bakery.com\/sk\/produkt\/senna-majoneza-eco-50\/","title":{"rendered":"SENNA Majon\u00e9za ECO 50%"},"content":{"rendered":"","protected":false},"excerpt":{"rendered":"<p>Balenie: 5 kg alebo 10 kg k\u00fdblik<\/p>\n<p>ECO majon\u00e9za je vhodn\u00e1 na pr\u00edpravu dresingov a ako z\u00e1klad pre n\u00e1tierky.<\/p>\n<ul>\n<li>kr\u00e9mov\u00e1 konzistencia<\/li>\n<li>zaru\u010den\u00fd p\u00f4\u017eitok v\u010faka pasterizovan\u00e9mu vaje\u010dn\u00e9mu \u017e\u013atku<\/li>\n<li>bezlakt\u00f3zov\u00e1<\/li>\n<li>bezlepkov\u00e1<\/li>\n<\/ul>\n<p> [&#8230;]<\/p>\n<p><a class=\"btn btn-secondary understrap-read-more-link\" href=\"https:\/\/omega-bakery.com\/sk\/produkt\/senna-majoneza-eco-50\/\">Read More&#8230;<\/a><\/p>\n","protected":false},"featured_media":1557,"template":"","meta":[],"yoast_head":"<!-- This site is optimized with the Yoast SEO plugin v17.1 - https:\/\/yoast.com\/wordpress\/plugins\/seo\/ -->\n<title>SENNA Majon\u00e9za ECO 50% - Omega Bakery<\/title>\n<meta name=\"robots\" content=\"index, follow, max-snippet:-1, max-image-preview:large, max-video-preview:-1\" \/>\n<link rel=\"canonical\" href=\"https:\/\/omega-bakery.com\/sk\/produkt\/senna-majoneza-eco-50\/\" \/>\n<meta property=\"og:locale\" content=\"sk_SK\" \/>\n<meta property=\"og:type\" content=\"article\" \/>\n<meta property=\"og:title\" content=\"SENNA Majon\u00e9za ECO 50% - Omega Bakery\" \/>\n<meta property=\"og:description\" content=\"Balenie: 5 kg alebo 10 kg k\u00fdblik  ECO majon\u00e9za je vhodn\u00e1 na pr\u00edpravu dresingov a ako z\u00e1klad pre n\u00e1tierky.   kr\u00e9mov\u00e1 konzistencia  zaru\u010den\u00fd p\u00f4\u017eitok v\u010faka pasterizovan\u00e9mu vaje\u010dn\u00e9mu \u017e\u013atku  bezlakt\u00f3zov\u00e1  bezlepkov\u00e1  [...]Read More...\" \/>\n<meta property=\"og:url\" content=\"https:\/\/omega-bakery.com\/sk\/produkt\/senna-majoneza-eco-50\/\" \/>\n<meta property=\"og:site_name\" content=\"Omega Bakery\" \/>\n<meta property=\"article:modified_time\" content=\"2021-07-26T08:51:50+00:00\" \/>\n<meta property=\"og:image\" content=\"http:\/\/omega-bakery.com\/sk\/wp-content\/uploads\/2021\/07\/1232241-Eco-Mayo-50\ufffd-10kg.jpg\" \/>\n\t<meta property=\"og:image:width\" content=\"1772\" \/>\n\t<meta property=\"og:image:height\" content=\"1558\" \/>\n<meta name=\"twitter:card\" content=\"summary_large_image\" \/>\n<script type=\"application\/ld+json\" class=\"yoast-schema-graph\">{\"@context\":\"https:\/\/schema.org\",\"@graph\":[{\"@type\":\"WebSite\",\"@id\":\"https:\/\/omega-bakery.com\/sk\/#website\",\"url\":\"https:\/\/omega-bakery.com\/sk\/\",\"name\":\"Omega Bakery\",\"description\":\"Dodavatel stroj\\u016f a za\\u0159\\u00edzen\\u00ed pro pek\\u00e1rny\",\"potentialAction\":[{\"@type\":\"SearchAction\",\"target\":{\"@type\":\"EntryPoint\",\"urlTemplate\":\"https:\/\/omega-bakery.com\/sk\/?s={search_term_string}\"},\"query-input\":\"required name=search_term_string\"}],\"inLanguage\":\"sk-SK\"},{\"@type\":\"ImageObject\",\"@id\":\"https:\/\/omega-bakery.com\/sk\/produkt\/senna-majoneza-eco-50\/#primaryimage\",\"inLanguage\":\"sk-SK\",\"url\":\"https:\/\/omega-bakery.com\/sk\/wp-content\/uploads\/2021\/07\/1232241-Eco-Mayo-50\\ufffd-10kg.jpg\",\"contentUrl\":\"https:\/\/omega-bakery.com\/sk\/wp-content\/uploads\/2021\/07\/1232241-Eco-Mayo-50\\ufffd-10kg.jpg\",\"width\":1772,\"height\":1558},{\"@type\":\"WebPage\",\"@id\":\"https:\/\/omega-bakery.com\/sk\/produkt\/senna-majoneza-eco-50\/#webpage\",\"url\":\"https:\/\/omega-bakery.com\/sk\/produkt\/senna-majoneza-eco-50\/\",\"name\":\"SENNA Majon\\u00e9za ECO 50% - Omega Bakery\",\"isPartOf\":{\"@id\":\"https:\/\/omega-bakery.com\/sk\/#website\"},\"primaryImageOfPage\":{\"@id\":\"https:\/\/omega-bakery.com\/sk\/produkt\/senna-majoneza-eco-50\/#primaryimage\"},\"datePublished\":\"2021-07-26T08:51:49+00:00\",\"dateModified\":\"2021-07-26T08:51:50+00:00\",\"breadcrumb\":{\"@id\":\"https:\/\/omega-bakery.com\/sk\/produkt\/senna-majoneza-eco-50\/#breadcrumb\"},\"inLanguage\":\"sk-SK\",\"potentialAction\":[{\"@type\":\"ReadAction\",\"target\":[\"https:\/\/omega-bakery.com\/sk\/produkt\/senna-majoneza-eco-50\/\"]}]},{\"@type\":\"BreadcrumbList\",\"@id\":\"https:\/\/omega-bakery.com\/sk\/produkt\/senna-majoneza-eco-50\/#breadcrumb\",\"itemListElement\":[{\"@type\":\"ListItem\",\"position\":1,\"name\":\"Dom\\u016f\",\"item\":\"https:\/\/omega-bakery.com\/sk\/\"},{\"@type\":\"ListItem\",\"position\":2,\"name\":\"Stroje a zariadenia\",\"item\":\"https:\/\/omega-bakery.com\/sk\/stroje-a-zariadenia\/\"},{\"@type\":\"ListItem\",\"position\":3,\"name\":\"Suroviny\",\"item\":\"https:\/\/omega-bakery.com\/sk\/stroje-a-zarizeni\/suroviny\/\"},{\"@type\":\"ListItem\",\"position\":4,\"name\":\"HoReKa\",\"item\":\"https:\/\/omega-bakery.com\/sk\/stroje-a-zarizeni\/suroviny\/horeka\/\"},{\"@type\":\"ListItem\",\"position\":5,\"name\":\"SENNA Majon\\u00e9za ECO 50%\"}]}]}<\/script>\n<!-- \/ Yoast SEO plugin. -->","yoast_head_json":{"title":"SENNA Majon\u00e9za ECO 50% - Omega Bakery","robots":{"index":"index","follow":"follow","max-snippet":"max-snippet:-1","max-image-preview":"max-image-preview:large","max-video-preview":"max-video-preview:-1"},"canonical":"https:\/\/omega-bakery.com\/sk\/produkt\/senna-majoneza-eco-50\/","og_locale":"sk_SK","og_type":"article","og_title":"SENNA Majon\u00e9za ECO 50% - Omega Bakery","og_description":"Balenie: 5 kg alebo 10 kg k\u00fdblik  ECO majon\u00e9za je vhodn\u00e1 na pr\u00edpravu dresingov a ako z\u00e1klad pre n\u00e1tierky.   kr\u00e9mov\u00e1 konzistencia  zaru\u010den\u00fd p\u00f4\u017eitok v\u010faka pasterizovan\u00e9mu vaje\u010dn\u00e9mu \u017e\u013atku  bezlakt\u00f3zov\u00e1  bezlepkov\u00e1  [...]Read More...","og_url":"https:\/\/omega-bakery.com\/sk\/produkt\/senna-majoneza-eco-50\/","og_site_name":"Omega Bakery","article_modified_time":"2021-07-26T08:51:50+00:00","og_image":[{"width":1772,"height":1558,"url":"http:\/\/omega-bakery.com\/sk\/wp-content\/uploads\/2021\/07\/1232241-Eco-Mayo-50\ufffd-10kg.jpg","path":"\/data\/web\/virtuals\/278194\/virtual\/www\/domains\/omega-bakery.com\/sk\/wp-content\/uploads\/2021\/07\/1232241-Eco-Mayo-50\ufffd-10kg.jpg","size":"full","id":1557,"alt":"","pixels":2760776,"type":"image\/jpeg"}],"twitter_card":"summary_large_image","schema":{"@context":"https:\/\/schema.org","@graph":[{"@type":"WebSite","@id":"https:\/\/omega-bakery.com\/sk\/#website","url":"https:\/\/omega-bakery.com\/sk\/","name":"Omega Bakery","description":"Dodavatel stroj\u016f a za\u0159\u00edzen\u00ed pro pek\u00e1rny","potentialAction":[{"@type":"SearchAction","target":{"@type":"EntryPoint","urlTemplate":"https:\/\/omega-bakery.com\/sk\/?s={search_term_string}"},"query-input":"required name=search_term_string"}],"inLanguage":"sk-SK"},{"@type":"ImageObject","@id":"https:\/\/omega-bakery.com\/sk\/produkt\/senna-majoneza-eco-50\/#primaryimage","inLanguage":"sk-SK","url":"https:\/\/omega-bakery.com\/sk\/wp-content\/uploads\/2021\/07\/1232241-Eco-Mayo-50\ufffd-10kg.jpg","contentUrl":"https:\/\/omega-bakery.com\/sk\/wp-content\/uploads\/2021\/07\/1232241-Eco-Mayo-50\ufffd-10kg.jpg","width":1772,"height":1558},{"@type":"WebPage","@id":"https:\/\/omega-bakery.com\/sk\/produkt\/senna-majoneza-eco-50\/#webpage","url":"https:\/\/omega-bakery.com\/sk\/produkt\/senna-majoneza-eco-50\/","name":"SENNA Majon\u00e9za ECO 50% - Omega Bakery","isPartOf":{"@id":"https:\/\/omega-bakery.com\/sk\/#website"},"primaryImageOfPage":{"@id":"https:\/\/omega-bakery.com\/sk\/produkt\/senna-majoneza-eco-50\/#primaryimage"},"datePublished":"2021-07-26T08:51:49+00:00","dateModified":"2021-07-26T08:51:50+00:00","breadcrumb":{"@id":"https:\/\/omega-bakery.com\/sk\/produkt\/senna-majoneza-eco-50\/#breadcrumb"},"inLanguage":"sk-SK","potentialAction":[{"@type":"ReadAction","target":["https:\/\/omega-bakery.com\/sk\/produkt\/senna-majoneza-eco-50\/"]}]},{"@type":"BreadcrumbList","@id":"https:\/\/omega-bakery.com\/sk\/produkt\/senna-majoneza-eco-50\/#breadcrumb","itemListElement":[{"@type":"ListItem","position":1,"name":"Dom\u016f","item":"https:\/\/omega-bakery.com\/sk\/"},{"@type":"ListItem","position":2,"name":"Stroje a zariadenia","item":"https:\/\/omega-bakery.com\/sk\/stroje-a-zariadenia\/"},{"@type":"ListItem","position":3,"name":"Suroviny","item":"https:\/\/omega-bakery.com\/sk\/stroje-a-zarizeni\/suroviny\/"},{"@type":"ListItem","position":4,"name":"HoReKa","item":"https:\/\/omega-bakery.com\/sk\/stroje-a-zarizeni\/suroviny\/horeka\/"},{"@type":"ListItem","position":5,"name":"SENNA Majon\u00e9za ECO 50%"}]}]}},"_links":{"self":[{"href":"https:\/\/omega-bakery.com\/sk\/wp-json\/wp\/v2\/product\/1556"}],"collection":[{"href":"https:\/\/omega-bakery.com\/sk\/wp-json\/wp\/v2\/product"}],"about":[{"href":"https:\/\/omega-bakery.com\/sk\/wp-json\/wp\/v2\/types\/product"}],"wp:featuredmedia":[{"embeddable":true,"href":"https:\/\/omega-bakery.com\/sk\/wp-json\/wp\/v2\/media\/1557"}],"wp:attachment":[{"href":"https:\/\/omega-bakery.com\/sk\/wp-json\/wp\/v2\/media?parent=1556"}],"curies":[{"name":"wp","href":"https:\/\/api.w.org\/{rel}","templated":true}]}}