{"id":1585,"date":"2021-07-26T12:54:00","date_gmt":"2021-07-26T10:54:00","guid":{"rendered":"http:\/\/omega-bakery.com\/sk\/?post_type=product&#038;p=1585"},"modified":"2021-07-26T12:54:00","modified_gmt":"2021-07-26T10:54:00","slug":"senna-tuby-kecup","status":"publish","type":"product","link":"https:\/\/omega-bakery.com\/sk\/produkt\/senna-tuby-kecup\/","title":{"rendered":"SENNA Tuby: Ke\u010dup"},"content":{"rendered":"","protected":false},"excerpt":{"rendered":"<p>Balenie: 500 gr (6 x 500 gr), 800 gr (6 x 800 gr) alebo 1,3 kg (8 x 1,3 kg) tuba<\/p>\n<ul>\n<li>vysok\u00fd podiel paradajok<\/li>\n<\/ul>\n<p>&nbsp; [&#8230;]<\/p>\n<p><a class=\"btn btn-secondary understrap-read-more-link\" href=\"https:\/\/omega-bakery.com\/sk\/produkt\/senna-tuby-kecup\/\">Read More&#8230;<\/a><\/p>\n","protected":false},"featured_media":1586,"template":"","meta":[],"yoast_head":"<!-- This site is optimized with the Yoast SEO plugin v17.1 - https:\/\/yoast.com\/wordpress\/plugins\/seo\/ -->\n<title>SENNA Tuby: Ke\u010dup - Omega Bakery<\/title>\n<meta name=\"robots\" content=\"index, follow, max-snippet:-1, max-image-preview:large, max-video-preview:-1\" \/>\n<link rel=\"canonical\" href=\"https:\/\/omega-bakery.com\/sk\/produkt\/senna-tuby-kecup\/\" \/>\n<meta property=\"og:locale\" content=\"sk_SK\" \/>\n<meta property=\"og:type\" content=\"article\" \/>\n<meta property=\"og:title\" content=\"SENNA Tuby: Ke\u010dup - Omega Bakery\" \/>\n<meta property=\"og:description\" content=\"Balenie: 500 gr (6 x 500 gr), 800 gr (6 x 800 gr) alebo 1,3 kg (8 x 1,3 kg) tuba   vysok\u00fd podiel paradajok  &nbsp; [...]Read More...\" \/>\n<meta property=\"og:url\" content=\"https:\/\/omega-bakery.com\/sk\/produkt\/senna-tuby-kecup\/\" \/>\n<meta property=\"og:site_name\" content=\"Omega Bakery\" \/>\n<meta property=\"og:image\" content=\"http:\/\/omega-bakery.com\/sk\/wp-content\/uploads\/2021\/07\/1235214_SENNA-Ketchup-13kg.jpg\" \/>\n\t<meta property=\"og:image:width\" content=\"738\" \/>\n\t<meta property=\"og:image:height\" content=\"1181\" \/>\n<meta name=\"twitter:card\" content=\"summary_large_image\" \/>\n<script type=\"application\/ld+json\" class=\"yoast-schema-graph\">{\"@context\":\"https:\/\/schema.org\",\"@graph\":[{\"@type\":\"WebSite\",\"@id\":\"https:\/\/omega-bakery.com\/sk\/#website\",\"url\":\"https:\/\/omega-bakery.com\/sk\/\",\"name\":\"Omega Bakery\",\"description\":\"Dodavatel stroj\\u016f a za\\u0159\\u00edzen\\u00ed pro pek\\u00e1rny\",\"potentialAction\":[{\"@type\":\"SearchAction\",\"target\":{\"@type\":\"EntryPoint\",\"urlTemplate\":\"https:\/\/omega-bakery.com\/sk\/?s={search_term_string}\"},\"query-input\":\"required name=search_term_string\"}],\"inLanguage\":\"sk-SK\"},{\"@type\":\"ImageObject\",\"@id\":\"https:\/\/omega-bakery.com\/sk\/produkt\/senna-tuby-kecup\/#primaryimage\",\"inLanguage\":\"sk-SK\",\"url\":\"https:\/\/omega-bakery.com\/sk\/wp-content\/uploads\/2021\/07\/1235214_SENNA-Ketchup-13kg.jpg\",\"contentUrl\":\"https:\/\/omega-bakery.com\/sk\/wp-content\/uploads\/2021\/07\/1235214_SENNA-Ketchup-13kg.jpg\",\"width\":738,\"height\":1181},{\"@type\":\"WebPage\",\"@id\":\"https:\/\/omega-bakery.com\/sk\/produkt\/senna-tuby-kecup\/#webpage\",\"url\":\"https:\/\/omega-bakery.com\/sk\/produkt\/senna-tuby-kecup\/\",\"name\":\"SENNA Tuby: Ke\\u010dup - Omega Bakery\",\"isPartOf\":{\"@id\":\"https:\/\/omega-bakery.com\/sk\/#website\"},\"primaryImageOfPage\":{\"@id\":\"https:\/\/omega-bakery.com\/sk\/produkt\/senna-tuby-kecup\/#primaryimage\"},\"datePublished\":\"2021-07-26T10:54:00+00:00\",\"dateModified\":\"2021-07-26T10:54:00+00:00\",\"breadcrumb\":{\"@id\":\"https:\/\/omega-bakery.com\/sk\/produkt\/senna-tuby-kecup\/#breadcrumb\"},\"inLanguage\":\"sk-SK\",\"potentialAction\":[{\"@type\":\"ReadAction\",\"target\":[\"https:\/\/omega-bakery.com\/sk\/produkt\/senna-tuby-kecup\/\"]}]},{\"@type\":\"BreadcrumbList\",\"@id\":\"https:\/\/omega-bakery.com\/sk\/produkt\/senna-tuby-kecup\/#breadcrumb\",\"itemListElement\":[{\"@type\":\"ListItem\",\"position\":1,\"name\":\"Dom\\u016f\",\"item\":\"https:\/\/omega-bakery.com\/sk\/\"},{\"@type\":\"ListItem\",\"position\":2,\"name\":\"Stroje a zariadenia\",\"item\":\"https:\/\/omega-bakery.com\/sk\/stroje-a-zariadenia\/\"},{\"@type\":\"ListItem\",\"position\":3,\"name\":\"Suroviny\",\"item\":\"https:\/\/omega-bakery.com\/sk\/stroje-a-zarizeni\/suroviny\/\"},{\"@type\":\"ListItem\",\"position\":4,\"name\":\"HoReKa\",\"item\":\"https:\/\/omega-bakery.com\/sk\/stroje-a-zarizeni\/suroviny\/horeka\/\"},{\"@type\":\"ListItem\",\"position\":5,\"name\":\"SENNA Tuby: Ke\\u010dup\"}]}]}<\/script>\n<!-- \/ Yoast SEO plugin. -->","yoast_head_json":{"title":"SENNA Tuby: Ke\u010dup - Omega Bakery","robots":{"index":"index","follow":"follow","max-snippet":"max-snippet:-1","max-image-preview":"max-image-preview:large","max-video-preview":"max-video-preview:-1"},"canonical":"https:\/\/omega-bakery.com\/sk\/produkt\/senna-tuby-kecup\/","og_locale":"sk_SK","og_type":"article","og_title":"SENNA Tuby: Ke\u010dup - Omega Bakery","og_description":"Balenie: 500 gr (6 x 500 gr), 800 gr (6 x 800 gr) alebo 1,3 kg (8 x 1,3 kg) tuba   vysok\u00fd podiel paradajok  &nbsp; [...]Read More...","og_url":"https:\/\/omega-bakery.com\/sk\/produkt\/senna-tuby-kecup\/","og_site_name":"Omega Bakery","og_image":[{"width":738,"height":1181,"url":"http:\/\/omega-bakery.com\/sk\/wp-content\/uploads\/2021\/07\/1235214_SENNA-Ketchup-13kg.jpg","path":"\/data\/web\/virtuals\/278194\/virtual\/www\/domains\/omega-bakery.com\/sk\/wp-content\/uploads\/2021\/07\/1235214_SENNA-Ketchup-13kg.jpg","size":"full","id":1586,"alt":"","pixels":871578,"type":"image\/jpeg"}],"twitter_card":"summary_large_image","schema":{"@context":"https:\/\/schema.org","@graph":[{"@type":"WebSite","@id":"https:\/\/omega-bakery.com\/sk\/#website","url":"https:\/\/omega-bakery.com\/sk\/","name":"Omega Bakery","description":"Dodavatel stroj\u016f a za\u0159\u00edzen\u00ed pro pek\u00e1rny","potentialAction":[{"@type":"SearchAction","target":{"@type":"EntryPoint","urlTemplate":"https:\/\/omega-bakery.com\/sk\/?s={search_term_string}"},"query-input":"required name=search_term_string"}],"inLanguage":"sk-SK"},{"@type":"ImageObject","@id":"https:\/\/omega-bakery.com\/sk\/produkt\/senna-tuby-kecup\/#primaryimage","inLanguage":"sk-SK","url":"https:\/\/omega-bakery.com\/sk\/wp-content\/uploads\/2021\/07\/1235214_SENNA-Ketchup-13kg.jpg","contentUrl":"https:\/\/omega-bakery.com\/sk\/wp-content\/uploads\/2021\/07\/1235214_SENNA-Ketchup-13kg.jpg","width":738,"height":1181},{"@type":"WebPage","@id":"https:\/\/omega-bakery.com\/sk\/produkt\/senna-tuby-kecup\/#webpage","url":"https:\/\/omega-bakery.com\/sk\/produkt\/senna-tuby-kecup\/","name":"SENNA Tuby: Ke\u010dup - Omega Bakery","isPartOf":{"@id":"https:\/\/omega-bakery.com\/sk\/#website"},"primaryImageOfPage":{"@id":"https:\/\/omega-bakery.com\/sk\/produkt\/senna-tuby-kecup\/#primaryimage"},"datePublished":"2021-07-26T10:54:00+00:00","dateModified":"2021-07-26T10:54:00+00:00","breadcrumb":{"@id":"https:\/\/omega-bakery.com\/sk\/produkt\/senna-tuby-kecup\/#breadcrumb"},"inLanguage":"sk-SK","potentialAction":[{"@type":"ReadAction","target":["https:\/\/omega-bakery.com\/sk\/produkt\/senna-tuby-kecup\/"]}]},{"@type":"BreadcrumbList","@id":"https:\/\/omega-bakery.com\/sk\/produkt\/senna-tuby-kecup\/#breadcrumb","itemListElement":[{"@type":"ListItem","position":1,"name":"Dom\u016f","item":"https:\/\/omega-bakery.com\/sk\/"},{"@type":"ListItem","position":2,"name":"Stroje a zariadenia","item":"https:\/\/omega-bakery.com\/sk\/stroje-a-zariadenia\/"},{"@type":"ListItem","position":3,"name":"Suroviny","item":"https:\/\/omega-bakery.com\/sk\/stroje-a-zarizeni\/suroviny\/"},{"@type":"ListItem","position":4,"name":"HoReKa","item":"https:\/\/omega-bakery.com\/sk\/stroje-a-zarizeni\/suroviny\/horeka\/"},{"@type":"ListItem","position":5,"name":"SENNA Tuby: Ke\u010dup"}]}]}},"_links":{"self":[{"href":"https:\/\/omega-bakery.com\/sk\/wp-json\/wp\/v2\/product\/1585"}],"collection":[{"href":"https:\/\/omega-bakery.com\/sk\/wp-json\/wp\/v2\/product"}],"about":[{"href":"https:\/\/omega-bakery.com\/sk\/wp-json\/wp\/v2\/types\/product"}],"wp:featuredmedia":[{"embeddable":true,"href":"https:\/\/omega-bakery.com\/sk\/wp-json\/wp\/v2\/media\/1586"}],"wp:attachment":[{"href":"https:\/\/omega-bakery.com\/sk\/wp-json\/wp\/v2\/media?parent=1585"}],"curies":[{"name":"wp","href":"https:\/\/api.w.org\/{rel}","templated":true}]}}