{"id":1589,"date":"2021-07-26T13:50:00","date_gmt":"2021-07-26T11:50:00","guid":{"rendered":"http:\/\/omega-bakery.com\/sk\/?post_type=product&#038;p=1589"},"modified":"2021-07-26T13:50:00","modified_gmt":"2021-07-26T11:50:00","slug":"senna-krem-cokoladovy","status":"publish","type":"product","link":"https:\/\/omega-bakery.com\/sk\/produkt\/senna-krem-cokoladovy\/","title":{"rendered":"SENNA Kr\u00e9m \u010dokol\u00e1dov\u00fd"},"content":{"rendered":"","protected":false},"excerpt":{"rendered":"<p>Balenie: 13 kg k\u00fdblik<\/p>\n<ul>\n<li>stabiln\u00fd pri pe\u010den\u00ed i v mraze<\/li>\n<li>neprenik\u00e1 do p\u00f3rov pe\u010diva<\/li>\n<\/ul>\n<p> [&#8230;]<\/p>\n<p><a class=\"btn btn-secondary understrap-read-more-link\" href=\"https:\/\/omega-bakery.com\/sk\/produkt\/senna-krem-cokoladovy\/\">Read More&#8230;<\/a><\/p>\n","protected":false},"featured_media":1590,"template":"","meta":[],"yoast_head":"<!-- This site is optimized with the Yoast SEO plugin v17.1 - https:\/\/yoast.com\/wordpress\/plugins\/seo\/ -->\n<title>SENNA Kr\u00e9m \u010dokol\u00e1dov\u00fd - Omega Bakery<\/title>\n<meta name=\"robots\" content=\"index, follow, max-snippet:-1, max-image-preview:large, max-video-preview:-1\" \/>\n<link rel=\"canonical\" href=\"https:\/\/omega-bakery.com\/sk\/produkt\/senna-krem-cokoladovy\/\" \/>\n<meta property=\"og:locale\" content=\"sk_SK\" \/>\n<meta property=\"og:type\" content=\"article\" \/>\n<meta property=\"og:title\" content=\"SENNA Kr\u00e9m \u010dokol\u00e1dov\u00fd - Omega Bakery\" \/>\n<meta property=\"og:description\" content=\"Balenie: 13 kg k\u00fdblik   stabiln\u00fd pri pe\u010den\u00ed i v mraze  neprenik\u00e1 do p\u00f3rov pe\u010diva  [...]Read More...\" \/>\n<meta property=\"og:url\" content=\"https:\/\/omega-bakery.com\/sk\/produkt\/senna-krem-cokoladovy\/\" \/>\n<meta property=\"og:site_name\" content=\"Omega Bakery\" \/>\n<meta property=\"og:image\" content=\"http:\/\/omega-bakery.com\/sk\/wp-content\/uploads\/2021\/07\/1246303-SENNA-Schoko-Creme-13kg-1-scaled.jpg\" \/>\n\t<meta property=\"og:image:width\" content=\"2560\" \/>\n\t<meta property=\"og:image:height\" content=\"2560\" \/>\n<meta name=\"twitter:card\" content=\"summary_large_image\" \/>\n<script type=\"application\/ld+json\" class=\"yoast-schema-graph\">{\"@context\":\"https:\/\/schema.org\",\"@graph\":[{\"@type\":\"WebSite\",\"@id\":\"https:\/\/omega-bakery.com\/sk\/#website\",\"url\":\"https:\/\/omega-bakery.com\/sk\/\",\"name\":\"Omega Bakery\",\"description\":\"Dodavatel stroj\\u016f a za\\u0159\\u00edzen\\u00ed pro pek\\u00e1rny\",\"potentialAction\":[{\"@type\":\"SearchAction\",\"target\":{\"@type\":\"EntryPoint\",\"urlTemplate\":\"https:\/\/omega-bakery.com\/sk\/?s={search_term_string}\"},\"query-input\":\"required name=search_term_string\"}],\"inLanguage\":\"sk-SK\"},{\"@type\":\"ImageObject\",\"@id\":\"https:\/\/omega-bakery.com\/sk\/produkt\/senna-krem-cokoladovy\/#primaryimage\",\"inLanguage\":\"sk-SK\",\"url\":\"https:\/\/omega-bakery.com\/sk\/wp-content\/uploads\/2021\/07\/1246303-SENNA-Schoko-Creme-13kg-1-scaled.jpg\",\"contentUrl\":\"https:\/\/omega-bakery.com\/sk\/wp-content\/uploads\/2021\/07\/1246303-SENNA-Schoko-Creme-13kg-1-scaled.jpg\",\"width\":2560,\"height\":2560},{\"@type\":\"WebPage\",\"@id\":\"https:\/\/omega-bakery.com\/sk\/produkt\/senna-krem-cokoladovy\/#webpage\",\"url\":\"https:\/\/omega-bakery.com\/sk\/produkt\/senna-krem-cokoladovy\/\",\"name\":\"SENNA Kr\\u00e9m \\u010dokol\\u00e1dov\\u00fd - Omega Bakery\",\"isPartOf\":{\"@id\":\"https:\/\/omega-bakery.com\/sk\/#website\"},\"primaryImageOfPage\":{\"@id\":\"https:\/\/omega-bakery.com\/sk\/produkt\/senna-krem-cokoladovy\/#primaryimage\"},\"datePublished\":\"2021-07-26T11:50:00+00:00\",\"dateModified\":\"2021-07-26T11:50:00+00:00\",\"breadcrumb\":{\"@id\":\"https:\/\/omega-bakery.com\/sk\/produkt\/senna-krem-cokoladovy\/#breadcrumb\"},\"inLanguage\":\"sk-SK\",\"potentialAction\":[{\"@type\":\"ReadAction\",\"target\":[\"https:\/\/omega-bakery.com\/sk\/produkt\/senna-krem-cokoladovy\/\"]}]},{\"@type\":\"BreadcrumbList\",\"@id\":\"https:\/\/omega-bakery.com\/sk\/produkt\/senna-krem-cokoladovy\/#breadcrumb\",\"itemListElement\":[{\"@type\":\"ListItem\",\"position\":1,\"name\":\"Dom\\u016f\",\"item\":\"https:\/\/omega-bakery.com\/sk\/\"},{\"@type\":\"ListItem\",\"position\":2,\"name\":\"Stroje a zariadenia\",\"item\":\"https:\/\/omega-bakery.com\/sk\/stroje-a-zariadenia\/\"},{\"@type\":\"ListItem\",\"position\":3,\"name\":\"Suroviny\",\"item\":\"https:\/\/omega-bakery.com\/sk\/stroje-a-zarizeni\/suroviny\/\"},{\"@type\":\"ListItem\",\"position\":4,\"name\":\"N\\u00e1plne\",\"item\":\"https:\/\/omega-bakery.com\/sk\/stroje-a-zarizeni\/suroviny\/naplne\/\"},{\"@type\":\"ListItem\",\"position\":5,\"name\":\"Kr\\u00e9my\",\"item\":\"https:\/\/omega-bakery.com\/sk\/stroje-a-zarizeni\/suroviny\/naplne\/kremy\/\"},{\"@type\":\"ListItem\",\"position\":6,\"name\":\"SENNA Kr\\u00e9m \\u010dokol\\u00e1dov\\u00fd\"}]}]}<\/script>\n<!-- \/ Yoast SEO plugin. -->","yoast_head_json":{"title":"SENNA Kr\u00e9m \u010dokol\u00e1dov\u00fd - Omega Bakery","robots":{"index":"index","follow":"follow","max-snippet":"max-snippet:-1","max-image-preview":"max-image-preview:large","max-video-preview":"max-video-preview:-1"},"canonical":"https:\/\/omega-bakery.com\/sk\/produkt\/senna-krem-cokoladovy\/","og_locale":"sk_SK","og_type":"article","og_title":"SENNA Kr\u00e9m \u010dokol\u00e1dov\u00fd - Omega Bakery","og_description":"Balenie: 13 kg k\u00fdblik   stabiln\u00fd pri pe\u010den\u00ed i v mraze  neprenik\u00e1 do p\u00f3rov pe\u010diva  [...]Read More...","og_url":"https:\/\/omega-bakery.com\/sk\/produkt\/senna-krem-cokoladovy\/","og_site_name":"Omega Bakery","og_image":[{"width":2560,"height":2560,"url":"http:\/\/omega-bakery.com\/sk\/wp-content\/uploads\/2021\/07\/1246303-SENNA-Schoko-Creme-13kg-1-scaled.jpg","path":"\/data\/web\/virtuals\/278194\/virtual\/www\/domains\/omega-bakery.com\/sk\/wp-content\/uploads\/2021\/07\/1246303-SENNA-Schoko-Creme-13kg-1-scaled.jpg","size":"full","id":1590,"alt":"","pixels":6553600,"type":"image\/jpeg"}],"twitter_card":"summary_large_image","schema":{"@context":"https:\/\/schema.org","@graph":[{"@type":"WebSite","@id":"https:\/\/omega-bakery.com\/sk\/#website","url":"https:\/\/omega-bakery.com\/sk\/","name":"Omega Bakery","description":"Dodavatel stroj\u016f a za\u0159\u00edzen\u00ed pro pek\u00e1rny","potentialAction":[{"@type":"SearchAction","target":{"@type":"EntryPoint","urlTemplate":"https:\/\/omega-bakery.com\/sk\/?s={search_term_string}"},"query-input":"required name=search_term_string"}],"inLanguage":"sk-SK"},{"@type":"ImageObject","@id":"https:\/\/omega-bakery.com\/sk\/produkt\/senna-krem-cokoladovy\/#primaryimage","inLanguage":"sk-SK","url":"https:\/\/omega-bakery.com\/sk\/wp-content\/uploads\/2021\/07\/1246303-SENNA-Schoko-Creme-13kg-1-scaled.jpg","contentUrl":"https:\/\/omega-bakery.com\/sk\/wp-content\/uploads\/2021\/07\/1246303-SENNA-Schoko-Creme-13kg-1-scaled.jpg","width":2560,"height":2560},{"@type":"WebPage","@id":"https:\/\/omega-bakery.com\/sk\/produkt\/senna-krem-cokoladovy\/#webpage","url":"https:\/\/omega-bakery.com\/sk\/produkt\/senna-krem-cokoladovy\/","name":"SENNA Kr\u00e9m \u010dokol\u00e1dov\u00fd - Omega Bakery","isPartOf":{"@id":"https:\/\/omega-bakery.com\/sk\/#website"},"primaryImageOfPage":{"@id":"https:\/\/omega-bakery.com\/sk\/produkt\/senna-krem-cokoladovy\/#primaryimage"},"datePublished":"2021-07-26T11:50:00+00:00","dateModified":"2021-07-26T11:50:00+00:00","breadcrumb":{"@id":"https:\/\/omega-bakery.com\/sk\/produkt\/senna-krem-cokoladovy\/#breadcrumb"},"inLanguage":"sk-SK","potentialAction":[{"@type":"ReadAction","target":["https:\/\/omega-bakery.com\/sk\/produkt\/senna-krem-cokoladovy\/"]}]},{"@type":"BreadcrumbList","@id":"https:\/\/omega-bakery.com\/sk\/produkt\/senna-krem-cokoladovy\/#breadcrumb","itemListElement":[{"@type":"ListItem","position":1,"name":"Dom\u016f","item":"https:\/\/omega-bakery.com\/sk\/"},{"@type":"ListItem","position":2,"name":"Stroje a zariadenia","item":"https:\/\/omega-bakery.com\/sk\/stroje-a-zariadenia\/"},{"@type":"ListItem","position":3,"name":"Suroviny","item":"https:\/\/omega-bakery.com\/sk\/stroje-a-zarizeni\/suroviny\/"},{"@type":"ListItem","position":4,"name":"N\u00e1plne","item":"https:\/\/omega-bakery.com\/sk\/stroje-a-zarizeni\/suroviny\/naplne\/"},{"@type":"ListItem","position":5,"name":"Kr\u00e9my","item":"https:\/\/omega-bakery.com\/sk\/stroje-a-zarizeni\/suroviny\/naplne\/kremy\/"},{"@type":"ListItem","position":6,"name":"SENNA Kr\u00e9m \u010dokol\u00e1dov\u00fd"}]}]}},"_links":{"self":[{"href":"https:\/\/omega-bakery.com\/sk\/wp-json\/wp\/v2\/product\/1589"}],"collection":[{"href":"https:\/\/omega-bakery.com\/sk\/wp-json\/wp\/v2\/product"}],"about":[{"href":"https:\/\/omega-bakery.com\/sk\/wp-json\/wp\/v2\/types\/product"}],"wp:featuredmedia":[{"embeddable":true,"href":"https:\/\/omega-bakery.com\/sk\/wp-json\/wp\/v2\/media\/1590"}],"wp:attachment":[{"href":"https:\/\/omega-bakery.com\/sk\/wp-json\/wp\/v2\/media?parent=1589"}],"curies":[{"name":"wp","href":"https:\/\/api.w.org\/{rel}","templated":true}]}}