{"id":1595,"date":"2021-07-26T13:56:21","date_gmt":"2021-07-26T11:56:21","guid":{"rendered":"http:\/\/omega-bakery.com\/sk\/?post_type=product&#038;p=1595"},"modified":"2021-07-26T13:56:21","modified_gmt":"2021-07-26T11:56:21","slug":"senna-krem-biely","status":"publish","type":"product","link":"https:\/\/omega-bakery.com\/sk\/produkt\/senna-krem-biely\/","title":{"rendered":"SENNA Kr\u00e9m biely"},"content":{"rendered":"","protected":false},"excerpt":{"rendered":"<p>Balenie: 6 kg<\/p>\n<ul>\n<li>chu\u0165 lahodnej bielej \u010dokol\u00e1dy<\/li>\n<li>vychutnajte si ju \u010dist\u00fa alebo ju spracujte \u010falej<\/li>\n<\/ul>\n<p> [&#8230;]<\/p>\n<p><a class=\"btn btn-secondary understrap-read-more-link\" href=\"https:\/\/omega-bakery.com\/sk\/produkt\/senna-krem-biely\/\">Read More&#8230;<\/a><\/p>\n","protected":false},"featured_media":1597,"template":"","meta":[],"yoast_head":"<!-- This site is optimized with the Yoast SEO plugin v17.1 - https:\/\/yoast.com\/wordpress\/plugins\/seo\/ -->\n<title>SENNA Kr\u00e9m biely - Omega Bakery<\/title>\n<meta name=\"robots\" content=\"index, follow, max-snippet:-1, max-image-preview:large, max-video-preview:-1\" \/>\n<link rel=\"canonical\" href=\"https:\/\/omega-bakery.com\/sk\/produkt\/senna-krem-biely\/\" \/>\n<meta property=\"og:locale\" content=\"sk_SK\" \/>\n<meta property=\"og:type\" content=\"article\" \/>\n<meta property=\"og:title\" content=\"SENNA Kr\u00e9m biely - Omega Bakery\" \/>\n<meta property=\"og:description\" content=\"Balenie: 6 kg   chu\u0165 lahodnej bielej \u010dokol\u00e1dy  vychutnajte si ju \u010dist\u00fa alebo ju spracujte \u010falej  [...]Read More...\" \/>\n<meta property=\"og:url\" content=\"https:\/\/omega-bakery.com\/sk\/produkt\/senna-krem-biely\/\" \/>\n<meta property=\"og:site_name\" content=\"Omega Bakery\" \/>\n<meta property=\"og:image\" content=\"http:\/\/omega-bakery.com\/sk\/wp-content\/uploads\/2021\/07\/1247308-SENNA-Weise-Creme-6kg.jpg\" \/>\n\t<meta property=\"og:image:width\" content=\"1772\" \/>\n\t<meta property=\"og:image:height\" content=\"1541\" \/>\n<meta name=\"twitter:card\" content=\"summary_large_image\" \/>\n<script type=\"application\/ld+json\" class=\"yoast-schema-graph\">{\"@context\":\"https:\/\/schema.org\",\"@graph\":[{\"@type\":\"WebSite\",\"@id\":\"https:\/\/omega-bakery.com\/sk\/#website\",\"url\":\"https:\/\/omega-bakery.com\/sk\/\",\"name\":\"Omega Bakery\",\"description\":\"Dodavatel stroj\\u016f a za\\u0159\\u00edzen\\u00ed pro pek\\u00e1rny\",\"potentialAction\":[{\"@type\":\"SearchAction\",\"target\":{\"@type\":\"EntryPoint\",\"urlTemplate\":\"https:\/\/omega-bakery.com\/sk\/?s={search_term_string}\"},\"query-input\":\"required name=search_term_string\"}],\"inLanguage\":\"sk-SK\"},{\"@type\":\"ImageObject\",\"@id\":\"https:\/\/omega-bakery.com\/sk\/produkt\/senna-krem-biely\/#primaryimage\",\"inLanguage\":\"sk-SK\",\"url\":\"https:\/\/omega-bakery.com\/sk\/wp-content\/uploads\/2021\/07\/1247308-SENNA-Weise-Creme-6kg.jpg\",\"contentUrl\":\"https:\/\/omega-bakery.com\/sk\/wp-content\/uploads\/2021\/07\/1247308-SENNA-Weise-Creme-6kg.jpg\",\"width\":1772,\"height\":1541},{\"@type\":\"WebPage\",\"@id\":\"https:\/\/omega-bakery.com\/sk\/produkt\/senna-krem-biely\/#webpage\",\"url\":\"https:\/\/omega-bakery.com\/sk\/produkt\/senna-krem-biely\/\",\"name\":\"SENNA Kr\\u00e9m biely - Omega Bakery\",\"isPartOf\":{\"@id\":\"https:\/\/omega-bakery.com\/sk\/#website\"},\"primaryImageOfPage\":{\"@id\":\"https:\/\/omega-bakery.com\/sk\/produkt\/senna-krem-biely\/#primaryimage\"},\"datePublished\":\"2021-07-26T11:56:21+00:00\",\"dateModified\":\"2021-07-26T11:56:21+00:00\",\"breadcrumb\":{\"@id\":\"https:\/\/omega-bakery.com\/sk\/produkt\/senna-krem-biely\/#breadcrumb\"},\"inLanguage\":\"sk-SK\",\"potentialAction\":[{\"@type\":\"ReadAction\",\"target\":[\"https:\/\/omega-bakery.com\/sk\/produkt\/senna-krem-biely\/\"]}]},{\"@type\":\"BreadcrumbList\",\"@id\":\"https:\/\/omega-bakery.com\/sk\/produkt\/senna-krem-biely\/#breadcrumb\",\"itemListElement\":[{\"@type\":\"ListItem\",\"position\":1,\"name\":\"Dom\\u016f\",\"item\":\"https:\/\/omega-bakery.com\/sk\/\"},{\"@type\":\"ListItem\",\"position\":2,\"name\":\"Stroje a zariadenia\",\"item\":\"https:\/\/omega-bakery.com\/sk\/stroje-a-zariadenia\/\"},{\"@type\":\"ListItem\",\"position\":3,\"name\":\"Suroviny\",\"item\":\"https:\/\/omega-bakery.com\/sk\/stroje-a-zarizeni\/suroviny\/\"},{\"@type\":\"ListItem\",\"position\":4,\"name\":\"N\\u00e1plne\",\"item\":\"https:\/\/omega-bakery.com\/sk\/stroje-a-zarizeni\/suroviny\/naplne\/\"},{\"@type\":\"ListItem\",\"position\":5,\"name\":\"Kr\\u00e9my\",\"item\":\"https:\/\/omega-bakery.com\/sk\/stroje-a-zarizeni\/suroviny\/naplne\/kremy\/\"},{\"@type\":\"ListItem\",\"position\":6,\"name\":\"SENNA Kr\\u00e9m biely\"}]}]}<\/script>\n<!-- \/ Yoast SEO plugin. -->","yoast_head_json":{"title":"SENNA Kr\u00e9m biely - Omega Bakery","robots":{"index":"index","follow":"follow","max-snippet":"max-snippet:-1","max-image-preview":"max-image-preview:large","max-video-preview":"max-video-preview:-1"},"canonical":"https:\/\/omega-bakery.com\/sk\/produkt\/senna-krem-biely\/","og_locale":"sk_SK","og_type":"article","og_title":"SENNA Kr\u00e9m biely - Omega Bakery","og_description":"Balenie: 6 kg   chu\u0165 lahodnej bielej \u010dokol\u00e1dy  vychutnajte si ju \u010dist\u00fa alebo ju spracujte \u010falej  [...]Read More...","og_url":"https:\/\/omega-bakery.com\/sk\/produkt\/senna-krem-biely\/","og_site_name":"Omega Bakery","og_image":[{"width":1772,"height":1541,"url":"http:\/\/omega-bakery.com\/sk\/wp-content\/uploads\/2021\/07\/1247308-SENNA-Weise-Creme-6kg.jpg","path":"\/data\/web\/virtuals\/278194\/virtual\/www\/domains\/omega-bakery.com\/sk\/wp-content\/uploads\/2021\/07\/1247308-SENNA-Weise-Creme-6kg.jpg","size":"full","id":1597,"alt":"","pixels":2730652,"type":"image\/jpeg"}],"twitter_card":"summary_large_image","schema":{"@context":"https:\/\/schema.org","@graph":[{"@type":"WebSite","@id":"https:\/\/omega-bakery.com\/sk\/#website","url":"https:\/\/omega-bakery.com\/sk\/","name":"Omega Bakery","description":"Dodavatel stroj\u016f a za\u0159\u00edzen\u00ed pro pek\u00e1rny","potentialAction":[{"@type":"SearchAction","target":{"@type":"EntryPoint","urlTemplate":"https:\/\/omega-bakery.com\/sk\/?s={search_term_string}"},"query-input":"required name=search_term_string"}],"inLanguage":"sk-SK"},{"@type":"ImageObject","@id":"https:\/\/omega-bakery.com\/sk\/produkt\/senna-krem-biely\/#primaryimage","inLanguage":"sk-SK","url":"https:\/\/omega-bakery.com\/sk\/wp-content\/uploads\/2021\/07\/1247308-SENNA-Weise-Creme-6kg.jpg","contentUrl":"https:\/\/omega-bakery.com\/sk\/wp-content\/uploads\/2021\/07\/1247308-SENNA-Weise-Creme-6kg.jpg","width":1772,"height":1541},{"@type":"WebPage","@id":"https:\/\/omega-bakery.com\/sk\/produkt\/senna-krem-biely\/#webpage","url":"https:\/\/omega-bakery.com\/sk\/produkt\/senna-krem-biely\/","name":"SENNA Kr\u00e9m biely - Omega Bakery","isPartOf":{"@id":"https:\/\/omega-bakery.com\/sk\/#website"},"primaryImageOfPage":{"@id":"https:\/\/omega-bakery.com\/sk\/produkt\/senna-krem-biely\/#primaryimage"},"datePublished":"2021-07-26T11:56:21+00:00","dateModified":"2021-07-26T11:56:21+00:00","breadcrumb":{"@id":"https:\/\/omega-bakery.com\/sk\/produkt\/senna-krem-biely\/#breadcrumb"},"inLanguage":"sk-SK","potentialAction":[{"@type":"ReadAction","target":["https:\/\/omega-bakery.com\/sk\/produkt\/senna-krem-biely\/"]}]},{"@type":"BreadcrumbList","@id":"https:\/\/omega-bakery.com\/sk\/produkt\/senna-krem-biely\/#breadcrumb","itemListElement":[{"@type":"ListItem","position":1,"name":"Dom\u016f","item":"https:\/\/omega-bakery.com\/sk\/"},{"@type":"ListItem","position":2,"name":"Stroje a zariadenia","item":"https:\/\/omega-bakery.com\/sk\/stroje-a-zariadenia\/"},{"@type":"ListItem","position":3,"name":"Suroviny","item":"https:\/\/omega-bakery.com\/sk\/stroje-a-zarizeni\/suroviny\/"},{"@type":"ListItem","position":4,"name":"N\u00e1plne","item":"https:\/\/omega-bakery.com\/sk\/stroje-a-zarizeni\/suroviny\/naplne\/"},{"@type":"ListItem","position":5,"name":"Kr\u00e9my","item":"https:\/\/omega-bakery.com\/sk\/stroje-a-zarizeni\/suroviny\/naplne\/kremy\/"},{"@type":"ListItem","position":6,"name":"SENNA Kr\u00e9m biely"}]}]}},"_links":{"self":[{"href":"https:\/\/omega-bakery.com\/sk\/wp-json\/wp\/v2\/product\/1595"}],"collection":[{"href":"https:\/\/omega-bakery.com\/sk\/wp-json\/wp\/v2\/product"}],"about":[{"href":"https:\/\/omega-bakery.com\/sk\/wp-json\/wp\/v2\/types\/product"}],"wp:featuredmedia":[{"embeddable":true,"href":"https:\/\/omega-bakery.com\/sk\/wp-json\/wp\/v2\/media\/1597"}],"wp:attachment":[{"href":"https:\/\/omega-bakery.com\/sk\/wp-json\/wp\/v2\/media?parent=1595"}],"curies":[{"name":"wp","href":"https:\/\/api.w.org\/{rel}","templated":true}]}}