{"id":161,"date":"2021-04-22T20:44:40","date_gmt":"2021-04-22T18:44:40","guid":{"rendered":"http:\/\/omega-bakery.com\/sk\/?post_type=product&#038;p=161"},"modified":"2023-11-16T11:36:43","modified_gmt":"2023-11-16T09:36:43","slug":"daub-dr-robot-variomatic","status":"publish","type":"product","link":"https:\/\/omega-bakery.com\/sk\/produkt\/daub-dr-robot-variomatic\/","title":{"rendered":"Daub DR ROBOT VARIOMATIC"},"content":{"rendered":"","protected":false},"excerpt":{"rendered":"<p class=\"rtejustify\">Plne automatick\u00e1 programovate\u013en\u00e1 deli\u010dka s hydraulick\u00fdm roztl\u00e1\u010dan\u00edm cesta, delen\u00edm a automatick\u00fdm zakru\u017eovan\u00edm vr\u00e1tane automatick\u00e9ho nastavenia ve\u013ekosti kom\u00f4r.<\/p>\n<p><strong>Hlavn\u00e9 znaky<\/strong><\/p>\n<ul>\n<li>programovate\u013en\u00fd automatick\u00fd deliaci a zakru\u017eovac\u00ed cyklus<\/li>\n<li>programovate\u013en\u00e1 ve\u013ekos\u0165 kom\u00f4r<\/li>\n<li>doba lisovania a vygu\u013eovania je plynule nastavite\u013en\u00e1<\/li>\n<li>displej na nastavenie \u010dasu a hl\u00e1senie ch\u00fdb<\/li>\n<li>vymenite\u013en\u00e1 deliaca hlava s teflonov\u00fdm povrchom<\/li>\n<li>nerezov\u00e9 no\u017ee<\/li>\n<li>ide\u00e1lna pracovn\u00e1 v\u00fd\u0161ka (1000mm)<\/li>\n<li>jednoduch\u00e1 \u00fadr\u017eba<\/li>\n<li>mobiln\u00e1, \u013eahko ju premiestni\u0165<\/li>\n<\/ul>\n<p><strong>Rozmedzie hmotnosti klonkov: <\/strong>16 &#8211; 440 g pod\u013ea typu deliacej hlavy<\/p>\n<div><strong>Pr\u00edkon:<\/strong>\u00a0\u00a0 1,3 kW<\/div>\n<div><strong>Rozmery (d x \u0161 x v):<\/strong>\u00a0\u00a0 620 x 670 x 1600 mm<\/div>\n<div><strong>Hmotnos\u0165: <\/strong>\u00a0 380 kg<\/div>\n<p>&nbsp;<\/p>\n<div>Viac inform\u00e1ci\u00ed o tejto deli\u010dke n\u00e1jdete v prilo\u017eenom let\u00e1ku <a href=\"http:\/\/omega-bakery.com\/sk\/wp-content\/uploads\/2021\/04\/Daub-DR-Robot-Variomatic-0823.pdf\" target=\"newtab\" rel=\"noopener\">TU<\/a><\/div>\n<div><\/div>\n<div><a href=\"https:\/\/daub-bakery-machinery.s3.eu-west-2.amazonaws.com\/videos\/DR+FHA+EN.mp4?_=1\" target=\"_blank\" rel=\"noopener\">Video ku zhliadnutiu<\/a><\/div>\n<p> [&#8230;]<\/p>\n<p><a class=\"btn btn-secondary understrap-read-more-link\" href=\"https:\/\/omega-bakery.com\/sk\/produkt\/daub-dr-robot-variomatic\/\">Read More&#8230;<\/a><\/p>\n","protected":false},"featured_media":151,"template":"","meta":[],"yoast_head":"<!-- This site is optimized with the Yoast SEO plugin v17.1 - https:\/\/yoast.com\/wordpress\/plugins\/seo\/ -->\n<title>Daub DR ROBOT VARIOMATIC - Omega Bakery<\/title>\n<meta name=\"robots\" content=\"index, follow, max-snippet:-1, max-image-preview:large, max-video-preview:-1\" \/>\n<link rel=\"canonical\" href=\"https:\/\/omega-bakery.com\/sk\/produkt\/daub-dr-robot-variomatic\/\" \/>\n<meta property=\"og:locale\" content=\"sk_SK\" \/>\n<meta property=\"og:type\" content=\"article\" \/>\n<meta property=\"og:title\" content=\"Daub DR ROBOT VARIOMATIC - Omega Bakery\" \/>\n<meta property=\"og:description\" content=\"Plne automatick\u00e1 programovate\u013en\u00e1 deli\u010dka s hydraulick\u00fdm roztl\u00e1\u010dan\u00edm cesta, delen\u00edm a automatick\u00fdm zakru\u017eovan\u00edm vr\u00e1tane automatick\u00e9ho nastavenia ve\u013ekosti kom\u00f4r. Hlavn\u00e9 znaky   programovate\u013en\u00fd automatick\u00fd deliaci a zakru\u017eovac\u00ed cyklus  programovate\u013en\u00e1 ve\u013ekos\u0165 kom\u00f4r  doba lisovania a vygu\u013eovania je plynule nastavite\u013en\u00e1  displej na nastavenie \u010dasu a hl\u00e1senie ch\u00fdb  vymenite\u013en\u00e1 deliaca hlava s teflonov\u00fdm povrchom  nerezov\u00e9 no\u017ee  ide\u00e1lna pracovn\u00e1 v\u00fd\u0161ka (1000mm)  jednoduch\u00e1 \u00fadr\u017eba  mobiln\u00e1, \u013eahko ju premiestni\u0165  Rozmedzie hmotnosti klonkov: 16 - 440 g pod\u013ea typu deliacej hlavy Pr\u00edkon:\u00a0\u00a0 1,3 kW Rozmery (d x \u0161 x v):\u00a0\u00a0 620 x 670 x 1600 mm Hmotnos\u0165: \u00a0 380 kg &nbsp; Viac inform\u00e1ci\u00ed o tejto deli\u010dke n\u00e1jdete v prilo\u017eenom let\u00e1ku TU  Video ku zhliadnutiu [...]Read More...\" \/>\n<meta property=\"og:url\" content=\"https:\/\/omega-bakery.com\/sk\/produkt\/daub-dr-robot-variomatic\/\" \/>\n<meta property=\"og:site_name\" content=\"Omega Bakery\" \/>\n<meta property=\"article:modified_time\" content=\"2023-11-16T09:36:43+00:00\" \/>\n<meta property=\"og:image\" content=\"http:\/\/omega-bakery.com\/sk\/wp-content\/uploads\/2021\/04\/Daub-DR-ROBOT-VARIOMATIC.png\" \/>\n\t<meta property=\"og:image:width\" content=\"533\" \/>\n\t<meta property=\"og:image:height\" content=\"700\" \/>\n<meta name=\"twitter:card\" content=\"summary_large_image\" \/>\n<script type=\"application\/ld+json\" class=\"yoast-schema-graph\">{\"@context\":\"https:\/\/schema.org\",\"@graph\":[{\"@type\":\"WebSite\",\"@id\":\"https:\/\/omega-bakery.com\/sk\/#website\",\"url\":\"https:\/\/omega-bakery.com\/sk\/\",\"name\":\"Omega Bakery\",\"description\":\"Dodavatel stroj\\u016f a za\\u0159\\u00edzen\\u00ed pro pek\\u00e1rny\",\"potentialAction\":[{\"@type\":\"SearchAction\",\"target\":{\"@type\":\"EntryPoint\",\"urlTemplate\":\"https:\/\/omega-bakery.com\/sk\/?s={search_term_string}\"},\"query-input\":\"required name=search_term_string\"}],\"inLanguage\":\"sk-SK\"},{\"@type\":\"ImageObject\",\"@id\":\"https:\/\/omega-bakery.com\/sk\/produkt\/daub-dr-robot-variomatic\/#primaryimage\",\"inLanguage\":\"sk-SK\",\"url\":\"https:\/\/omega-bakery.com\/sk\/wp-content\/uploads\/2021\/04\/Daub-DR-ROBOT-VARIOMATIC.png\",\"contentUrl\":\"https:\/\/omega-bakery.com\/sk\/wp-content\/uploads\/2021\/04\/Daub-DR-ROBOT-VARIOMATIC.png\",\"width\":533,\"height\":700},{\"@type\":\"WebPage\",\"@id\":\"https:\/\/omega-bakery.com\/sk\/produkt\/daub-dr-robot-variomatic\/#webpage\",\"url\":\"https:\/\/omega-bakery.com\/sk\/produkt\/daub-dr-robot-variomatic\/\",\"name\":\"Daub DR ROBOT VARIOMATIC - Omega Bakery\",\"isPartOf\":{\"@id\":\"https:\/\/omega-bakery.com\/sk\/#website\"},\"primaryImageOfPage\":{\"@id\":\"https:\/\/omega-bakery.com\/sk\/produkt\/daub-dr-robot-variomatic\/#primaryimage\"},\"datePublished\":\"2021-04-22T18:44:40+00:00\",\"dateModified\":\"2023-11-16T09:36:43+00:00\",\"breadcrumb\":{\"@id\":\"https:\/\/omega-bakery.com\/sk\/produkt\/daub-dr-robot-variomatic\/#breadcrumb\"},\"inLanguage\":\"sk-SK\",\"potentialAction\":[{\"@type\":\"ReadAction\",\"target\":[\"https:\/\/omega-bakery.com\/sk\/produkt\/daub-dr-robot-variomatic\/\"]}]},{\"@type\":\"BreadcrumbList\",\"@id\":\"https:\/\/omega-bakery.com\/sk\/produkt\/daub-dr-robot-variomatic\/#breadcrumb\",\"itemListElement\":[{\"@type\":\"ListItem\",\"position\":1,\"name\":\"Dom\\u016f\",\"item\":\"https:\/\/omega-bakery.com\/sk\/\"},{\"@type\":\"ListItem\",\"position\":2,\"name\":\"Stroje a zariadenia\",\"item\":\"https:\/\/omega-bakery.com\/sk\/stroje-a-zariadenia\/\"},{\"@type\":\"ListItem\",\"position\":3,\"name\":\"Deli\\u010dky\",\"item\":\"http:\/\/omega-bakery.com\/sk\/stroje-a-zarizeni\/delicky\/\"},{\"@type\":\"ListItem\",\"position\":4,\"name\":\"Hydraulick\\u00e9 deli\\u010dky\",\"item\":\"https:\/\/omega-bakery.com\/sk\/stroje-a-zarizeni\/delicky\/hydraulicke-delicky\/\"},{\"@type\":\"ListItem\",\"position\":5,\"name\":\"Hydraulick\\u00e9 deli\\u010dky so zakru\\u017eovan\\u00edm\",\"item\":\"https:\/\/omega-bakery.com\/sk\/stroje-a-zarizeni\/delicky\/hydraulicke-delicky\/hydraulicke-delicky-so-zakruzovanim\/\"},{\"@type\":\"ListItem\",\"position\":6,\"name\":\"Daub DR ROBOT VARIOMATIC\"}]}]}<\/script>\n<!-- \/ Yoast SEO plugin. -->","yoast_head_json":{"title":"Daub DR ROBOT VARIOMATIC - Omega Bakery","robots":{"index":"index","follow":"follow","max-snippet":"max-snippet:-1","max-image-preview":"max-image-preview:large","max-video-preview":"max-video-preview:-1"},"canonical":"https:\/\/omega-bakery.com\/sk\/produkt\/daub-dr-robot-variomatic\/","og_locale":"sk_SK","og_type":"article","og_title":"Daub DR ROBOT VARIOMATIC - Omega Bakery","og_description":"Plne automatick\u00e1 programovate\u013en\u00e1 deli\u010dka s hydraulick\u00fdm roztl\u00e1\u010dan\u00edm cesta, delen\u00edm a automatick\u00fdm zakru\u017eovan\u00edm vr\u00e1tane automatick\u00e9ho nastavenia ve\u013ekosti kom\u00f4r. Hlavn\u00e9 znaky   programovate\u013en\u00fd automatick\u00fd deliaci a zakru\u017eovac\u00ed cyklus  programovate\u013en\u00e1 ve\u013ekos\u0165 kom\u00f4r  doba lisovania a vygu\u013eovania je plynule nastavite\u013en\u00e1  displej na nastavenie \u010dasu a hl\u00e1senie ch\u00fdb  vymenite\u013en\u00e1 deliaca hlava s teflonov\u00fdm povrchom  nerezov\u00e9 no\u017ee  ide\u00e1lna pracovn\u00e1 v\u00fd\u0161ka (1000mm)  jednoduch\u00e1 \u00fadr\u017eba  mobiln\u00e1, \u013eahko ju premiestni\u0165  Rozmedzie hmotnosti klonkov: 16 - 440 g pod\u013ea typu deliacej hlavy Pr\u00edkon:\u00a0\u00a0 1,3 kW Rozmery (d x \u0161 x v):\u00a0\u00a0 620 x 670 x 1600 mm Hmotnos\u0165: \u00a0 380 kg &nbsp; Viac inform\u00e1ci\u00ed o tejto deli\u010dke n\u00e1jdete v prilo\u017eenom let\u00e1ku TU  Video ku zhliadnutiu [...]Read More...","og_url":"https:\/\/omega-bakery.com\/sk\/produkt\/daub-dr-robot-variomatic\/","og_site_name":"Omega Bakery","article_modified_time":"2023-11-16T09:36:43+00:00","og_image":[{"width":533,"height":700,"url":"http:\/\/omega-bakery.com\/sk\/wp-content\/uploads\/2021\/04\/Daub-DR-ROBOT-VARIOMATIC.png","path":"\/data\/web\/virtuals\/278194\/virtual\/www\/domains\/omega-bakery.com\/sk\/wp-content\/uploads\/2021\/04\/Daub-DR-ROBOT-VARIOMATIC.png","size":"full","id":151,"alt":"","pixels":373100,"type":"image\/png"}],"twitter_card":"summary_large_image","schema":{"@context":"https:\/\/schema.org","@graph":[{"@type":"WebSite","@id":"https:\/\/omega-bakery.com\/sk\/#website","url":"https:\/\/omega-bakery.com\/sk\/","name":"Omega Bakery","description":"Dodavatel stroj\u016f a za\u0159\u00edzen\u00ed pro pek\u00e1rny","potentialAction":[{"@type":"SearchAction","target":{"@type":"EntryPoint","urlTemplate":"https:\/\/omega-bakery.com\/sk\/?s={search_term_string}"},"query-input":"required name=search_term_string"}],"inLanguage":"sk-SK"},{"@type":"ImageObject","@id":"https:\/\/omega-bakery.com\/sk\/produkt\/daub-dr-robot-variomatic\/#primaryimage","inLanguage":"sk-SK","url":"https:\/\/omega-bakery.com\/sk\/wp-content\/uploads\/2021\/04\/Daub-DR-ROBOT-VARIOMATIC.png","contentUrl":"https:\/\/omega-bakery.com\/sk\/wp-content\/uploads\/2021\/04\/Daub-DR-ROBOT-VARIOMATIC.png","width":533,"height":700},{"@type":"WebPage","@id":"https:\/\/omega-bakery.com\/sk\/produkt\/daub-dr-robot-variomatic\/#webpage","url":"https:\/\/omega-bakery.com\/sk\/produkt\/daub-dr-robot-variomatic\/","name":"Daub DR ROBOT VARIOMATIC - Omega Bakery","isPartOf":{"@id":"https:\/\/omega-bakery.com\/sk\/#website"},"primaryImageOfPage":{"@id":"https:\/\/omega-bakery.com\/sk\/produkt\/daub-dr-robot-variomatic\/#primaryimage"},"datePublished":"2021-04-22T18:44:40+00:00","dateModified":"2023-11-16T09:36:43+00:00","breadcrumb":{"@id":"https:\/\/omega-bakery.com\/sk\/produkt\/daub-dr-robot-variomatic\/#breadcrumb"},"inLanguage":"sk-SK","potentialAction":[{"@type":"ReadAction","target":["https:\/\/omega-bakery.com\/sk\/produkt\/daub-dr-robot-variomatic\/"]}]},{"@type":"BreadcrumbList","@id":"https:\/\/omega-bakery.com\/sk\/produkt\/daub-dr-robot-variomatic\/#breadcrumb","itemListElement":[{"@type":"ListItem","position":1,"name":"Dom\u016f","item":"https:\/\/omega-bakery.com\/sk\/"},{"@type":"ListItem","position":2,"name":"Stroje a zariadenia","item":"https:\/\/omega-bakery.com\/sk\/stroje-a-zariadenia\/"},{"@type":"ListItem","position":3,"name":"Deli\u010dky","item":"http:\/\/omega-bakery.com\/sk\/stroje-a-zarizeni\/delicky\/"},{"@type":"ListItem","position":4,"name":"Hydraulick\u00e9 deli\u010dky","item":"https:\/\/omega-bakery.com\/sk\/stroje-a-zarizeni\/delicky\/hydraulicke-delicky\/"},{"@type":"ListItem","position":5,"name":"Hydraulick\u00e9 deli\u010dky so zakru\u017eovan\u00edm","item":"https:\/\/omega-bakery.com\/sk\/stroje-a-zarizeni\/delicky\/hydraulicke-delicky\/hydraulicke-delicky-so-zakruzovanim\/"},{"@type":"ListItem","position":6,"name":"Daub DR ROBOT VARIOMATIC"}]}]}},"_links":{"self":[{"href":"https:\/\/omega-bakery.com\/sk\/wp-json\/wp\/v2\/product\/161"}],"collection":[{"href":"https:\/\/omega-bakery.com\/sk\/wp-json\/wp\/v2\/product"}],"about":[{"href":"https:\/\/omega-bakery.com\/sk\/wp-json\/wp\/v2\/types\/product"}],"wp:featuredmedia":[{"embeddable":true,"href":"https:\/\/omega-bakery.com\/sk\/wp-json\/wp\/v2\/media\/151"}],"wp:attachment":[{"href":"https:\/\/omega-bakery.com\/sk\/wp-json\/wp\/v2\/media?parent=161"}],"curies":[{"name":"wp","href":"https:\/\/api.w.org\/{rel}","templated":true}]}}