{"id":1612,"date":"2021-07-26T14:57:27","date_gmt":"2021-07-26T12:57:27","guid":{"rendered":"http:\/\/omega-bakery.com\/sk\/?post_type=product&#038;p=1612"},"modified":"2021-07-26T14:57:27","modified_gmt":"2021-07-26T12:57:27","slug":"senna-delikatess","status":"publish","type":"product","link":"https:\/\/omega-bakery.com\/sk\/produkt\/senna-delikatess\/","title":{"rendered":"SENNA Delikatess"},"content":{"rendered":"","protected":false},"excerpt":{"rendered":"<p>Balenie: 10 ks (4 x 2,5 kg alebo 10 x 1 kg)<\/p>\n<ul>\n<li>\u017eiadne prskanie pri vypr\u00e1\u017ean\u00ed na panvici<\/li>\n<li>dobr\u00fd objem n\u00e1\u0161\u013eahu<\/li>\n<li>dobr\u00e1 absorpcia tekut\u00edn<\/li>\n<li>s vitam\u00ednom A a D<\/li>\n<\/ul>\n<p> [&#8230;]<\/p>\n<p><a class=\"btn btn-secondary understrap-read-more-link\" href=\"https:\/\/omega-bakery.com\/sk\/produkt\/senna-delikatess\/\">Read More&#8230;<\/a><\/p>\n","protected":false},"featured_media":1613,"template":"","meta":[],"yoast_head":"<!-- This site is optimized with the Yoast SEO plugin v17.1 - https:\/\/yoast.com\/wordpress\/plugins\/seo\/ -->\n<title>SENNA Delikatess - Omega Bakery<\/title>\n<meta name=\"robots\" content=\"index, follow, max-snippet:-1, max-image-preview:large, max-video-preview:-1\" \/>\n<link rel=\"canonical\" href=\"https:\/\/omega-bakery.com\/sk\/produkt\/senna-delikatess\/\" \/>\n<meta property=\"og:locale\" content=\"sk_SK\" \/>\n<meta property=\"og:type\" content=\"article\" \/>\n<meta property=\"og:title\" content=\"SENNA Delikatess - Omega Bakery\" \/>\n<meta property=\"og:description\" content=\"Balenie: 10 ks (4 x 2,5 kg alebo 10 x 1 kg)   \u017eiadne prskanie pri vypr\u00e1\u017ean\u00ed na panvici  dobr\u00fd objem n\u00e1\u0161\u013eahu  dobr\u00e1 absorpcia tekut\u00edn  s vitam\u00ednom A a D  [...]Read More...\" \/>\n<meta property=\"og:url\" content=\"https:\/\/omega-bakery.com\/sk\/produkt\/senna-delikatess\/\" \/>\n<meta property=\"og:site_name\" content=\"Omega Bakery\" \/>\n<meta property=\"og:image\" content=\"http:\/\/omega-bakery.com\/sk\/wp-content\/uploads\/2021\/07\/1214201-SENNA-Delikatess-4x25kg.jpg\" \/>\n\t<meta property=\"og:image:width\" content=\"1726\" \/>\n\t<meta property=\"og:image:height\" content=\"1181\" \/>\n<meta name=\"twitter:card\" content=\"summary_large_image\" \/>\n<script type=\"application\/ld+json\" class=\"yoast-schema-graph\">{\"@context\":\"https:\/\/schema.org\",\"@graph\":[{\"@type\":\"WebSite\",\"@id\":\"https:\/\/omega-bakery.com\/sk\/#website\",\"url\":\"https:\/\/omega-bakery.com\/sk\/\",\"name\":\"Omega Bakery\",\"description\":\"Dodavatel stroj\\u016f a za\\u0159\\u00edzen\\u00ed pro pek\\u00e1rny\",\"potentialAction\":[{\"@type\":\"SearchAction\",\"target\":{\"@type\":\"EntryPoint\",\"urlTemplate\":\"https:\/\/omega-bakery.com\/sk\/?s={search_term_string}\"},\"query-input\":\"required name=search_term_string\"}],\"inLanguage\":\"sk-SK\"},{\"@type\":\"ImageObject\",\"@id\":\"https:\/\/omega-bakery.com\/sk\/produkt\/senna-delikatess\/#primaryimage\",\"inLanguage\":\"sk-SK\",\"url\":\"https:\/\/omega-bakery.com\/sk\/wp-content\/uploads\/2021\/07\/1214201-SENNA-Delikatess-4x25kg.jpg\",\"contentUrl\":\"https:\/\/omega-bakery.com\/sk\/wp-content\/uploads\/2021\/07\/1214201-SENNA-Delikatess-4x25kg.jpg\",\"width\":1726,\"height\":1181},{\"@type\":\"WebPage\",\"@id\":\"https:\/\/omega-bakery.com\/sk\/produkt\/senna-delikatess\/#webpage\",\"url\":\"https:\/\/omega-bakery.com\/sk\/produkt\/senna-delikatess\/\",\"name\":\"SENNA Delikatess - Omega Bakery\",\"isPartOf\":{\"@id\":\"https:\/\/omega-bakery.com\/sk\/#website\"},\"primaryImageOfPage\":{\"@id\":\"https:\/\/omega-bakery.com\/sk\/produkt\/senna-delikatess\/#primaryimage\"},\"datePublished\":\"2021-07-26T12:57:27+00:00\",\"dateModified\":\"2021-07-26T12:57:27+00:00\",\"breadcrumb\":{\"@id\":\"https:\/\/omega-bakery.com\/sk\/produkt\/senna-delikatess\/#breadcrumb\"},\"inLanguage\":\"sk-SK\",\"potentialAction\":[{\"@type\":\"ReadAction\",\"target\":[\"https:\/\/omega-bakery.com\/sk\/produkt\/senna-delikatess\/\"]}]},{\"@type\":\"BreadcrumbList\",\"@id\":\"https:\/\/omega-bakery.com\/sk\/produkt\/senna-delikatess\/#breadcrumb\",\"itemListElement\":[{\"@type\":\"ListItem\",\"position\":1,\"name\":\"Dom\\u016f\",\"item\":\"https:\/\/omega-bakery.com\/sk\/\"},{\"@type\":\"ListItem\",\"position\":2,\"name\":\"Stroje a zariadenia\",\"item\":\"https:\/\/omega-bakery.com\/sk\/stroje-a-zariadenia\/\"},{\"@type\":\"ListItem\",\"position\":3,\"name\":\"Suroviny\",\"item\":\"https:\/\/omega-bakery.com\/sk\/stroje-a-zarizeni\/suroviny\/\"},{\"@type\":\"ListItem\",\"position\":4,\"name\":\"Margar\\u00edny, tuky a oleje\",\"item\":\"https:\/\/omega-bakery.com\/sk\/stroje-a-zarizeni\/suroviny\/margariny-tuky-a-oleje\/\"},{\"@type\":\"ListItem\",\"position\":5,\"name\":\"Margar\\u00edny\",\"item\":\"https:\/\/omega-bakery.com\/sk\/stroje-a-zarizeni\/suroviny\/margariny-tuky-a-oleje\/margariny\/\"},{\"@type\":\"ListItem\",\"position\":6,\"name\":\"stoln\\u00fd\",\"item\":\"https:\/\/omega-bakery.com\/sk\/stroje-a-zarizeni\/suroviny\/margariny-tuky-a-oleje\/margariny\/stolny\/\"},{\"@type\":\"ListItem\",\"position\":7,\"name\":\"SENNA Delikatess\"}]}]}<\/script>\n<!-- \/ Yoast SEO plugin. -->","yoast_head_json":{"title":"SENNA Delikatess - Omega Bakery","robots":{"index":"index","follow":"follow","max-snippet":"max-snippet:-1","max-image-preview":"max-image-preview:large","max-video-preview":"max-video-preview:-1"},"canonical":"https:\/\/omega-bakery.com\/sk\/produkt\/senna-delikatess\/","og_locale":"sk_SK","og_type":"article","og_title":"SENNA Delikatess - Omega Bakery","og_description":"Balenie: 10 ks (4 x 2,5 kg alebo 10 x 1 kg)   \u017eiadne prskanie pri vypr\u00e1\u017ean\u00ed na panvici  dobr\u00fd objem n\u00e1\u0161\u013eahu  dobr\u00e1 absorpcia tekut\u00edn  s vitam\u00ednom A a D  [...]Read More...","og_url":"https:\/\/omega-bakery.com\/sk\/produkt\/senna-delikatess\/","og_site_name":"Omega Bakery","og_image":[{"width":1726,"height":1181,"url":"http:\/\/omega-bakery.com\/sk\/wp-content\/uploads\/2021\/07\/1214201-SENNA-Delikatess-4x25kg.jpg","path":"\/data\/web\/virtuals\/278194\/virtual\/www\/domains\/omega-bakery.com\/sk\/wp-content\/uploads\/2021\/07\/1214201-SENNA-Delikatess-4x25kg.jpg","size":"full","id":1613,"alt":"","pixels":2038406,"type":"image\/jpeg"}],"twitter_card":"summary_large_image","schema":{"@context":"https:\/\/schema.org","@graph":[{"@type":"WebSite","@id":"https:\/\/omega-bakery.com\/sk\/#website","url":"https:\/\/omega-bakery.com\/sk\/","name":"Omega Bakery","description":"Dodavatel stroj\u016f a za\u0159\u00edzen\u00ed pro pek\u00e1rny","potentialAction":[{"@type":"SearchAction","target":{"@type":"EntryPoint","urlTemplate":"https:\/\/omega-bakery.com\/sk\/?s={search_term_string}"},"query-input":"required name=search_term_string"}],"inLanguage":"sk-SK"},{"@type":"ImageObject","@id":"https:\/\/omega-bakery.com\/sk\/produkt\/senna-delikatess\/#primaryimage","inLanguage":"sk-SK","url":"https:\/\/omega-bakery.com\/sk\/wp-content\/uploads\/2021\/07\/1214201-SENNA-Delikatess-4x25kg.jpg","contentUrl":"https:\/\/omega-bakery.com\/sk\/wp-content\/uploads\/2021\/07\/1214201-SENNA-Delikatess-4x25kg.jpg","width":1726,"height":1181},{"@type":"WebPage","@id":"https:\/\/omega-bakery.com\/sk\/produkt\/senna-delikatess\/#webpage","url":"https:\/\/omega-bakery.com\/sk\/produkt\/senna-delikatess\/","name":"SENNA Delikatess - Omega Bakery","isPartOf":{"@id":"https:\/\/omega-bakery.com\/sk\/#website"},"primaryImageOfPage":{"@id":"https:\/\/omega-bakery.com\/sk\/produkt\/senna-delikatess\/#primaryimage"},"datePublished":"2021-07-26T12:57:27+00:00","dateModified":"2021-07-26T12:57:27+00:00","breadcrumb":{"@id":"https:\/\/omega-bakery.com\/sk\/produkt\/senna-delikatess\/#breadcrumb"},"inLanguage":"sk-SK","potentialAction":[{"@type":"ReadAction","target":["https:\/\/omega-bakery.com\/sk\/produkt\/senna-delikatess\/"]}]},{"@type":"BreadcrumbList","@id":"https:\/\/omega-bakery.com\/sk\/produkt\/senna-delikatess\/#breadcrumb","itemListElement":[{"@type":"ListItem","position":1,"name":"Dom\u016f","item":"https:\/\/omega-bakery.com\/sk\/"},{"@type":"ListItem","position":2,"name":"Stroje a zariadenia","item":"https:\/\/omega-bakery.com\/sk\/stroje-a-zariadenia\/"},{"@type":"ListItem","position":3,"name":"Suroviny","item":"https:\/\/omega-bakery.com\/sk\/stroje-a-zarizeni\/suroviny\/"},{"@type":"ListItem","position":4,"name":"Margar\u00edny, tuky a oleje","item":"https:\/\/omega-bakery.com\/sk\/stroje-a-zarizeni\/suroviny\/margariny-tuky-a-oleje\/"},{"@type":"ListItem","position":5,"name":"Margar\u00edny","item":"https:\/\/omega-bakery.com\/sk\/stroje-a-zarizeni\/suroviny\/margariny-tuky-a-oleje\/margariny\/"},{"@type":"ListItem","position":6,"name":"stoln\u00fd","item":"https:\/\/omega-bakery.com\/sk\/stroje-a-zarizeni\/suroviny\/margariny-tuky-a-oleje\/margariny\/stolny\/"},{"@type":"ListItem","position":7,"name":"SENNA Delikatess"}]}]}},"_links":{"self":[{"href":"https:\/\/omega-bakery.com\/sk\/wp-json\/wp\/v2\/product\/1612"}],"collection":[{"href":"https:\/\/omega-bakery.com\/sk\/wp-json\/wp\/v2\/product"}],"about":[{"href":"https:\/\/omega-bakery.com\/sk\/wp-json\/wp\/v2\/types\/product"}],"wp:featuredmedia":[{"embeddable":true,"href":"https:\/\/omega-bakery.com\/sk\/wp-json\/wp\/v2\/media\/1613"}],"wp:attachment":[{"href":"https:\/\/omega-bakery.com\/sk\/wp-json\/wp\/v2\/media?parent=1612"}],"curies":[{"name":"wp","href":"https:\/\/api.w.org\/{rel}","templated":true}]}}