{"id":1628,"date":"2021-07-27T09:02:31","date_gmt":"2021-07-27T07:02:31","guid":{"rendered":"http:\/\/omega-bakery.com\/sk\/?post_type=product&#038;p=1628"},"modified":"2021-07-27T09:02:32","modified_gmt":"2021-07-27T07:02:32","slug":"senna-delikatess-volumenplatte","status":"publish","type":"product","link":"https:\/\/omega-bakery.com\/sk\/produkt\/senna-delikatess-volumenplatte\/","title":{"rendered":"SENNA Delikatess Volumenplatte"},"content":{"rendered":"","protected":false},"excerpt":{"rendered":"<p>Balenie: 10 kg (5 x 2 kg)<\/p>\n<ul>\n<li>optim\u00e1lna stabilita pri kysnut\u00ed<\/li>\n<li>vynikaj\u00faca tv\u00e1rnos\u0165<\/li>\n<li>jednoduch\u00e9 a r\u00fdchle spracovanie<\/li>\n<li>pre l\u00edstkov\u00e9, p\u013eundrov\u00e9 a croissantov\u00e9 cesto<\/li>\n<\/ul>\n<p>&nbsp; [&#8230;]<\/p>\n<p><a class=\"btn btn-secondary understrap-read-more-link\" href=\"https:\/\/omega-bakery.com\/sk\/produkt\/senna-delikatess-volumenplatte\/\">Read More&#8230;<\/a><\/p>\n","protected":false},"featured_media":1629,"template":"","meta":[],"yoast_head":"<!-- This site is optimized with the Yoast SEO plugin v17.1 - https:\/\/yoast.com\/wordpress\/plugins\/seo\/ -->\n<title>SENNA Delikatess Volumenplatte - Omega Bakery<\/title>\n<meta name=\"robots\" content=\"index, follow, max-snippet:-1, max-image-preview:large, max-video-preview:-1\" \/>\n<link rel=\"canonical\" href=\"https:\/\/omega-bakery.com\/sk\/produkt\/senna-delikatess-volumenplatte\/\" \/>\n<meta property=\"og:locale\" content=\"sk_SK\" \/>\n<meta property=\"og:type\" content=\"article\" \/>\n<meta property=\"og:title\" content=\"SENNA Delikatess Volumenplatte - Omega Bakery\" \/>\n<meta property=\"og:description\" content=\"Balenie: 10 kg (5 x 2 kg)   optim\u00e1lna stabilita pri kysnut\u00ed  vynikaj\u00faca tv\u00e1rnos\u0165  jednoduch\u00e9 a r\u00fdchle spracovanie  pre l\u00edstkov\u00e9, p\u013eundrov\u00e9 a croissantov\u00e9 cesto  &nbsp; [...]Read More...\" \/>\n<meta property=\"og:url\" content=\"https:\/\/omega-bakery.com\/sk\/produkt\/senna-delikatess-volumenplatte\/\" \/>\n<meta property=\"og:site_name\" content=\"Omega Bakery\" \/>\n<meta property=\"article:modified_time\" content=\"2021-07-27T07:02:32+00:00\" \/>\n<meta property=\"og:image\" content=\"http:\/\/omega-bakery.com\/sk\/wp-content\/uploads\/2021\/07\/1413320-SENNA-Delikatess-Volumenplatte.jpg\" \/>\n\t<meta property=\"og:image:width\" content=\"277\" \/>\n\t<meta property=\"og:image:height\" content=\"200\" \/>\n<meta name=\"twitter:card\" content=\"summary_large_image\" \/>\n<script type=\"application\/ld+json\" class=\"yoast-schema-graph\">{\"@context\":\"https:\/\/schema.org\",\"@graph\":[{\"@type\":\"WebSite\",\"@id\":\"https:\/\/omega-bakery.com\/sk\/#website\",\"url\":\"https:\/\/omega-bakery.com\/sk\/\",\"name\":\"Omega Bakery\",\"description\":\"Dodavatel stroj\\u016f a za\\u0159\\u00edzen\\u00ed pro pek\\u00e1rny\",\"potentialAction\":[{\"@type\":\"SearchAction\",\"target\":{\"@type\":\"EntryPoint\",\"urlTemplate\":\"https:\/\/omega-bakery.com\/sk\/?s={search_term_string}\"},\"query-input\":\"required name=search_term_string\"}],\"inLanguage\":\"sk-SK\"},{\"@type\":\"ImageObject\",\"@id\":\"https:\/\/omega-bakery.com\/sk\/produkt\/senna-delikatess-volumenplatte\/#primaryimage\",\"inLanguage\":\"sk-SK\",\"url\":\"https:\/\/omega-bakery.com\/sk\/wp-content\/uploads\/2021\/07\/1413320-SENNA-Delikatess-Volumenplatte.jpg\",\"contentUrl\":\"https:\/\/omega-bakery.com\/sk\/wp-content\/uploads\/2021\/07\/1413320-SENNA-Delikatess-Volumenplatte.jpg\",\"width\":277,\"height\":200},{\"@type\":\"WebPage\",\"@id\":\"https:\/\/omega-bakery.com\/sk\/produkt\/senna-delikatess-volumenplatte\/#webpage\",\"url\":\"https:\/\/omega-bakery.com\/sk\/produkt\/senna-delikatess-volumenplatte\/\",\"name\":\"SENNA Delikatess Volumenplatte - Omega Bakery\",\"isPartOf\":{\"@id\":\"https:\/\/omega-bakery.com\/sk\/#website\"},\"primaryImageOfPage\":{\"@id\":\"https:\/\/omega-bakery.com\/sk\/produkt\/senna-delikatess-volumenplatte\/#primaryimage\"},\"datePublished\":\"2021-07-27T07:02:31+00:00\",\"dateModified\":\"2021-07-27T07:02:32+00:00\",\"breadcrumb\":{\"@id\":\"https:\/\/omega-bakery.com\/sk\/produkt\/senna-delikatess-volumenplatte\/#breadcrumb\"},\"inLanguage\":\"sk-SK\",\"potentialAction\":[{\"@type\":\"ReadAction\",\"target\":[\"https:\/\/omega-bakery.com\/sk\/produkt\/senna-delikatess-volumenplatte\/\"]}]},{\"@type\":\"BreadcrumbList\",\"@id\":\"https:\/\/omega-bakery.com\/sk\/produkt\/senna-delikatess-volumenplatte\/#breadcrumb\",\"itemListElement\":[{\"@type\":\"ListItem\",\"position\":1,\"name\":\"Dom\\u016f\",\"item\":\"https:\/\/omega-bakery.com\/sk\/\"},{\"@type\":\"ListItem\",\"position\":2,\"name\":\"Stroje a zariadenia\",\"item\":\"https:\/\/omega-bakery.com\/sk\/stroje-a-zariadenia\/\"},{\"@type\":\"ListItem\",\"position\":3,\"name\":\"Suroviny\",\"item\":\"https:\/\/omega-bakery.com\/sk\/stroje-a-zarizeni\/suroviny\/\"},{\"@type\":\"ListItem\",\"position\":4,\"name\":\"Margar\\u00edny, tuky a oleje\",\"item\":\"https:\/\/omega-bakery.com\/sk\/stroje-a-zarizeni\/suroviny\/margariny-tuky-a-oleje\/\"},{\"@type\":\"ListItem\",\"position\":5,\"name\":\"Margar\\u00edny\",\"item\":\"https:\/\/omega-bakery.com\/sk\/stroje-a-zarizeni\/suroviny\/margariny-tuky-a-oleje\/margariny\/\"},{\"@type\":\"ListItem\",\"position\":6,\"name\":\"\\u0165a\\u017en\\u00fd\",\"item\":\"https:\/\/omega-bakery.com\/sk\/stroje-a-zarizeni\/suroviny\/margariny-tuky-a-oleje\/margariny\/tazny\/\"},{\"@type\":\"ListItem\",\"position\":7,\"name\":\"SENNA Delikatess Volumenplatte\"}]}]}<\/script>\n<!-- \/ Yoast SEO plugin. -->","yoast_head_json":{"title":"SENNA Delikatess Volumenplatte - Omega Bakery","robots":{"index":"index","follow":"follow","max-snippet":"max-snippet:-1","max-image-preview":"max-image-preview:large","max-video-preview":"max-video-preview:-1"},"canonical":"https:\/\/omega-bakery.com\/sk\/produkt\/senna-delikatess-volumenplatte\/","og_locale":"sk_SK","og_type":"article","og_title":"SENNA Delikatess Volumenplatte - Omega Bakery","og_description":"Balenie: 10 kg (5 x 2 kg)   optim\u00e1lna stabilita pri kysnut\u00ed  vynikaj\u00faca tv\u00e1rnos\u0165  jednoduch\u00e9 a r\u00fdchle spracovanie  pre l\u00edstkov\u00e9, p\u013eundrov\u00e9 a croissantov\u00e9 cesto  &nbsp; [...]Read More...","og_url":"https:\/\/omega-bakery.com\/sk\/produkt\/senna-delikatess-volumenplatte\/","og_site_name":"Omega Bakery","article_modified_time":"2021-07-27T07:02:32+00:00","og_image":[{"width":277,"height":200,"url":"http:\/\/omega-bakery.com\/sk\/wp-content\/uploads\/2021\/07\/1413320-SENNA-Delikatess-Volumenplatte.jpg","path":"\/data\/web\/virtuals\/278194\/virtual\/www\/domains\/omega-bakery.com\/sk\/wp-content\/uploads\/2021\/07\/1413320-SENNA-Delikatess-Volumenplatte.jpg","size":"full","id":1629,"alt":"","pixels":55400,"type":"image\/jpeg"}],"twitter_card":"summary_large_image","schema":{"@context":"https:\/\/schema.org","@graph":[{"@type":"WebSite","@id":"https:\/\/omega-bakery.com\/sk\/#website","url":"https:\/\/omega-bakery.com\/sk\/","name":"Omega Bakery","description":"Dodavatel stroj\u016f a za\u0159\u00edzen\u00ed pro pek\u00e1rny","potentialAction":[{"@type":"SearchAction","target":{"@type":"EntryPoint","urlTemplate":"https:\/\/omega-bakery.com\/sk\/?s={search_term_string}"},"query-input":"required name=search_term_string"}],"inLanguage":"sk-SK"},{"@type":"ImageObject","@id":"https:\/\/omega-bakery.com\/sk\/produkt\/senna-delikatess-volumenplatte\/#primaryimage","inLanguage":"sk-SK","url":"https:\/\/omega-bakery.com\/sk\/wp-content\/uploads\/2021\/07\/1413320-SENNA-Delikatess-Volumenplatte.jpg","contentUrl":"https:\/\/omega-bakery.com\/sk\/wp-content\/uploads\/2021\/07\/1413320-SENNA-Delikatess-Volumenplatte.jpg","width":277,"height":200},{"@type":"WebPage","@id":"https:\/\/omega-bakery.com\/sk\/produkt\/senna-delikatess-volumenplatte\/#webpage","url":"https:\/\/omega-bakery.com\/sk\/produkt\/senna-delikatess-volumenplatte\/","name":"SENNA Delikatess Volumenplatte - Omega Bakery","isPartOf":{"@id":"https:\/\/omega-bakery.com\/sk\/#website"},"primaryImageOfPage":{"@id":"https:\/\/omega-bakery.com\/sk\/produkt\/senna-delikatess-volumenplatte\/#primaryimage"},"datePublished":"2021-07-27T07:02:31+00:00","dateModified":"2021-07-27T07:02:32+00:00","breadcrumb":{"@id":"https:\/\/omega-bakery.com\/sk\/produkt\/senna-delikatess-volumenplatte\/#breadcrumb"},"inLanguage":"sk-SK","potentialAction":[{"@type":"ReadAction","target":["https:\/\/omega-bakery.com\/sk\/produkt\/senna-delikatess-volumenplatte\/"]}]},{"@type":"BreadcrumbList","@id":"https:\/\/omega-bakery.com\/sk\/produkt\/senna-delikatess-volumenplatte\/#breadcrumb","itemListElement":[{"@type":"ListItem","position":1,"name":"Dom\u016f","item":"https:\/\/omega-bakery.com\/sk\/"},{"@type":"ListItem","position":2,"name":"Stroje a zariadenia","item":"https:\/\/omega-bakery.com\/sk\/stroje-a-zariadenia\/"},{"@type":"ListItem","position":3,"name":"Suroviny","item":"https:\/\/omega-bakery.com\/sk\/stroje-a-zarizeni\/suroviny\/"},{"@type":"ListItem","position":4,"name":"Margar\u00edny, tuky a oleje","item":"https:\/\/omega-bakery.com\/sk\/stroje-a-zarizeni\/suroviny\/margariny-tuky-a-oleje\/"},{"@type":"ListItem","position":5,"name":"Margar\u00edny","item":"https:\/\/omega-bakery.com\/sk\/stroje-a-zarizeni\/suroviny\/margariny-tuky-a-oleje\/margariny\/"},{"@type":"ListItem","position":6,"name":"\u0165a\u017en\u00fd","item":"https:\/\/omega-bakery.com\/sk\/stroje-a-zarizeni\/suroviny\/margariny-tuky-a-oleje\/margariny\/tazny\/"},{"@type":"ListItem","position":7,"name":"SENNA Delikatess Volumenplatte"}]}]}},"_links":{"self":[{"href":"https:\/\/omega-bakery.com\/sk\/wp-json\/wp\/v2\/product\/1628"}],"collection":[{"href":"https:\/\/omega-bakery.com\/sk\/wp-json\/wp\/v2\/product"}],"about":[{"href":"https:\/\/omega-bakery.com\/sk\/wp-json\/wp\/v2\/types\/product"}],"wp:featuredmedia":[{"embeddable":true,"href":"https:\/\/omega-bakery.com\/sk\/wp-json\/wp\/v2\/media\/1629"}],"wp:attachment":[{"href":"https:\/\/omega-bakery.com\/sk\/wp-json\/wp\/v2\/media?parent=1628"}],"curies":[{"name":"wp","href":"https:\/\/api.w.org\/{rel}","templated":true}]}}