{"id":1640,"date":"2021-07-27T09:29:48","date_gmt":"2021-07-27T07:29:48","guid":{"rendered":"http:\/\/omega-bakery.com\/sk\/?post_type=product&#038;p=1640"},"modified":"2021-07-27T09:29:49","modified_gmt":"2021-07-27T07:29:49","slug":"senna-wiener-creme","status":"publish","type":"product","link":"https:\/\/omega-bakery.com\/sk\/produkt\/senna-wiener-creme\/","title":{"rendered":"SENNA Wiener Creme"},"content":{"rendered":"","protected":false},"excerpt":{"rendered":"<p>Balenie: 10 kg (4 x 2,5 kg)<\/p>\n<ul>\n<li>do jemn\u00fdch kr\u00e9mov a \u013eahk\u00fdch krehk\u00fdch m\u00e1s<\/li>\n<li>dobr\u00e1 viazanos\u0165 tekut\u00edn<\/li>\n<li>dobr\u00e1 stabilita a pevnos\u0165 pri reze<\/li>\n<\/ul>\n<p>&nbsp; [&#8230;]<\/p>\n<p><a class=\"btn btn-secondary understrap-read-more-link\" href=\"https:\/\/omega-bakery.com\/sk\/produkt\/senna-wiener-creme\/\">Read More&#8230;<\/a><\/p>\n","protected":false},"featured_media":1641,"template":"","meta":[],"yoast_head":"<!-- This site is optimized with the Yoast SEO plugin v17.1 - https:\/\/yoast.com\/wordpress\/plugins\/seo\/ -->\n<title>SENNA Wiener Creme - Omega Bakery<\/title>\n<meta name=\"robots\" content=\"index, follow, max-snippet:-1, max-image-preview:large, max-video-preview:-1\" \/>\n<link rel=\"canonical\" href=\"https:\/\/omega-bakery.com\/sk\/produkt\/senna-wiener-creme\/\" \/>\n<meta property=\"og:locale\" content=\"sk_SK\" \/>\n<meta property=\"og:type\" content=\"article\" \/>\n<meta property=\"og:title\" content=\"SENNA Wiener Creme - Omega Bakery\" \/>\n<meta property=\"og:description\" content=\"Balenie: 10 kg (4 x 2,5 kg)   do jemn\u00fdch kr\u00e9mov a \u013eahk\u00fdch krehk\u00fdch m\u00e1s  dobr\u00e1 viazanos\u0165 tekut\u00edn  dobr\u00e1 stabilita a pevnos\u0165 pri reze  &nbsp; [...]Read More...\" \/>\n<meta property=\"og:url\" content=\"https:\/\/omega-bakery.com\/sk\/produkt\/senna-wiener-creme\/\" \/>\n<meta property=\"og:site_name\" content=\"Omega Bakery\" \/>\n<meta property=\"article:modified_time\" content=\"2021-07-27T07:29:49+00:00\" \/>\n<meta property=\"og:image\" content=\"http:\/\/omega-bakery.com\/sk\/wp-content\/uploads\/2021\/07\/Wiener-creme.jpg\" \/>\n\t<meta property=\"og:image:width\" content=\"189\" \/>\n\t<meta property=\"og:image:height\" content=\"200\" \/>\n<meta name=\"twitter:card\" content=\"summary_large_image\" \/>\n<script type=\"application\/ld+json\" class=\"yoast-schema-graph\">{\"@context\":\"https:\/\/schema.org\",\"@graph\":[{\"@type\":\"WebSite\",\"@id\":\"https:\/\/omega-bakery.com\/sk\/#website\",\"url\":\"https:\/\/omega-bakery.com\/sk\/\",\"name\":\"Omega Bakery\",\"description\":\"Dodavatel stroj\\u016f a za\\u0159\\u00edzen\\u00ed pro pek\\u00e1rny\",\"potentialAction\":[{\"@type\":\"SearchAction\",\"target\":{\"@type\":\"EntryPoint\",\"urlTemplate\":\"https:\/\/omega-bakery.com\/sk\/?s={search_term_string}\"},\"query-input\":\"required name=search_term_string\"}],\"inLanguage\":\"sk-SK\"},{\"@type\":\"ImageObject\",\"@id\":\"https:\/\/omega-bakery.com\/sk\/produkt\/senna-wiener-creme\/#primaryimage\",\"inLanguage\":\"sk-SK\",\"url\":\"https:\/\/omega-bakery.com\/sk\/wp-content\/uploads\/2021\/07\/Wiener-creme.jpg\",\"contentUrl\":\"https:\/\/omega-bakery.com\/sk\/wp-content\/uploads\/2021\/07\/Wiener-creme.jpg\",\"width\":189,\"height\":200},{\"@type\":\"WebPage\",\"@id\":\"https:\/\/omega-bakery.com\/sk\/produkt\/senna-wiener-creme\/#webpage\",\"url\":\"https:\/\/omega-bakery.com\/sk\/produkt\/senna-wiener-creme\/\",\"name\":\"SENNA Wiener Creme - Omega Bakery\",\"isPartOf\":{\"@id\":\"https:\/\/omega-bakery.com\/sk\/#website\"},\"primaryImageOfPage\":{\"@id\":\"https:\/\/omega-bakery.com\/sk\/produkt\/senna-wiener-creme\/#primaryimage\"},\"datePublished\":\"2021-07-27T07:29:48+00:00\",\"dateModified\":\"2021-07-27T07:29:49+00:00\",\"breadcrumb\":{\"@id\":\"https:\/\/omega-bakery.com\/sk\/produkt\/senna-wiener-creme\/#breadcrumb\"},\"inLanguage\":\"sk-SK\",\"potentialAction\":[{\"@type\":\"ReadAction\",\"target\":[\"https:\/\/omega-bakery.com\/sk\/produkt\/senna-wiener-creme\/\"]}]},{\"@type\":\"BreadcrumbList\",\"@id\":\"https:\/\/omega-bakery.com\/sk\/produkt\/senna-wiener-creme\/#breadcrumb\",\"itemListElement\":[{\"@type\":\"ListItem\",\"position\":1,\"name\":\"Dom\\u016f\",\"item\":\"https:\/\/omega-bakery.com\/sk\/\"},{\"@type\":\"ListItem\",\"position\":2,\"name\":\"Stroje a zariadenia\",\"item\":\"https:\/\/omega-bakery.com\/sk\/stroje-a-zariadenia\/\"},{\"@type\":\"ListItem\",\"position\":3,\"name\":\"Suroviny\",\"item\":\"https:\/\/omega-bakery.com\/sk\/stroje-a-zarizeni\/suroviny\/\"},{\"@type\":\"ListItem\",\"position\":4,\"name\":\"Margar\\u00edny, tuky a oleje\",\"item\":\"https:\/\/omega-bakery.com\/sk\/stroje-a-zarizeni\/suroviny\/margariny-tuky-a-oleje\/\"},{\"@type\":\"ListItem\",\"position\":5,\"name\":\"Margar\\u00edny\",\"item\":\"https:\/\/omega-bakery.com\/sk\/stroje-a-zarizeni\/suroviny\/margariny-tuky-a-oleje\/margariny\/\"},{\"@type\":\"ListItem\",\"position\":6,\"name\":\"kr\\u00e9mov\\u00fd\",\"item\":\"https:\/\/omega-bakery.com\/sk\/stroje-a-zarizeni\/suroviny\/margariny-tuky-a-oleje\/margariny\/kremovy\/\"},{\"@type\":\"ListItem\",\"position\":7,\"name\":\"SENNA Wiener Creme\"}]}]}<\/script>\n<!-- \/ Yoast SEO plugin. -->","yoast_head_json":{"title":"SENNA Wiener Creme - Omega Bakery","robots":{"index":"index","follow":"follow","max-snippet":"max-snippet:-1","max-image-preview":"max-image-preview:large","max-video-preview":"max-video-preview:-1"},"canonical":"https:\/\/omega-bakery.com\/sk\/produkt\/senna-wiener-creme\/","og_locale":"sk_SK","og_type":"article","og_title":"SENNA Wiener Creme - Omega Bakery","og_description":"Balenie: 10 kg (4 x 2,5 kg)   do jemn\u00fdch kr\u00e9mov a \u013eahk\u00fdch krehk\u00fdch m\u00e1s  dobr\u00e1 viazanos\u0165 tekut\u00edn  dobr\u00e1 stabilita a pevnos\u0165 pri reze  &nbsp; [...]Read More...","og_url":"https:\/\/omega-bakery.com\/sk\/produkt\/senna-wiener-creme\/","og_site_name":"Omega Bakery","article_modified_time":"2021-07-27T07:29:49+00:00","og_image":[{"width":189,"height":200,"url":"http:\/\/omega-bakery.com\/sk\/wp-content\/uploads\/2021\/07\/Wiener-creme.jpg","path":"\/data\/web\/virtuals\/278194\/virtual\/www\/domains\/omega-bakery.com\/sk\/wp-content\/uploads\/2021\/07\/Wiener-creme.jpg","size":"full","id":1641,"alt":"","pixels":37800,"type":"image\/jpeg"}],"twitter_card":"summary_large_image","schema":{"@context":"https:\/\/schema.org","@graph":[{"@type":"WebSite","@id":"https:\/\/omega-bakery.com\/sk\/#website","url":"https:\/\/omega-bakery.com\/sk\/","name":"Omega Bakery","description":"Dodavatel stroj\u016f a za\u0159\u00edzen\u00ed pro pek\u00e1rny","potentialAction":[{"@type":"SearchAction","target":{"@type":"EntryPoint","urlTemplate":"https:\/\/omega-bakery.com\/sk\/?s={search_term_string}"},"query-input":"required name=search_term_string"}],"inLanguage":"sk-SK"},{"@type":"ImageObject","@id":"https:\/\/omega-bakery.com\/sk\/produkt\/senna-wiener-creme\/#primaryimage","inLanguage":"sk-SK","url":"https:\/\/omega-bakery.com\/sk\/wp-content\/uploads\/2021\/07\/Wiener-creme.jpg","contentUrl":"https:\/\/omega-bakery.com\/sk\/wp-content\/uploads\/2021\/07\/Wiener-creme.jpg","width":189,"height":200},{"@type":"WebPage","@id":"https:\/\/omega-bakery.com\/sk\/produkt\/senna-wiener-creme\/#webpage","url":"https:\/\/omega-bakery.com\/sk\/produkt\/senna-wiener-creme\/","name":"SENNA Wiener Creme - Omega Bakery","isPartOf":{"@id":"https:\/\/omega-bakery.com\/sk\/#website"},"primaryImageOfPage":{"@id":"https:\/\/omega-bakery.com\/sk\/produkt\/senna-wiener-creme\/#primaryimage"},"datePublished":"2021-07-27T07:29:48+00:00","dateModified":"2021-07-27T07:29:49+00:00","breadcrumb":{"@id":"https:\/\/omega-bakery.com\/sk\/produkt\/senna-wiener-creme\/#breadcrumb"},"inLanguage":"sk-SK","potentialAction":[{"@type":"ReadAction","target":["https:\/\/omega-bakery.com\/sk\/produkt\/senna-wiener-creme\/"]}]},{"@type":"BreadcrumbList","@id":"https:\/\/omega-bakery.com\/sk\/produkt\/senna-wiener-creme\/#breadcrumb","itemListElement":[{"@type":"ListItem","position":1,"name":"Dom\u016f","item":"https:\/\/omega-bakery.com\/sk\/"},{"@type":"ListItem","position":2,"name":"Stroje a zariadenia","item":"https:\/\/omega-bakery.com\/sk\/stroje-a-zariadenia\/"},{"@type":"ListItem","position":3,"name":"Suroviny","item":"https:\/\/omega-bakery.com\/sk\/stroje-a-zarizeni\/suroviny\/"},{"@type":"ListItem","position":4,"name":"Margar\u00edny, tuky a oleje","item":"https:\/\/omega-bakery.com\/sk\/stroje-a-zarizeni\/suroviny\/margariny-tuky-a-oleje\/"},{"@type":"ListItem","position":5,"name":"Margar\u00edny","item":"https:\/\/omega-bakery.com\/sk\/stroje-a-zarizeni\/suroviny\/margariny-tuky-a-oleje\/margariny\/"},{"@type":"ListItem","position":6,"name":"kr\u00e9mov\u00fd","item":"https:\/\/omega-bakery.com\/sk\/stroje-a-zarizeni\/suroviny\/margariny-tuky-a-oleje\/margariny\/kremovy\/"},{"@type":"ListItem","position":7,"name":"SENNA Wiener Creme"}]}]}},"_links":{"self":[{"href":"https:\/\/omega-bakery.com\/sk\/wp-json\/wp\/v2\/product\/1640"}],"collection":[{"href":"https:\/\/omega-bakery.com\/sk\/wp-json\/wp\/v2\/product"}],"about":[{"href":"https:\/\/omega-bakery.com\/sk\/wp-json\/wp\/v2\/types\/product"}],"wp:featuredmedia":[{"embeddable":true,"href":"https:\/\/omega-bakery.com\/sk\/wp-json\/wp\/v2\/media\/1641"}],"wp:attachment":[{"href":"https:\/\/omega-bakery.com\/sk\/wp-json\/wp\/v2\/media?parent=1640"}],"curies":[{"name":"wp","href":"https:\/\/api.w.org\/{rel}","templated":true}]}}