{"id":165,"date":"2021-04-22T20:48:17","date_gmt":"2021-04-22T18:48:17","guid":{"rendered":"http:\/\/omega-bakery.com\/sk\/?post_type=product&#038;p=165"},"modified":"2023-11-16T11:39:38","modified_gmt":"2023-11-16T09:39:38","slug":"daub-robocut-s","status":"publish","type":"product","link":"https:\/\/omega-bakery.com\/sk\/produkt\/daub-robocut-s\/","title":{"rendered":"Daub ROBOCUT  S"},"content":{"rendered":"","protected":false},"excerpt":{"rendered":"<p>Hydraulick\u00e1 deli\u010dka cesta.<\/p>\n<p><strong>Hlavn\u00e9 znaky<\/strong><\/p>\n<ul>\n<li>\u0161tvorcov\u00e1 potefl\u00f3novan\u00e1 deliaca hlava<\/li>\n<li>nerezov\u00e9 no\u017ee<\/li>\n<li>\u013eahk\u00e1 \u00fadr\u017eba<\/li>\n<li>mobiln\u00ed a stabiln\u00e1<\/li>\n<\/ul>\n<p><strong>Volite\u013en\u00e9 prevedenie:<\/strong><\/p>\n<ul>\n<li>poloautomatick\u00e9<\/li>\n<li>automatick\u00e9<\/li>\n<li>variomatic<\/li>\n<\/ul>\n<div><strong>Rozmedzie hmotnosti klonkov: <\/strong>120 &#8211; 3340 g pod\u013ea typu deliacej hlavy<\/div>\n<div><strong>Pr\u00edkon:<\/strong> \u00a0 1,6 kW<\/div>\n<div><strong>Rozmery (\u0161 x hl x v):<\/strong>\u00a0 \u00a0540 x 660 x 1080 mm<\/div>\n<div><strong>Hmotnos\u0165: \u00a0 <\/strong>295 kg<\/div>\n<p>&nbsp;<\/p>\n<div>Viac inform\u00e1ci\u00ed o tejto deli\u010dke n\u00e1jdete v prilo\u017eenom let\u00e1ku <a href=\"http:\/\/omega-bakery.com\/sk\/wp-content\/uploads\/2021\/04\/Daub-Robocut-S-0823.pdf\" target=\"_blank\" rel=\"noopener\">TU<\/a><\/div>\n<div><a href=\"https:\/\/daub-bakery-machinery.s3.eu-west-2.amazonaws.com\/videos\/Daub+Robocut+(S)+(EN).mp4?_=1\" target=\"_blank\" rel=\"noopener\">Video k zhliadnutiu<\/a><\/div>\n<p> [&#8230;]<\/p>\n<p><a class=\"btn btn-secondary understrap-read-more-link\" href=\"https:\/\/omega-bakery.com\/sk\/produkt\/daub-robocut-s\/\">Read More&#8230;<\/a><\/p>\n","protected":false},"featured_media":153,"template":"","meta":[],"yoast_head":"<!-- This site is optimized with the Yoast SEO plugin v17.1 - https:\/\/yoast.com\/wordpress\/plugins\/seo\/ -->\n<title>Daub ROBOCUT S - Omega Bakery<\/title>\n<meta name=\"robots\" content=\"index, follow, max-snippet:-1, max-image-preview:large, max-video-preview:-1\" \/>\n<link rel=\"canonical\" href=\"https:\/\/omega-bakery.com\/sk\/produkt\/daub-robocut-s\/\" \/>\n<meta property=\"og:locale\" content=\"sk_SK\" \/>\n<meta property=\"og:type\" content=\"article\" \/>\n<meta property=\"og:title\" content=\"Daub ROBOCUT S - Omega Bakery\" \/>\n<meta property=\"og:description\" content=\"Hydraulick\u00e1 deli\u010dka cesta.  Hlavn\u00e9 znaky   \u0161tvorcov\u00e1 potefl\u00f3novan\u00e1 deliaca hlava  nerezov\u00e9 no\u017ee  \u013eahk\u00e1 \u00fadr\u017eba  mobiln\u00ed a stabiln\u00e1  Volite\u013en\u00e9 prevedenie:   poloautomatick\u00e9  automatick\u00e9  variomatic  Rozmedzie hmotnosti klonkov: 120 - 3340 g pod\u013ea typu deliacej hlavy Pr\u00edkon: \u00a0 1,6 kW Rozmery (\u0161 x hl x v):\u00a0 \u00a0540 x 660 x 1080 mm Hmotnos\u0165: \u00a0 295 kg &nbsp; Viac inform\u00e1ci\u00ed o tejto deli\u010dke n\u00e1jdete v prilo\u017eenom let\u00e1ku TU Video k zhliadnutiu [...]Read More...\" \/>\n<meta property=\"og:url\" content=\"https:\/\/omega-bakery.com\/sk\/produkt\/daub-robocut-s\/\" \/>\n<meta property=\"og:site_name\" content=\"Omega Bakery\" \/>\n<meta property=\"article:modified_time\" content=\"2023-11-16T09:39:38+00:00\" \/>\n<meta property=\"og:image\" content=\"http:\/\/omega-bakery.com\/sk\/wp-content\/uploads\/2021\/04\/Daub-ROBOCUT-S.png\" \/>\n\t<meta property=\"og:image:width\" content=\"533\" \/>\n\t<meta property=\"og:image:height\" content=\"700\" \/>\n<meta name=\"twitter:card\" content=\"summary_large_image\" \/>\n<script type=\"application\/ld+json\" class=\"yoast-schema-graph\">{\"@context\":\"https:\/\/schema.org\",\"@graph\":[{\"@type\":\"WebSite\",\"@id\":\"https:\/\/omega-bakery.com\/sk\/#website\",\"url\":\"https:\/\/omega-bakery.com\/sk\/\",\"name\":\"Omega Bakery\",\"description\":\"Dodavatel stroj\\u016f a za\\u0159\\u00edzen\\u00ed pro pek\\u00e1rny\",\"potentialAction\":[{\"@type\":\"SearchAction\",\"target\":{\"@type\":\"EntryPoint\",\"urlTemplate\":\"https:\/\/omega-bakery.com\/sk\/?s={search_term_string}\"},\"query-input\":\"required name=search_term_string\"}],\"inLanguage\":\"sk-SK\"},{\"@type\":\"ImageObject\",\"@id\":\"https:\/\/omega-bakery.com\/sk\/produkt\/daub-robocut-s\/#primaryimage\",\"inLanguage\":\"sk-SK\",\"url\":\"https:\/\/omega-bakery.com\/sk\/wp-content\/uploads\/2021\/04\/Daub-ROBOCUT-S.png\",\"contentUrl\":\"https:\/\/omega-bakery.com\/sk\/wp-content\/uploads\/2021\/04\/Daub-ROBOCUT-S.png\",\"width\":533,\"height\":700},{\"@type\":\"WebPage\",\"@id\":\"https:\/\/omega-bakery.com\/sk\/produkt\/daub-robocut-s\/#webpage\",\"url\":\"https:\/\/omega-bakery.com\/sk\/produkt\/daub-robocut-s\/\",\"name\":\"Daub ROBOCUT S - Omega Bakery\",\"isPartOf\":{\"@id\":\"https:\/\/omega-bakery.com\/sk\/#website\"},\"primaryImageOfPage\":{\"@id\":\"https:\/\/omega-bakery.com\/sk\/produkt\/daub-robocut-s\/#primaryimage\"},\"datePublished\":\"2021-04-22T18:48:17+00:00\",\"dateModified\":\"2023-11-16T09:39:38+00:00\",\"breadcrumb\":{\"@id\":\"https:\/\/omega-bakery.com\/sk\/produkt\/daub-robocut-s\/#breadcrumb\"},\"inLanguage\":\"sk-SK\",\"potentialAction\":[{\"@type\":\"ReadAction\",\"target\":[\"https:\/\/omega-bakery.com\/sk\/produkt\/daub-robocut-s\/\"]}]},{\"@type\":\"BreadcrumbList\",\"@id\":\"https:\/\/omega-bakery.com\/sk\/produkt\/daub-robocut-s\/#breadcrumb\",\"itemListElement\":[{\"@type\":\"ListItem\",\"position\":1,\"name\":\"Dom\\u016f\",\"item\":\"https:\/\/omega-bakery.com\/sk\/\"},{\"@type\":\"ListItem\",\"position\":2,\"name\":\"Stroje a zariadenia\",\"item\":\"https:\/\/omega-bakery.com\/sk\/stroje-a-zariadenia\/\"},{\"@type\":\"ListItem\",\"position\":3,\"name\":\"Deli\\u010dky\",\"item\":\"http:\/\/omega-bakery.com\/sk\/stroje-a-zarizeni\/delicky\/\"},{\"@type\":\"ListItem\",\"position\":4,\"name\":\"Hydraulick\\u00e9 deli\\u010dky\",\"item\":\"https:\/\/omega-bakery.com\/sk\/stroje-a-zarizeni\/delicky\/hydraulicke-delicky\/\"},{\"@type\":\"ListItem\",\"position\":5,\"name\":\"Hydraulick\\u00e9 deli\\u010dky bez zakru\\u017eovania\",\"item\":\"https:\/\/omega-bakery.com\/sk\/stroje-a-zarizeni\/delicky\/hydraulicke-delicky\/hydraulicke-delicky-bez-zakruzovania\/\"},{\"@type\":\"ListItem\",\"position\":6,\"name\":\"Daub ROBOCUT S\"}]}]}<\/script>\n<!-- \/ Yoast SEO plugin. -->","yoast_head_json":{"title":"Daub ROBOCUT S - Omega Bakery","robots":{"index":"index","follow":"follow","max-snippet":"max-snippet:-1","max-image-preview":"max-image-preview:large","max-video-preview":"max-video-preview:-1"},"canonical":"https:\/\/omega-bakery.com\/sk\/produkt\/daub-robocut-s\/","og_locale":"sk_SK","og_type":"article","og_title":"Daub ROBOCUT S - Omega Bakery","og_description":"Hydraulick\u00e1 deli\u010dka cesta.  Hlavn\u00e9 znaky   \u0161tvorcov\u00e1 potefl\u00f3novan\u00e1 deliaca hlava  nerezov\u00e9 no\u017ee  \u013eahk\u00e1 \u00fadr\u017eba  mobiln\u00ed a stabiln\u00e1  Volite\u013en\u00e9 prevedenie:   poloautomatick\u00e9  automatick\u00e9  variomatic  Rozmedzie hmotnosti klonkov: 120 - 3340 g pod\u013ea typu deliacej hlavy Pr\u00edkon: \u00a0 1,6 kW Rozmery (\u0161 x hl x v):\u00a0 \u00a0540 x 660 x 1080 mm Hmotnos\u0165: \u00a0 295 kg &nbsp; Viac inform\u00e1ci\u00ed o tejto deli\u010dke n\u00e1jdete v prilo\u017eenom let\u00e1ku TU Video k zhliadnutiu [...]Read More...","og_url":"https:\/\/omega-bakery.com\/sk\/produkt\/daub-robocut-s\/","og_site_name":"Omega Bakery","article_modified_time":"2023-11-16T09:39:38+00:00","og_image":[{"width":533,"height":700,"url":"http:\/\/omega-bakery.com\/sk\/wp-content\/uploads\/2021\/04\/Daub-ROBOCUT-S.png","path":"\/data\/web\/virtuals\/278194\/virtual\/www\/domains\/omega-bakery.com\/sk\/wp-content\/uploads\/2021\/04\/Daub-ROBOCUT-S.png","size":"full","id":153,"alt":"","pixels":373100,"type":"image\/png"}],"twitter_card":"summary_large_image","schema":{"@context":"https:\/\/schema.org","@graph":[{"@type":"WebSite","@id":"https:\/\/omega-bakery.com\/sk\/#website","url":"https:\/\/omega-bakery.com\/sk\/","name":"Omega Bakery","description":"Dodavatel stroj\u016f a za\u0159\u00edzen\u00ed pro pek\u00e1rny","potentialAction":[{"@type":"SearchAction","target":{"@type":"EntryPoint","urlTemplate":"https:\/\/omega-bakery.com\/sk\/?s={search_term_string}"},"query-input":"required name=search_term_string"}],"inLanguage":"sk-SK"},{"@type":"ImageObject","@id":"https:\/\/omega-bakery.com\/sk\/produkt\/daub-robocut-s\/#primaryimage","inLanguage":"sk-SK","url":"https:\/\/omega-bakery.com\/sk\/wp-content\/uploads\/2021\/04\/Daub-ROBOCUT-S.png","contentUrl":"https:\/\/omega-bakery.com\/sk\/wp-content\/uploads\/2021\/04\/Daub-ROBOCUT-S.png","width":533,"height":700},{"@type":"WebPage","@id":"https:\/\/omega-bakery.com\/sk\/produkt\/daub-robocut-s\/#webpage","url":"https:\/\/omega-bakery.com\/sk\/produkt\/daub-robocut-s\/","name":"Daub ROBOCUT S - Omega Bakery","isPartOf":{"@id":"https:\/\/omega-bakery.com\/sk\/#website"},"primaryImageOfPage":{"@id":"https:\/\/omega-bakery.com\/sk\/produkt\/daub-robocut-s\/#primaryimage"},"datePublished":"2021-04-22T18:48:17+00:00","dateModified":"2023-11-16T09:39:38+00:00","breadcrumb":{"@id":"https:\/\/omega-bakery.com\/sk\/produkt\/daub-robocut-s\/#breadcrumb"},"inLanguage":"sk-SK","potentialAction":[{"@type":"ReadAction","target":["https:\/\/omega-bakery.com\/sk\/produkt\/daub-robocut-s\/"]}]},{"@type":"BreadcrumbList","@id":"https:\/\/omega-bakery.com\/sk\/produkt\/daub-robocut-s\/#breadcrumb","itemListElement":[{"@type":"ListItem","position":1,"name":"Dom\u016f","item":"https:\/\/omega-bakery.com\/sk\/"},{"@type":"ListItem","position":2,"name":"Stroje a zariadenia","item":"https:\/\/omega-bakery.com\/sk\/stroje-a-zariadenia\/"},{"@type":"ListItem","position":3,"name":"Deli\u010dky","item":"http:\/\/omega-bakery.com\/sk\/stroje-a-zarizeni\/delicky\/"},{"@type":"ListItem","position":4,"name":"Hydraulick\u00e9 deli\u010dky","item":"https:\/\/omega-bakery.com\/sk\/stroje-a-zarizeni\/delicky\/hydraulicke-delicky\/"},{"@type":"ListItem","position":5,"name":"Hydraulick\u00e9 deli\u010dky bez zakru\u017eovania","item":"https:\/\/omega-bakery.com\/sk\/stroje-a-zarizeni\/delicky\/hydraulicke-delicky\/hydraulicke-delicky-bez-zakruzovania\/"},{"@type":"ListItem","position":6,"name":"Daub ROBOCUT S"}]}]}},"_links":{"self":[{"href":"https:\/\/omega-bakery.com\/sk\/wp-json\/wp\/v2\/product\/165"}],"collection":[{"href":"https:\/\/omega-bakery.com\/sk\/wp-json\/wp\/v2\/product"}],"about":[{"href":"https:\/\/omega-bakery.com\/sk\/wp-json\/wp\/v2\/types\/product"}],"wp:featuredmedia":[{"embeddable":true,"href":"https:\/\/omega-bakery.com\/sk\/wp-json\/wp\/v2\/media\/153"}],"wp:attachment":[{"href":"https:\/\/omega-bakery.com\/sk\/wp-json\/wp\/v2\/media?parent=165"}],"curies":[{"name":"wp","href":"https:\/\/api.w.org\/{rel}","templated":true}]}}