{"id":1660,"date":"2021-07-27T10:17:10","date_gmt":"2021-07-27T08:17:10","guid":{"rendered":"http:\/\/omega-bakery.com\/sk\/?post_type=product&#038;p=1660"},"modified":"2021-07-27T10:17:10","modified_gmt":"2021-07-27T08:17:10","slug":"senna-jablkove-platky","status":"publish","type":"product","link":"https:\/\/omega-bakery.com\/sk\/produkt\/senna-jablkove-platky\/","title":{"rendered":"SENNA Jablkov\u00e9 pl\u00e1tky"},"content":{"rendered":"","protected":false},"excerpt":{"rendered":"<p>Balenie: 5 kg<\/p>\n<ul>\n<li>cel\u00e9 pl\u00e1tky jab\u013ak<\/li>\n<li>v\u0161estranne pou\u017eite\u013en\u00e9<\/li>\n<li>kedyko\u013evek rovnak\u00e1 kvalita<\/li>\n<li>stabiln\u00e9 po\u010das pe\u010denia i v mraze<\/li>\n<li>dlh\u00e1 trvanlivos\u0165<\/li>\n<\/ul>\n<p> [&#8230;]<\/p>\n<p><a class=\"btn btn-secondary understrap-read-more-link\" href=\"https:\/\/omega-bakery.com\/sk\/produkt\/senna-jablkove-platky\/\">Read More&#8230;<\/a><\/p>\n","protected":false},"featured_media":1661,"template":"","meta":[],"yoast_head":"<!-- This site is optimized with the Yoast SEO plugin v17.1 - https:\/\/yoast.com\/wordpress\/plugins\/seo\/ -->\n<title>SENNA Jablkov\u00e9 pl\u00e1tky - Omega Bakery<\/title>\n<meta name=\"robots\" content=\"index, follow, max-snippet:-1, max-image-preview:large, max-video-preview:-1\" \/>\n<link rel=\"canonical\" href=\"https:\/\/omega-bakery.com\/sk\/produkt\/senna-jablkove-platky\/\" \/>\n<meta property=\"og:locale\" content=\"sk_SK\" \/>\n<meta property=\"og:type\" content=\"article\" \/>\n<meta property=\"og:title\" content=\"SENNA Jablkov\u00e9 pl\u00e1tky - Omega Bakery\" \/>\n<meta property=\"og:description\" content=\"Balenie: 5 kg   cel\u00e9 pl\u00e1tky jab\u013ak  v\u0161estranne pou\u017eite\u013en\u00e9  kedyko\u013evek rovnak\u00e1 kvalita  stabiln\u00e9 po\u010das pe\u010denia i v mraze  dlh\u00e1 trvanlivos\u0165  [...]Read More...\" \/>\n<meta property=\"og:url\" content=\"https:\/\/omega-bakery.com\/sk\/produkt\/senna-jablkove-platky\/\" \/>\n<meta property=\"og:site_name\" content=\"Omega Bakery\" \/>\n<meta property=\"og:image\" content=\"http:\/\/omega-bakery.com\/sk\/wp-content\/uploads\/2021\/07\/1247200-Apfelspalten_2019.jpg\" \/>\n\t<meta property=\"og:image:width\" content=\"945\" \/>\n\t<meta property=\"og:image:height\" content=\"746\" \/>\n<meta name=\"twitter:card\" content=\"summary_large_image\" \/>\n<script type=\"application\/ld+json\" class=\"yoast-schema-graph\">{\"@context\":\"https:\/\/schema.org\",\"@graph\":[{\"@type\":\"WebSite\",\"@id\":\"https:\/\/omega-bakery.com\/sk\/#website\",\"url\":\"https:\/\/omega-bakery.com\/sk\/\",\"name\":\"Omega Bakery\",\"description\":\"Dodavatel stroj\\u016f a za\\u0159\\u00edzen\\u00ed pro pek\\u00e1rny\",\"potentialAction\":[{\"@type\":\"SearchAction\",\"target\":{\"@type\":\"EntryPoint\",\"urlTemplate\":\"https:\/\/omega-bakery.com\/sk\/?s={search_term_string}\"},\"query-input\":\"required name=search_term_string\"}],\"inLanguage\":\"sk-SK\"},{\"@type\":\"ImageObject\",\"@id\":\"https:\/\/omega-bakery.com\/sk\/produkt\/senna-jablkove-platky\/#primaryimage\",\"inLanguage\":\"sk-SK\",\"url\":\"https:\/\/omega-bakery.com\/sk\/wp-content\/uploads\/2021\/07\/1247200-Apfelspalten_2019.jpg\",\"contentUrl\":\"https:\/\/omega-bakery.com\/sk\/wp-content\/uploads\/2021\/07\/1247200-Apfelspalten_2019.jpg\",\"width\":945,\"height\":746},{\"@type\":\"WebPage\",\"@id\":\"https:\/\/omega-bakery.com\/sk\/produkt\/senna-jablkove-platky\/#webpage\",\"url\":\"https:\/\/omega-bakery.com\/sk\/produkt\/senna-jablkove-platky\/\",\"name\":\"SENNA Jablkov\\u00e9 pl\\u00e1tky - Omega Bakery\",\"isPartOf\":{\"@id\":\"https:\/\/omega-bakery.com\/sk\/#website\"},\"primaryImageOfPage\":{\"@id\":\"https:\/\/omega-bakery.com\/sk\/produkt\/senna-jablkove-platky\/#primaryimage\"},\"datePublished\":\"2021-07-27T08:17:10+00:00\",\"dateModified\":\"2021-07-27T08:17:10+00:00\",\"breadcrumb\":{\"@id\":\"https:\/\/omega-bakery.com\/sk\/produkt\/senna-jablkove-platky\/#breadcrumb\"},\"inLanguage\":\"sk-SK\",\"potentialAction\":[{\"@type\":\"ReadAction\",\"target\":[\"https:\/\/omega-bakery.com\/sk\/produkt\/senna-jablkove-platky\/\"]}]},{\"@type\":\"BreadcrumbList\",\"@id\":\"https:\/\/omega-bakery.com\/sk\/produkt\/senna-jablkove-platky\/#breadcrumb\",\"itemListElement\":[{\"@type\":\"ListItem\",\"position\":1,\"name\":\"Dom\\u016f\",\"item\":\"https:\/\/omega-bakery.com\/sk\/\"},{\"@type\":\"ListItem\",\"position\":2,\"name\":\"Stroje a zariadenia\",\"item\":\"https:\/\/omega-bakery.com\/sk\/stroje-a-zariadenia\/\"},{\"@type\":\"ListItem\",\"position\":3,\"name\":\"Suroviny\",\"item\":\"https:\/\/omega-bakery.com\/sk\/stroje-a-zarizeni\/suroviny\/\"},{\"@type\":\"ListItem\",\"position\":4,\"name\":\"N\\u00e1plne\",\"item\":\"https:\/\/omega-bakery.com\/sk\/stroje-a-zarizeni\/suroviny\/naplne\/\"},{\"@type\":\"ListItem\",\"position\":5,\"name\":\"Such\\u00e9\",\"item\":\"https:\/\/omega-bakery.com\/sk\/stroje-a-zarizeni\/suroviny\/naplne\/suche\/\"},{\"@type\":\"ListItem\",\"position\":6,\"name\":\"SENNA Jablkov\\u00e9 pl\\u00e1tky\"}]}]}<\/script>\n<!-- \/ Yoast SEO plugin. -->","yoast_head_json":{"title":"SENNA Jablkov\u00e9 pl\u00e1tky - Omega Bakery","robots":{"index":"index","follow":"follow","max-snippet":"max-snippet:-1","max-image-preview":"max-image-preview:large","max-video-preview":"max-video-preview:-1"},"canonical":"https:\/\/omega-bakery.com\/sk\/produkt\/senna-jablkove-platky\/","og_locale":"sk_SK","og_type":"article","og_title":"SENNA Jablkov\u00e9 pl\u00e1tky - Omega Bakery","og_description":"Balenie: 5 kg   cel\u00e9 pl\u00e1tky jab\u013ak  v\u0161estranne pou\u017eite\u013en\u00e9  kedyko\u013evek rovnak\u00e1 kvalita  stabiln\u00e9 po\u010das pe\u010denia i v mraze  dlh\u00e1 trvanlivos\u0165  [...]Read More...","og_url":"https:\/\/omega-bakery.com\/sk\/produkt\/senna-jablkove-platky\/","og_site_name":"Omega Bakery","og_image":[{"width":945,"height":746,"url":"http:\/\/omega-bakery.com\/sk\/wp-content\/uploads\/2021\/07\/1247200-Apfelspalten_2019.jpg","path":"\/data\/web\/virtuals\/278194\/virtual\/www\/domains\/omega-bakery.com\/sk\/wp-content\/uploads\/2021\/07\/1247200-Apfelspalten_2019.jpg","size":"full","id":1661,"alt":"","pixels":704970,"type":"image\/jpeg"}],"twitter_card":"summary_large_image","schema":{"@context":"https:\/\/schema.org","@graph":[{"@type":"WebSite","@id":"https:\/\/omega-bakery.com\/sk\/#website","url":"https:\/\/omega-bakery.com\/sk\/","name":"Omega Bakery","description":"Dodavatel stroj\u016f a za\u0159\u00edzen\u00ed pro pek\u00e1rny","potentialAction":[{"@type":"SearchAction","target":{"@type":"EntryPoint","urlTemplate":"https:\/\/omega-bakery.com\/sk\/?s={search_term_string}"},"query-input":"required name=search_term_string"}],"inLanguage":"sk-SK"},{"@type":"ImageObject","@id":"https:\/\/omega-bakery.com\/sk\/produkt\/senna-jablkove-platky\/#primaryimage","inLanguage":"sk-SK","url":"https:\/\/omega-bakery.com\/sk\/wp-content\/uploads\/2021\/07\/1247200-Apfelspalten_2019.jpg","contentUrl":"https:\/\/omega-bakery.com\/sk\/wp-content\/uploads\/2021\/07\/1247200-Apfelspalten_2019.jpg","width":945,"height":746},{"@type":"WebPage","@id":"https:\/\/omega-bakery.com\/sk\/produkt\/senna-jablkove-platky\/#webpage","url":"https:\/\/omega-bakery.com\/sk\/produkt\/senna-jablkove-platky\/","name":"SENNA Jablkov\u00e9 pl\u00e1tky - Omega Bakery","isPartOf":{"@id":"https:\/\/omega-bakery.com\/sk\/#website"},"primaryImageOfPage":{"@id":"https:\/\/omega-bakery.com\/sk\/produkt\/senna-jablkove-platky\/#primaryimage"},"datePublished":"2021-07-27T08:17:10+00:00","dateModified":"2021-07-27T08:17:10+00:00","breadcrumb":{"@id":"https:\/\/omega-bakery.com\/sk\/produkt\/senna-jablkove-platky\/#breadcrumb"},"inLanguage":"sk-SK","potentialAction":[{"@type":"ReadAction","target":["https:\/\/omega-bakery.com\/sk\/produkt\/senna-jablkove-platky\/"]}]},{"@type":"BreadcrumbList","@id":"https:\/\/omega-bakery.com\/sk\/produkt\/senna-jablkove-platky\/#breadcrumb","itemListElement":[{"@type":"ListItem","position":1,"name":"Dom\u016f","item":"https:\/\/omega-bakery.com\/sk\/"},{"@type":"ListItem","position":2,"name":"Stroje a zariadenia","item":"https:\/\/omega-bakery.com\/sk\/stroje-a-zariadenia\/"},{"@type":"ListItem","position":3,"name":"Suroviny","item":"https:\/\/omega-bakery.com\/sk\/stroje-a-zarizeni\/suroviny\/"},{"@type":"ListItem","position":4,"name":"N\u00e1plne","item":"https:\/\/omega-bakery.com\/sk\/stroje-a-zarizeni\/suroviny\/naplne\/"},{"@type":"ListItem","position":5,"name":"Such\u00e9","item":"https:\/\/omega-bakery.com\/sk\/stroje-a-zarizeni\/suroviny\/naplne\/suche\/"},{"@type":"ListItem","position":6,"name":"SENNA Jablkov\u00e9 pl\u00e1tky"}]}]}},"_links":{"self":[{"href":"https:\/\/omega-bakery.com\/sk\/wp-json\/wp\/v2\/product\/1660"}],"collection":[{"href":"https:\/\/omega-bakery.com\/sk\/wp-json\/wp\/v2\/product"}],"about":[{"href":"https:\/\/omega-bakery.com\/sk\/wp-json\/wp\/v2\/types\/product"}],"wp:featuredmedia":[{"embeddable":true,"href":"https:\/\/omega-bakery.com\/sk\/wp-json\/wp\/v2\/media\/1661"}],"wp:attachment":[{"href":"https:\/\/omega-bakery.com\/sk\/wp-json\/wp\/v2\/media?parent=1660"}],"curies":[{"name":"wp","href":"https:\/\/api.w.org\/{rel}","templated":true}]}}