{"id":1674,"date":"2021-07-27T11:56:37","date_gmt":"2021-07-27T09:56:37","guid":{"rendered":"http:\/\/omega-bakery.com\/sk\/?post_type=product&#038;p=1674"},"modified":"2021-07-27T11:56:38","modified_gmt":"2021-07-27T09:56:38","slug":"vitalco-trnankova-zmes","status":"publish","type":"product","link":"https:\/\/omega-bakery.com\/sk\/produkt\/vitalco-trnankova-zmes\/","title":{"rendered":"VITALCO Trnankov\u00e1 zmes"},"content":{"rendered":"","protected":false},"excerpt":{"rendered":"<p>Balenie: 25 kg<\/p>\n<p>D\u00e1vkovanie: 20% na m\u00faku<\/p>\n<p>Zmes obsahuje v\u00fdznamn\u00fd podiel obalov\u00fdch \u010dast\u00edc obiln\u00edn a \u013eanov\u00e9ho semienka. T\u00fdm z\u00edskava v\u00fdrobok vysok\u00fd podiel rastlinnej vl\u00e1kniny.<\/p>\n<p>V\u00fdsledn\u00e9 v\u00fdrobky maj\u00fa v\u00fdrazne mramorov\u00fa striedku a \u0161pecifick\u00fa chu\u0165. Zmes je vhodn\u00e1 na ru\u010dn\u00e9 i priemyseln\u00e9 spracovanie.<\/p>\n<p>&nbsp; [&#8230;]<\/p>\n<p><a class=\"btn btn-secondary understrap-read-more-link\" href=\"https:\/\/omega-bakery.com\/sk\/produkt\/vitalco-trnankova-zmes\/\">Read More&#8230;<\/a><\/p>\n","protected":false},"featured_media":1675,"template":"","meta":[],"yoast_head":"<!-- This site is optimized with the Yoast SEO plugin v17.1 - https:\/\/yoast.com\/wordpress\/plugins\/seo\/ -->\n<title>VITALCO Trnankov\u00e1 zmes - Omega Bakery<\/title>\n<meta name=\"robots\" content=\"index, follow, max-snippet:-1, max-image-preview:large, max-video-preview:-1\" \/>\n<link rel=\"canonical\" href=\"https:\/\/omega-bakery.com\/sk\/produkt\/vitalco-trnankova-zmes\/\" \/>\n<meta property=\"og:locale\" content=\"sk_SK\" \/>\n<meta property=\"og:type\" content=\"article\" \/>\n<meta property=\"og:title\" content=\"VITALCO Trnankov\u00e1 zmes - Omega Bakery\" \/>\n<meta property=\"og:description\" content=\"Balenie: 25 kg  D\u00e1vkovanie: 20% na m\u00faku  Zmes obsahuje v\u00fdznamn\u00fd podiel obalov\u00fdch \u010dast\u00edc obiln\u00edn a \u013eanov\u00e9ho semienka. T\u00fdm z\u00edskava v\u00fdrobok vysok\u00fd podiel rastlinnej vl\u00e1kniny.  V\u00fdsledn\u00e9 v\u00fdrobky maj\u00fa v\u00fdrazne mramorov\u00fa striedku a \u0161pecifick\u00fa chu\u0165. Zmes je vhodn\u00e1 na ru\u010dn\u00e9 i priemyseln\u00e9 spracovanie.  &nbsp; [...]Read More...\" \/>\n<meta property=\"og:url\" content=\"https:\/\/omega-bakery.com\/sk\/produkt\/vitalco-trnankova-zmes\/\" \/>\n<meta property=\"og:site_name\" content=\"Omega Bakery\" \/>\n<meta property=\"article:modified_time\" content=\"2021-07-27T09:56:38+00:00\" \/>\n<meta property=\"og:image\" content=\"http:\/\/omega-bakery.com\/sk\/wp-content\/uploads\/2021\/07\/Trhankova-zmes.png\" \/>\n\t<meta property=\"og:image:width\" content=\"288\" \/>\n\t<meta property=\"og:image:height\" content=\"225\" \/>\n<meta name=\"twitter:card\" content=\"summary_large_image\" \/>\n<script type=\"application\/ld+json\" class=\"yoast-schema-graph\">{\"@context\":\"https:\/\/schema.org\",\"@graph\":[{\"@type\":\"WebSite\",\"@id\":\"https:\/\/omega-bakery.com\/sk\/#website\",\"url\":\"https:\/\/omega-bakery.com\/sk\/\",\"name\":\"Omega Bakery\",\"description\":\"Dodavatel stroj\\u016f a za\\u0159\\u00edzen\\u00ed pro pek\\u00e1rny\",\"potentialAction\":[{\"@type\":\"SearchAction\",\"target\":{\"@type\":\"EntryPoint\",\"urlTemplate\":\"https:\/\/omega-bakery.com\/sk\/?s={search_term_string}\"},\"query-input\":\"required name=search_term_string\"}],\"inLanguage\":\"sk-SK\"},{\"@type\":\"ImageObject\",\"@id\":\"https:\/\/omega-bakery.com\/sk\/produkt\/vitalco-trnankova-zmes\/#primaryimage\",\"inLanguage\":\"sk-SK\",\"url\":\"https:\/\/omega-bakery.com\/sk\/wp-content\/uploads\/2021\/07\/Trhankova-zmes.png\",\"contentUrl\":\"https:\/\/omega-bakery.com\/sk\/wp-content\/uploads\/2021\/07\/Trhankova-zmes.png\",\"width\":288,\"height\":225},{\"@type\":\"WebPage\",\"@id\":\"https:\/\/omega-bakery.com\/sk\/produkt\/vitalco-trnankova-zmes\/#webpage\",\"url\":\"https:\/\/omega-bakery.com\/sk\/produkt\/vitalco-trnankova-zmes\/\",\"name\":\"VITALCO Trnankov\\u00e1 zmes - Omega Bakery\",\"isPartOf\":{\"@id\":\"https:\/\/omega-bakery.com\/sk\/#website\"},\"primaryImageOfPage\":{\"@id\":\"https:\/\/omega-bakery.com\/sk\/produkt\/vitalco-trnankova-zmes\/#primaryimage\"},\"datePublished\":\"2021-07-27T09:56:37+00:00\",\"dateModified\":\"2021-07-27T09:56:38+00:00\",\"breadcrumb\":{\"@id\":\"https:\/\/omega-bakery.com\/sk\/produkt\/vitalco-trnankova-zmes\/#breadcrumb\"},\"inLanguage\":\"sk-SK\",\"potentialAction\":[{\"@type\":\"ReadAction\",\"target\":[\"https:\/\/omega-bakery.com\/sk\/produkt\/vitalco-trnankova-zmes\/\"]}]},{\"@type\":\"BreadcrumbList\",\"@id\":\"https:\/\/omega-bakery.com\/sk\/produkt\/vitalco-trnankova-zmes\/#breadcrumb\",\"itemListElement\":[{\"@type\":\"ListItem\",\"position\":1,\"name\":\"Dom\\u016f\",\"item\":\"https:\/\/omega-bakery.com\/sk\/\"},{\"@type\":\"ListItem\",\"position\":2,\"name\":\"Stroje a zariadenia\",\"item\":\"https:\/\/omega-bakery.com\/sk\/stroje-a-zariadenia\/\"},{\"@type\":\"ListItem\",\"position\":3,\"name\":\"Suroviny\",\"item\":\"https:\/\/omega-bakery.com\/sk\/stroje-a-zarizeni\/suroviny\/\"},{\"@type\":\"ListItem\",\"position\":4,\"name\":\"Zmesi\",\"item\":\"https:\/\/omega-bakery.com\/sk\/stroje-a-zarizeni\/suroviny\/zmesi\/\"},{\"@type\":\"ListItem\",\"position\":5,\"name\":\"Cere\\u00e1lne\",\"item\":\"https:\/\/omega-bakery.com\/sk\/stroje-a-zarizeni\/suroviny\/zmesi\/cerealne\/\"},{\"@type\":\"ListItem\",\"position\":6,\"name\":\"VITALCO Trnankov\\u00e1 zmes\"}]}]}<\/script>\n<!-- \/ Yoast SEO plugin. -->","yoast_head_json":{"title":"VITALCO Trnankov\u00e1 zmes - Omega Bakery","robots":{"index":"index","follow":"follow","max-snippet":"max-snippet:-1","max-image-preview":"max-image-preview:large","max-video-preview":"max-video-preview:-1"},"canonical":"https:\/\/omega-bakery.com\/sk\/produkt\/vitalco-trnankova-zmes\/","og_locale":"sk_SK","og_type":"article","og_title":"VITALCO Trnankov\u00e1 zmes - Omega Bakery","og_description":"Balenie: 25 kg  D\u00e1vkovanie: 20% na m\u00faku  Zmes obsahuje v\u00fdznamn\u00fd podiel obalov\u00fdch \u010dast\u00edc obiln\u00edn a \u013eanov\u00e9ho semienka. T\u00fdm z\u00edskava v\u00fdrobok vysok\u00fd podiel rastlinnej vl\u00e1kniny.  V\u00fdsledn\u00e9 v\u00fdrobky maj\u00fa v\u00fdrazne mramorov\u00fa striedku a \u0161pecifick\u00fa chu\u0165. Zmes je vhodn\u00e1 na ru\u010dn\u00e9 i priemyseln\u00e9 spracovanie.  &nbsp; [...]Read More...","og_url":"https:\/\/omega-bakery.com\/sk\/produkt\/vitalco-trnankova-zmes\/","og_site_name":"Omega Bakery","article_modified_time":"2021-07-27T09:56:38+00:00","og_image":[{"width":288,"height":225,"url":"http:\/\/omega-bakery.com\/sk\/wp-content\/uploads\/2021\/07\/Trhankova-zmes.png","path":"\/data\/web\/virtuals\/278194\/virtual\/www\/domains\/omega-bakery.com\/sk\/wp-content\/uploads\/2021\/07\/Trhankova-zmes.png","size":"full","id":1675,"alt":"","pixels":64800,"type":"image\/png"}],"twitter_card":"summary_large_image","schema":{"@context":"https:\/\/schema.org","@graph":[{"@type":"WebSite","@id":"https:\/\/omega-bakery.com\/sk\/#website","url":"https:\/\/omega-bakery.com\/sk\/","name":"Omega Bakery","description":"Dodavatel stroj\u016f a za\u0159\u00edzen\u00ed pro pek\u00e1rny","potentialAction":[{"@type":"SearchAction","target":{"@type":"EntryPoint","urlTemplate":"https:\/\/omega-bakery.com\/sk\/?s={search_term_string}"},"query-input":"required name=search_term_string"}],"inLanguage":"sk-SK"},{"@type":"ImageObject","@id":"https:\/\/omega-bakery.com\/sk\/produkt\/vitalco-trnankova-zmes\/#primaryimage","inLanguage":"sk-SK","url":"https:\/\/omega-bakery.com\/sk\/wp-content\/uploads\/2021\/07\/Trhankova-zmes.png","contentUrl":"https:\/\/omega-bakery.com\/sk\/wp-content\/uploads\/2021\/07\/Trhankova-zmes.png","width":288,"height":225},{"@type":"WebPage","@id":"https:\/\/omega-bakery.com\/sk\/produkt\/vitalco-trnankova-zmes\/#webpage","url":"https:\/\/omega-bakery.com\/sk\/produkt\/vitalco-trnankova-zmes\/","name":"VITALCO Trnankov\u00e1 zmes - Omega Bakery","isPartOf":{"@id":"https:\/\/omega-bakery.com\/sk\/#website"},"primaryImageOfPage":{"@id":"https:\/\/omega-bakery.com\/sk\/produkt\/vitalco-trnankova-zmes\/#primaryimage"},"datePublished":"2021-07-27T09:56:37+00:00","dateModified":"2021-07-27T09:56:38+00:00","breadcrumb":{"@id":"https:\/\/omega-bakery.com\/sk\/produkt\/vitalco-trnankova-zmes\/#breadcrumb"},"inLanguage":"sk-SK","potentialAction":[{"@type":"ReadAction","target":["https:\/\/omega-bakery.com\/sk\/produkt\/vitalco-trnankova-zmes\/"]}]},{"@type":"BreadcrumbList","@id":"https:\/\/omega-bakery.com\/sk\/produkt\/vitalco-trnankova-zmes\/#breadcrumb","itemListElement":[{"@type":"ListItem","position":1,"name":"Dom\u016f","item":"https:\/\/omega-bakery.com\/sk\/"},{"@type":"ListItem","position":2,"name":"Stroje a zariadenia","item":"https:\/\/omega-bakery.com\/sk\/stroje-a-zariadenia\/"},{"@type":"ListItem","position":3,"name":"Suroviny","item":"https:\/\/omega-bakery.com\/sk\/stroje-a-zarizeni\/suroviny\/"},{"@type":"ListItem","position":4,"name":"Zmesi","item":"https:\/\/omega-bakery.com\/sk\/stroje-a-zarizeni\/suroviny\/zmesi\/"},{"@type":"ListItem","position":5,"name":"Cere\u00e1lne","item":"https:\/\/omega-bakery.com\/sk\/stroje-a-zarizeni\/suroviny\/zmesi\/cerealne\/"},{"@type":"ListItem","position":6,"name":"VITALCO Trnankov\u00e1 zmes"}]}]}},"_links":{"self":[{"href":"https:\/\/omega-bakery.com\/sk\/wp-json\/wp\/v2\/product\/1674"}],"collection":[{"href":"https:\/\/omega-bakery.com\/sk\/wp-json\/wp\/v2\/product"}],"about":[{"href":"https:\/\/omega-bakery.com\/sk\/wp-json\/wp\/v2\/types\/product"}],"wp:featuredmedia":[{"embeddable":true,"href":"https:\/\/omega-bakery.com\/sk\/wp-json\/wp\/v2\/media\/1675"}],"wp:attachment":[{"href":"https:\/\/omega-bakery.com\/sk\/wp-json\/wp\/v2\/media?parent=1674"}],"curies":[{"name":"wp","href":"https:\/\/api.w.org\/{rel}","templated":true}]}}