{"id":1676,"date":"2021-07-27T12:01:06","date_gmt":"2021-07-27T10:01:06","guid":{"rendered":"http:\/\/omega-bakery.com\/sk\/?post_type=product&#038;p=1676"},"modified":"2021-07-27T12:01:06","modified_gmt":"2021-07-27T10:01:06","slug":"vitalco-sladky-cereal","status":"publish","type":"product","link":"https:\/\/omega-bakery.com\/sk\/produkt\/vitalco-sladky-cereal\/","title":{"rendered":"VITALCO Sladk\u00fd cere\u00e1l"},"content":{"rendered":"","protected":false},"excerpt":{"rendered":"<p>Balenie: 25 kg<\/p>\n<p>Cere\u00e1lna zmes obsahuje cere\u00e1lie v podobe cel\u00fdch obiln\u00fdch z\u0155n, vr\u00e1tane \u0161upiek, otr\u00fab a r\u00f4znych olejnat\u00fdch semien. Oproti \u010dist\u00fdm obilnin\u00e1m maj\u00fa tieto vy\u0161\u0161iu nutri\u010dn\u00fa hodnotu a obsahuj\u00fa viac prirodzenej vl\u00e1kniny.<\/p>\n<p>Zmes je dobre spracovate\u013en\u00e1 na r\u00f4zne druhy sladk\u00fdch a cere\u00e1lnych v\u00fdrobkov.<\/p>\n<p>Je ve\u013emi ob\u013e\u00faben\u00e1 medzi pek\u00e1rmi.<\/p>\n<p>&nbsp; [&#8230;]<\/p>\n<p><a class=\"btn btn-secondary understrap-read-more-link\" href=\"https:\/\/omega-bakery.com\/sk\/produkt\/vitalco-sladky-cereal\/\">Read More&#8230;<\/a><\/p>\n","protected":false},"featured_media":1677,"template":"","meta":[],"yoast_head":"<!-- This site is optimized with the Yoast SEO plugin v17.1 - https:\/\/yoast.com\/wordpress\/plugins\/seo\/ -->\n<title>VITALCO Sladk\u00fd cere\u00e1l - Omega Bakery<\/title>\n<meta name=\"robots\" content=\"index, follow, max-snippet:-1, max-image-preview:large, max-video-preview:-1\" \/>\n<link rel=\"canonical\" href=\"https:\/\/omega-bakery.com\/sk\/produkt\/vitalco-sladky-cereal\/\" \/>\n<meta property=\"og:locale\" content=\"sk_SK\" \/>\n<meta property=\"og:type\" content=\"article\" \/>\n<meta property=\"og:title\" content=\"VITALCO Sladk\u00fd cere\u00e1l - Omega Bakery\" \/>\n<meta property=\"og:description\" content=\"Balenie: 25 kg  Cere\u00e1lna zmes obsahuje cere\u00e1lie v podobe cel\u00fdch obiln\u00fdch z\u0155n, vr\u00e1tane \u0161upiek, otr\u00fab a r\u00f4znych olejnat\u00fdch semien. Oproti \u010dist\u00fdm obilnin\u00e1m maj\u00fa tieto vy\u0161\u0161iu nutri\u010dn\u00fa hodnotu a obsahuj\u00fa viac prirodzenej vl\u00e1kniny.  Zmes je dobre spracovate\u013en\u00e1 na r\u00f4zne druhy sladk\u00fdch a cere\u00e1lnych v\u00fdrobkov.  Je ve\u013emi ob\u013e\u00faben\u00e1 medzi pek\u00e1rmi.  &nbsp; [...]Read More...\" \/>\n<meta property=\"og:url\" content=\"https:\/\/omega-bakery.com\/sk\/produkt\/vitalco-sladky-cereal\/\" \/>\n<meta property=\"og:site_name\" content=\"Omega Bakery\" \/>\n<meta property=\"og:image\" content=\"http:\/\/omega-bakery.com\/sk\/wp-content\/uploads\/2021\/07\/Sladky-cereal.png\" \/>\n\t<meta property=\"og:image:width\" content=\"592\" \/>\n\t<meta property=\"og:image:height\" content=\"351\" \/>\n<meta name=\"twitter:card\" content=\"summary_large_image\" \/>\n<script type=\"application\/ld+json\" class=\"yoast-schema-graph\">{\"@context\":\"https:\/\/schema.org\",\"@graph\":[{\"@type\":\"WebSite\",\"@id\":\"https:\/\/omega-bakery.com\/sk\/#website\",\"url\":\"https:\/\/omega-bakery.com\/sk\/\",\"name\":\"Omega Bakery\",\"description\":\"Dodavatel stroj\\u016f a za\\u0159\\u00edzen\\u00ed pro pek\\u00e1rny\",\"potentialAction\":[{\"@type\":\"SearchAction\",\"target\":{\"@type\":\"EntryPoint\",\"urlTemplate\":\"https:\/\/omega-bakery.com\/sk\/?s={search_term_string}\"},\"query-input\":\"required name=search_term_string\"}],\"inLanguage\":\"sk-SK\"},{\"@type\":\"ImageObject\",\"@id\":\"https:\/\/omega-bakery.com\/sk\/produkt\/vitalco-sladky-cereal\/#primaryimage\",\"inLanguage\":\"sk-SK\",\"url\":\"https:\/\/omega-bakery.com\/sk\/wp-content\/uploads\/2021\/07\/Sladky-cereal.png\",\"contentUrl\":\"https:\/\/omega-bakery.com\/sk\/wp-content\/uploads\/2021\/07\/Sladky-cereal.png\",\"width\":592,\"height\":351},{\"@type\":\"WebPage\",\"@id\":\"https:\/\/omega-bakery.com\/sk\/produkt\/vitalco-sladky-cereal\/#webpage\",\"url\":\"https:\/\/omega-bakery.com\/sk\/produkt\/vitalco-sladky-cereal\/\",\"name\":\"VITALCO Sladk\\u00fd cere\\u00e1l - Omega Bakery\",\"isPartOf\":{\"@id\":\"https:\/\/omega-bakery.com\/sk\/#website\"},\"primaryImageOfPage\":{\"@id\":\"https:\/\/omega-bakery.com\/sk\/produkt\/vitalco-sladky-cereal\/#primaryimage\"},\"datePublished\":\"2021-07-27T10:01:06+00:00\",\"dateModified\":\"2021-07-27T10:01:06+00:00\",\"breadcrumb\":{\"@id\":\"https:\/\/omega-bakery.com\/sk\/produkt\/vitalco-sladky-cereal\/#breadcrumb\"},\"inLanguage\":\"sk-SK\",\"potentialAction\":[{\"@type\":\"ReadAction\",\"target\":[\"https:\/\/omega-bakery.com\/sk\/produkt\/vitalco-sladky-cereal\/\"]}]},{\"@type\":\"BreadcrumbList\",\"@id\":\"https:\/\/omega-bakery.com\/sk\/produkt\/vitalco-sladky-cereal\/#breadcrumb\",\"itemListElement\":[{\"@type\":\"ListItem\",\"position\":1,\"name\":\"Dom\\u016f\",\"item\":\"https:\/\/omega-bakery.com\/sk\/\"},{\"@type\":\"ListItem\",\"position\":2,\"name\":\"Stroje a zariadenia\",\"item\":\"https:\/\/omega-bakery.com\/sk\/stroje-a-zariadenia\/\"},{\"@type\":\"ListItem\",\"position\":3,\"name\":\"Suroviny\",\"item\":\"https:\/\/omega-bakery.com\/sk\/stroje-a-zarizeni\/suroviny\/\"},{\"@type\":\"ListItem\",\"position\":4,\"name\":\"Zmesi\",\"item\":\"https:\/\/omega-bakery.com\/sk\/stroje-a-zarizeni\/suroviny\/zmesi\/\"},{\"@type\":\"ListItem\",\"position\":5,\"name\":\"Sladk\\u00e9\",\"item\":\"https:\/\/omega-bakery.com\/sk\/stroje-a-zarizeni\/suroviny\/zmesi\/sladke\/\"},{\"@type\":\"ListItem\",\"position\":6,\"name\":\"VITALCO Sladk\\u00fd cere\\u00e1l\"}]}]}<\/script>\n<!-- \/ Yoast SEO plugin. -->","yoast_head_json":{"title":"VITALCO Sladk\u00fd cere\u00e1l - Omega Bakery","robots":{"index":"index","follow":"follow","max-snippet":"max-snippet:-1","max-image-preview":"max-image-preview:large","max-video-preview":"max-video-preview:-1"},"canonical":"https:\/\/omega-bakery.com\/sk\/produkt\/vitalco-sladky-cereal\/","og_locale":"sk_SK","og_type":"article","og_title":"VITALCO Sladk\u00fd cere\u00e1l - Omega Bakery","og_description":"Balenie: 25 kg  Cere\u00e1lna zmes obsahuje cere\u00e1lie v podobe cel\u00fdch obiln\u00fdch z\u0155n, vr\u00e1tane \u0161upiek, otr\u00fab a r\u00f4znych olejnat\u00fdch semien. Oproti \u010dist\u00fdm obilnin\u00e1m maj\u00fa tieto vy\u0161\u0161iu nutri\u010dn\u00fa hodnotu a obsahuj\u00fa viac prirodzenej vl\u00e1kniny.  Zmes je dobre spracovate\u013en\u00e1 na r\u00f4zne druhy sladk\u00fdch a cere\u00e1lnych v\u00fdrobkov.  Je ve\u013emi ob\u013e\u00faben\u00e1 medzi pek\u00e1rmi.  &nbsp; [...]Read More...","og_url":"https:\/\/omega-bakery.com\/sk\/produkt\/vitalco-sladky-cereal\/","og_site_name":"Omega Bakery","og_image":[{"width":592,"height":351,"url":"http:\/\/omega-bakery.com\/sk\/wp-content\/uploads\/2021\/07\/Sladky-cereal.png","path":"\/data\/web\/virtuals\/278194\/virtual\/www\/domains\/omega-bakery.com\/sk\/wp-content\/uploads\/2021\/07\/Sladky-cereal.png","size":"full","id":1677,"alt":"","pixels":207792,"type":"image\/png"}],"twitter_card":"summary_large_image","schema":{"@context":"https:\/\/schema.org","@graph":[{"@type":"WebSite","@id":"https:\/\/omega-bakery.com\/sk\/#website","url":"https:\/\/omega-bakery.com\/sk\/","name":"Omega Bakery","description":"Dodavatel stroj\u016f a za\u0159\u00edzen\u00ed pro pek\u00e1rny","potentialAction":[{"@type":"SearchAction","target":{"@type":"EntryPoint","urlTemplate":"https:\/\/omega-bakery.com\/sk\/?s={search_term_string}"},"query-input":"required name=search_term_string"}],"inLanguage":"sk-SK"},{"@type":"ImageObject","@id":"https:\/\/omega-bakery.com\/sk\/produkt\/vitalco-sladky-cereal\/#primaryimage","inLanguage":"sk-SK","url":"https:\/\/omega-bakery.com\/sk\/wp-content\/uploads\/2021\/07\/Sladky-cereal.png","contentUrl":"https:\/\/omega-bakery.com\/sk\/wp-content\/uploads\/2021\/07\/Sladky-cereal.png","width":592,"height":351},{"@type":"WebPage","@id":"https:\/\/omega-bakery.com\/sk\/produkt\/vitalco-sladky-cereal\/#webpage","url":"https:\/\/omega-bakery.com\/sk\/produkt\/vitalco-sladky-cereal\/","name":"VITALCO Sladk\u00fd cere\u00e1l - Omega Bakery","isPartOf":{"@id":"https:\/\/omega-bakery.com\/sk\/#website"},"primaryImageOfPage":{"@id":"https:\/\/omega-bakery.com\/sk\/produkt\/vitalco-sladky-cereal\/#primaryimage"},"datePublished":"2021-07-27T10:01:06+00:00","dateModified":"2021-07-27T10:01:06+00:00","breadcrumb":{"@id":"https:\/\/omega-bakery.com\/sk\/produkt\/vitalco-sladky-cereal\/#breadcrumb"},"inLanguage":"sk-SK","potentialAction":[{"@type":"ReadAction","target":["https:\/\/omega-bakery.com\/sk\/produkt\/vitalco-sladky-cereal\/"]}]},{"@type":"BreadcrumbList","@id":"https:\/\/omega-bakery.com\/sk\/produkt\/vitalco-sladky-cereal\/#breadcrumb","itemListElement":[{"@type":"ListItem","position":1,"name":"Dom\u016f","item":"https:\/\/omega-bakery.com\/sk\/"},{"@type":"ListItem","position":2,"name":"Stroje a zariadenia","item":"https:\/\/omega-bakery.com\/sk\/stroje-a-zariadenia\/"},{"@type":"ListItem","position":3,"name":"Suroviny","item":"https:\/\/omega-bakery.com\/sk\/stroje-a-zarizeni\/suroviny\/"},{"@type":"ListItem","position":4,"name":"Zmesi","item":"https:\/\/omega-bakery.com\/sk\/stroje-a-zarizeni\/suroviny\/zmesi\/"},{"@type":"ListItem","position":5,"name":"Sladk\u00e9","item":"https:\/\/omega-bakery.com\/sk\/stroje-a-zarizeni\/suroviny\/zmesi\/sladke\/"},{"@type":"ListItem","position":6,"name":"VITALCO Sladk\u00fd cere\u00e1l"}]}]}},"_links":{"self":[{"href":"https:\/\/omega-bakery.com\/sk\/wp-json\/wp\/v2\/product\/1676"}],"collection":[{"href":"https:\/\/omega-bakery.com\/sk\/wp-json\/wp\/v2\/product"}],"about":[{"href":"https:\/\/omega-bakery.com\/sk\/wp-json\/wp\/v2\/types\/product"}],"wp:featuredmedia":[{"embeddable":true,"href":"https:\/\/omega-bakery.com\/sk\/wp-json\/wp\/v2\/media\/1677"}],"wp:attachment":[{"href":"https:\/\/omega-bakery.com\/sk\/wp-json\/wp\/v2\/media?parent=1676"}],"curies":[{"name":"wp","href":"https:\/\/api.w.org\/{rel}","templated":true}]}}