{"id":1678,"date":"2021-07-27T12:24:48","date_gmt":"2021-07-27T10:24:48","guid":{"rendered":"http:\/\/omega-bakery.com\/sk\/?post_type=product&#038;p=1678"},"modified":"2021-07-27T12:24:48","modified_gmt":"2021-07-27T10:24:48","slug":"vitalco-muslik","status":"publish","type":"product","link":"https:\/\/omega-bakery.com\/sk\/produkt\/vitalco-muslik\/","title":{"rendered":"VITALCO M\u00fcsl\u00edk"},"content":{"rendered":"","protected":false},"excerpt":{"rendered":"<p>Balenie: 10 kg<\/p>\n<p>D\u00e1vkovanie: 100%<\/p>\n<p>Zmes z kvalitn\u00fdch zrn\u00edn, ktor\u00e1 je ur\u010den\u00e1 na v\u00fdrobu \u0161peci\u00e1lnej poch\u00fa\u0165ky na lineckom ceste.<\/p>\n<p>&nbsp;<\/p>\n<p>&nbsp; [&#8230;]<\/p>\n<p><a class=\"btn btn-secondary understrap-read-more-link\" href=\"https:\/\/omega-bakery.com\/sk\/produkt\/vitalco-muslik\/\">Read More&#8230;<\/a><\/p>\n","protected":false},"featured_media":1679,"template":"","meta":[],"yoast_head":"<!-- This site is optimized with the Yoast SEO plugin v17.1 - https:\/\/yoast.com\/wordpress\/plugins\/seo\/ -->\n<title>VITALCO M\u00fcsl\u00edk - Omega Bakery<\/title>\n<meta name=\"robots\" content=\"index, follow, max-snippet:-1, max-image-preview:large, max-video-preview:-1\" \/>\n<link rel=\"canonical\" href=\"https:\/\/omega-bakery.com\/sk\/produkt\/vitalco-muslik\/\" \/>\n<meta property=\"og:locale\" content=\"sk_SK\" \/>\n<meta property=\"og:type\" content=\"article\" \/>\n<meta property=\"og:title\" content=\"VITALCO M\u00fcsl\u00edk - Omega Bakery\" \/>\n<meta property=\"og:description\" content=\"Balenie: 10 kg  D\u00e1vkovanie: 100%  Zmes z kvalitn\u00fdch zrn\u00edn, ktor\u00e1 je ur\u010den\u00e1 na v\u00fdrobu \u0161peci\u00e1lnej poch\u00fa\u0165ky na lineckom ceste.  &nbsp;  &nbsp; [...]Read More...\" \/>\n<meta property=\"og:url\" content=\"https:\/\/omega-bakery.com\/sk\/produkt\/vitalco-muslik\/\" \/>\n<meta property=\"og:site_name\" content=\"Omega Bakery\" \/>\n<meta property=\"og:image\" content=\"http:\/\/omega-bakery.com\/sk\/wp-content\/uploads\/2021\/07\/Muslik.png\" \/>\n\t<meta property=\"og:image:width\" content=\"316\" \/>\n\t<meta property=\"og:image:height\" content=\"245\" \/>\n<meta name=\"twitter:card\" content=\"summary_large_image\" \/>\n<script type=\"application\/ld+json\" class=\"yoast-schema-graph\">{\"@context\":\"https:\/\/schema.org\",\"@graph\":[{\"@type\":\"WebSite\",\"@id\":\"https:\/\/omega-bakery.com\/sk\/#website\",\"url\":\"https:\/\/omega-bakery.com\/sk\/\",\"name\":\"Omega Bakery\",\"description\":\"Dodavatel stroj\\u016f a za\\u0159\\u00edzen\\u00ed pro pek\\u00e1rny\",\"potentialAction\":[{\"@type\":\"SearchAction\",\"target\":{\"@type\":\"EntryPoint\",\"urlTemplate\":\"https:\/\/omega-bakery.com\/sk\/?s={search_term_string}\"},\"query-input\":\"required name=search_term_string\"}],\"inLanguage\":\"sk-SK\"},{\"@type\":\"ImageObject\",\"@id\":\"https:\/\/omega-bakery.com\/sk\/produkt\/vitalco-muslik\/#primaryimage\",\"inLanguage\":\"sk-SK\",\"url\":\"https:\/\/omega-bakery.com\/sk\/wp-content\/uploads\/2021\/07\/Muslik.png\",\"contentUrl\":\"https:\/\/omega-bakery.com\/sk\/wp-content\/uploads\/2021\/07\/Muslik.png\",\"width\":316,\"height\":245},{\"@type\":\"WebPage\",\"@id\":\"https:\/\/omega-bakery.com\/sk\/produkt\/vitalco-muslik\/#webpage\",\"url\":\"https:\/\/omega-bakery.com\/sk\/produkt\/vitalco-muslik\/\",\"name\":\"VITALCO M\\u00fcsl\\u00edk - Omega Bakery\",\"isPartOf\":{\"@id\":\"https:\/\/omega-bakery.com\/sk\/#website\"},\"primaryImageOfPage\":{\"@id\":\"https:\/\/omega-bakery.com\/sk\/produkt\/vitalco-muslik\/#primaryimage\"},\"datePublished\":\"2021-07-27T10:24:48+00:00\",\"dateModified\":\"2021-07-27T10:24:48+00:00\",\"breadcrumb\":{\"@id\":\"https:\/\/omega-bakery.com\/sk\/produkt\/vitalco-muslik\/#breadcrumb\"},\"inLanguage\":\"sk-SK\",\"potentialAction\":[{\"@type\":\"ReadAction\",\"target\":[\"https:\/\/omega-bakery.com\/sk\/produkt\/vitalco-muslik\/\"]}]},{\"@type\":\"BreadcrumbList\",\"@id\":\"https:\/\/omega-bakery.com\/sk\/produkt\/vitalco-muslik\/#breadcrumb\",\"itemListElement\":[{\"@type\":\"ListItem\",\"position\":1,\"name\":\"Dom\\u016f\",\"item\":\"https:\/\/omega-bakery.com\/sk\/\"},{\"@type\":\"ListItem\",\"position\":2,\"name\":\"Stroje a zariadenia\",\"item\":\"https:\/\/omega-bakery.com\/sk\/stroje-a-zariadenia\/\"},{\"@type\":\"ListItem\",\"position\":3,\"name\":\"Suroviny\",\"item\":\"https:\/\/omega-bakery.com\/sk\/stroje-a-zarizeni\/suroviny\/\"},{\"@type\":\"ListItem\",\"position\":4,\"name\":\"Zmesi\",\"item\":\"https:\/\/omega-bakery.com\/sk\/stroje-a-zarizeni\/suroviny\/zmesi\/\"},{\"@type\":\"ListItem\",\"position\":5,\"name\":\"Sladk\\u00e9\",\"item\":\"https:\/\/omega-bakery.com\/sk\/stroje-a-zarizeni\/suroviny\/zmesi\/sladke\/\"},{\"@type\":\"ListItem\",\"position\":6,\"name\":\"VITALCO M\\u00fcsl\\u00edk\"}]}]}<\/script>\n<!-- \/ Yoast SEO plugin. -->","yoast_head_json":{"title":"VITALCO M\u00fcsl\u00edk - Omega Bakery","robots":{"index":"index","follow":"follow","max-snippet":"max-snippet:-1","max-image-preview":"max-image-preview:large","max-video-preview":"max-video-preview:-1"},"canonical":"https:\/\/omega-bakery.com\/sk\/produkt\/vitalco-muslik\/","og_locale":"sk_SK","og_type":"article","og_title":"VITALCO M\u00fcsl\u00edk - Omega Bakery","og_description":"Balenie: 10 kg  D\u00e1vkovanie: 100%  Zmes z kvalitn\u00fdch zrn\u00edn, ktor\u00e1 je ur\u010den\u00e1 na v\u00fdrobu \u0161peci\u00e1lnej poch\u00fa\u0165ky na lineckom ceste.  &nbsp;  &nbsp; [...]Read More...","og_url":"https:\/\/omega-bakery.com\/sk\/produkt\/vitalco-muslik\/","og_site_name":"Omega Bakery","og_image":[{"width":316,"height":245,"url":"http:\/\/omega-bakery.com\/sk\/wp-content\/uploads\/2021\/07\/Muslik.png","path":"\/data\/web\/virtuals\/278194\/virtual\/www\/domains\/omega-bakery.com\/sk\/wp-content\/uploads\/2021\/07\/Muslik.png","size":"full","id":1679,"alt":"","pixels":77420,"type":"image\/png"}],"twitter_card":"summary_large_image","schema":{"@context":"https:\/\/schema.org","@graph":[{"@type":"WebSite","@id":"https:\/\/omega-bakery.com\/sk\/#website","url":"https:\/\/omega-bakery.com\/sk\/","name":"Omega Bakery","description":"Dodavatel stroj\u016f a za\u0159\u00edzen\u00ed pro pek\u00e1rny","potentialAction":[{"@type":"SearchAction","target":{"@type":"EntryPoint","urlTemplate":"https:\/\/omega-bakery.com\/sk\/?s={search_term_string}"},"query-input":"required name=search_term_string"}],"inLanguage":"sk-SK"},{"@type":"ImageObject","@id":"https:\/\/omega-bakery.com\/sk\/produkt\/vitalco-muslik\/#primaryimage","inLanguage":"sk-SK","url":"https:\/\/omega-bakery.com\/sk\/wp-content\/uploads\/2021\/07\/Muslik.png","contentUrl":"https:\/\/omega-bakery.com\/sk\/wp-content\/uploads\/2021\/07\/Muslik.png","width":316,"height":245},{"@type":"WebPage","@id":"https:\/\/omega-bakery.com\/sk\/produkt\/vitalco-muslik\/#webpage","url":"https:\/\/omega-bakery.com\/sk\/produkt\/vitalco-muslik\/","name":"VITALCO M\u00fcsl\u00edk - Omega Bakery","isPartOf":{"@id":"https:\/\/omega-bakery.com\/sk\/#website"},"primaryImageOfPage":{"@id":"https:\/\/omega-bakery.com\/sk\/produkt\/vitalco-muslik\/#primaryimage"},"datePublished":"2021-07-27T10:24:48+00:00","dateModified":"2021-07-27T10:24:48+00:00","breadcrumb":{"@id":"https:\/\/omega-bakery.com\/sk\/produkt\/vitalco-muslik\/#breadcrumb"},"inLanguage":"sk-SK","potentialAction":[{"@type":"ReadAction","target":["https:\/\/omega-bakery.com\/sk\/produkt\/vitalco-muslik\/"]}]},{"@type":"BreadcrumbList","@id":"https:\/\/omega-bakery.com\/sk\/produkt\/vitalco-muslik\/#breadcrumb","itemListElement":[{"@type":"ListItem","position":1,"name":"Dom\u016f","item":"https:\/\/omega-bakery.com\/sk\/"},{"@type":"ListItem","position":2,"name":"Stroje a zariadenia","item":"https:\/\/omega-bakery.com\/sk\/stroje-a-zariadenia\/"},{"@type":"ListItem","position":3,"name":"Suroviny","item":"https:\/\/omega-bakery.com\/sk\/stroje-a-zarizeni\/suroviny\/"},{"@type":"ListItem","position":4,"name":"Zmesi","item":"https:\/\/omega-bakery.com\/sk\/stroje-a-zarizeni\/suroviny\/zmesi\/"},{"@type":"ListItem","position":5,"name":"Sladk\u00e9","item":"https:\/\/omega-bakery.com\/sk\/stroje-a-zarizeni\/suroviny\/zmesi\/sladke\/"},{"@type":"ListItem","position":6,"name":"VITALCO M\u00fcsl\u00edk"}]}]}},"_links":{"self":[{"href":"https:\/\/omega-bakery.com\/sk\/wp-json\/wp\/v2\/product\/1678"}],"collection":[{"href":"https:\/\/omega-bakery.com\/sk\/wp-json\/wp\/v2\/product"}],"about":[{"href":"https:\/\/omega-bakery.com\/sk\/wp-json\/wp\/v2\/types\/product"}],"wp:featuredmedia":[{"embeddable":true,"href":"https:\/\/omega-bakery.com\/sk\/wp-json\/wp\/v2\/media\/1679"}],"wp:attachment":[{"href":"https:\/\/omega-bakery.com\/sk\/wp-json\/wp\/v2\/media?parent=1678"}],"curies":[{"name":"wp","href":"https:\/\/api.w.org\/{rel}","templated":true}]}}