{"id":1686,"date":"2021-07-27T12:44:09","date_gmt":"2021-07-27T10:44:09","guid":{"rendered":"http:\/\/omega-bakery.com\/sk\/?post_type=product&#038;p=1686"},"modified":"2021-07-27T12:44:09","modified_gmt":"2021-07-27T10:44:09","slug":"vitalco-siskova-zmes-30","status":"publish","type":"product","link":"https:\/\/omega-bakery.com\/sk\/produkt\/vitalco-siskova-zmes-30\/","title":{"rendered":"VITALCO \u0160i\u0161kov\u00e1 zmes 30%"},"content":{"rendered":"","protected":false},"excerpt":{"rendered":"<p>Balenie: 25 kg<\/p>\n<p>D\u00e1vkovanie: 30% na m\u00faku<\/p>\n<p>Zmes je vhodn\u00e1 na pr\u00edpravu v\u0161etk\u00fdch \u0161i\u0161kov\u00fdch ciest, ako ru\u010dnej tak priemyselnej v\u00fdroby. Fin\u00e1lne v\u00fdrobky dosahuj\u00fa dobr\u00fd objem, lahodn\u00fa chu\u0165 a pr\u00edjemn\u00fa maslov\u00fa v\u00f4\u0148u.<\/p>\n<p>V\u00fdrobky vykazuj\u00fa n\u00edzku absorpciu tuku pri vypr\u00e1\u017ean\u00ed.<\/p>\n<p>&nbsp; [&#8230;]<\/p>\n<p><a class=\"btn btn-secondary understrap-read-more-link\" href=\"https:\/\/omega-bakery.com\/sk\/produkt\/vitalco-siskova-zmes-30\/\">Read More&#8230;<\/a><\/p>\n","protected":false},"featured_media":1687,"template":"","meta":[],"yoast_head":"<!-- This site is optimized with the Yoast SEO plugin v17.1 - https:\/\/yoast.com\/wordpress\/plugins\/seo\/ -->\n<title>VITALCO \u0160i\u0161kov\u00e1 zmes 30% - Omega Bakery<\/title>\n<meta name=\"robots\" content=\"index, follow, max-snippet:-1, max-image-preview:large, max-video-preview:-1\" \/>\n<link rel=\"canonical\" href=\"https:\/\/omega-bakery.com\/sk\/produkt\/vitalco-siskova-zmes-30\/\" \/>\n<meta property=\"og:locale\" content=\"sk_SK\" \/>\n<meta property=\"og:type\" content=\"article\" \/>\n<meta property=\"og:title\" content=\"VITALCO \u0160i\u0161kov\u00e1 zmes 30% - Omega Bakery\" \/>\n<meta property=\"og:description\" content=\"Balenie: 25 kg  D\u00e1vkovanie: 30% na m\u00faku  Zmes je vhodn\u00e1 na pr\u00edpravu v\u0161etk\u00fdch \u0161i\u0161kov\u00fdch ciest, ako ru\u010dnej tak priemyselnej v\u00fdroby. Fin\u00e1lne v\u00fdrobky dosahuj\u00fa dobr\u00fd objem, lahodn\u00fa chu\u0165 a pr\u00edjemn\u00fa maslov\u00fa v\u00f4\u0148u.  V\u00fdrobky vykazuj\u00fa n\u00edzku absorpciu tuku pri vypr\u00e1\u017ean\u00ed.  &nbsp; [...]Read More...\" \/>\n<meta property=\"og:url\" content=\"https:\/\/omega-bakery.com\/sk\/produkt\/vitalco-siskova-zmes-30\/\" \/>\n<meta property=\"og:site_name\" content=\"Omega Bakery\" \/>\n<meta property=\"og:image\" content=\"http:\/\/omega-bakery.com\/sk\/wp-content\/uploads\/2021\/07\/Siskova-zmes.png\" \/>\n\t<meta property=\"og:image:width\" content=\"292\" \/>\n\t<meta property=\"og:image:height\" content=\"226\" \/>\n<meta name=\"twitter:card\" content=\"summary_large_image\" \/>\n<script type=\"application\/ld+json\" class=\"yoast-schema-graph\">{\"@context\":\"https:\/\/schema.org\",\"@graph\":[{\"@type\":\"WebSite\",\"@id\":\"https:\/\/omega-bakery.com\/sk\/#website\",\"url\":\"https:\/\/omega-bakery.com\/sk\/\",\"name\":\"Omega Bakery\",\"description\":\"Dodavatel stroj\\u016f a za\\u0159\\u00edzen\\u00ed pro pek\\u00e1rny\",\"potentialAction\":[{\"@type\":\"SearchAction\",\"target\":{\"@type\":\"EntryPoint\",\"urlTemplate\":\"https:\/\/omega-bakery.com\/sk\/?s={search_term_string}\"},\"query-input\":\"required name=search_term_string\"}],\"inLanguage\":\"sk-SK\"},{\"@type\":\"ImageObject\",\"@id\":\"https:\/\/omega-bakery.com\/sk\/produkt\/vitalco-siskova-zmes-30\/#primaryimage\",\"inLanguage\":\"sk-SK\",\"url\":\"https:\/\/omega-bakery.com\/sk\/wp-content\/uploads\/2021\/07\/Siskova-zmes.png\",\"contentUrl\":\"https:\/\/omega-bakery.com\/sk\/wp-content\/uploads\/2021\/07\/Siskova-zmes.png\",\"width\":292,\"height\":226},{\"@type\":\"WebPage\",\"@id\":\"https:\/\/omega-bakery.com\/sk\/produkt\/vitalco-siskova-zmes-30\/#webpage\",\"url\":\"https:\/\/omega-bakery.com\/sk\/produkt\/vitalco-siskova-zmes-30\/\",\"name\":\"VITALCO \\u0160i\\u0161kov\\u00e1 zmes 30% - Omega Bakery\",\"isPartOf\":{\"@id\":\"https:\/\/omega-bakery.com\/sk\/#website\"},\"primaryImageOfPage\":{\"@id\":\"https:\/\/omega-bakery.com\/sk\/produkt\/vitalco-siskova-zmes-30\/#primaryimage\"},\"datePublished\":\"2021-07-27T10:44:09+00:00\",\"dateModified\":\"2021-07-27T10:44:09+00:00\",\"breadcrumb\":{\"@id\":\"https:\/\/omega-bakery.com\/sk\/produkt\/vitalco-siskova-zmes-30\/#breadcrumb\"},\"inLanguage\":\"sk-SK\",\"potentialAction\":[{\"@type\":\"ReadAction\",\"target\":[\"https:\/\/omega-bakery.com\/sk\/produkt\/vitalco-siskova-zmes-30\/\"]}]},{\"@type\":\"BreadcrumbList\",\"@id\":\"https:\/\/omega-bakery.com\/sk\/produkt\/vitalco-siskova-zmes-30\/#breadcrumb\",\"itemListElement\":[{\"@type\":\"ListItem\",\"position\":1,\"name\":\"Dom\\u016f\",\"item\":\"https:\/\/omega-bakery.com\/sk\/\"},{\"@type\":\"ListItem\",\"position\":2,\"name\":\"Stroje a zariadenia\",\"item\":\"https:\/\/omega-bakery.com\/sk\/stroje-a-zariadenia\/\"},{\"@type\":\"ListItem\",\"position\":3,\"name\":\"Suroviny\",\"item\":\"https:\/\/omega-bakery.com\/sk\/stroje-a-zarizeni\/suroviny\/\"},{\"@type\":\"ListItem\",\"position\":4,\"name\":\"Zmesi\",\"item\":\"https:\/\/omega-bakery.com\/sk\/stroje-a-zarizeni\/suroviny\/zmesi\/\"},{\"@type\":\"ListItem\",\"position\":5,\"name\":\"Sladk\\u00e9\",\"item\":\"https:\/\/omega-bakery.com\/sk\/stroje-a-zarizeni\/suroviny\/zmesi\/sladke\/\"},{\"@type\":\"ListItem\",\"position\":6,\"name\":\"VITALCO \\u0160i\\u0161kov\\u00e1 zmes 30%\"}]}]}<\/script>\n<!-- \/ Yoast SEO plugin. -->","yoast_head_json":{"title":"VITALCO \u0160i\u0161kov\u00e1 zmes 30% - Omega Bakery","robots":{"index":"index","follow":"follow","max-snippet":"max-snippet:-1","max-image-preview":"max-image-preview:large","max-video-preview":"max-video-preview:-1"},"canonical":"https:\/\/omega-bakery.com\/sk\/produkt\/vitalco-siskova-zmes-30\/","og_locale":"sk_SK","og_type":"article","og_title":"VITALCO \u0160i\u0161kov\u00e1 zmes 30% - Omega Bakery","og_description":"Balenie: 25 kg  D\u00e1vkovanie: 30% na m\u00faku  Zmes je vhodn\u00e1 na pr\u00edpravu v\u0161etk\u00fdch \u0161i\u0161kov\u00fdch ciest, ako ru\u010dnej tak priemyselnej v\u00fdroby. Fin\u00e1lne v\u00fdrobky dosahuj\u00fa dobr\u00fd objem, lahodn\u00fa chu\u0165 a pr\u00edjemn\u00fa maslov\u00fa v\u00f4\u0148u.  V\u00fdrobky vykazuj\u00fa n\u00edzku absorpciu tuku pri vypr\u00e1\u017ean\u00ed.  &nbsp; [...]Read More...","og_url":"https:\/\/omega-bakery.com\/sk\/produkt\/vitalco-siskova-zmes-30\/","og_site_name":"Omega Bakery","og_image":[{"width":292,"height":226,"url":"http:\/\/omega-bakery.com\/sk\/wp-content\/uploads\/2021\/07\/Siskova-zmes.png","path":"\/data\/web\/virtuals\/278194\/virtual\/www\/domains\/omega-bakery.com\/sk\/wp-content\/uploads\/2021\/07\/Siskova-zmes.png","size":"full","id":1687,"alt":"","pixels":65992,"type":"image\/png"}],"twitter_card":"summary_large_image","schema":{"@context":"https:\/\/schema.org","@graph":[{"@type":"WebSite","@id":"https:\/\/omega-bakery.com\/sk\/#website","url":"https:\/\/omega-bakery.com\/sk\/","name":"Omega Bakery","description":"Dodavatel stroj\u016f a za\u0159\u00edzen\u00ed pro pek\u00e1rny","potentialAction":[{"@type":"SearchAction","target":{"@type":"EntryPoint","urlTemplate":"https:\/\/omega-bakery.com\/sk\/?s={search_term_string}"},"query-input":"required name=search_term_string"}],"inLanguage":"sk-SK"},{"@type":"ImageObject","@id":"https:\/\/omega-bakery.com\/sk\/produkt\/vitalco-siskova-zmes-30\/#primaryimage","inLanguage":"sk-SK","url":"https:\/\/omega-bakery.com\/sk\/wp-content\/uploads\/2021\/07\/Siskova-zmes.png","contentUrl":"https:\/\/omega-bakery.com\/sk\/wp-content\/uploads\/2021\/07\/Siskova-zmes.png","width":292,"height":226},{"@type":"WebPage","@id":"https:\/\/omega-bakery.com\/sk\/produkt\/vitalco-siskova-zmes-30\/#webpage","url":"https:\/\/omega-bakery.com\/sk\/produkt\/vitalco-siskova-zmes-30\/","name":"VITALCO \u0160i\u0161kov\u00e1 zmes 30% - Omega Bakery","isPartOf":{"@id":"https:\/\/omega-bakery.com\/sk\/#website"},"primaryImageOfPage":{"@id":"https:\/\/omega-bakery.com\/sk\/produkt\/vitalco-siskova-zmes-30\/#primaryimage"},"datePublished":"2021-07-27T10:44:09+00:00","dateModified":"2021-07-27T10:44:09+00:00","breadcrumb":{"@id":"https:\/\/omega-bakery.com\/sk\/produkt\/vitalco-siskova-zmes-30\/#breadcrumb"},"inLanguage":"sk-SK","potentialAction":[{"@type":"ReadAction","target":["https:\/\/omega-bakery.com\/sk\/produkt\/vitalco-siskova-zmes-30\/"]}]},{"@type":"BreadcrumbList","@id":"https:\/\/omega-bakery.com\/sk\/produkt\/vitalco-siskova-zmes-30\/#breadcrumb","itemListElement":[{"@type":"ListItem","position":1,"name":"Dom\u016f","item":"https:\/\/omega-bakery.com\/sk\/"},{"@type":"ListItem","position":2,"name":"Stroje a zariadenia","item":"https:\/\/omega-bakery.com\/sk\/stroje-a-zariadenia\/"},{"@type":"ListItem","position":3,"name":"Suroviny","item":"https:\/\/omega-bakery.com\/sk\/stroje-a-zarizeni\/suroviny\/"},{"@type":"ListItem","position":4,"name":"Zmesi","item":"https:\/\/omega-bakery.com\/sk\/stroje-a-zarizeni\/suroviny\/zmesi\/"},{"@type":"ListItem","position":5,"name":"Sladk\u00e9","item":"https:\/\/omega-bakery.com\/sk\/stroje-a-zarizeni\/suroviny\/zmesi\/sladke\/"},{"@type":"ListItem","position":6,"name":"VITALCO \u0160i\u0161kov\u00e1 zmes 30%"}]}]}},"_links":{"self":[{"href":"https:\/\/omega-bakery.com\/sk\/wp-json\/wp\/v2\/product\/1686"}],"collection":[{"href":"https:\/\/omega-bakery.com\/sk\/wp-json\/wp\/v2\/product"}],"about":[{"href":"https:\/\/omega-bakery.com\/sk\/wp-json\/wp\/v2\/types\/product"}],"wp:featuredmedia":[{"embeddable":true,"href":"https:\/\/omega-bakery.com\/sk\/wp-json\/wp\/v2\/media\/1687"}],"wp:attachment":[{"href":"https:\/\/omega-bakery.com\/sk\/wp-json\/wp\/v2\/media?parent=1686"}],"curies":[{"name":"wp","href":"https:\/\/api.w.org\/{rel}","templated":true}]}}