{"id":1688,"date":"2021-07-27T12:48:57","date_gmt":"2021-07-27T10:48:57","guid":{"rendered":"http:\/\/omega-bakery.com\/sk\/?post_type=product&#038;p=1688"},"modified":"2021-07-27T12:48:58","modified_gmt":"2021-07-27T10:48:58","slug":"vitalco-trena-hmota","status":"publish","type":"product","link":"https:\/\/omega-bakery.com\/sk\/produkt\/vitalco-trena-hmota\/","title":{"rendered":"VITALCO Tren\u00e1 hmota"},"content":{"rendered":"","protected":false},"excerpt":{"rendered":"<p>Balenie: 10 kg<\/p>\n<p>D\u00e1vkovanie: 100%<\/p>\n<p>Kompletn\u00e9 zmesi s\u00fa vhodn\u00e9 na v\u00fdrobu b\u00e1boviek, muffinov a ob\u013e\u00faben\u00fdch rezov s ovoc\u00edm alebo n\u00e1pl\u0148ami.<\/p>\n<p>V\u00fdrobky maj\u00fa prirodzen\u00fa farbu, v\u00f4\u0148u a chu\u0165. Korpus zost\u00e1va po dlh\u00fa dobu vl\u00e1\u010dny.<\/p>\n<p>&nbsp; [&#8230;]<\/p>\n<p><a class=\"btn btn-secondary understrap-read-more-link\" href=\"https:\/\/omega-bakery.com\/sk\/produkt\/vitalco-trena-hmota\/\">Read More&#8230;<\/a><\/p>\n","protected":false},"featured_media":1689,"template":"","meta":[],"yoast_head":"<!-- This site is optimized with the Yoast SEO plugin v17.1 - https:\/\/yoast.com\/wordpress\/plugins\/seo\/ -->\n<title>VITALCO Tren\u00e1 hmota - Omega Bakery<\/title>\n<meta name=\"robots\" content=\"index, follow, max-snippet:-1, max-image-preview:large, max-video-preview:-1\" \/>\n<link rel=\"canonical\" href=\"https:\/\/omega-bakery.com\/sk\/produkt\/vitalco-trena-hmota\/\" \/>\n<meta property=\"og:locale\" content=\"sk_SK\" \/>\n<meta property=\"og:type\" content=\"article\" \/>\n<meta property=\"og:title\" content=\"VITALCO Tren\u00e1 hmota - Omega Bakery\" \/>\n<meta property=\"og:description\" content=\"Balenie: 10 kg  D\u00e1vkovanie: 100%  Kompletn\u00e9 zmesi s\u00fa vhodn\u00e9 na v\u00fdrobu b\u00e1boviek, muffinov a ob\u013e\u00faben\u00fdch rezov s ovoc\u00edm alebo n\u00e1pl\u0148ami.  V\u00fdrobky maj\u00fa prirodzen\u00fa farbu, v\u00f4\u0148u a chu\u0165. Korpus zost\u00e1va po dlh\u00fa dobu vl\u00e1\u010dny.  &nbsp; [...]Read More...\" \/>\n<meta property=\"og:url\" content=\"https:\/\/omega-bakery.com\/sk\/produkt\/vitalco-trena-hmota\/\" \/>\n<meta property=\"og:site_name\" content=\"Omega Bakery\" \/>\n<meta property=\"article:modified_time\" content=\"2021-07-27T10:48:58+00:00\" \/>\n<meta property=\"og:image\" content=\"http:\/\/omega-bakery.com\/sk\/wp-content\/uploads\/2021\/07\/Trena-hmota.png\" \/>\n\t<meta property=\"og:image:width\" content=\"544\" \/>\n\t<meta property=\"og:image:height\" content=\"422\" \/>\n<meta name=\"twitter:card\" content=\"summary_large_image\" \/>\n<script type=\"application\/ld+json\" class=\"yoast-schema-graph\">{\"@context\":\"https:\/\/schema.org\",\"@graph\":[{\"@type\":\"WebSite\",\"@id\":\"https:\/\/omega-bakery.com\/sk\/#website\",\"url\":\"https:\/\/omega-bakery.com\/sk\/\",\"name\":\"Omega Bakery\",\"description\":\"Dodavatel stroj\\u016f a za\\u0159\\u00edzen\\u00ed pro pek\\u00e1rny\",\"potentialAction\":[{\"@type\":\"SearchAction\",\"target\":{\"@type\":\"EntryPoint\",\"urlTemplate\":\"https:\/\/omega-bakery.com\/sk\/?s={search_term_string}\"},\"query-input\":\"required name=search_term_string\"}],\"inLanguage\":\"sk-SK\"},{\"@type\":\"ImageObject\",\"@id\":\"https:\/\/omega-bakery.com\/sk\/produkt\/vitalco-trena-hmota\/#primaryimage\",\"inLanguage\":\"sk-SK\",\"url\":\"https:\/\/omega-bakery.com\/sk\/wp-content\/uploads\/2021\/07\/Trena-hmota.png\",\"contentUrl\":\"https:\/\/omega-bakery.com\/sk\/wp-content\/uploads\/2021\/07\/Trena-hmota.png\",\"width\":544,\"height\":422},{\"@type\":\"WebPage\",\"@id\":\"https:\/\/omega-bakery.com\/sk\/produkt\/vitalco-trena-hmota\/#webpage\",\"url\":\"https:\/\/omega-bakery.com\/sk\/produkt\/vitalco-trena-hmota\/\",\"name\":\"VITALCO Tren\\u00e1 hmota - Omega Bakery\",\"isPartOf\":{\"@id\":\"https:\/\/omega-bakery.com\/sk\/#website\"},\"primaryImageOfPage\":{\"@id\":\"https:\/\/omega-bakery.com\/sk\/produkt\/vitalco-trena-hmota\/#primaryimage\"},\"datePublished\":\"2021-07-27T10:48:57+00:00\",\"dateModified\":\"2021-07-27T10:48:58+00:00\",\"breadcrumb\":{\"@id\":\"https:\/\/omega-bakery.com\/sk\/produkt\/vitalco-trena-hmota\/#breadcrumb\"},\"inLanguage\":\"sk-SK\",\"potentialAction\":[{\"@type\":\"ReadAction\",\"target\":[\"https:\/\/omega-bakery.com\/sk\/produkt\/vitalco-trena-hmota\/\"]}]},{\"@type\":\"BreadcrumbList\",\"@id\":\"https:\/\/omega-bakery.com\/sk\/produkt\/vitalco-trena-hmota\/#breadcrumb\",\"itemListElement\":[{\"@type\":\"ListItem\",\"position\":1,\"name\":\"Dom\\u016f\",\"item\":\"https:\/\/omega-bakery.com\/sk\/\"},{\"@type\":\"ListItem\",\"position\":2,\"name\":\"Stroje a zariadenia\",\"item\":\"https:\/\/omega-bakery.com\/sk\/stroje-a-zariadenia\/\"},{\"@type\":\"ListItem\",\"position\":3,\"name\":\"Suroviny\",\"item\":\"https:\/\/omega-bakery.com\/sk\/stroje-a-zarizeni\/suroviny\/\"},{\"@type\":\"ListItem\",\"position\":4,\"name\":\"Zmesi\",\"item\":\"https:\/\/omega-bakery.com\/sk\/stroje-a-zarizeni\/suroviny\/zmesi\/\"},{\"@type\":\"ListItem\",\"position\":5,\"name\":\"Hotov\\u00e9\",\"item\":\"https:\/\/omega-bakery.com\/sk\/stroje-a-zarizeni\/suroviny\/zmesi\/hotove\/\"},{\"@type\":\"ListItem\",\"position\":6,\"name\":\"VITALCO Tren\\u00e1 hmota\"}]}]}<\/script>\n<!-- \/ Yoast SEO plugin. -->","yoast_head_json":{"title":"VITALCO Tren\u00e1 hmota - Omega Bakery","robots":{"index":"index","follow":"follow","max-snippet":"max-snippet:-1","max-image-preview":"max-image-preview:large","max-video-preview":"max-video-preview:-1"},"canonical":"https:\/\/omega-bakery.com\/sk\/produkt\/vitalco-trena-hmota\/","og_locale":"sk_SK","og_type":"article","og_title":"VITALCO Tren\u00e1 hmota - Omega Bakery","og_description":"Balenie: 10 kg  D\u00e1vkovanie: 100%  Kompletn\u00e9 zmesi s\u00fa vhodn\u00e9 na v\u00fdrobu b\u00e1boviek, muffinov a ob\u013e\u00faben\u00fdch rezov s ovoc\u00edm alebo n\u00e1pl\u0148ami.  V\u00fdrobky maj\u00fa prirodzen\u00fa farbu, v\u00f4\u0148u a chu\u0165. Korpus zost\u00e1va po dlh\u00fa dobu vl\u00e1\u010dny.  &nbsp; [...]Read More...","og_url":"https:\/\/omega-bakery.com\/sk\/produkt\/vitalco-trena-hmota\/","og_site_name":"Omega Bakery","article_modified_time":"2021-07-27T10:48:58+00:00","og_image":[{"width":544,"height":422,"url":"http:\/\/omega-bakery.com\/sk\/wp-content\/uploads\/2021\/07\/Trena-hmota.png","path":"\/data\/web\/virtuals\/278194\/virtual\/www\/domains\/omega-bakery.com\/sk\/wp-content\/uploads\/2021\/07\/Trena-hmota.png","size":"full","id":1689,"alt":"","pixels":229568,"type":"image\/png"}],"twitter_card":"summary_large_image","schema":{"@context":"https:\/\/schema.org","@graph":[{"@type":"WebSite","@id":"https:\/\/omega-bakery.com\/sk\/#website","url":"https:\/\/omega-bakery.com\/sk\/","name":"Omega Bakery","description":"Dodavatel stroj\u016f a za\u0159\u00edzen\u00ed pro pek\u00e1rny","potentialAction":[{"@type":"SearchAction","target":{"@type":"EntryPoint","urlTemplate":"https:\/\/omega-bakery.com\/sk\/?s={search_term_string}"},"query-input":"required name=search_term_string"}],"inLanguage":"sk-SK"},{"@type":"ImageObject","@id":"https:\/\/omega-bakery.com\/sk\/produkt\/vitalco-trena-hmota\/#primaryimage","inLanguage":"sk-SK","url":"https:\/\/omega-bakery.com\/sk\/wp-content\/uploads\/2021\/07\/Trena-hmota.png","contentUrl":"https:\/\/omega-bakery.com\/sk\/wp-content\/uploads\/2021\/07\/Trena-hmota.png","width":544,"height":422},{"@type":"WebPage","@id":"https:\/\/omega-bakery.com\/sk\/produkt\/vitalco-trena-hmota\/#webpage","url":"https:\/\/omega-bakery.com\/sk\/produkt\/vitalco-trena-hmota\/","name":"VITALCO Tren\u00e1 hmota - Omega Bakery","isPartOf":{"@id":"https:\/\/omega-bakery.com\/sk\/#website"},"primaryImageOfPage":{"@id":"https:\/\/omega-bakery.com\/sk\/produkt\/vitalco-trena-hmota\/#primaryimage"},"datePublished":"2021-07-27T10:48:57+00:00","dateModified":"2021-07-27T10:48:58+00:00","breadcrumb":{"@id":"https:\/\/omega-bakery.com\/sk\/produkt\/vitalco-trena-hmota\/#breadcrumb"},"inLanguage":"sk-SK","potentialAction":[{"@type":"ReadAction","target":["https:\/\/omega-bakery.com\/sk\/produkt\/vitalco-trena-hmota\/"]}]},{"@type":"BreadcrumbList","@id":"https:\/\/omega-bakery.com\/sk\/produkt\/vitalco-trena-hmota\/#breadcrumb","itemListElement":[{"@type":"ListItem","position":1,"name":"Dom\u016f","item":"https:\/\/omega-bakery.com\/sk\/"},{"@type":"ListItem","position":2,"name":"Stroje a zariadenia","item":"https:\/\/omega-bakery.com\/sk\/stroje-a-zariadenia\/"},{"@type":"ListItem","position":3,"name":"Suroviny","item":"https:\/\/omega-bakery.com\/sk\/stroje-a-zarizeni\/suroviny\/"},{"@type":"ListItem","position":4,"name":"Zmesi","item":"https:\/\/omega-bakery.com\/sk\/stroje-a-zarizeni\/suroviny\/zmesi\/"},{"@type":"ListItem","position":5,"name":"Hotov\u00e9","item":"https:\/\/omega-bakery.com\/sk\/stroje-a-zarizeni\/suroviny\/zmesi\/hotove\/"},{"@type":"ListItem","position":6,"name":"VITALCO Tren\u00e1 hmota"}]}]}},"_links":{"self":[{"href":"https:\/\/omega-bakery.com\/sk\/wp-json\/wp\/v2\/product\/1688"}],"collection":[{"href":"https:\/\/omega-bakery.com\/sk\/wp-json\/wp\/v2\/product"}],"about":[{"href":"https:\/\/omega-bakery.com\/sk\/wp-json\/wp\/v2\/types\/product"}],"wp:featuredmedia":[{"embeddable":true,"href":"https:\/\/omega-bakery.com\/sk\/wp-json\/wp\/v2\/media\/1689"}],"wp:attachment":[{"href":"https:\/\/omega-bakery.com\/sk\/wp-json\/wp\/v2\/media?parent=1688"}],"curies":[{"name":"wp","href":"https:\/\/api.w.org\/{rel}","templated":true}]}}