{"id":1742,"date":"2021-07-28T12:34:40","date_gmt":"2021-07-28T10:34:40","guid":{"rendered":"http:\/\/omega-bakery.com\/sk\/?post_type=product&#038;p=1742"},"modified":"2021-07-28T15:37:18","modified_gmt":"2021-07-28T13:37:18","slug":"cukor-vitalco-snehulka","status":"publish","type":"product","link":"https:\/\/omega-bakery.com\/sk\/produkt\/cukor-vitalco-snehulka\/","title":{"rendered":"CUKOR: nevlhn\u00faci Vitalco Snehulka"},"content":{"rendered":"","protected":false},"excerpt":{"rendered":"<p>Balenie: 5 kg<\/p>\n<p>Cukrov\u00e1 nevlhn\u00faca zmes na \u0161i\u0161ky a jemn\u00e9 pe\u010divo s \u013eahkou v\u00f4\u0148ou vanilky.<\/p>\n<p>\u0160peci\u00e1lny posyp je mo\u017en\u00e9 aplikova\u0165 i na e\u0161te tepl\u00e9 v\u00fdrobky.<\/p>\n<p>&nbsp; [&#8230;]<\/p>\n<p><a class=\"btn btn-secondary understrap-read-more-link\" href=\"https:\/\/omega-bakery.com\/sk\/produkt\/cukor-vitalco-snehulka\/\">Read More&#8230;<\/a><\/p>\n","protected":false},"featured_media":1743,"template":"","meta":[],"yoast_head":"<!-- This site is optimized with the Yoast SEO plugin v17.1 - https:\/\/yoast.com\/wordpress\/plugins\/seo\/ -->\n<title>CUKOR: nevlhn\u00faci Vitalco Snehulka - Omega Bakery<\/title>\n<meta name=\"robots\" content=\"index, follow, max-snippet:-1, max-image-preview:large, max-video-preview:-1\" \/>\n<link rel=\"canonical\" href=\"https:\/\/omega-bakery.com\/sk\/produkt\/cukor-vitalco-snehulka\/\" \/>\n<meta property=\"og:locale\" content=\"sk_SK\" \/>\n<meta property=\"og:type\" content=\"article\" \/>\n<meta property=\"og:title\" content=\"CUKOR: nevlhn\u00faci Vitalco Snehulka - Omega Bakery\" \/>\n<meta property=\"og:description\" content=\"Balenie: 5 kg  Cukrov\u00e1 nevlhn\u00faca zmes na \u0161i\u0161ky a jemn\u00e9 pe\u010divo s \u013eahkou v\u00f4\u0148ou vanilky.  \u0160peci\u00e1lny posyp je mo\u017en\u00e9 aplikova\u0165 i na e\u0161te tepl\u00e9 v\u00fdrobky.  &nbsp; [...]Read More...\" \/>\n<meta property=\"og:url\" content=\"https:\/\/omega-bakery.com\/sk\/produkt\/cukor-vitalco-snehulka\/\" \/>\n<meta property=\"og:site_name\" content=\"Omega Bakery\" \/>\n<meta property=\"article:modified_time\" content=\"2021-07-28T13:37:18+00:00\" \/>\n<meta property=\"og:image\" content=\"http:\/\/omega-bakery.com\/sk\/wp-content\/uploads\/2021\/07\/Snehulka.png\" \/>\n\t<meta property=\"og:image:width\" content=\"316\" \/>\n\t<meta property=\"og:image:height\" content=\"245\" \/>\n<meta name=\"twitter:card\" content=\"summary_large_image\" \/>\n<script type=\"application\/ld+json\" class=\"yoast-schema-graph\">{\"@context\":\"https:\/\/schema.org\",\"@graph\":[{\"@type\":\"WebSite\",\"@id\":\"https:\/\/omega-bakery.com\/sk\/#website\",\"url\":\"https:\/\/omega-bakery.com\/sk\/\",\"name\":\"Omega Bakery\",\"description\":\"Dodavatel stroj\\u016f a za\\u0159\\u00edzen\\u00ed pro pek\\u00e1rny\",\"potentialAction\":[{\"@type\":\"SearchAction\",\"target\":{\"@type\":\"EntryPoint\",\"urlTemplate\":\"https:\/\/omega-bakery.com\/sk\/?s={search_term_string}\"},\"query-input\":\"required name=search_term_string\"}],\"inLanguage\":\"sk-SK\"},{\"@type\":\"ImageObject\",\"@id\":\"https:\/\/omega-bakery.com\/sk\/produkt\/cukor-vitalco-snehulka\/#primaryimage\",\"inLanguage\":\"sk-SK\",\"url\":\"https:\/\/omega-bakery.com\/sk\/wp-content\/uploads\/2021\/07\/Snehulka.png\",\"contentUrl\":\"https:\/\/omega-bakery.com\/sk\/wp-content\/uploads\/2021\/07\/Snehulka.png\",\"width\":316,\"height\":245},{\"@type\":\"WebPage\",\"@id\":\"https:\/\/omega-bakery.com\/sk\/produkt\/cukor-vitalco-snehulka\/#webpage\",\"url\":\"https:\/\/omega-bakery.com\/sk\/produkt\/cukor-vitalco-snehulka\/\",\"name\":\"CUKOR: nevlhn\\u00faci Vitalco Snehulka - Omega Bakery\",\"isPartOf\":{\"@id\":\"https:\/\/omega-bakery.com\/sk\/#website\"},\"primaryImageOfPage\":{\"@id\":\"https:\/\/omega-bakery.com\/sk\/produkt\/cukor-vitalco-snehulka\/#primaryimage\"},\"datePublished\":\"2021-07-28T10:34:40+00:00\",\"dateModified\":\"2021-07-28T13:37:18+00:00\",\"breadcrumb\":{\"@id\":\"https:\/\/omega-bakery.com\/sk\/produkt\/cukor-vitalco-snehulka\/#breadcrumb\"},\"inLanguage\":\"sk-SK\",\"potentialAction\":[{\"@type\":\"ReadAction\",\"target\":[\"https:\/\/omega-bakery.com\/sk\/produkt\/cukor-vitalco-snehulka\/\"]}]},{\"@type\":\"BreadcrumbList\",\"@id\":\"https:\/\/omega-bakery.com\/sk\/produkt\/cukor-vitalco-snehulka\/#breadcrumb\",\"itemListElement\":[{\"@type\":\"ListItem\",\"position\":1,\"name\":\"Dom\\u016f\",\"item\":\"https:\/\/omega-bakery.com\/sk\/\"},{\"@type\":\"ListItem\",\"position\":2,\"name\":\"Stroje a zariadenia\",\"item\":\"https:\/\/omega-bakery.com\/sk\/stroje-a-zariadenia\/\"},{\"@type\":\"ListItem\",\"position\":3,\"name\":\"Suroviny\",\"item\":\"https:\/\/omega-bakery.com\/sk\/stroje-a-zarizeni\/suroviny\/\"},{\"@type\":\"ListItem\",\"position\":4,\"name\":\"A in\\u00e9\",\"item\":\"https:\/\/omega-bakery.com\/sk\/stroje-a-zarizeni\/suroviny\/a-ine-suroviny\/\"},{\"@type\":\"ListItem\",\"position\":5,\"name\":\"CUKOR: nevlhn\\u00faci Vitalco Snehulka\"}]}]}<\/script>\n<!-- \/ Yoast SEO plugin. -->","yoast_head_json":{"title":"CUKOR: nevlhn\u00faci Vitalco Snehulka - Omega Bakery","robots":{"index":"index","follow":"follow","max-snippet":"max-snippet:-1","max-image-preview":"max-image-preview:large","max-video-preview":"max-video-preview:-1"},"canonical":"https:\/\/omega-bakery.com\/sk\/produkt\/cukor-vitalco-snehulka\/","og_locale":"sk_SK","og_type":"article","og_title":"CUKOR: nevlhn\u00faci Vitalco Snehulka - Omega Bakery","og_description":"Balenie: 5 kg  Cukrov\u00e1 nevlhn\u00faca zmes na \u0161i\u0161ky a jemn\u00e9 pe\u010divo s \u013eahkou v\u00f4\u0148ou vanilky.  \u0160peci\u00e1lny posyp je mo\u017en\u00e9 aplikova\u0165 i na e\u0161te tepl\u00e9 v\u00fdrobky.  &nbsp; [...]Read More...","og_url":"https:\/\/omega-bakery.com\/sk\/produkt\/cukor-vitalco-snehulka\/","og_site_name":"Omega Bakery","article_modified_time":"2021-07-28T13:37:18+00:00","og_image":[{"width":316,"height":245,"url":"http:\/\/omega-bakery.com\/sk\/wp-content\/uploads\/2021\/07\/Snehulka.png","path":"\/data\/web\/virtuals\/278194\/virtual\/www\/domains\/omega-bakery.com\/sk\/wp-content\/uploads\/2021\/07\/Snehulka.png","size":"full","id":1743,"alt":"","pixels":77420,"type":"image\/png"}],"twitter_card":"summary_large_image","schema":{"@context":"https:\/\/schema.org","@graph":[{"@type":"WebSite","@id":"https:\/\/omega-bakery.com\/sk\/#website","url":"https:\/\/omega-bakery.com\/sk\/","name":"Omega Bakery","description":"Dodavatel stroj\u016f a za\u0159\u00edzen\u00ed pro pek\u00e1rny","potentialAction":[{"@type":"SearchAction","target":{"@type":"EntryPoint","urlTemplate":"https:\/\/omega-bakery.com\/sk\/?s={search_term_string}"},"query-input":"required name=search_term_string"}],"inLanguage":"sk-SK"},{"@type":"ImageObject","@id":"https:\/\/omega-bakery.com\/sk\/produkt\/cukor-vitalco-snehulka\/#primaryimage","inLanguage":"sk-SK","url":"https:\/\/omega-bakery.com\/sk\/wp-content\/uploads\/2021\/07\/Snehulka.png","contentUrl":"https:\/\/omega-bakery.com\/sk\/wp-content\/uploads\/2021\/07\/Snehulka.png","width":316,"height":245},{"@type":"WebPage","@id":"https:\/\/omega-bakery.com\/sk\/produkt\/cukor-vitalco-snehulka\/#webpage","url":"https:\/\/omega-bakery.com\/sk\/produkt\/cukor-vitalco-snehulka\/","name":"CUKOR: nevlhn\u00faci Vitalco Snehulka - Omega Bakery","isPartOf":{"@id":"https:\/\/omega-bakery.com\/sk\/#website"},"primaryImageOfPage":{"@id":"https:\/\/omega-bakery.com\/sk\/produkt\/cukor-vitalco-snehulka\/#primaryimage"},"datePublished":"2021-07-28T10:34:40+00:00","dateModified":"2021-07-28T13:37:18+00:00","breadcrumb":{"@id":"https:\/\/omega-bakery.com\/sk\/produkt\/cukor-vitalco-snehulka\/#breadcrumb"},"inLanguage":"sk-SK","potentialAction":[{"@type":"ReadAction","target":["https:\/\/omega-bakery.com\/sk\/produkt\/cukor-vitalco-snehulka\/"]}]},{"@type":"BreadcrumbList","@id":"https:\/\/omega-bakery.com\/sk\/produkt\/cukor-vitalco-snehulka\/#breadcrumb","itemListElement":[{"@type":"ListItem","position":1,"name":"Dom\u016f","item":"https:\/\/omega-bakery.com\/sk\/"},{"@type":"ListItem","position":2,"name":"Stroje a zariadenia","item":"https:\/\/omega-bakery.com\/sk\/stroje-a-zariadenia\/"},{"@type":"ListItem","position":3,"name":"Suroviny","item":"https:\/\/omega-bakery.com\/sk\/stroje-a-zarizeni\/suroviny\/"},{"@type":"ListItem","position":4,"name":"A in\u00e9","item":"https:\/\/omega-bakery.com\/sk\/stroje-a-zarizeni\/suroviny\/a-ine-suroviny\/"},{"@type":"ListItem","position":5,"name":"CUKOR: nevlhn\u00faci Vitalco Snehulka"}]}]}},"_links":{"self":[{"href":"https:\/\/omega-bakery.com\/sk\/wp-json\/wp\/v2\/product\/1742"}],"collection":[{"href":"https:\/\/omega-bakery.com\/sk\/wp-json\/wp\/v2\/product"}],"about":[{"href":"https:\/\/omega-bakery.com\/sk\/wp-json\/wp\/v2\/types\/product"}],"wp:featuredmedia":[{"embeddable":true,"href":"https:\/\/omega-bakery.com\/sk\/wp-json\/wp\/v2\/media\/1743"}],"wp:attachment":[{"href":"https:\/\/omega-bakery.com\/sk\/wp-json\/wp\/v2\/media?parent=1742"}],"curies":[{"name":"wp","href":"https:\/\/api.w.org\/{rel}","templated":true}]}}