{"id":1754,"date":"2021-07-28T15:02:36","date_gmt":"2021-07-28T13:02:36","guid":{"rendered":"http:\/\/omega-bakery.com\/sk\/?post_type=product&#038;p=1754"},"modified":"2021-07-28T15:02:36","modified_gmt":"2021-07-28T13:02:36","slug":"cukor-skoricovy","status":"publish","type":"product","link":"https:\/\/omega-bakery.com\/sk\/produkt\/cukor-skoricovy\/","title":{"rendered":"CUKOR: \u0161koricov\u00fd"},"content":{"rendered":"","protected":false},"excerpt":{"rendered":"<p>Balenie: 5 kg<\/p>\n<p>\u0160koricov\u00fd cukor s obsahom \u0161korice 5%. [&#8230;]<\/p>\n<p><a class=\"btn btn-secondary understrap-read-more-link\" href=\"https:\/\/omega-bakery.com\/sk\/produkt\/cukor-skoricovy\/\">Read More&#8230;<\/a><\/p>\n","protected":false},"featured_media":1755,"template":"","meta":[],"yoast_head":"<!-- This site is optimized with the Yoast SEO plugin v17.1 - https:\/\/yoast.com\/wordpress\/plugins\/seo\/ -->\n<title>CUKOR: \u0161koricov\u00fd - Omega Bakery<\/title>\n<meta name=\"robots\" content=\"index, follow, max-snippet:-1, max-image-preview:large, max-video-preview:-1\" \/>\n<link rel=\"canonical\" href=\"https:\/\/omega-bakery.com\/sk\/produkt\/cukor-skoricovy\/\" \/>\n<meta property=\"og:locale\" content=\"sk_SK\" \/>\n<meta property=\"og:type\" content=\"article\" \/>\n<meta property=\"og:title\" content=\"CUKOR: \u0161koricov\u00fd - Omega Bakery\" \/>\n<meta property=\"og:description\" content=\"Balenie: 5 kg  \u0160koricov\u00fd cukor s obsahom \u0161korice 5%. [...]Read More...\" \/>\n<meta property=\"og:url\" content=\"https:\/\/omega-bakery.com\/sk\/produkt\/cukor-skoricovy\/\" \/>\n<meta property=\"og:site_name\" content=\"Omega Bakery\" \/>\n<meta property=\"og:image\" content=\"http:\/\/omega-bakery.com\/sk\/wp-content\/uploads\/2021\/07\/Fabio-skoricovy-cukor-5-kg.jpg\" \/>\n\t<meta property=\"og:image:width\" content=\"480\" \/>\n\t<meta property=\"og:image:height\" content=\"503\" \/>\n<meta name=\"twitter:card\" content=\"summary_large_image\" \/>\n<script type=\"application\/ld+json\" class=\"yoast-schema-graph\">{\"@context\":\"https:\/\/schema.org\",\"@graph\":[{\"@type\":\"WebSite\",\"@id\":\"https:\/\/omega-bakery.com\/sk\/#website\",\"url\":\"https:\/\/omega-bakery.com\/sk\/\",\"name\":\"Omega Bakery\",\"description\":\"Dodavatel stroj\\u016f a za\\u0159\\u00edzen\\u00ed pro pek\\u00e1rny\",\"potentialAction\":[{\"@type\":\"SearchAction\",\"target\":{\"@type\":\"EntryPoint\",\"urlTemplate\":\"https:\/\/omega-bakery.com\/sk\/?s={search_term_string}\"},\"query-input\":\"required name=search_term_string\"}],\"inLanguage\":\"sk-SK\"},{\"@type\":\"ImageObject\",\"@id\":\"https:\/\/omega-bakery.com\/sk\/produkt\/cukor-skoricovy\/#primaryimage\",\"inLanguage\":\"sk-SK\",\"url\":\"https:\/\/omega-bakery.com\/sk\/wp-content\/uploads\/2021\/07\/Fabio-skoricovy-cukor-5-kg.jpg\",\"contentUrl\":\"https:\/\/omega-bakery.com\/sk\/wp-content\/uploads\/2021\/07\/Fabio-skoricovy-cukor-5-kg.jpg\",\"width\":480,\"height\":503},{\"@type\":\"WebPage\",\"@id\":\"https:\/\/omega-bakery.com\/sk\/produkt\/cukor-skoricovy\/#webpage\",\"url\":\"https:\/\/omega-bakery.com\/sk\/produkt\/cukor-skoricovy\/\",\"name\":\"CUKOR: \\u0161koricov\\u00fd - Omega Bakery\",\"isPartOf\":{\"@id\":\"https:\/\/omega-bakery.com\/sk\/#website\"},\"primaryImageOfPage\":{\"@id\":\"https:\/\/omega-bakery.com\/sk\/produkt\/cukor-skoricovy\/#primaryimage\"},\"datePublished\":\"2021-07-28T13:02:36+00:00\",\"dateModified\":\"2021-07-28T13:02:36+00:00\",\"breadcrumb\":{\"@id\":\"https:\/\/omega-bakery.com\/sk\/produkt\/cukor-skoricovy\/#breadcrumb\"},\"inLanguage\":\"sk-SK\",\"potentialAction\":[{\"@type\":\"ReadAction\",\"target\":[\"https:\/\/omega-bakery.com\/sk\/produkt\/cukor-skoricovy\/\"]}]},{\"@type\":\"BreadcrumbList\",\"@id\":\"https:\/\/omega-bakery.com\/sk\/produkt\/cukor-skoricovy\/#breadcrumb\",\"itemListElement\":[{\"@type\":\"ListItem\",\"position\":1,\"name\":\"Dom\\u016f\",\"item\":\"https:\/\/omega-bakery.com\/sk\/\"},{\"@type\":\"ListItem\",\"position\":2,\"name\":\"Stroje a zariadenia\",\"item\":\"https:\/\/omega-bakery.com\/sk\/stroje-a-zariadenia\/\"},{\"@type\":\"ListItem\",\"position\":3,\"name\":\"Suroviny\",\"item\":\"https:\/\/omega-bakery.com\/sk\/stroje-a-zarizeni\/suroviny\/\"},{\"@type\":\"ListItem\",\"position\":4,\"name\":\"A in\\u00e9\",\"item\":\"https:\/\/omega-bakery.com\/sk\/stroje-a-zarizeni\/suroviny\/a-ine-suroviny\/\"},{\"@type\":\"ListItem\",\"position\":5,\"name\":\"CUKOR: \\u0161koricov\\u00fd\"}]}]}<\/script>\n<!-- \/ Yoast SEO plugin. -->","yoast_head_json":{"title":"CUKOR: \u0161koricov\u00fd - Omega Bakery","robots":{"index":"index","follow":"follow","max-snippet":"max-snippet:-1","max-image-preview":"max-image-preview:large","max-video-preview":"max-video-preview:-1"},"canonical":"https:\/\/omega-bakery.com\/sk\/produkt\/cukor-skoricovy\/","og_locale":"sk_SK","og_type":"article","og_title":"CUKOR: \u0161koricov\u00fd - Omega Bakery","og_description":"Balenie: 5 kg  \u0160koricov\u00fd cukor s obsahom \u0161korice 5%. [...]Read More...","og_url":"https:\/\/omega-bakery.com\/sk\/produkt\/cukor-skoricovy\/","og_site_name":"Omega Bakery","og_image":[{"width":480,"height":503,"url":"http:\/\/omega-bakery.com\/sk\/wp-content\/uploads\/2021\/07\/Fabio-skoricovy-cukor-5-kg.jpg","path":"\/data\/web\/virtuals\/278194\/virtual\/www\/domains\/omega-bakery.com\/sk\/wp-content\/uploads\/2021\/07\/Fabio-skoricovy-cukor-5-kg.jpg","size":"full","id":1755,"alt":"","pixels":241440,"type":"image\/jpeg"}],"twitter_card":"summary_large_image","schema":{"@context":"https:\/\/schema.org","@graph":[{"@type":"WebSite","@id":"https:\/\/omega-bakery.com\/sk\/#website","url":"https:\/\/omega-bakery.com\/sk\/","name":"Omega Bakery","description":"Dodavatel stroj\u016f a za\u0159\u00edzen\u00ed pro pek\u00e1rny","potentialAction":[{"@type":"SearchAction","target":{"@type":"EntryPoint","urlTemplate":"https:\/\/omega-bakery.com\/sk\/?s={search_term_string}"},"query-input":"required name=search_term_string"}],"inLanguage":"sk-SK"},{"@type":"ImageObject","@id":"https:\/\/omega-bakery.com\/sk\/produkt\/cukor-skoricovy\/#primaryimage","inLanguage":"sk-SK","url":"https:\/\/omega-bakery.com\/sk\/wp-content\/uploads\/2021\/07\/Fabio-skoricovy-cukor-5-kg.jpg","contentUrl":"https:\/\/omega-bakery.com\/sk\/wp-content\/uploads\/2021\/07\/Fabio-skoricovy-cukor-5-kg.jpg","width":480,"height":503},{"@type":"WebPage","@id":"https:\/\/omega-bakery.com\/sk\/produkt\/cukor-skoricovy\/#webpage","url":"https:\/\/omega-bakery.com\/sk\/produkt\/cukor-skoricovy\/","name":"CUKOR: \u0161koricov\u00fd - Omega Bakery","isPartOf":{"@id":"https:\/\/omega-bakery.com\/sk\/#website"},"primaryImageOfPage":{"@id":"https:\/\/omega-bakery.com\/sk\/produkt\/cukor-skoricovy\/#primaryimage"},"datePublished":"2021-07-28T13:02:36+00:00","dateModified":"2021-07-28T13:02:36+00:00","breadcrumb":{"@id":"https:\/\/omega-bakery.com\/sk\/produkt\/cukor-skoricovy\/#breadcrumb"},"inLanguage":"sk-SK","potentialAction":[{"@type":"ReadAction","target":["https:\/\/omega-bakery.com\/sk\/produkt\/cukor-skoricovy\/"]}]},{"@type":"BreadcrumbList","@id":"https:\/\/omega-bakery.com\/sk\/produkt\/cukor-skoricovy\/#breadcrumb","itemListElement":[{"@type":"ListItem","position":1,"name":"Dom\u016f","item":"https:\/\/omega-bakery.com\/sk\/"},{"@type":"ListItem","position":2,"name":"Stroje a zariadenia","item":"https:\/\/omega-bakery.com\/sk\/stroje-a-zariadenia\/"},{"@type":"ListItem","position":3,"name":"Suroviny","item":"https:\/\/omega-bakery.com\/sk\/stroje-a-zarizeni\/suroviny\/"},{"@type":"ListItem","position":4,"name":"A in\u00e9","item":"https:\/\/omega-bakery.com\/sk\/stroje-a-zarizeni\/suroviny\/a-ine-suroviny\/"},{"@type":"ListItem","position":5,"name":"CUKOR: \u0161koricov\u00fd"}]}]}},"_links":{"self":[{"href":"https:\/\/omega-bakery.com\/sk\/wp-json\/wp\/v2\/product\/1754"}],"collection":[{"href":"https:\/\/omega-bakery.com\/sk\/wp-json\/wp\/v2\/product"}],"about":[{"href":"https:\/\/omega-bakery.com\/sk\/wp-json\/wp\/v2\/types\/product"}],"wp:featuredmedia":[{"embeddable":true,"href":"https:\/\/omega-bakery.com\/sk\/wp-json\/wp\/v2\/media\/1755"}],"wp:attachment":[{"href":"https:\/\/omega-bakery.com\/sk\/wp-json\/wp\/v2\/media?parent=1754"}],"curies":[{"name":"wp","href":"https:\/\/api.w.org\/{rel}","templated":true}]}}