{"id":1758,"date":"2021-07-28T15:32:09","date_gmt":"2021-07-28T13:32:09","guid":{"rendered":"http:\/\/omega-bakery.com\/sk\/?post_type=product&#038;p=1758"},"modified":"2021-07-28T15:35:27","modified_gmt":"2021-07-28T13:35:27","slug":"cukor-nevlhnuci-dolomiti","status":"publish","type":"product","link":"https:\/\/omega-bakery.com\/sk\/produkt\/cukor-nevlhnuci-dolomiti\/","title":{"rendered":"CUKOR: nevlhn\u00faci Dolomiti"},"content":{"rendered":"","protected":false},"excerpt":{"rendered":"<p>Balenie: 20 kg (4 x 5 kg)<\/p>\n<p>Biely jemn\u00fd pr\u00e1\u0161ok, jemne aromatizovan\u00fd, vhodn\u00fd na popr\u00e1\u0161enie cukr\u00e1rskych v\u00fdrobkov s vlastnos\u0165ou zachovania svojej \u0161trukt\u00fary a kompaktn\u00e9ho povrchu.<br \/>\nNevlhn\u00faci cukor DOLOMITI neobsahuje farbiv\u00e1 a chemick\u00e9 pr\u00edsady. V\u010faka tejto vlastnosti je vhodn\u00fd k popr\u00e1\u0161eniu v\u00fdrobkov, ktor\u00e9 sa pe\u010d\u00fa v peci alebo sma\u017eia (napr. b\u00e1bovky, \u0161i\u0161ky ..) [&#8230;]<\/p>\n<p><a class=\"btn btn-secondary understrap-read-more-link\" href=\"https:\/\/omega-bakery.com\/sk\/produkt\/cukor-nevlhnuci-dolomiti\/\">Read More&#8230;<\/a><\/p>\n","protected":false},"featured_media":1760,"template":"","meta":[],"yoast_head":"<!-- This site is optimized with the Yoast SEO plugin v17.1 - https:\/\/yoast.com\/wordpress\/plugins\/seo\/ -->\n<title>CUKOR: nevlhn\u00faci Dolomiti - Omega Bakery<\/title>\n<meta name=\"robots\" content=\"index, follow, max-snippet:-1, max-image-preview:large, max-video-preview:-1\" \/>\n<link rel=\"canonical\" href=\"https:\/\/omega-bakery.com\/sk\/produkt\/cukor-nevlhnuci-dolomiti\/\" \/>\n<meta property=\"og:locale\" content=\"sk_SK\" \/>\n<meta property=\"og:type\" content=\"article\" \/>\n<meta property=\"og:title\" content=\"CUKOR: nevlhn\u00faci Dolomiti - Omega Bakery\" \/>\n<meta property=\"og:description\" content=\"Balenie: 20 kg (4 x 5 kg)  Biely jemn\u00fd pr\u00e1\u0161ok, jemne aromatizovan\u00fd, vhodn\u00fd na popr\u00e1\u0161enie cukr\u00e1rskych v\u00fdrobkov s vlastnos\u0165ou zachovania svojej \u0161trukt\u00fary a kompaktn\u00e9ho povrchu. Nevlhn\u00faci cukor DOLOMITI neobsahuje farbiv\u00e1 a chemick\u00e9 pr\u00edsady. V\u010faka tejto vlastnosti je vhodn\u00fd k popr\u00e1\u0161eniu v\u00fdrobkov, ktor\u00e9 sa pe\u010d\u00fa v peci alebo sma\u017eia (napr. b\u00e1bovky, \u0161i\u0161ky ..) [...]Read More...\" \/>\n<meta property=\"og:url\" content=\"https:\/\/omega-bakery.com\/sk\/produkt\/cukor-nevlhnuci-dolomiti\/\" \/>\n<meta property=\"og:site_name\" content=\"Omega Bakery\" \/>\n<meta property=\"article:modified_time\" content=\"2021-07-28T13:35:27+00:00\" \/>\n<meta property=\"og:image\" content=\"http:\/\/omega-bakery.com\/sk\/wp-content\/uploads\/2021\/07\/Dolomity.jpg\" \/>\n\t<meta property=\"og:image:width\" content=\"600\" \/>\n\t<meta property=\"og:image:height\" content=\"600\" \/>\n<meta name=\"twitter:card\" content=\"summary_large_image\" \/>\n<script type=\"application\/ld+json\" class=\"yoast-schema-graph\">{\"@context\":\"https:\/\/schema.org\",\"@graph\":[{\"@type\":\"WebSite\",\"@id\":\"https:\/\/omega-bakery.com\/sk\/#website\",\"url\":\"https:\/\/omega-bakery.com\/sk\/\",\"name\":\"Omega Bakery\",\"description\":\"Dodavatel stroj\\u016f a za\\u0159\\u00edzen\\u00ed pro pek\\u00e1rny\",\"potentialAction\":[{\"@type\":\"SearchAction\",\"target\":{\"@type\":\"EntryPoint\",\"urlTemplate\":\"https:\/\/omega-bakery.com\/sk\/?s={search_term_string}\"},\"query-input\":\"required name=search_term_string\"}],\"inLanguage\":\"sk-SK\"},{\"@type\":\"ImageObject\",\"@id\":\"https:\/\/omega-bakery.com\/sk\/produkt\/cukor-nevlhnuci-dolomiti\/#primaryimage\",\"inLanguage\":\"sk-SK\",\"url\":\"https:\/\/omega-bakery.com\/sk\/wp-content\/uploads\/2021\/07\/Dolomity.jpg\",\"contentUrl\":\"https:\/\/omega-bakery.com\/sk\/wp-content\/uploads\/2021\/07\/Dolomity.jpg\",\"width\":600,\"height\":600},{\"@type\":\"WebPage\",\"@id\":\"https:\/\/omega-bakery.com\/sk\/produkt\/cukor-nevlhnuci-dolomiti\/#webpage\",\"url\":\"https:\/\/omega-bakery.com\/sk\/produkt\/cukor-nevlhnuci-dolomiti\/\",\"name\":\"CUKOR: nevlhn\\u00faci Dolomiti - Omega Bakery\",\"isPartOf\":{\"@id\":\"https:\/\/omega-bakery.com\/sk\/#website\"},\"primaryImageOfPage\":{\"@id\":\"https:\/\/omega-bakery.com\/sk\/produkt\/cukor-nevlhnuci-dolomiti\/#primaryimage\"},\"datePublished\":\"2021-07-28T13:32:09+00:00\",\"dateModified\":\"2021-07-28T13:35:27+00:00\",\"breadcrumb\":{\"@id\":\"https:\/\/omega-bakery.com\/sk\/produkt\/cukor-nevlhnuci-dolomiti\/#breadcrumb\"},\"inLanguage\":\"sk-SK\",\"potentialAction\":[{\"@type\":\"ReadAction\",\"target\":[\"https:\/\/omega-bakery.com\/sk\/produkt\/cukor-nevlhnuci-dolomiti\/\"]}]},{\"@type\":\"BreadcrumbList\",\"@id\":\"https:\/\/omega-bakery.com\/sk\/produkt\/cukor-nevlhnuci-dolomiti\/#breadcrumb\",\"itemListElement\":[{\"@type\":\"ListItem\",\"position\":1,\"name\":\"Dom\\u016f\",\"item\":\"https:\/\/omega-bakery.com\/sk\/\"},{\"@type\":\"ListItem\",\"position\":2,\"name\":\"Stroje a zariadenia\",\"item\":\"https:\/\/omega-bakery.com\/sk\/stroje-a-zariadenia\/\"},{\"@type\":\"ListItem\",\"position\":3,\"name\":\"Suroviny\",\"item\":\"https:\/\/omega-bakery.com\/sk\/stroje-a-zarizeni\/suroviny\/\"},{\"@type\":\"ListItem\",\"position\":4,\"name\":\"A in\\u00e9\",\"item\":\"https:\/\/omega-bakery.com\/sk\/stroje-a-zarizeni\/suroviny\/a-ine-suroviny\/\"},{\"@type\":\"ListItem\",\"position\":5,\"name\":\"CUKOR: nevlhn\\u00faci Dolomiti\"}]}]}<\/script>\n<!-- \/ Yoast SEO plugin. -->","yoast_head_json":{"title":"CUKOR: nevlhn\u00faci Dolomiti - Omega Bakery","robots":{"index":"index","follow":"follow","max-snippet":"max-snippet:-1","max-image-preview":"max-image-preview:large","max-video-preview":"max-video-preview:-1"},"canonical":"https:\/\/omega-bakery.com\/sk\/produkt\/cukor-nevlhnuci-dolomiti\/","og_locale":"sk_SK","og_type":"article","og_title":"CUKOR: nevlhn\u00faci Dolomiti - Omega Bakery","og_description":"Balenie: 20 kg (4 x 5 kg)  Biely jemn\u00fd pr\u00e1\u0161ok, jemne aromatizovan\u00fd, vhodn\u00fd na popr\u00e1\u0161enie cukr\u00e1rskych v\u00fdrobkov s vlastnos\u0165ou zachovania svojej \u0161trukt\u00fary a kompaktn\u00e9ho povrchu. Nevlhn\u00faci cukor DOLOMITI neobsahuje farbiv\u00e1 a chemick\u00e9 pr\u00edsady. V\u010faka tejto vlastnosti je vhodn\u00fd k popr\u00e1\u0161eniu v\u00fdrobkov, ktor\u00e9 sa pe\u010d\u00fa v peci alebo sma\u017eia (napr. b\u00e1bovky, \u0161i\u0161ky ..) [...]Read More...","og_url":"https:\/\/omega-bakery.com\/sk\/produkt\/cukor-nevlhnuci-dolomiti\/","og_site_name":"Omega Bakery","article_modified_time":"2021-07-28T13:35:27+00:00","og_image":[{"width":600,"height":600,"url":"http:\/\/omega-bakery.com\/sk\/wp-content\/uploads\/2021\/07\/Dolomity.jpg","path":"\/data\/web\/virtuals\/278194\/virtual\/www\/domains\/omega-bakery.com\/sk\/wp-content\/uploads\/2021\/07\/Dolomity.jpg","size":"full","id":1760,"alt":"","pixels":360000,"type":"image\/jpeg"}],"twitter_card":"summary_large_image","schema":{"@context":"https:\/\/schema.org","@graph":[{"@type":"WebSite","@id":"https:\/\/omega-bakery.com\/sk\/#website","url":"https:\/\/omega-bakery.com\/sk\/","name":"Omega Bakery","description":"Dodavatel stroj\u016f a za\u0159\u00edzen\u00ed pro pek\u00e1rny","potentialAction":[{"@type":"SearchAction","target":{"@type":"EntryPoint","urlTemplate":"https:\/\/omega-bakery.com\/sk\/?s={search_term_string}"},"query-input":"required name=search_term_string"}],"inLanguage":"sk-SK"},{"@type":"ImageObject","@id":"https:\/\/omega-bakery.com\/sk\/produkt\/cukor-nevlhnuci-dolomiti\/#primaryimage","inLanguage":"sk-SK","url":"https:\/\/omega-bakery.com\/sk\/wp-content\/uploads\/2021\/07\/Dolomity.jpg","contentUrl":"https:\/\/omega-bakery.com\/sk\/wp-content\/uploads\/2021\/07\/Dolomity.jpg","width":600,"height":600},{"@type":"WebPage","@id":"https:\/\/omega-bakery.com\/sk\/produkt\/cukor-nevlhnuci-dolomiti\/#webpage","url":"https:\/\/omega-bakery.com\/sk\/produkt\/cukor-nevlhnuci-dolomiti\/","name":"CUKOR: nevlhn\u00faci Dolomiti - Omega Bakery","isPartOf":{"@id":"https:\/\/omega-bakery.com\/sk\/#website"},"primaryImageOfPage":{"@id":"https:\/\/omega-bakery.com\/sk\/produkt\/cukor-nevlhnuci-dolomiti\/#primaryimage"},"datePublished":"2021-07-28T13:32:09+00:00","dateModified":"2021-07-28T13:35:27+00:00","breadcrumb":{"@id":"https:\/\/omega-bakery.com\/sk\/produkt\/cukor-nevlhnuci-dolomiti\/#breadcrumb"},"inLanguage":"sk-SK","potentialAction":[{"@type":"ReadAction","target":["https:\/\/omega-bakery.com\/sk\/produkt\/cukor-nevlhnuci-dolomiti\/"]}]},{"@type":"BreadcrumbList","@id":"https:\/\/omega-bakery.com\/sk\/produkt\/cukor-nevlhnuci-dolomiti\/#breadcrumb","itemListElement":[{"@type":"ListItem","position":1,"name":"Dom\u016f","item":"https:\/\/omega-bakery.com\/sk\/"},{"@type":"ListItem","position":2,"name":"Stroje a zariadenia","item":"https:\/\/omega-bakery.com\/sk\/stroje-a-zariadenia\/"},{"@type":"ListItem","position":3,"name":"Suroviny","item":"https:\/\/omega-bakery.com\/sk\/stroje-a-zarizeni\/suroviny\/"},{"@type":"ListItem","position":4,"name":"A in\u00e9","item":"https:\/\/omega-bakery.com\/sk\/stroje-a-zarizeni\/suroviny\/a-ine-suroviny\/"},{"@type":"ListItem","position":5,"name":"CUKOR: nevlhn\u00faci Dolomiti"}]}]}},"_links":{"self":[{"href":"https:\/\/omega-bakery.com\/sk\/wp-json\/wp\/v2\/product\/1758"}],"collection":[{"href":"https:\/\/omega-bakery.com\/sk\/wp-json\/wp\/v2\/product"}],"about":[{"href":"https:\/\/omega-bakery.com\/sk\/wp-json\/wp\/v2\/types\/product"}],"wp:featuredmedia":[{"embeddable":true,"href":"https:\/\/omega-bakery.com\/sk\/wp-json\/wp\/v2\/media\/1760"}],"wp:attachment":[{"href":"https:\/\/omega-bakery.com\/sk\/wp-json\/wp\/v2\/media?parent=1758"}],"curies":[{"name":"wp","href":"https:\/\/api.w.org\/{rel}","templated":true}]}}