{"id":1791,"date":"2021-09-01T14:23:17","date_gmt":"2021-09-01T12:23:17","guid":{"rendered":"http:\/\/omega-bakery.com\/sk\/?post_type=product&#038;p=1791"},"modified":"2024-10-31T14:10:50","modified_gmt":"2024-10-31T12:10:50","slug":"wachtel-piccolo-pro","status":"publish","type":"product","link":"https:\/\/omega-bakery.com\/sk\/produkt\/wachtel-piccolo-pro\/","title":{"rendered":"Wachtel Piccolo PRO"},"content":{"rendered":"","protected":false},"excerpt":{"rendered":"<p>je n\u00e1stupcom legend\u00e1rnej elektrickej et\u00e1\u017eovej pece PICCOLO, Wachtel, Nemecko<\/p>\n<p>typy \u00a0Piccolo PRO Mini, \u00a0\u00a0Piccolo PRO I \u00a0a \u00a0IQ, \u00a0\u00a0Piccolo PRO II \u00a0a \u00a0II S<\/p>\n<p>Voliteln\u011b v prevedeniu nerez lebo \u010diernom<\/p>\n<p><strong>Hlavn\u00e9 znaky:<\/strong><\/p>\n<ul>\n<li>Pece PICCOLO PRO poskytuj\u00fa lep\u0161ie v\u00fdsledky pe\u010denia kombin\u00e1ciou nov\u00fdch technol\u00f3gi\u00ed firmy Wachtel,<br \/>\nMULTI ZONE BAKING a POWER STEAM<\/li>\n<li>MULTI ZONE BAKING \u2013 \u0161tyri teplotn\u00e9 senzory so \u0161tyrmi samostatne riaden\u00fdmi ohrevn\u00fdmi z\u00f3nami na ka\u017ed\u00fa<br \/>\net\u00e1\u017e, ktor\u00e1 zabra\u0148uje zv\u00fd\u0161en\u00e9mu n\u00e1rastu tepla v zadnej \u010dasti pece<\/li>\n<li>POWER STEAM \u2013 inovovan\u00e9 zariadenie na v\u00fdrobu v\u00e4\u010d\u0161ieho mno\u017estva pary ako predt\u00fdm<\/li>\n<li><strong>\u00daspora energie: na z\u00e1klade rozsiahlych testov certifikoval nemeck\u00fd \u00fastav VDE \u00fasporu energie pri peci Piccolo PRO a\u017e 33,6%<\/strong><\/li>\n<\/ul>\n<p>Viac inform\u00e1ci\u00ed o tejto rozpekacej peci n\u00e1jdete v prilo\u017eenom let\u00e1ku <a href=\"http:\/\/omega-bakery.com\/sk\/wp-content\/uploads\/2021\/09\/Wachtel-Piccolo-PRO-0823.pdf\" target=\"_blank\" rel=\"noopener\">TU<\/a> [&#8230;]<\/p>\n<p><a class=\"btn btn-secondary understrap-read-more-link\" href=\"https:\/\/omega-bakery.com\/sk\/produkt\/wachtel-piccolo-pro\/\">Read More&#8230;<\/a><\/p>\n","protected":false},"featured_media":1793,"template":"","meta":[],"yoast_head":"<!-- This site is optimized with the Yoast SEO plugin v17.1 - https:\/\/yoast.com\/wordpress\/plugins\/seo\/ -->\n<title>Wachtel Piccolo PRO - Omega Bakery<\/title>\n<meta name=\"robots\" content=\"index, follow, max-snippet:-1, max-image-preview:large, max-video-preview:-1\" \/>\n<link rel=\"canonical\" href=\"https:\/\/omega-bakery.com\/sk\/produkt\/wachtel-piccolo-pro\/\" \/>\n<meta property=\"og:locale\" content=\"sk_SK\" \/>\n<meta property=\"og:type\" content=\"article\" \/>\n<meta property=\"og:title\" content=\"Wachtel Piccolo PRO - Omega Bakery\" \/>\n<meta property=\"og:description\" content=\"je n\u00e1stupcom legend\u00e1rnej elektrickej et\u00e1\u017eovej pece PICCOLO, Wachtel, Nemecko  typy \u00a0Piccolo PRO Mini, \u00a0\u00a0Piccolo PRO I \u00a0a \u00a0IQ, \u00a0\u00a0Piccolo PRO II \u00a0a \u00a0II S  Voliteln\u011b v prevedeniu nerez lebo \u010diernom  Hlavn\u00e9 znaky:   Pece PICCOLO PRO poskytuj\u00fa lep\u0161ie v\u00fdsledky pe\u010denia kombin\u00e1ciou nov\u00fdch technol\u00f3gi\u00ed firmy Wachtel, MULTI ZONE BAKING a POWER STEAM  MULTI ZONE BAKING \u2013 \u0161tyri teplotn\u00e9 senzory so \u0161tyrmi samostatne riaden\u00fdmi ohrevn\u00fdmi z\u00f3nami na ka\u017ed\u00fa et\u00e1\u017e, ktor\u00e1 zabra\u0148uje zv\u00fd\u0161en\u00e9mu n\u00e1rastu tepla v zadnej \u010dasti pece  POWER STEAM \u2013 inovovan\u00e9 zariadenie na v\u00fdrobu v\u00e4\u010d\u0161ieho mno\u017estva pary ako predt\u00fdm  \u00daspora energie: na z\u00e1klade rozsiahlych testov certifikoval nemeck\u00fd \u00fastav VDE \u00fasporu energie pri peci Piccolo PRO a\u017e 33,6%  Viac inform\u00e1ci\u00ed o tejto rozpekacej peci n\u00e1jdete v prilo\u017eenom let\u00e1ku TU [...]Read More...\" \/>\n<meta property=\"og:url\" content=\"https:\/\/omega-bakery.com\/sk\/produkt\/wachtel-piccolo-pro\/\" \/>\n<meta property=\"og:site_name\" content=\"Omega Bakery\" \/>\n<meta property=\"article:modified_time\" content=\"2024-10-31T12:10:50+00:00\" \/>\n<meta property=\"og:image\" content=\"http:\/\/omega-bakery.com\/sk\/wp-content\/uploads\/2021\/09\/PICCOLO_PRO-a-e1630499330948.png\" \/>\n\t<meta property=\"og:image:width\" content=\"310\" \/>\n\t<meta property=\"og:image:height\" content=\"590\" \/>\n<meta name=\"twitter:card\" content=\"summary_large_image\" \/>\n<script type=\"application\/ld+json\" class=\"yoast-schema-graph\">{\"@context\":\"https:\/\/schema.org\",\"@graph\":[{\"@type\":\"WebSite\",\"@id\":\"https:\/\/omega-bakery.com\/sk\/#website\",\"url\":\"https:\/\/omega-bakery.com\/sk\/\",\"name\":\"Omega Bakery\",\"description\":\"Dodavatel stroj\\u016f a za\\u0159\\u00edzen\\u00ed pro pek\\u00e1rny\",\"potentialAction\":[{\"@type\":\"SearchAction\",\"target\":{\"@type\":\"EntryPoint\",\"urlTemplate\":\"https:\/\/omega-bakery.com\/sk\/?s={search_term_string}\"},\"query-input\":\"required name=search_term_string\"}],\"inLanguage\":\"sk-SK\"},{\"@type\":\"ImageObject\",\"@id\":\"https:\/\/omega-bakery.com\/sk\/produkt\/wachtel-piccolo-pro\/#primaryimage\",\"inLanguage\":\"sk-SK\",\"url\":\"https:\/\/omega-bakery.com\/sk\/wp-content\/uploads\/2021\/09\/PICCOLO_PRO-a-e1630499330948.png\",\"contentUrl\":\"https:\/\/omega-bakery.com\/sk\/wp-content\/uploads\/2021\/09\/PICCOLO_PRO-a-e1630499330948.png\",\"width\":310,\"height\":590},{\"@type\":\"WebPage\",\"@id\":\"https:\/\/omega-bakery.com\/sk\/produkt\/wachtel-piccolo-pro\/#webpage\",\"url\":\"https:\/\/omega-bakery.com\/sk\/produkt\/wachtel-piccolo-pro\/\",\"name\":\"Wachtel Piccolo PRO - Omega Bakery\",\"isPartOf\":{\"@id\":\"https:\/\/omega-bakery.com\/sk\/#website\"},\"primaryImageOfPage\":{\"@id\":\"https:\/\/omega-bakery.com\/sk\/produkt\/wachtel-piccolo-pro\/#primaryimage\"},\"datePublished\":\"2021-09-01T12:23:17+00:00\",\"dateModified\":\"2024-10-31T12:10:50+00:00\",\"breadcrumb\":{\"@id\":\"https:\/\/omega-bakery.com\/sk\/produkt\/wachtel-piccolo-pro\/#breadcrumb\"},\"inLanguage\":\"sk-SK\",\"potentialAction\":[{\"@type\":\"ReadAction\",\"target\":[\"https:\/\/omega-bakery.com\/sk\/produkt\/wachtel-piccolo-pro\/\"]}]},{\"@type\":\"BreadcrumbList\",\"@id\":\"https:\/\/omega-bakery.com\/sk\/produkt\/wachtel-piccolo-pro\/#breadcrumb\",\"itemListElement\":[{\"@type\":\"ListItem\",\"position\":1,\"name\":\"Dom\\u016f\",\"item\":\"https:\/\/omega-bakery.com\/sk\/\"},{\"@type\":\"ListItem\",\"position\":2,\"name\":\"Stroje a zariadenia\",\"item\":\"https:\/\/omega-bakery.com\/sk\/stroje-a-zariadenia\/\"},{\"@type\":\"ListItem\",\"position\":3,\"name\":\"Pece\",\"item\":\"https:\/\/omega-bakery.com\/sk\/stroje-a-zarizeni\/pece\/\"},{\"@type\":\"ListItem\",\"position\":4,\"name\":\"Pece rozpekacie\",\"item\":\"http:\/\/omega-bakery.com\/sk\/stroje-a-zarizeni\/pece\/pece-rozpekacie\/\"},{\"@type\":\"ListItem\",\"position\":5,\"name\":\"Wachtel Piccolo PRO\"}]}]}<\/script>\n<!-- \/ Yoast SEO plugin. -->","yoast_head_json":{"title":"Wachtel Piccolo PRO - Omega Bakery","robots":{"index":"index","follow":"follow","max-snippet":"max-snippet:-1","max-image-preview":"max-image-preview:large","max-video-preview":"max-video-preview:-1"},"canonical":"https:\/\/omega-bakery.com\/sk\/produkt\/wachtel-piccolo-pro\/","og_locale":"sk_SK","og_type":"article","og_title":"Wachtel Piccolo PRO - Omega Bakery","og_description":"je n\u00e1stupcom legend\u00e1rnej elektrickej et\u00e1\u017eovej pece PICCOLO, Wachtel, Nemecko  typy \u00a0Piccolo PRO Mini, \u00a0\u00a0Piccolo PRO I \u00a0a \u00a0IQ, \u00a0\u00a0Piccolo PRO II \u00a0a \u00a0II S  Voliteln\u011b v prevedeniu nerez lebo \u010diernom  Hlavn\u00e9 znaky:   Pece PICCOLO PRO poskytuj\u00fa lep\u0161ie v\u00fdsledky pe\u010denia kombin\u00e1ciou nov\u00fdch technol\u00f3gi\u00ed firmy Wachtel, MULTI ZONE BAKING a POWER STEAM  MULTI ZONE BAKING \u2013 \u0161tyri teplotn\u00e9 senzory so \u0161tyrmi samostatne riaden\u00fdmi ohrevn\u00fdmi z\u00f3nami na ka\u017ed\u00fa et\u00e1\u017e, ktor\u00e1 zabra\u0148uje zv\u00fd\u0161en\u00e9mu n\u00e1rastu tepla v zadnej \u010dasti pece  POWER STEAM \u2013 inovovan\u00e9 zariadenie na v\u00fdrobu v\u00e4\u010d\u0161ieho mno\u017estva pary ako predt\u00fdm  \u00daspora energie: na z\u00e1klade rozsiahlych testov certifikoval nemeck\u00fd \u00fastav VDE \u00fasporu energie pri peci Piccolo PRO a\u017e 33,6%  Viac inform\u00e1ci\u00ed o tejto rozpekacej peci n\u00e1jdete v prilo\u017eenom let\u00e1ku TU [...]Read More...","og_url":"https:\/\/omega-bakery.com\/sk\/produkt\/wachtel-piccolo-pro\/","og_site_name":"Omega Bakery","article_modified_time":"2024-10-31T12:10:50+00:00","og_image":[{"width":310,"height":590,"url":"http:\/\/omega-bakery.com\/sk\/wp-content\/uploads\/2021\/09\/PICCOLO_PRO-a-e1630499330948.png","path":"\/data\/web\/virtuals\/278194\/virtual\/www\/domains\/omega-bakery.com\/sk\/wp-content\/uploads\/2021\/09\/PICCOLO_PRO-a-e1630499330948.png","size":"full","id":1793,"alt":"","pixels":182900,"type":"image\/png"}],"twitter_card":"summary_large_image","schema":{"@context":"https:\/\/schema.org","@graph":[{"@type":"WebSite","@id":"https:\/\/omega-bakery.com\/sk\/#website","url":"https:\/\/omega-bakery.com\/sk\/","name":"Omega Bakery","description":"Dodavatel stroj\u016f a za\u0159\u00edzen\u00ed pro pek\u00e1rny","potentialAction":[{"@type":"SearchAction","target":{"@type":"EntryPoint","urlTemplate":"https:\/\/omega-bakery.com\/sk\/?s={search_term_string}"},"query-input":"required name=search_term_string"}],"inLanguage":"sk-SK"},{"@type":"ImageObject","@id":"https:\/\/omega-bakery.com\/sk\/produkt\/wachtel-piccolo-pro\/#primaryimage","inLanguage":"sk-SK","url":"https:\/\/omega-bakery.com\/sk\/wp-content\/uploads\/2021\/09\/PICCOLO_PRO-a-e1630499330948.png","contentUrl":"https:\/\/omega-bakery.com\/sk\/wp-content\/uploads\/2021\/09\/PICCOLO_PRO-a-e1630499330948.png","width":310,"height":590},{"@type":"WebPage","@id":"https:\/\/omega-bakery.com\/sk\/produkt\/wachtel-piccolo-pro\/#webpage","url":"https:\/\/omega-bakery.com\/sk\/produkt\/wachtel-piccolo-pro\/","name":"Wachtel Piccolo PRO - Omega Bakery","isPartOf":{"@id":"https:\/\/omega-bakery.com\/sk\/#website"},"primaryImageOfPage":{"@id":"https:\/\/omega-bakery.com\/sk\/produkt\/wachtel-piccolo-pro\/#primaryimage"},"datePublished":"2021-09-01T12:23:17+00:00","dateModified":"2024-10-31T12:10:50+00:00","breadcrumb":{"@id":"https:\/\/omega-bakery.com\/sk\/produkt\/wachtel-piccolo-pro\/#breadcrumb"},"inLanguage":"sk-SK","potentialAction":[{"@type":"ReadAction","target":["https:\/\/omega-bakery.com\/sk\/produkt\/wachtel-piccolo-pro\/"]}]},{"@type":"BreadcrumbList","@id":"https:\/\/omega-bakery.com\/sk\/produkt\/wachtel-piccolo-pro\/#breadcrumb","itemListElement":[{"@type":"ListItem","position":1,"name":"Dom\u016f","item":"https:\/\/omega-bakery.com\/sk\/"},{"@type":"ListItem","position":2,"name":"Stroje a zariadenia","item":"https:\/\/omega-bakery.com\/sk\/stroje-a-zariadenia\/"},{"@type":"ListItem","position":3,"name":"Pece","item":"https:\/\/omega-bakery.com\/sk\/stroje-a-zarizeni\/pece\/"},{"@type":"ListItem","position":4,"name":"Pece rozpekacie","item":"http:\/\/omega-bakery.com\/sk\/stroje-a-zarizeni\/pece\/pece-rozpekacie\/"},{"@type":"ListItem","position":5,"name":"Wachtel Piccolo PRO"}]}]}},"_links":{"self":[{"href":"https:\/\/omega-bakery.com\/sk\/wp-json\/wp\/v2\/product\/1791"}],"collection":[{"href":"https:\/\/omega-bakery.com\/sk\/wp-json\/wp\/v2\/product"}],"about":[{"href":"https:\/\/omega-bakery.com\/sk\/wp-json\/wp\/v2\/types\/product"}],"wp:featuredmedia":[{"embeddable":true,"href":"https:\/\/omega-bakery.com\/sk\/wp-json\/wp\/v2\/media\/1793"}],"wp:attachment":[{"href":"https:\/\/omega-bakery.com\/sk\/wp-json\/wp\/v2\/media?parent=1791"}],"curies":[{"name":"wp","href":"https:\/\/api.w.org\/{rel}","templated":true}]}}