{"id":1882,"date":"2021-10-11T11:48:43","date_gmt":"2021-10-11T09:48:43","guid":{"rendered":"http:\/\/omega-bakery.com\/sk\/?post_type=product&#038;p=1882"},"modified":"2022-06-09T14:58:33","modified_gmt":"2022-06-09T12:58:33","slug":"etazova-pec-haussler-labomat-60-80","status":"publish","type":"product","link":"https:\/\/omega-bakery.com\/sk\/produkt\/etazova-pec-haussler-labomat-60-80\/","title":{"rendered":"et\u00e1\u017eov\u00e1 pec Haussler Labomat 60\/80"},"content":{"rendered":"","protected":false},"excerpt":{"rendered":"<table border=\"1\" cellspacing=\"0\" cellpadding=\"0\">\n<tbody>\n<tr>\n<td>\n<p align=\"center\"><strong>Poradov\u00e9 \u010d\u00edslo<\/strong><\/p>\n<\/td>\n<td>\n<p align=\"center\"><strong>CZ<\/strong><\/p>\n<\/td>\n<td rowspan=\"8\">\n<p align=\"center\">\n<\/td>\n<\/tr>\n<tr>\n<td>\n<p align=\"center\"><strong>Stroj<\/strong><\/p>\n<\/td>\n<td>\n<p align=\"center\"><strong>et\u00e1\u017eov\u00e1 pr\u016fchoz\u00ed <\/strong><\/p>\n<p align=\"center\"><strong>pec Haussler, elektro,<\/strong><\/p>\n<p align=\"center\"><strong>\u010delo proveden\u00ed &#8222;Rusti&#8220; do prodejny,\u00a0<\/strong><\/p>\n<p align=\"center\"><strong>zadn\u00ed \u010d\u00e1st proveden\u00ed nerez do pek\u00e1rny\u00a0<\/strong><\/p>\n<\/td>\n<\/tr>\n<tr>\n<td>\n<p align=\"center\"><strong>Typ stroja<\/strong><\/p>\n<\/td>\n<td>\n<p align=\"center\"><strong>Labomat LBO 60\/80<\/strong><\/p>\n<\/td>\n<\/tr>\n<tr>\n<td>\n<p align=\"center\"><strong>V\u00fdrobn\u00e9 \u010d\u00edslo<\/strong><\/p>\n<\/td>\n<td>\n<p align=\"center\">0040 0909<\/p>\n<\/td>\n<\/tr>\n<tr>\n<td>\n<p align=\"center\"><strong>Pozn\u00e1mka<\/strong><\/p>\n<\/td>\n<td>\n<p style=\"text-align: center\" align=\"center\">pe\u010dn\u00e1 plocha 60&#215;80 cm,<\/p>\n<p style=\"text-align: center\" align=\"center\">p\u0159\u00edkon 8,3 kW\/400V<\/p>\n<\/td>\n<\/tr>\n<tr>\n<td>\n<p align=\"center\"><strong>Cena<\/strong><\/p>\n<\/td>\n<td>\n<p align=\"center\"><strong>dohodou \/ +420 731 614 724<\/strong><\/p>\n<\/td>\n<\/tr>\n<tr>\n<td>\n<p align=\"center\"><strong>Rok v\u00fdroby<\/strong><\/p>\n<\/td>\n<td>\n<p align=\"center\"><strong>2012<\/strong><\/p>\n<\/td>\n<\/tr>\n<tr>\n<td>\n<p align=\"center\"><strong>V\u00fdrobca<\/strong><\/p>\n<\/td>\n<td>\n<p align=\"center\"><strong>Haussler, Nemecko<\/strong><\/p>\n<\/td>\n<\/tr>\n<\/tbody>\n<\/table>\n<p> [&#8230;]<\/p>\n<p><a class=\"btn btn-secondary understrap-read-more-link\" href=\"https:\/\/omega-bakery.com\/sk\/produkt\/etazova-pec-haussler-labomat-60-80\/\">Read More&#8230;<\/a><\/p>\n","protected":false},"featured_media":1883,"template":"","meta":[],"yoast_head":"<!-- This site is optimized with the Yoast SEO plugin v17.1 - https:\/\/yoast.com\/wordpress\/plugins\/seo\/ -->\n<title>et\u00e1\u017eov\u00e1 pec Haussler Labomat 60\/80 - Omega Bakery<\/title>\n<meta name=\"robots\" content=\"index, follow, max-snippet:-1, max-image-preview:large, max-video-preview:-1\" \/>\n<link rel=\"canonical\" href=\"http:\/\/omega-bakery.com\/sk\/produkt\/etazova-pec-haussler-labomat-60-80\/\" \/>\n<meta property=\"og:locale\" content=\"sk_SK\" \/>\n<meta property=\"og:type\" content=\"article\" \/>\n<meta property=\"og:title\" content=\"et\u00e1\u017eov\u00e1 pec Haussler Labomat 60\/80 - Omega Bakery\" \/>\n<meta property=\"og:description\" content=\"Poradov\u00e9 \u010d\u00edslo   CZ        Stroj   et\u00e1\u017eov\u00e1 pr\u016fchoz\u00ed  pec Haussler, elektro, \u010delo proveden\u00ed &quot;Rusti&quot; do prodejny,\u00a0 zadn\u00ed \u010d\u00e1st proveden\u00ed nerez do pek\u00e1rny\u00a0     Typ stroja   Labomat LBO 60\/80     V\u00fdrobn\u00e9 \u010d\u00edslo   0040 0909     Pozn\u00e1mka   pe\u010dn\u00e1 plocha 60x80 cm, p\u0159\u00edkon 8,3 kW\/400V     Cena   dohodou \/ +420 731 614 724     Rok v\u00fdroby   2012     V\u00fdrobca   Haussler, Nemecko     [...]Read More...\" \/>\n<meta property=\"og:url\" content=\"http:\/\/omega-bakery.com\/sk\/produkt\/etazova-pec-haussler-labomat-60-80\/\" \/>\n<meta property=\"og:site_name\" content=\"Omega Bakery\" \/>\n<meta property=\"article:modified_time\" content=\"2022-06-09T12:58:33+00:00\" \/>\n<meta property=\"og:image\" content=\"http:\/\/omega-bakery.com\/sk\/wp-content\/uploads\/2021\/10\/Labomat-1.jpg\" \/>\n\t<meta property=\"og:image:width\" content=\"1365\" \/>\n\t<meta property=\"og:image:height\" content=\"721\" \/>\n<meta name=\"twitter:card\" content=\"summary_large_image\" \/>\n<script type=\"application\/ld+json\" class=\"yoast-schema-graph\">{\"@context\":\"https:\/\/schema.org\",\"@graph\":[{\"@type\":\"WebSite\",\"@id\":\"https:\/\/omega-bakery.com\/sk\/#website\",\"url\":\"https:\/\/omega-bakery.com\/sk\/\",\"name\":\"Omega Bakery\",\"description\":\"Dodavatel stroj\\u016f a za\\u0159\\u00edzen\\u00ed pro pek\\u00e1rny\",\"potentialAction\":[{\"@type\":\"SearchAction\",\"target\":{\"@type\":\"EntryPoint\",\"urlTemplate\":\"https:\/\/omega-bakery.com\/sk\/?s={search_term_string}\"},\"query-input\":\"required name=search_term_string\"}],\"inLanguage\":\"sk-SK\"},{\"@type\":\"ImageObject\",\"@id\":\"http:\/\/omega-bakery.com\/sk\/produkt\/etazova-pec-haussler-labomat-60-80\/#primaryimage\",\"inLanguage\":\"sk-SK\",\"url\":\"https:\/\/omega-bakery.com\/sk\/wp-content\/uploads\/2021\/10\/Labomat-1.jpg\",\"contentUrl\":\"https:\/\/omega-bakery.com\/sk\/wp-content\/uploads\/2021\/10\/Labomat-1.jpg\",\"width\":1365,\"height\":721},{\"@type\":\"WebPage\",\"@id\":\"http:\/\/omega-bakery.com\/sk\/produkt\/etazova-pec-haussler-labomat-60-80\/#webpage\",\"url\":\"http:\/\/omega-bakery.com\/sk\/produkt\/etazova-pec-haussler-labomat-60-80\/\",\"name\":\"et\\u00e1\\u017eov\\u00e1 pec Haussler Labomat 60\/80 - Omega Bakery\",\"isPartOf\":{\"@id\":\"https:\/\/omega-bakery.com\/sk\/#website\"},\"primaryImageOfPage\":{\"@id\":\"http:\/\/omega-bakery.com\/sk\/produkt\/etazova-pec-haussler-labomat-60-80\/#primaryimage\"},\"datePublished\":\"2021-10-11T09:48:43+00:00\",\"dateModified\":\"2022-06-09T12:58:33+00:00\",\"breadcrumb\":{\"@id\":\"http:\/\/omega-bakery.com\/sk\/produkt\/etazova-pec-haussler-labomat-60-80\/#breadcrumb\"},\"inLanguage\":\"sk-SK\",\"potentialAction\":[{\"@type\":\"ReadAction\",\"target\":[\"http:\/\/omega-bakery.com\/sk\/produkt\/etazova-pec-haussler-labomat-60-80\/\"]}]},{\"@type\":\"BreadcrumbList\",\"@id\":\"http:\/\/omega-bakery.com\/sk\/produkt\/etazova-pec-haussler-labomat-60-80\/#breadcrumb\",\"itemListElement\":[{\"@type\":\"ListItem\",\"position\":1,\"name\":\"Dom\\u016f\",\"item\":\"https:\/\/omega-bakery.com\/sk\/\"},{\"@type\":\"ListItem\",\"position\":2,\"name\":\"Stroje a zariadenia\",\"item\":\"https:\/\/omega-bakery.com\/sk\/stroje-a-zariadenia\/\"},{\"@type\":\"ListItem\",\"position\":3,\"name\":\"Baz\\u00e1r\",\"item\":\"https:\/\/omega-bakery.com\/sk\/stroje-a-zarizeni\/bazar\/\"},{\"@type\":\"ListItem\",\"position\":4,\"name\":\"Pece\",\"item\":\"http:\/\/omega-bakery.com\/sk\/stroje-a-zarizeni\/bazar\/pece-bazar\/\"},{\"@type\":\"ListItem\",\"position\":5,\"name\":\"et\\u00e1\\u017eov\\u00e1 pec Haussler Labomat 60\/80\"}]}]}<\/script>\n<!-- \/ Yoast SEO plugin. -->","yoast_head_json":{"title":"et\u00e1\u017eov\u00e1 pec Haussler Labomat 60\/80 - Omega Bakery","robots":{"index":"index","follow":"follow","max-snippet":"max-snippet:-1","max-image-preview":"max-image-preview:large","max-video-preview":"max-video-preview:-1"},"canonical":"http:\/\/omega-bakery.com\/sk\/produkt\/etazova-pec-haussler-labomat-60-80\/","og_locale":"sk_SK","og_type":"article","og_title":"et\u00e1\u017eov\u00e1 pec Haussler Labomat 60\/80 - Omega Bakery","og_description":"Poradov\u00e9 \u010d\u00edslo   CZ        Stroj   et\u00e1\u017eov\u00e1 pr\u016fchoz\u00ed  pec Haussler, elektro, \u010delo proveden\u00ed \"Rusti\" do prodejny,\u00a0 zadn\u00ed \u010d\u00e1st proveden\u00ed nerez do pek\u00e1rny\u00a0     Typ stroja   Labomat LBO 60\/80     V\u00fdrobn\u00e9 \u010d\u00edslo   0040 0909     Pozn\u00e1mka   pe\u010dn\u00e1 plocha 60x80 cm, p\u0159\u00edkon 8,3 kW\/400V     Cena   dohodou \/ +420 731 614 724     Rok v\u00fdroby   2012     V\u00fdrobca   Haussler, Nemecko     [...]Read More...","og_url":"http:\/\/omega-bakery.com\/sk\/produkt\/etazova-pec-haussler-labomat-60-80\/","og_site_name":"Omega Bakery","article_modified_time":"2022-06-09T12:58:33+00:00","og_image":[{"width":1365,"height":721,"url":"http:\/\/omega-bakery.com\/sk\/wp-content\/uploads\/2021\/10\/Labomat-1.jpg","path":"\/data\/web\/virtuals\/278194\/virtual\/www\/domains\/omega-bakery.com\/sk\/wp-content\/uploads\/2021\/10\/Labomat-1.jpg","size":"full","id":1883,"alt":"","pixels":984165,"type":"image\/jpeg"}],"twitter_card":"summary_large_image","schema":{"@context":"https:\/\/schema.org","@graph":[{"@type":"WebSite","@id":"https:\/\/omega-bakery.com\/sk\/#website","url":"https:\/\/omega-bakery.com\/sk\/","name":"Omega Bakery","description":"Dodavatel stroj\u016f a za\u0159\u00edzen\u00ed pro pek\u00e1rny","potentialAction":[{"@type":"SearchAction","target":{"@type":"EntryPoint","urlTemplate":"https:\/\/omega-bakery.com\/sk\/?s={search_term_string}"},"query-input":"required name=search_term_string"}],"inLanguage":"sk-SK"},{"@type":"ImageObject","@id":"http:\/\/omega-bakery.com\/sk\/produkt\/etazova-pec-haussler-labomat-60-80\/#primaryimage","inLanguage":"sk-SK","url":"https:\/\/omega-bakery.com\/sk\/wp-content\/uploads\/2021\/10\/Labomat-1.jpg","contentUrl":"https:\/\/omega-bakery.com\/sk\/wp-content\/uploads\/2021\/10\/Labomat-1.jpg","width":1365,"height":721},{"@type":"WebPage","@id":"http:\/\/omega-bakery.com\/sk\/produkt\/etazova-pec-haussler-labomat-60-80\/#webpage","url":"http:\/\/omega-bakery.com\/sk\/produkt\/etazova-pec-haussler-labomat-60-80\/","name":"et\u00e1\u017eov\u00e1 pec Haussler Labomat 60\/80 - Omega Bakery","isPartOf":{"@id":"https:\/\/omega-bakery.com\/sk\/#website"},"primaryImageOfPage":{"@id":"http:\/\/omega-bakery.com\/sk\/produkt\/etazova-pec-haussler-labomat-60-80\/#primaryimage"},"datePublished":"2021-10-11T09:48:43+00:00","dateModified":"2022-06-09T12:58:33+00:00","breadcrumb":{"@id":"http:\/\/omega-bakery.com\/sk\/produkt\/etazova-pec-haussler-labomat-60-80\/#breadcrumb"},"inLanguage":"sk-SK","potentialAction":[{"@type":"ReadAction","target":["http:\/\/omega-bakery.com\/sk\/produkt\/etazova-pec-haussler-labomat-60-80\/"]}]},{"@type":"BreadcrumbList","@id":"http:\/\/omega-bakery.com\/sk\/produkt\/etazova-pec-haussler-labomat-60-80\/#breadcrumb","itemListElement":[{"@type":"ListItem","position":1,"name":"Dom\u016f","item":"https:\/\/omega-bakery.com\/sk\/"},{"@type":"ListItem","position":2,"name":"Stroje a zariadenia","item":"https:\/\/omega-bakery.com\/sk\/stroje-a-zariadenia\/"},{"@type":"ListItem","position":3,"name":"Baz\u00e1r","item":"https:\/\/omega-bakery.com\/sk\/stroje-a-zarizeni\/bazar\/"},{"@type":"ListItem","position":4,"name":"Pece","item":"http:\/\/omega-bakery.com\/sk\/stroje-a-zarizeni\/bazar\/pece-bazar\/"},{"@type":"ListItem","position":5,"name":"et\u00e1\u017eov\u00e1 pec Haussler Labomat 60\/80"}]}]}},"_links":{"self":[{"href":"https:\/\/omega-bakery.com\/sk\/wp-json\/wp\/v2\/product\/1882"}],"collection":[{"href":"https:\/\/omega-bakery.com\/sk\/wp-json\/wp\/v2\/product"}],"about":[{"href":"https:\/\/omega-bakery.com\/sk\/wp-json\/wp\/v2\/types\/product"}],"wp:featuredmedia":[{"embeddable":true,"href":"https:\/\/omega-bakery.com\/sk\/wp-json\/wp\/v2\/media\/1883"}],"wp:attachment":[{"href":"https:\/\/omega-bakery.com\/sk\/wp-json\/wp\/v2\/media?parent=1882"}],"curies":[{"name":"wp","href":"https:\/\/api.w.org\/{rel}","templated":true}]}}