{"id":1890,"date":"2021-10-26T11:37:21","date_gmt":"2021-10-26T09:37:21","guid":{"rendered":"http:\/\/omega-bakery.com\/sk\/?post_type=product&#038;p=1890"},"modified":"2023-11-15T11:34:53","modified_gmt":"2023-11-15T09:34:53","slug":"sigma-best-mix-10-az-30","status":"publish","type":"product","link":"https:\/\/omega-bakery.com\/sk\/produkt\/sigma-best-mix-10-az-30\/","title":{"rendered":"Sigma BEST MIX 10 a\u017e 30"},"content":{"rendered":"","protected":false},"excerpt":{"rendered":"<p>Mal\u00e9 stoln\u00e9 \u0161\u013eaha\u010de SIGMA BEST MIX vo ve\u013ekostiach 10 a\u017e 30 litrov.<\/p>\n<p>Jednoduch\u00e9 ovl\u00e1danie.<\/p>\n<div><strong>Objem die\u017ee:<\/strong> 10 &#8211; 30 L (pod\u013ea typu)<\/div>\n<div><strong>Pr\u00edkon:<\/strong>\u00a0 \u00a0550 &#8211; 1100 W \/ 400 V (pod\u013ea typu)<\/div>\n<div><strong>Rozmery (d x \u0161 x v):<\/strong> \u00a0 Pod\u013ea typu (vi\u010f. prilo\u017een\u00fd let\u00e1k)<\/div>\n<div><\/div>\n<p>&nbsp;<\/p>\n<div>\n<p>Viac inform\u00e1ci\u00ed o tomto \u0161\u013eaha\u010di n\u00e1jdtete v prilo\u017eenom let\u00e1ku <a href=\"http:\/\/omega-bakery.com\/sk\/wp-content\/uploads\/2021\/10\/Sigma-BEST-MIX-10-az-30-0823.pdf\" target=\"_blank\" rel=\"noopener\">TU<\/a><\/p>\n<\/div>\n<p> [&#8230;]<\/p>\n<p><a class=\"btn btn-secondary understrap-read-more-link\" href=\"https:\/\/omega-bakery.com\/sk\/produkt\/sigma-best-mix-10-az-30\/\">Read More&#8230;<\/a><\/p>\n","protected":false},"featured_media":1891,"template":"","meta":[],"yoast_head":"<!-- This site is optimized with the Yoast SEO plugin v17.1 - https:\/\/yoast.com\/wordpress\/plugins\/seo\/ -->\n<title>Sigma BEST MIX 10 a\u017e 30 - Omega Bakery<\/title>\n<meta name=\"robots\" content=\"index, follow, max-snippet:-1, max-image-preview:large, max-video-preview:-1\" \/>\n<link rel=\"canonical\" href=\"https:\/\/omega-bakery.com\/sk\/produkt\/sigma-best-mix-10-az-30\/\" \/>\n<meta property=\"og:locale\" content=\"sk_SK\" \/>\n<meta property=\"og:type\" content=\"article\" \/>\n<meta property=\"og:title\" content=\"Sigma BEST MIX 10 a\u017e 30 - Omega Bakery\" \/>\n<meta property=\"og:description\" content=\"Mal\u00e9 stoln\u00e9 \u0161\u013eaha\u010de SIGMA BEST MIX vo ve\u013ekostiach 10 a\u017e 30 litrov.  Jednoduch\u00e9 ovl\u00e1danie. Objem die\u017ee: 10 - 30 L (pod\u013ea typu) Pr\u00edkon:\u00a0 \u00a0550 - 1100 W \/ 400 V (pod\u013ea typu) Rozmery (d x \u0161 x v): \u00a0 Pod\u013ea typu (vi\u010f. prilo\u017een\u00fd let\u00e1k)  &nbsp;   Viac inform\u00e1ci\u00ed o tomto \u0161\u013eaha\u010di n\u00e1jdtete v prilo\u017eenom let\u00e1ku TU   [...]Read More...\" \/>\n<meta property=\"og:url\" content=\"https:\/\/omega-bakery.com\/sk\/produkt\/sigma-best-mix-10-az-30\/\" \/>\n<meta property=\"og:site_name\" content=\"Omega Bakery\" \/>\n<meta property=\"article:modified_time\" content=\"2023-11-15T09:34:53+00:00\" \/>\n<meta property=\"og:image\" content=\"http:\/\/omega-bakery.com\/sk\/wp-content\/uploads\/2021\/10\/bestmix1.jpg\" \/>\n\t<meta property=\"og:image:width\" content=\"460\" \/>\n\t<meta property=\"og:image:height\" content=\"640\" \/>\n<meta name=\"twitter:card\" content=\"summary_large_image\" \/>\n<script type=\"application\/ld+json\" class=\"yoast-schema-graph\">{\"@context\":\"https:\/\/schema.org\",\"@graph\":[{\"@type\":\"WebSite\",\"@id\":\"https:\/\/omega-bakery.com\/sk\/#website\",\"url\":\"https:\/\/omega-bakery.com\/sk\/\",\"name\":\"Omega Bakery\",\"description\":\"Dodavatel stroj\\u016f a za\\u0159\\u00edzen\\u00ed pro pek\\u00e1rny\",\"potentialAction\":[{\"@type\":\"SearchAction\",\"target\":{\"@type\":\"EntryPoint\",\"urlTemplate\":\"https:\/\/omega-bakery.com\/sk\/?s={search_term_string}\"},\"query-input\":\"required name=search_term_string\"}],\"inLanguage\":\"sk-SK\"},{\"@type\":\"ImageObject\",\"@id\":\"https:\/\/omega-bakery.com\/sk\/produkt\/sigma-best-mix-10-az-30\/#primaryimage\",\"inLanguage\":\"sk-SK\",\"url\":\"https:\/\/omega-bakery.com\/sk\/wp-content\/uploads\/2021\/10\/bestmix1.jpg\",\"contentUrl\":\"https:\/\/omega-bakery.com\/sk\/wp-content\/uploads\/2021\/10\/bestmix1.jpg\",\"width\":460,\"height\":640},{\"@type\":\"WebPage\",\"@id\":\"https:\/\/omega-bakery.com\/sk\/produkt\/sigma-best-mix-10-az-30\/#webpage\",\"url\":\"https:\/\/omega-bakery.com\/sk\/produkt\/sigma-best-mix-10-az-30\/\",\"name\":\"Sigma BEST MIX 10 a\\u017e 30 - Omega Bakery\",\"isPartOf\":{\"@id\":\"https:\/\/omega-bakery.com\/sk\/#website\"},\"primaryImageOfPage\":{\"@id\":\"https:\/\/omega-bakery.com\/sk\/produkt\/sigma-best-mix-10-az-30\/#primaryimage\"},\"datePublished\":\"2021-10-26T09:37:21+00:00\",\"dateModified\":\"2023-11-15T09:34:53+00:00\",\"breadcrumb\":{\"@id\":\"https:\/\/omega-bakery.com\/sk\/produkt\/sigma-best-mix-10-az-30\/#breadcrumb\"},\"inLanguage\":\"sk-SK\",\"potentialAction\":[{\"@type\":\"ReadAction\",\"target\":[\"https:\/\/omega-bakery.com\/sk\/produkt\/sigma-best-mix-10-az-30\/\"]}]},{\"@type\":\"BreadcrumbList\",\"@id\":\"https:\/\/omega-bakery.com\/sk\/produkt\/sigma-best-mix-10-az-30\/#breadcrumb\",\"itemListElement\":[{\"@type\":\"ListItem\",\"position\":1,\"name\":\"Dom\\u016f\",\"item\":\"https:\/\/omega-bakery.com\/sk\/\"},{\"@type\":\"ListItem\",\"position\":2,\"name\":\"Stroje a zariadenia\",\"item\":\"https:\/\/omega-bakery.com\/sk\/stroje-a-zariadenia\/\"},{\"@type\":\"ListItem\",\"position\":3,\"name\":\"\\u0160\\u013eaha\\u010de, hneta\\u010de\",\"item\":\"https:\/\/omega-bakery.com\/sk\/stroje-a-zarizeni\/slahace-hnetace\/\"},{\"@type\":\"ListItem\",\"position\":4,\"name\":\"\\u0160\\u013eaha\\u010de\",\"item\":\"https:\/\/omega-bakery.com\/sk\/stroje-a-zarizeni\/slahace-hnetace\/slahace\/\"},{\"@type\":\"ListItem\",\"position\":5,\"name\":\"Sigma BEST MIX 10 a\\u017e 30\"}]}]}<\/script>\n<!-- \/ Yoast SEO plugin. -->","yoast_head_json":{"title":"Sigma BEST MIX 10 a\u017e 30 - Omega Bakery","robots":{"index":"index","follow":"follow","max-snippet":"max-snippet:-1","max-image-preview":"max-image-preview:large","max-video-preview":"max-video-preview:-1"},"canonical":"https:\/\/omega-bakery.com\/sk\/produkt\/sigma-best-mix-10-az-30\/","og_locale":"sk_SK","og_type":"article","og_title":"Sigma BEST MIX 10 a\u017e 30 - Omega Bakery","og_description":"Mal\u00e9 stoln\u00e9 \u0161\u013eaha\u010de SIGMA BEST MIX vo ve\u013ekostiach 10 a\u017e 30 litrov.  Jednoduch\u00e9 ovl\u00e1danie. Objem die\u017ee: 10 - 30 L (pod\u013ea typu) Pr\u00edkon:\u00a0 \u00a0550 - 1100 W \/ 400 V (pod\u013ea typu) Rozmery (d x \u0161 x v): \u00a0 Pod\u013ea typu (vi\u010f. prilo\u017een\u00fd let\u00e1k)  &nbsp;   Viac inform\u00e1ci\u00ed o tomto \u0161\u013eaha\u010di n\u00e1jdtete v prilo\u017eenom let\u00e1ku TU   [...]Read More...","og_url":"https:\/\/omega-bakery.com\/sk\/produkt\/sigma-best-mix-10-az-30\/","og_site_name":"Omega Bakery","article_modified_time":"2023-11-15T09:34:53+00:00","og_image":[{"width":460,"height":640,"url":"http:\/\/omega-bakery.com\/sk\/wp-content\/uploads\/2021\/10\/bestmix1.jpg","path":"\/data\/web\/virtuals\/278194\/virtual\/www\/domains\/omega-bakery.com\/sk\/wp-content\/uploads\/2021\/10\/bestmix1.jpg","size":"full","id":1891,"alt":"","pixels":294400,"type":"image\/jpeg"}],"twitter_card":"summary_large_image","schema":{"@context":"https:\/\/schema.org","@graph":[{"@type":"WebSite","@id":"https:\/\/omega-bakery.com\/sk\/#website","url":"https:\/\/omega-bakery.com\/sk\/","name":"Omega Bakery","description":"Dodavatel stroj\u016f a za\u0159\u00edzen\u00ed pro pek\u00e1rny","potentialAction":[{"@type":"SearchAction","target":{"@type":"EntryPoint","urlTemplate":"https:\/\/omega-bakery.com\/sk\/?s={search_term_string}"},"query-input":"required name=search_term_string"}],"inLanguage":"sk-SK"},{"@type":"ImageObject","@id":"https:\/\/omega-bakery.com\/sk\/produkt\/sigma-best-mix-10-az-30\/#primaryimage","inLanguage":"sk-SK","url":"https:\/\/omega-bakery.com\/sk\/wp-content\/uploads\/2021\/10\/bestmix1.jpg","contentUrl":"https:\/\/omega-bakery.com\/sk\/wp-content\/uploads\/2021\/10\/bestmix1.jpg","width":460,"height":640},{"@type":"WebPage","@id":"https:\/\/omega-bakery.com\/sk\/produkt\/sigma-best-mix-10-az-30\/#webpage","url":"https:\/\/omega-bakery.com\/sk\/produkt\/sigma-best-mix-10-az-30\/","name":"Sigma BEST MIX 10 a\u017e 30 - Omega Bakery","isPartOf":{"@id":"https:\/\/omega-bakery.com\/sk\/#website"},"primaryImageOfPage":{"@id":"https:\/\/omega-bakery.com\/sk\/produkt\/sigma-best-mix-10-az-30\/#primaryimage"},"datePublished":"2021-10-26T09:37:21+00:00","dateModified":"2023-11-15T09:34:53+00:00","breadcrumb":{"@id":"https:\/\/omega-bakery.com\/sk\/produkt\/sigma-best-mix-10-az-30\/#breadcrumb"},"inLanguage":"sk-SK","potentialAction":[{"@type":"ReadAction","target":["https:\/\/omega-bakery.com\/sk\/produkt\/sigma-best-mix-10-az-30\/"]}]},{"@type":"BreadcrumbList","@id":"https:\/\/omega-bakery.com\/sk\/produkt\/sigma-best-mix-10-az-30\/#breadcrumb","itemListElement":[{"@type":"ListItem","position":1,"name":"Dom\u016f","item":"https:\/\/omega-bakery.com\/sk\/"},{"@type":"ListItem","position":2,"name":"Stroje a zariadenia","item":"https:\/\/omega-bakery.com\/sk\/stroje-a-zariadenia\/"},{"@type":"ListItem","position":3,"name":"\u0160\u013eaha\u010de, hneta\u010de","item":"https:\/\/omega-bakery.com\/sk\/stroje-a-zarizeni\/slahace-hnetace\/"},{"@type":"ListItem","position":4,"name":"\u0160\u013eaha\u010de","item":"https:\/\/omega-bakery.com\/sk\/stroje-a-zarizeni\/slahace-hnetace\/slahace\/"},{"@type":"ListItem","position":5,"name":"Sigma BEST MIX 10 a\u017e 30"}]}]}},"_links":{"self":[{"href":"https:\/\/omega-bakery.com\/sk\/wp-json\/wp\/v2\/product\/1890"}],"collection":[{"href":"https:\/\/omega-bakery.com\/sk\/wp-json\/wp\/v2\/product"}],"about":[{"href":"https:\/\/omega-bakery.com\/sk\/wp-json\/wp\/v2\/types\/product"}],"wp:featuredmedia":[{"embeddable":true,"href":"https:\/\/omega-bakery.com\/sk\/wp-json\/wp\/v2\/media\/1891"}],"wp:attachment":[{"href":"https:\/\/omega-bakery.com\/sk\/wp-json\/wp\/v2\/media?parent=1890"}],"curies":[{"name":"wp","href":"https:\/\/api.w.org\/{rel}","templated":true}]}}