{"id":1895,"date":"2021-10-26T14:40:40","date_gmt":"2021-10-26T12:40:40","guid":{"rendered":"http:\/\/omega-bakery.com\/sk\/?post_type=product&#038;p=1895"},"modified":"2023-11-15T11:44:56","modified_gmt":"2023-11-15T09:44:56","slug":"varimixer-ar-30406080","status":"publish","type":"product","link":"https:\/\/omega-bakery.com\/sk\/produkt\/varimixer-ar-30406080\/","title":{"rendered":"Varimixer AR 30, 40, 60 a 80"},"content":{"rendered":"","protected":false},"excerpt":{"rendered":"<p>Univerz\u00e1lny \u0161\u013eaha\u010d stredn\u00fdch ve\u013ekost\u00ed.<\/p>\n<p><strong>Hlavn\u00e9 znaky<\/strong><\/p>\n<ul>\n<li>robustn\u00e1 a stabiln\u00e1 kon\u0161trukcia<\/li>\n<li>jednoduch\u00e9 ovl\u00e1danie<\/li>\n<li>vysok\u00fd v\u00fdkon<\/li>\n<\/ul>\n<p>Z\u00e1kladn\u00e1 v\u00fdbava:<\/p>\n<p>&#8211;\u00a0 nerezov\u00e1 die\u017ea<\/p>\n<p>&#8211;\u00a0 hnetac\u00ed h\u00e1k<\/p>\n<p>&#8211;\u00a0 metla na \u0161\u013eahanie<\/p>\n<p>&#8211;\u00a0 metla na miesenie<\/p>\n<p>\u0160irok\u00e1 volite\u013en\u00e1 v\u00fdbava.<\/p>\n<div><strong>Objem die\u017ee, p<\/strong><strong>r\u00edkon, r<\/strong><strong>ozmery: <\/strong>\u00a0 vi\u010f let\u00e1k<\/div>\n<p>&nbsp;<\/p>\n<div>\n<p>Viac inform\u00e1ci\u00ed o tomto \u0161\u013eaha\u010di n\u00e1jdete v prilo\u017eenom let\u00e1ku <a href=\"http:\/\/omega-bakery.com\/sk\/wp-content\/uploads\/2021\/10\/Varimixer-AR-30-40-60-80-0823.pdf\" target=\"_blank\" rel=\"noopener\">TU<\/a><\/p>\n<p>&nbsp;<\/p>\n<\/div>\n<p> [&#8230;]<\/p>\n<p><a class=\"btn btn-secondary understrap-read-more-link\" href=\"https:\/\/omega-bakery.com\/sk\/produkt\/varimixer-ar-30406080\/\">Read More&#8230;<\/a><\/p>\n","protected":false},"featured_media":1961,"template":"","meta":[],"yoast_head":"<!-- This site is optimized with the Yoast SEO plugin v17.1 - https:\/\/yoast.com\/wordpress\/plugins\/seo\/ -->\n<title>Varimixer AR 30, 40, 60 a 80 - Omega Bakery<\/title>\n<meta name=\"robots\" content=\"index, follow, max-snippet:-1, max-image-preview:large, max-video-preview:-1\" \/>\n<link rel=\"canonical\" href=\"http:\/\/omega-bakery.com\/sk\/produkt\/varimixer-ar-30406080\/\" \/>\n<meta property=\"og:locale\" content=\"sk_SK\" \/>\n<meta property=\"og:type\" content=\"article\" \/>\n<meta property=\"og:title\" content=\"Varimixer AR 30, 40, 60 a 80 - Omega Bakery\" \/>\n<meta property=\"og:description\" content=\"Univerz\u00e1lny \u0161\u013eaha\u010d stredn\u00fdch ve\u013ekost\u00ed.  Hlavn\u00e9 znaky   robustn\u00e1 a stabiln\u00e1 kon\u0161trukcia  jednoduch\u00e9 ovl\u00e1danie  vysok\u00fd v\u00fdkon  Z\u00e1kladn\u00e1 v\u00fdbava:  -\u00a0 nerezov\u00e1 die\u017ea  -\u00a0 hnetac\u00ed h\u00e1k  -\u00a0 metla na \u0161\u013eahanie  -\u00a0 metla na miesenie  \u0160irok\u00e1 volite\u013en\u00e1 v\u00fdbava. Objem die\u017ee, pr\u00edkon, rozmery: \u00a0 vi\u010f let\u00e1k &nbsp;   Viac inform\u00e1ci\u00ed o tomto \u0161\u013eaha\u010di n\u00e1jdete v prilo\u017eenom let\u00e1ku TU  &nbsp;   [...]Read More...\" \/>\n<meta property=\"og:url\" content=\"http:\/\/omega-bakery.com\/sk\/produkt\/varimixer-ar-30406080\/\" \/>\n<meta property=\"og:site_name\" content=\"Omega Bakery\" \/>\n<meta property=\"article:modified_time\" content=\"2023-11-15T09:44:56+00:00\" \/>\n<meta property=\"og:image\" content=\"http:\/\/omega-bakery.com\/sk\/wp-content\/uploads\/2022\/02\/Varimixer-AR.jpg\" \/>\n\t<meta property=\"og:image:width\" content=\"782\" \/>\n\t<meta property=\"og:image:height\" content=\"1172\" \/>\n<meta name=\"twitter:card\" content=\"summary_large_image\" \/>\n<script type=\"application\/ld+json\" class=\"yoast-schema-graph\">{\"@context\":\"https:\/\/schema.org\",\"@graph\":[{\"@type\":\"WebSite\",\"@id\":\"https:\/\/omega-bakery.com\/sk\/#website\",\"url\":\"https:\/\/omega-bakery.com\/sk\/\",\"name\":\"Omega Bakery\",\"description\":\"Dodavatel stroj\\u016f a za\\u0159\\u00edzen\\u00ed pro pek\\u00e1rny\",\"potentialAction\":[{\"@type\":\"SearchAction\",\"target\":{\"@type\":\"EntryPoint\",\"urlTemplate\":\"https:\/\/omega-bakery.com\/sk\/?s={search_term_string}\"},\"query-input\":\"required name=search_term_string\"}],\"inLanguage\":\"sk-SK\"},{\"@type\":\"ImageObject\",\"@id\":\"http:\/\/omega-bakery.com\/sk\/produkt\/varimixer-ar-30406080\/#primaryimage\",\"inLanguage\":\"sk-SK\",\"url\":\"https:\/\/omega-bakery.com\/sk\/wp-content\/uploads\/2022\/02\/Varimixer-AR.jpg\",\"contentUrl\":\"https:\/\/omega-bakery.com\/sk\/wp-content\/uploads\/2022\/02\/Varimixer-AR.jpg\",\"width\":782,\"height\":1172},{\"@type\":\"WebPage\",\"@id\":\"http:\/\/omega-bakery.com\/sk\/produkt\/varimixer-ar-30406080\/#webpage\",\"url\":\"http:\/\/omega-bakery.com\/sk\/produkt\/varimixer-ar-30406080\/\",\"name\":\"Varimixer AR 30, 40, 60 a 80 - Omega Bakery\",\"isPartOf\":{\"@id\":\"https:\/\/omega-bakery.com\/sk\/#website\"},\"primaryImageOfPage\":{\"@id\":\"http:\/\/omega-bakery.com\/sk\/produkt\/varimixer-ar-30406080\/#primaryimage\"},\"datePublished\":\"2021-10-26T12:40:40+00:00\",\"dateModified\":\"2023-11-15T09:44:56+00:00\",\"breadcrumb\":{\"@id\":\"http:\/\/omega-bakery.com\/sk\/produkt\/varimixer-ar-30406080\/#breadcrumb\"},\"inLanguage\":\"sk-SK\",\"potentialAction\":[{\"@type\":\"ReadAction\",\"target\":[\"http:\/\/omega-bakery.com\/sk\/produkt\/varimixer-ar-30406080\/\"]}]},{\"@type\":\"BreadcrumbList\",\"@id\":\"http:\/\/omega-bakery.com\/sk\/produkt\/varimixer-ar-30406080\/#breadcrumb\",\"itemListElement\":[{\"@type\":\"ListItem\",\"position\":1,\"name\":\"Dom\\u016f\",\"item\":\"https:\/\/omega-bakery.com\/sk\/\"},{\"@type\":\"ListItem\",\"position\":2,\"name\":\"Stroje a zariadenia\",\"item\":\"https:\/\/omega-bakery.com\/sk\/stroje-a-zariadenia\/\"},{\"@type\":\"ListItem\",\"position\":3,\"name\":\"\\u0160\\u013eaha\\u010de, hneta\\u010de\",\"item\":\"https:\/\/omega-bakery.com\/sk\/stroje-a-zarizeni\/slahace-hnetace\/\"},{\"@type\":\"ListItem\",\"position\":4,\"name\":\"\\u0160\\u013eaha\\u010de\",\"item\":\"https:\/\/omega-bakery.com\/sk\/stroje-a-zarizeni\/slahace-hnetace\/slahace\/\"},{\"@type\":\"ListItem\",\"position\":5,\"name\":\"Varimixer AR 30, 40, 60 a 80\"}]}]}<\/script>\n<!-- \/ Yoast SEO plugin. -->","yoast_head_json":{"title":"Varimixer AR 30, 40, 60 a 80 - Omega Bakery","robots":{"index":"index","follow":"follow","max-snippet":"max-snippet:-1","max-image-preview":"max-image-preview:large","max-video-preview":"max-video-preview:-1"},"canonical":"http:\/\/omega-bakery.com\/sk\/produkt\/varimixer-ar-30406080\/","og_locale":"sk_SK","og_type":"article","og_title":"Varimixer AR 30, 40, 60 a 80 - Omega Bakery","og_description":"Univerz\u00e1lny \u0161\u013eaha\u010d stredn\u00fdch ve\u013ekost\u00ed.  Hlavn\u00e9 znaky   robustn\u00e1 a stabiln\u00e1 kon\u0161trukcia  jednoduch\u00e9 ovl\u00e1danie  vysok\u00fd v\u00fdkon  Z\u00e1kladn\u00e1 v\u00fdbava:  -\u00a0 nerezov\u00e1 die\u017ea  -\u00a0 hnetac\u00ed h\u00e1k  -\u00a0 metla na \u0161\u013eahanie  -\u00a0 metla na miesenie  \u0160irok\u00e1 volite\u013en\u00e1 v\u00fdbava. Objem die\u017ee, pr\u00edkon, rozmery: \u00a0 vi\u010f let\u00e1k &nbsp;   Viac inform\u00e1ci\u00ed o tomto \u0161\u013eaha\u010di n\u00e1jdete v prilo\u017eenom let\u00e1ku TU  &nbsp;   [...]Read More...","og_url":"http:\/\/omega-bakery.com\/sk\/produkt\/varimixer-ar-30406080\/","og_site_name":"Omega Bakery","article_modified_time":"2023-11-15T09:44:56+00:00","og_image":[{"width":782,"height":1172,"url":"http:\/\/omega-bakery.com\/sk\/wp-content\/uploads\/2022\/02\/Varimixer-AR.jpg","path":"\/data\/web\/virtuals\/278194\/virtual\/www\/domains\/omega-bakery.com\/sk\/wp-content\/uploads\/2022\/02\/Varimixer-AR.jpg","size":"full","id":1961,"alt":"","pixels":916504,"type":"image\/jpeg"}],"twitter_card":"summary_large_image","schema":{"@context":"https:\/\/schema.org","@graph":[{"@type":"WebSite","@id":"https:\/\/omega-bakery.com\/sk\/#website","url":"https:\/\/omega-bakery.com\/sk\/","name":"Omega Bakery","description":"Dodavatel stroj\u016f a za\u0159\u00edzen\u00ed pro pek\u00e1rny","potentialAction":[{"@type":"SearchAction","target":{"@type":"EntryPoint","urlTemplate":"https:\/\/omega-bakery.com\/sk\/?s={search_term_string}"},"query-input":"required name=search_term_string"}],"inLanguage":"sk-SK"},{"@type":"ImageObject","@id":"http:\/\/omega-bakery.com\/sk\/produkt\/varimixer-ar-30406080\/#primaryimage","inLanguage":"sk-SK","url":"https:\/\/omega-bakery.com\/sk\/wp-content\/uploads\/2022\/02\/Varimixer-AR.jpg","contentUrl":"https:\/\/omega-bakery.com\/sk\/wp-content\/uploads\/2022\/02\/Varimixer-AR.jpg","width":782,"height":1172},{"@type":"WebPage","@id":"http:\/\/omega-bakery.com\/sk\/produkt\/varimixer-ar-30406080\/#webpage","url":"http:\/\/omega-bakery.com\/sk\/produkt\/varimixer-ar-30406080\/","name":"Varimixer AR 30, 40, 60 a 80 - Omega Bakery","isPartOf":{"@id":"https:\/\/omega-bakery.com\/sk\/#website"},"primaryImageOfPage":{"@id":"http:\/\/omega-bakery.com\/sk\/produkt\/varimixer-ar-30406080\/#primaryimage"},"datePublished":"2021-10-26T12:40:40+00:00","dateModified":"2023-11-15T09:44:56+00:00","breadcrumb":{"@id":"http:\/\/omega-bakery.com\/sk\/produkt\/varimixer-ar-30406080\/#breadcrumb"},"inLanguage":"sk-SK","potentialAction":[{"@type":"ReadAction","target":["http:\/\/omega-bakery.com\/sk\/produkt\/varimixer-ar-30406080\/"]}]},{"@type":"BreadcrumbList","@id":"http:\/\/omega-bakery.com\/sk\/produkt\/varimixer-ar-30406080\/#breadcrumb","itemListElement":[{"@type":"ListItem","position":1,"name":"Dom\u016f","item":"https:\/\/omega-bakery.com\/sk\/"},{"@type":"ListItem","position":2,"name":"Stroje a zariadenia","item":"https:\/\/omega-bakery.com\/sk\/stroje-a-zariadenia\/"},{"@type":"ListItem","position":3,"name":"\u0160\u013eaha\u010de, hneta\u010de","item":"https:\/\/omega-bakery.com\/sk\/stroje-a-zarizeni\/slahace-hnetace\/"},{"@type":"ListItem","position":4,"name":"\u0160\u013eaha\u010de","item":"https:\/\/omega-bakery.com\/sk\/stroje-a-zarizeni\/slahace-hnetace\/slahace\/"},{"@type":"ListItem","position":5,"name":"Varimixer AR 30, 40, 60 a 80"}]}]}},"_links":{"self":[{"href":"https:\/\/omega-bakery.com\/sk\/wp-json\/wp\/v2\/product\/1895"}],"collection":[{"href":"https:\/\/omega-bakery.com\/sk\/wp-json\/wp\/v2\/product"}],"about":[{"href":"https:\/\/omega-bakery.com\/sk\/wp-json\/wp\/v2\/types\/product"}],"wp:featuredmedia":[{"embeddable":true,"href":"https:\/\/omega-bakery.com\/sk\/wp-json\/wp\/v2\/media\/1961"}],"wp:attachment":[{"href":"https:\/\/omega-bakery.com\/sk\/wp-json\/wp\/v2\/media?parent=1895"}],"curies":[{"name":"wp","href":"https:\/\/api.w.org\/{rel}","templated":true}]}}