{"id":1897,"date":"2021-10-26T15:12:01","date_gmt":"2021-10-26T13:12:01","guid":{"rendered":"http:\/\/omega-bakery.com\/sk\/?post_type=product&#038;p=1897"},"modified":"2022-09-21T13:19:59","modified_gmt":"2022-09-21T11:19:59","slug":"melanzer-sigma-rf-300","status":"publish","type":"product","link":"https:\/\/omega-bakery.com\/sk\/produkt\/melanzer-sigma-rf-300\/","title":{"rendered":"Melan\u017e\u00e9r Sigma RF 300"},"content":{"rendered":"","protected":false},"excerpt":{"rendered":"<div>\n<p>Robustn\u00fd stroj na drvenie surov\u00edn v cukr\u00e1rskej v\u00fdrobe.<\/p>\n<p>Viac inform\u00e1ci\u00ed o tomto stroji n\u00e1jdete v prilo\u017eenom let\u00e1ku <a href=\"http:\/\/omega-bakery.com\/sk\/wp-content\/uploads\/2022\/09\/melanzer-RF-300-SIGMA-0321.pdf\" target=\"_blank\" rel=\"noopener\">TU<\/a><\/p>\n<\/div>\n<div>\n<p>&nbsp;<\/p>\n<\/div>\n<p> [&#8230;]<\/p>\n<p><a class=\"btn btn-secondary understrap-read-more-link\" href=\"https:\/\/omega-bakery.com\/sk\/produkt\/melanzer-sigma-rf-300\/\">Read More&#8230;<\/a><\/p>\n","protected":false},"featured_media":1899,"template":"","meta":[],"yoast_head":"<!-- This site is optimized with the Yoast SEO plugin v17.1 - https:\/\/yoast.com\/wordpress\/plugins\/seo\/ -->\n<title>Melan\u017e\u00e9r Sigma RF 300 - Omega Bakery<\/title>\n<meta name=\"robots\" content=\"index, follow, max-snippet:-1, max-image-preview:large, max-video-preview:-1\" \/>\n<link rel=\"canonical\" href=\"https:\/\/omega-bakery.com\/sk\/produkt\/melanzer-sigma-rf-300\/\" \/>\n<meta property=\"og:locale\" content=\"sk_SK\" \/>\n<meta property=\"og:type\" content=\"article\" \/>\n<meta property=\"og:title\" content=\"Melan\u017e\u00e9r Sigma RF 300 - Omega Bakery\" \/>\n<meta property=\"og:description\" content=\"Robustn\u00fd stroj na drvenie surov\u00edn v cukr\u00e1rskej v\u00fdrobe.  Viac inform\u00e1ci\u00ed o tomto stroji n\u00e1jdete v prilo\u017eenom let\u00e1ku TU     &nbsp;   [...]Read More...\" \/>\n<meta property=\"og:url\" content=\"https:\/\/omega-bakery.com\/sk\/produkt\/melanzer-sigma-rf-300\/\" \/>\n<meta property=\"og:site_name\" content=\"Omega Bakery\" \/>\n<meta property=\"article:modified_time\" content=\"2022-09-21T11:19:59+00:00\" \/>\n<meta property=\"og:image\" content=\"http:\/\/omega-bakery.com\/sk\/wp-content\/uploads\/2021\/10\/Melanzer-Sigma-rf3001.jpg\" \/>\n\t<meta property=\"og:image:width\" content=\"460\" \/>\n\t<meta property=\"og:image:height\" content=\"640\" \/>\n<meta name=\"twitter:card\" content=\"summary_large_image\" \/>\n<script type=\"application\/ld+json\" class=\"yoast-schema-graph\">{\"@context\":\"https:\/\/schema.org\",\"@graph\":[{\"@type\":\"WebSite\",\"@id\":\"https:\/\/omega-bakery.com\/sk\/#website\",\"url\":\"https:\/\/omega-bakery.com\/sk\/\",\"name\":\"Omega Bakery\",\"description\":\"Dodavatel stroj\\u016f a za\\u0159\\u00edzen\\u00ed pro pek\\u00e1rny\",\"potentialAction\":[{\"@type\":\"SearchAction\",\"target\":{\"@type\":\"EntryPoint\",\"urlTemplate\":\"https:\/\/omega-bakery.com\/sk\/?s={search_term_string}\"},\"query-input\":\"required name=search_term_string\"}],\"inLanguage\":\"sk-SK\"},{\"@type\":\"ImageObject\",\"@id\":\"https:\/\/omega-bakery.com\/sk\/produkt\/melanzer-sigma-rf-300\/#primaryimage\",\"inLanguage\":\"sk-SK\",\"url\":\"https:\/\/omega-bakery.com\/sk\/wp-content\/uploads\/2021\/10\/Melanzer-Sigma-rf3001.jpg\",\"contentUrl\":\"https:\/\/omega-bakery.com\/sk\/wp-content\/uploads\/2021\/10\/Melanzer-Sigma-rf3001.jpg\",\"width\":460,\"height\":640},{\"@type\":\"WebPage\",\"@id\":\"https:\/\/omega-bakery.com\/sk\/produkt\/melanzer-sigma-rf-300\/#webpage\",\"url\":\"https:\/\/omega-bakery.com\/sk\/produkt\/melanzer-sigma-rf-300\/\",\"name\":\"Melan\\u017e\\u00e9r Sigma RF 300 - Omega Bakery\",\"isPartOf\":{\"@id\":\"https:\/\/omega-bakery.com\/sk\/#website\"},\"primaryImageOfPage\":{\"@id\":\"https:\/\/omega-bakery.com\/sk\/produkt\/melanzer-sigma-rf-300\/#primaryimage\"},\"datePublished\":\"2021-10-26T13:12:01+00:00\",\"dateModified\":\"2022-09-21T11:19:59+00:00\",\"breadcrumb\":{\"@id\":\"https:\/\/omega-bakery.com\/sk\/produkt\/melanzer-sigma-rf-300\/#breadcrumb\"},\"inLanguage\":\"sk-SK\",\"potentialAction\":[{\"@type\":\"ReadAction\",\"target\":[\"https:\/\/omega-bakery.com\/sk\/produkt\/melanzer-sigma-rf-300\/\"]}]},{\"@type\":\"BreadcrumbList\",\"@id\":\"https:\/\/omega-bakery.com\/sk\/produkt\/melanzer-sigma-rf-300\/#breadcrumb\",\"itemListElement\":[{\"@type\":\"ListItem\",\"position\":1,\"name\":\"Dom\\u016f\",\"item\":\"https:\/\/omega-bakery.com\/sk\/\"},{\"@type\":\"ListItem\",\"position\":2,\"name\":\"Stroje a zariadenia\",\"item\":\"https:\/\/omega-bakery.com\/sk\/stroje-a-zariadenia\/\"},{\"@type\":\"ListItem\",\"position\":3,\"name\":\"Ostatn\\u00e9 stroje\",\"item\":\"https:\/\/omega-bakery.com\/sk\/stroje-a-zarizeni\/ostatne-stroje\/\"},{\"@type\":\"ListItem\",\"position\":4,\"name\":\"Cukr\\u00e1rske stroje\",\"item\":\"https:\/\/omega-bakery.com\/sk\/stroje-a-zarizeni\/ostatne-stroje\/cukrarske-stroje\/\"},{\"@type\":\"ListItem\",\"position\":5,\"name\":\"Melan\\u017e\\u00e9r Sigma RF 300\"}]}]}<\/script>\n<!-- \/ Yoast SEO plugin. -->","yoast_head_json":{"title":"Melan\u017e\u00e9r Sigma RF 300 - Omega Bakery","robots":{"index":"index","follow":"follow","max-snippet":"max-snippet:-1","max-image-preview":"max-image-preview:large","max-video-preview":"max-video-preview:-1"},"canonical":"https:\/\/omega-bakery.com\/sk\/produkt\/melanzer-sigma-rf-300\/","og_locale":"sk_SK","og_type":"article","og_title":"Melan\u017e\u00e9r Sigma RF 300 - Omega Bakery","og_description":"Robustn\u00fd stroj na drvenie surov\u00edn v cukr\u00e1rskej v\u00fdrobe.  Viac inform\u00e1ci\u00ed o tomto stroji n\u00e1jdete v prilo\u017eenom let\u00e1ku TU     &nbsp;   [...]Read More...","og_url":"https:\/\/omega-bakery.com\/sk\/produkt\/melanzer-sigma-rf-300\/","og_site_name":"Omega Bakery","article_modified_time":"2022-09-21T11:19:59+00:00","og_image":[{"width":460,"height":640,"url":"http:\/\/omega-bakery.com\/sk\/wp-content\/uploads\/2021\/10\/Melanzer-Sigma-rf3001.jpg","path":"\/data\/web\/virtuals\/278194\/virtual\/www\/domains\/omega-bakery.com\/sk\/wp-content\/uploads\/2021\/10\/Melanzer-Sigma-rf3001.jpg","size":"full","id":1899,"alt":"","pixels":294400,"type":"image\/jpeg"}],"twitter_card":"summary_large_image","schema":{"@context":"https:\/\/schema.org","@graph":[{"@type":"WebSite","@id":"https:\/\/omega-bakery.com\/sk\/#website","url":"https:\/\/omega-bakery.com\/sk\/","name":"Omega Bakery","description":"Dodavatel stroj\u016f a za\u0159\u00edzen\u00ed pro pek\u00e1rny","potentialAction":[{"@type":"SearchAction","target":{"@type":"EntryPoint","urlTemplate":"https:\/\/omega-bakery.com\/sk\/?s={search_term_string}"},"query-input":"required name=search_term_string"}],"inLanguage":"sk-SK"},{"@type":"ImageObject","@id":"https:\/\/omega-bakery.com\/sk\/produkt\/melanzer-sigma-rf-300\/#primaryimage","inLanguage":"sk-SK","url":"https:\/\/omega-bakery.com\/sk\/wp-content\/uploads\/2021\/10\/Melanzer-Sigma-rf3001.jpg","contentUrl":"https:\/\/omega-bakery.com\/sk\/wp-content\/uploads\/2021\/10\/Melanzer-Sigma-rf3001.jpg","width":460,"height":640},{"@type":"WebPage","@id":"https:\/\/omega-bakery.com\/sk\/produkt\/melanzer-sigma-rf-300\/#webpage","url":"https:\/\/omega-bakery.com\/sk\/produkt\/melanzer-sigma-rf-300\/","name":"Melan\u017e\u00e9r Sigma RF 300 - Omega Bakery","isPartOf":{"@id":"https:\/\/omega-bakery.com\/sk\/#website"},"primaryImageOfPage":{"@id":"https:\/\/omega-bakery.com\/sk\/produkt\/melanzer-sigma-rf-300\/#primaryimage"},"datePublished":"2021-10-26T13:12:01+00:00","dateModified":"2022-09-21T11:19:59+00:00","breadcrumb":{"@id":"https:\/\/omega-bakery.com\/sk\/produkt\/melanzer-sigma-rf-300\/#breadcrumb"},"inLanguage":"sk-SK","potentialAction":[{"@type":"ReadAction","target":["https:\/\/omega-bakery.com\/sk\/produkt\/melanzer-sigma-rf-300\/"]}]},{"@type":"BreadcrumbList","@id":"https:\/\/omega-bakery.com\/sk\/produkt\/melanzer-sigma-rf-300\/#breadcrumb","itemListElement":[{"@type":"ListItem","position":1,"name":"Dom\u016f","item":"https:\/\/omega-bakery.com\/sk\/"},{"@type":"ListItem","position":2,"name":"Stroje a zariadenia","item":"https:\/\/omega-bakery.com\/sk\/stroje-a-zariadenia\/"},{"@type":"ListItem","position":3,"name":"Ostatn\u00e9 stroje","item":"https:\/\/omega-bakery.com\/sk\/stroje-a-zarizeni\/ostatne-stroje\/"},{"@type":"ListItem","position":4,"name":"Cukr\u00e1rske stroje","item":"https:\/\/omega-bakery.com\/sk\/stroje-a-zarizeni\/ostatne-stroje\/cukrarske-stroje\/"},{"@type":"ListItem","position":5,"name":"Melan\u017e\u00e9r Sigma RF 300"}]}]}},"_links":{"self":[{"href":"https:\/\/omega-bakery.com\/sk\/wp-json\/wp\/v2\/product\/1897"}],"collection":[{"href":"https:\/\/omega-bakery.com\/sk\/wp-json\/wp\/v2\/product"}],"about":[{"href":"https:\/\/omega-bakery.com\/sk\/wp-json\/wp\/v2\/types\/product"}],"wp:featuredmedia":[{"embeddable":true,"href":"https:\/\/omega-bakery.com\/sk\/wp-json\/wp\/v2\/media\/1899"}],"wp:attachment":[{"href":"https:\/\/omega-bakery.com\/sk\/wp-json\/wp\/v2\/media?parent=1897"}],"curies":[{"name":"wp","href":"https:\/\/api.w.org\/{rel}","templated":true}]}}