{"id":1914,"date":"2021-11-04T09:54:52","date_gmt":"2021-11-04T07:54:52","guid":{"rendered":"http:\/\/omega-bakery.com\/sk\/?post_type=product&#038;p=1914"},"modified":"2021-11-04T13:56:41","modified_gmt":"2021-11-04T11:56:41","slug":"potahy-na-voziky-a-platna-na-dieze","status":"publish","type":"product","link":"https:\/\/omega-bakery.com\/sk\/produkt\/potahy-na-voziky-a-platna-na-dieze\/","title":{"rendered":"Po\u0165ahy na voz\u00edky a pl\u00e1tna na die\u017ee"},"content":{"rendered":"","protected":false},"excerpt":{"rendered":"<p>Po\u0165ahy na voz\u00edky sl\u00fa\u017eiace na zakrytie a ochranu pred os\u00fdchan\u00edm v\u00fdrobkov.<\/p>\n<p>Pl\u00e1tna na die\u017ee s cestom a kvasom.<\/p>\n<p>Viac inform\u00e1ci\u00ed z\u00edskate u na\u0161ich obchodn\u00fdch z\u00e1stupcov.<\/p>\n<p>V\u0161eobecn\u00e9 inform\u00e1cie o produktoch <a href=\"http:\/\/omega-bakery.com\/wp-content\/uploads\/2021\/10\/Potahy-na-voziky-platna-na-dize-0321.pdf\" target=\"_blank\" rel=\"noopener\">TU<\/a> [&#8230;]<\/p>\n<p><a class=\"btn btn-secondary understrap-read-more-link\" href=\"https:\/\/omega-bakery.com\/sk\/produkt\/potahy-na-voziky-a-platna-na-dieze\/\">Read More&#8230;<\/a><\/p>\n","protected":false},"featured_media":1915,"template":"","meta":[],"yoast_head":"<!-- This site is optimized with the Yoast SEO plugin v17.1 - https:\/\/yoast.com\/wordpress\/plugins\/seo\/ -->\n<title>Po\u0165ahy na voz\u00edky a pl\u00e1tna na die\u017ee - Omega Bakery<\/title>\n<meta name=\"robots\" content=\"index, follow, max-snippet:-1, max-image-preview:large, max-video-preview:-1\" \/>\n<link rel=\"canonical\" href=\"https:\/\/omega-bakery.com\/sk\/produkt\/potahy-na-voziky-a-platna-na-dieze\/\" \/>\n<meta property=\"og:locale\" content=\"sk_SK\" \/>\n<meta property=\"og:type\" content=\"article\" \/>\n<meta property=\"og:title\" content=\"Po\u0165ahy na voz\u00edky a pl\u00e1tna na die\u017ee - Omega Bakery\" \/>\n<meta property=\"og:description\" content=\"Po\u0165ahy na voz\u00edky sl\u00fa\u017eiace na zakrytie a ochranu pred os\u00fdchan\u00edm v\u00fdrobkov.  Pl\u00e1tna na die\u017ee s cestom a kvasom.  Viac inform\u00e1ci\u00ed z\u00edskate u na\u0161ich obchodn\u00fdch z\u00e1stupcov.  V\u0161eobecn\u00e9 inform\u00e1cie o produktoch TU [...]Read More...\" \/>\n<meta property=\"og:url\" content=\"https:\/\/omega-bakery.com\/sk\/produkt\/potahy-na-voziky-a-platna-na-dieze\/\" \/>\n<meta property=\"og:site_name\" content=\"Omega Bakery\" \/>\n<meta property=\"article:modified_time\" content=\"2021-11-04T11:56:41+00:00\" \/>\n<meta property=\"og:image\" content=\"http:\/\/omega-bakery.com\/sk\/wp-content\/uploads\/2021\/11\/potah-na-vozik.jpg\" \/>\n\t<meta property=\"og:image:width\" content=\"394\" \/>\n\t<meta property=\"og:image:height\" content=\"700\" \/>\n<meta name=\"twitter:card\" content=\"summary_large_image\" \/>\n<script type=\"application\/ld+json\" class=\"yoast-schema-graph\">{\"@context\":\"https:\/\/schema.org\",\"@graph\":[{\"@type\":\"WebSite\",\"@id\":\"https:\/\/omega-bakery.com\/sk\/#website\",\"url\":\"https:\/\/omega-bakery.com\/sk\/\",\"name\":\"Omega Bakery\",\"description\":\"Dodavatel stroj\\u016f a za\\u0159\\u00edzen\\u00ed pro pek\\u00e1rny\",\"potentialAction\":[{\"@type\":\"SearchAction\",\"target\":{\"@type\":\"EntryPoint\",\"urlTemplate\":\"https:\/\/omega-bakery.com\/sk\/?s={search_term_string}\"},\"query-input\":\"required name=search_term_string\"}],\"inLanguage\":\"sk-SK\"},{\"@type\":\"ImageObject\",\"@id\":\"https:\/\/omega-bakery.com\/sk\/produkt\/potahy-na-voziky-a-platna-na-dieze\/#primaryimage\",\"inLanguage\":\"sk-SK\",\"url\":\"https:\/\/omega-bakery.com\/sk\/wp-content\/uploads\/2021\/11\/potah-na-vozik.jpg\",\"contentUrl\":\"https:\/\/omega-bakery.com\/sk\/wp-content\/uploads\/2021\/11\/potah-na-vozik.jpg\",\"width\":394,\"height\":700},{\"@type\":\"WebPage\",\"@id\":\"https:\/\/omega-bakery.com\/sk\/produkt\/potahy-na-voziky-a-platna-na-dieze\/#webpage\",\"url\":\"https:\/\/omega-bakery.com\/sk\/produkt\/potahy-na-voziky-a-platna-na-dieze\/\",\"name\":\"Po\\u0165ahy na voz\\u00edky a pl\\u00e1tna na die\\u017ee - Omega Bakery\",\"isPartOf\":{\"@id\":\"https:\/\/omega-bakery.com\/sk\/#website\"},\"primaryImageOfPage\":{\"@id\":\"https:\/\/omega-bakery.com\/sk\/produkt\/potahy-na-voziky-a-platna-na-dieze\/#primaryimage\"},\"datePublished\":\"2021-11-04T07:54:52+00:00\",\"dateModified\":\"2021-11-04T11:56:41+00:00\",\"breadcrumb\":{\"@id\":\"https:\/\/omega-bakery.com\/sk\/produkt\/potahy-na-voziky-a-platna-na-dieze\/#breadcrumb\"},\"inLanguage\":\"sk-SK\",\"potentialAction\":[{\"@type\":\"ReadAction\",\"target\":[\"https:\/\/omega-bakery.com\/sk\/produkt\/potahy-na-voziky-a-platna-na-dieze\/\"]}]},{\"@type\":\"BreadcrumbList\",\"@id\":\"https:\/\/omega-bakery.com\/sk\/produkt\/potahy-na-voziky-a-platna-na-dieze\/#breadcrumb\",\"itemListElement\":[{\"@type\":\"ListItem\",\"position\":1,\"name\":\"Dom\\u016f\",\"item\":\"https:\/\/omega-bakery.com\/sk\/\"},{\"@type\":\"ListItem\",\"position\":2,\"name\":\"Stroje a zariadenia\",\"item\":\"https:\/\/omega-bakery.com\/sk\/stroje-a-zariadenia\/\"},{\"@type\":\"ListItem\",\"position\":3,\"name\":\"Doplnky\",\"item\":\"http:\/\/omega-bakery.com\/sk\/stroje-a-zarizeni\/doplnky\/\"},{\"@type\":\"ListItem\",\"position\":4,\"name\":\"Klipovacie p\\u00e1sky, oleje, o\\u0161atky, plachetky, potahy na voz\\u00edky\",\"item\":\"https:\/\/omega-bakery.com\/sk\/stroje-a-zarizeni\/doplnky\/kllipovacie-pasky-oleje-osatky-plachetky-potahy-na-voziky\/\"},{\"@type\":\"ListItem\",\"position\":5,\"name\":\"Po\\u0165ahy na voz\\u00edky a pl\\u00e1tna na die\\u017ee\"}]}]}<\/script>\n<!-- \/ Yoast SEO plugin. -->","yoast_head_json":{"title":"Po\u0165ahy na voz\u00edky a pl\u00e1tna na die\u017ee - Omega Bakery","robots":{"index":"index","follow":"follow","max-snippet":"max-snippet:-1","max-image-preview":"max-image-preview:large","max-video-preview":"max-video-preview:-1"},"canonical":"https:\/\/omega-bakery.com\/sk\/produkt\/potahy-na-voziky-a-platna-na-dieze\/","og_locale":"sk_SK","og_type":"article","og_title":"Po\u0165ahy na voz\u00edky a pl\u00e1tna na die\u017ee - Omega Bakery","og_description":"Po\u0165ahy na voz\u00edky sl\u00fa\u017eiace na zakrytie a ochranu pred os\u00fdchan\u00edm v\u00fdrobkov.  Pl\u00e1tna na die\u017ee s cestom a kvasom.  Viac inform\u00e1ci\u00ed z\u00edskate u na\u0161ich obchodn\u00fdch z\u00e1stupcov.  V\u0161eobecn\u00e9 inform\u00e1cie o produktoch TU [...]Read More...","og_url":"https:\/\/omega-bakery.com\/sk\/produkt\/potahy-na-voziky-a-platna-na-dieze\/","og_site_name":"Omega Bakery","article_modified_time":"2021-11-04T11:56:41+00:00","og_image":[{"width":394,"height":700,"url":"http:\/\/omega-bakery.com\/sk\/wp-content\/uploads\/2021\/11\/potah-na-vozik.jpg","path":"\/data\/web\/virtuals\/278194\/virtual\/www\/domains\/omega-bakery.com\/sk\/wp-content\/uploads\/2021\/11\/potah-na-vozik.jpg","size":"full","id":1915,"alt":"","pixels":275800,"type":"image\/jpeg"}],"twitter_card":"summary_large_image","schema":{"@context":"https:\/\/schema.org","@graph":[{"@type":"WebSite","@id":"https:\/\/omega-bakery.com\/sk\/#website","url":"https:\/\/omega-bakery.com\/sk\/","name":"Omega Bakery","description":"Dodavatel stroj\u016f a za\u0159\u00edzen\u00ed pro pek\u00e1rny","potentialAction":[{"@type":"SearchAction","target":{"@type":"EntryPoint","urlTemplate":"https:\/\/omega-bakery.com\/sk\/?s={search_term_string}"},"query-input":"required name=search_term_string"}],"inLanguage":"sk-SK"},{"@type":"ImageObject","@id":"https:\/\/omega-bakery.com\/sk\/produkt\/potahy-na-voziky-a-platna-na-dieze\/#primaryimage","inLanguage":"sk-SK","url":"https:\/\/omega-bakery.com\/sk\/wp-content\/uploads\/2021\/11\/potah-na-vozik.jpg","contentUrl":"https:\/\/omega-bakery.com\/sk\/wp-content\/uploads\/2021\/11\/potah-na-vozik.jpg","width":394,"height":700},{"@type":"WebPage","@id":"https:\/\/omega-bakery.com\/sk\/produkt\/potahy-na-voziky-a-platna-na-dieze\/#webpage","url":"https:\/\/omega-bakery.com\/sk\/produkt\/potahy-na-voziky-a-platna-na-dieze\/","name":"Po\u0165ahy na voz\u00edky a pl\u00e1tna na die\u017ee - Omega Bakery","isPartOf":{"@id":"https:\/\/omega-bakery.com\/sk\/#website"},"primaryImageOfPage":{"@id":"https:\/\/omega-bakery.com\/sk\/produkt\/potahy-na-voziky-a-platna-na-dieze\/#primaryimage"},"datePublished":"2021-11-04T07:54:52+00:00","dateModified":"2021-11-04T11:56:41+00:00","breadcrumb":{"@id":"https:\/\/omega-bakery.com\/sk\/produkt\/potahy-na-voziky-a-platna-na-dieze\/#breadcrumb"},"inLanguage":"sk-SK","potentialAction":[{"@type":"ReadAction","target":["https:\/\/omega-bakery.com\/sk\/produkt\/potahy-na-voziky-a-platna-na-dieze\/"]}]},{"@type":"BreadcrumbList","@id":"https:\/\/omega-bakery.com\/sk\/produkt\/potahy-na-voziky-a-platna-na-dieze\/#breadcrumb","itemListElement":[{"@type":"ListItem","position":1,"name":"Dom\u016f","item":"https:\/\/omega-bakery.com\/sk\/"},{"@type":"ListItem","position":2,"name":"Stroje a zariadenia","item":"https:\/\/omega-bakery.com\/sk\/stroje-a-zariadenia\/"},{"@type":"ListItem","position":3,"name":"Doplnky","item":"http:\/\/omega-bakery.com\/sk\/stroje-a-zarizeni\/doplnky\/"},{"@type":"ListItem","position":4,"name":"Klipovacie p\u00e1sky, oleje, o\u0161atky, plachetky, potahy na voz\u00edky","item":"https:\/\/omega-bakery.com\/sk\/stroje-a-zarizeni\/doplnky\/kllipovacie-pasky-oleje-osatky-plachetky-potahy-na-voziky\/"},{"@type":"ListItem","position":5,"name":"Po\u0165ahy na voz\u00edky a pl\u00e1tna na die\u017ee"}]}]}},"_links":{"self":[{"href":"https:\/\/omega-bakery.com\/sk\/wp-json\/wp\/v2\/product\/1914"}],"collection":[{"href":"https:\/\/omega-bakery.com\/sk\/wp-json\/wp\/v2\/product"}],"about":[{"href":"https:\/\/omega-bakery.com\/sk\/wp-json\/wp\/v2\/types\/product"}],"wp:featuredmedia":[{"embeddable":true,"href":"https:\/\/omega-bakery.com\/sk\/wp-json\/wp\/v2\/media\/1915"}],"wp:attachment":[{"href":"https:\/\/omega-bakery.com\/sk\/wp-json\/wp\/v2\/media?parent=1914"}],"curies":[{"name":"wp","href":"https:\/\/api.w.org\/{rel}","templated":true}]}}