{"id":1918,"date":"2021-11-10T09:28:34","date_gmt":"2021-11-10T07:28:34","guid":{"rendered":"http:\/\/omega-bakery.com\/sk\/?post_type=product&#038;p=1918"},"modified":"2021-11-10T09:43:35","modified_gmt":"2021-11-10T07:43:35","slug":"vygulovacka-cesta-artezen-conyca-05","status":"publish","type":"product","link":"https:\/\/omega-bakery.com\/sk\/produkt\/vygulovacka-cesta-artezen-conyca-05\/","title":{"rendered":"Vygu\u013eova\u010dka cesta Artezen Conyca 0,5"},"content":{"rendered":"","protected":false},"excerpt":{"rendered":"<table border=\"1\" cellspacing=\"0\" cellpadding=\"0\">\n<tbody>\n<tr>\n<td>\n<p align=\"center\"><strong>Po\u0159adov\u00e9 \u010d\u00edslo (b\u00edl\u00e9)<\/strong><\/p>\n<\/td>\n<td>\n<p align=\"center\"><strong>S\u00a0<\/strong><\/p>\n<\/td>\n<td rowspan=\"8\">\n<p align=\"center\">\n<\/td>\n<\/tr>\n<tr>\n<td>\n<p align=\"center\"><strong>Stroj<\/strong><\/p>\n<\/td>\n<td>\n<p align=\"center\"><strong>Vygulova\u010dka cesta<\/strong><strong>\u00a0<\/strong><\/p>\n<\/td>\n<\/tr>\n<tr>\n<td>\n<p align=\"center\"><strong>Typ stroje<\/strong><\/p>\n<\/td>\n<td>\n<p align=\"center\"><strong>Artezen Conyca 0,5<\/strong><\/p>\n<p align=\"center\"><strong>rozsah 100 &#8211; 500 g<\/strong><\/p>\n<\/td>\n<\/tr>\n<tr>\n<td>\n<p align=\"center\"><strong>V\u00fdrobn\u00ed \u010d\u00edslo<\/strong><\/p>\n<\/td>\n<td>\n<p align=\"center\"><strong>103F54<\/strong><\/p>\n<\/td>\n<\/tr>\n<tr>\n<td>\n<p align=\"center\"><strong>Kontakt<\/strong><\/p>\n<\/td>\n<td>\n<p align=\"center\"><strong>+421 911 217 303<\/strong><\/p>\n<\/td>\n<\/tr>\n<tr>\n<td>\n<p align=\"center\"><strong>Pozn\u00e1mka<\/strong><strong>\/Cena<\/strong><\/p>\n<\/td>\n<td>\n<p align=\"center\"><strong>dohodou<\/strong><\/p>\n<\/td>\n<\/tr>\n<tr>\n<td>\n<p align=\"center\"><strong>Rok v\u00fdroby<\/strong><\/p>\n<\/td>\n<td>\n<p align=\"center\"><strong>2020<\/strong><\/p>\n<\/td>\n<\/tr>\n<tr>\n<td>\n<p align=\"center\"><strong>V\u00fdrobce<\/strong><\/p>\n<\/td>\n<td>\n<p align=\"center\"><strong>Artezen, It\u00e1lie<\/strong><\/p>\n<\/td>\n<\/tr>\n<\/tbody>\n<\/table>\n<p> [&#8230;]<\/p>\n<p><a class=\"btn btn-secondary understrap-read-more-link\" href=\"https:\/\/omega-bakery.com\/sk\/produkt\/vygulovacka-cesta-artezen-conyca-05\/\">Read More&#8230;<\/a><\/p>\n","protected":false},"featured_media":1919,"template":"","meta":[],"yoast_head":"<!-- This site is optimized with the Yoast SEO plugin v17.1 - https:\/\/yoast.com\/wordpress\/plugins\/seo\/ -->\n<title>Vygu\u013eova\u010dka cesta Artezen Conyca 0,5 - Omega Bakery<\/title>\n<meta name=\"robots\" content=\"index, follow, max-snippet:-1, max-image-preview:large, max-video-preview:-1\" \/>\n<link rel=\"canonical\" href=\"https:\/\/omega-bakery.com\/sk\/produkt\/vygulovacka-cesta-artezen-conyca-05\/\" \/>\n<meta property=\"og:locale\" content=\"sk_SK\" \/>\n<meta property=\"og:type\" content=\"article\" \/>\n<meta property=\"og:title\" content=\"Vygu\u013eova\u010dka cesta Artezen Conyca 0,5 - Omega Bakery\" \/>\n<meta property=\"og:description\" content=\"Po\u0159adov\u00e9 \u010d\u00edslo (b\u00edl\u00e9)   S\u00a0        Stroj   Vygulova\u010dka cesta\u00a0     Typ stroje   Artezen Conyca 0,5 rozsah 100 - 500 g     V\u00fdrobn\u00ed \u010d\u00edslo   103F54     Kontakt   +421 911 217 303     Pozn\u00e1mka\/Cena   dohodou     Rok v\u00fdroby   2020     V\u00fdrobce   Artezen, It\u00e1lie     [...]Read More...\" \/>\n<meta property=\"og:url\" content=\"https:\/\/omega-bakery.com\/sk\/produkt\/vygulovacka-cesta-artezen-conyca-05\/\" \/>\n<meta property=\"og:site_name\" content=\"Omega Bakery\" \/>\n<meta property=\"article:modified_time\" content=\"2021-11-10T07:43:35+00:00\" \/>\n<meta property=\"og:image\" content=\"http:\/\/omega-bakery.com\/sk\/wp-content\/uploads\/2021\/11\/Artezen-Conyca-05.jpeg\" \/>\n\t<meta property=\"og:image:width\" content=\"768\" \/>\n\t<meta property=\"og:image:height\" content=\"1024\" \/>\n<meta name=\"twitter:card\" content=\"summary_large_image\" \/>\n<script type=\"application\/ld+json\" class=\"yoast-schema-graph\">{\"@context\":\"https:\/\/schema.org\",\"@graph\":[{\"@type\":\"WebSite\",\"@id\":\"https:\/\/omega-bakery.com\/sk\/#website\",\"url\":\"https:\/\/omega-bakery.com\/sk\/\",\"name\":\"Omega Bakery\",\"description\":\"Dodavatel stroj\\u016f a za\\u0159\\u00edzen\\u00ed pro pek\\u00e1rny\",\"potentialAction\":[{\"@type\":\"SearchAction\",\"target\":{\"@type\":\"EntryPoint\",\"urlTemplate\":\"https:\/\/omega-bakery.com\/sk\/?s={search_term_string}\"},\"query-input\":\"required name=search_term_string\"}],\"inLanguage\":\"sk-SK\"},{\"@type\":\"ImageObject\",\"@id\":\"https:\/\/omega-bakery.com\/sk\/produkt\/vygulovacka-cesta-artezen-conyca-05\/#primaryimage\",\"inLanguage\":\"sk-SK\",\"url\":\"https:\/\/omega-bakery.com\/sk\/wp-content\/uploads\/2021\/11\/Artezen-Conyca-05.jpeg\",\"contentUrl\":\"https:\/\/omega-bakery.com\/sk\/wp-content\/uploads\/2021\/11\/Artezen-Conyca-05.jpeg\",\"width\":768,\"height\":1024},{\"@type\":\"WebPage\",\"@id\":\"https:\/\/omega-bakery.com\/sk\/produkt\/vygulovacka-cesta-artezen-conyca-05\/#webpage\",\"url\":\"https:\/\/omega-bakery.com\/sk\/produkt\/vygulovacka-cesta-artezen-conyca-05\/\",\"name\":\"Vygu\\u013eova\\u010dka cesta Artezen Conyca 0,5 - Omega Bakery\",\"isPartOf\":{\"@id\":\"https:\/\/omega-bakery.com\/sk\/#website\"},\"primaryImageOfPage\":{\"@id\":\"https:\/\/omega-bakery.com\/sk\/produkt\/vygulovacka-cesta-artezen-conyca-05\/#primaryimage\"},\"datePublished\":\"2021-11-10T07:28:34+00:00\",\"dateModified\":\"2021-11-10T07:43:35+00:00\",\"breadcrumb\":{\"@id\":\"https:\/\/omega-bakery.com\/sk\/produkt\/vygulovacka-cesta-artezen-conyca-05\/#breadcrumb\"},\"inLanguage\":\"sk-SK\",\"potentialAction\":[{\"@type\":\"ReadAction\",\"target\":[\"https:\/\/omega-bakery.com\/sk\/produkt\/vygulovacka-cesta-artezen-conyca-05\/\"]}]},{\"@type\":\"BreadcrumbList\",\"@id\":\"https:\/\/omega-bakery.com\/sk\/produkt\/vygulovacka-cesta-artezen-conyca-05\/#breadcrumb\",\"itemListElement\":[{\"@type\":\"ListItem\",\"position\":1,\"name\":\"Dom\\u016f\",\"item\":\"https:\/\/omega-bakery.com\/sk\/\"},{\"@type\":\"ListItem\",\"position\":2,\"name\":\"Stroje a zariadenia\",\"item\":\"https:\/\/omega-bakery.com\/sk\/stroje-a-zariadenia\/\"},{\"@type\":\"ListItem\",\"position\":3,\"name\":\"Baz\\u00e1r\",\"item\":\"https:\/\/omega-bakery.com\/sk\/stroje-a-zarizeni\/bazar\/\"},{\"@type\":\"ListItem\",\"position\":4,\"name\":\"Stroje na spracovanie cesta\",\"item\":\"https:\/\/omega-bakery.com\/sk\/stroje-a-zarizeni\/bazar\/stroje-na-spracovanie-cesta-bazar\/\"},{\"@type\":\"ListItem\",\"position\":5,\"name\":\"Vygu\\u013eova\\u010dka cesta Artezen Conyca 0,5\"}]}]}<\/script>\n<!-- \/ Yoast SEO plugin. -->","yoast_head_json":{"title":"Vygu\u013eova\u010dka cesta Artezen Conyca 0,5 - Omega Bakery","robots":{"index":"index","follow":"follow","max-snippet":"max-snippet:-1","max-image-preview":"max-image-preview:large","max-video-preview":"max-video-preview:-1"},"canonical":"https:\/\/omega-bakery.com\/sk\/produkt\/vygulovacka-cesta-artezen-conyca-05\/","og_locale":"sk_SK","og_type":"article","og_title":"Vygu\u013eova\u010dka cesta Artezen Conyca 0,5 - Omega Bakery","og_description":"Po\u0159adov\u00e9 \u010d\u00edslo (b\u00edl\u00e9)   S\u00a0        Stroj   Vygulova\u010dka cesta\u00a0     Typ stroje   Artezen Conyca 0,5 rozsah 100 - 500 g     V\u00fdrobn\u00ed \u010d\u00edslo   103F54     Kontakt   +421 911 217 303     Pozn\u00e1mka\/Cena   dohodou     Rok v\u00fdroby   2020     V\u00fdrobce   Artezen, It\u00e1lie     [...]Read More...","og_url":"https:\/\/omega-bakery.com\/sk\/produkt\/vygulovacka-cesta-artezen-conyca-05\/","og_site_name":"Omega Bakery","article_modified_time":"2021-11-10T07:43:35+00:00","og_image":[{"width":768,"height":1024,"url":"http:\/\/omega-bakery.com\/sk\/wp-content\/uploads\/2021\/11\/Artezen-Conyca-05.jpeg","path":"\/data\/web\/virtuals\/278194\/virtual\/www\/domains\/omega-bakery.com\/sk\/wp-content\/uploads\/2021\/11\/Artezen-Conyca-05.jpeg","size":"full","id":1919,"alt":"","pixels":786432,"type":"image\/jpeg"}],"twitter_card":"summary_large_image","schema":{"@context":"https:\/\/schema.org","@graph":[{"@type":"WebSite","@id":"https:\/\/omega-bakery.com\/sk\/#website","url":"https:\/\/omega-bakery.com\/sk\/","name":"Omega Bakery","description":"Dodavatel stroj\u016f a za\u0159\u00edzen\u00ed pro pek\u00e1rny","potentialAction":[{"@type":"SearchAction","target":{"@type":"EntryPoint","urlTemplate":"https:\/\/omega-bakery.com\/sk\/?s={search_term_string}"},"query-input":"required name=search_term_string"}],"inLanguage":"sk-SK"},{"@type":"ImageObject","@id":"https:\/\/omega-bakery.com\/sk\/produkt\/vygulovacka-cesta-artezen-conyca-05\/#primaryimage","inLanguage":"sk-SK","url":"https:\/\/omega-bakery.com\/sk\/wp-content\/uploads\/2021\/11\/Artezen-Conyca-05.jpeg","contentUrl":"https:\/\/omega-bakery.com\/sk\/wp-content\/uploads\/2021\/11\/Artezen-Conyca-05.jpeg","width":768,"height":1024},{"@type":"WebPage","@id":"https:\/\/omega-bakery.com\/sk\/produkt\/vygulovacka-cesta-artezen-conyca-05\/#webpage","url":"https:\/\/omega-bakery.com\/sk\/produkt\/vygulovacka-cesta-artezen-conyca-05\/","name":"Vygu\u013eova\u010dka cesta Artezen Conyca 0,5 - Omega Bakery","isPartOf":{"@id":"https:\/\/omega-bakery.com\/sk\/#website"},"primaryImageOfPage":{"@id":"https:\/\/omega-bakery.com\/sk\/produkt\/vygulovacka-cesta-artezen-conyca-05\/#primaryimage"},"datePublished":"2021-11-10T07:28:34+00:00","dateModified":"2021-11-10T07:43:35+00:00","breadcrumb":{"@id":"https:\/\/omega-bakery.com\/sk\/produkt\/vygulovacka-cesta-artezen-conyca-05\/#breadcrumb"},"inLanguage":"sk-SK","potentialAction":[{"@type":"ReadAction","target":["https:\/\/omega-bakery.com\/sk\/produkt\/vygulovacka-cesta-artezen-conyca-05\/"]}]},{"@type":"BreadcrumbList","@id":"https:\/\/omega-bakery.com\/sk\/produkt\/vygulovacka-cesta-artezen-conyca-05\/#breadcrumb","itemListElement":[{"@type":"ListItem","position":1,"name":"Dom\u016f","item":"https:\/\/omega-bakery.com\/sk\/"},{"@type":"ListItem","position":2,"name":"Stroje a zariadenia","item":"https:\/\/omega-bakery.com\/sk\/stroje-a-zariadenia\/"},{"@type":"ListItem","position":3,"name":"Baz\u00e1r","item":"https:\/\/omega-bakery.com\/sk\/stroje-a-zarizeni\/bazar\/"},{"@type":"ListItem","position":4,"name":"Stroje na spracovanie cesta","item":"https:\/\/omega-bakery.com\/sk\/stroje-a-zarizeni\/bazar\/stroje-na-spracovanie-cesta-bazar\/"},{"@type":"ListItem","position":5,"name":"Vygu\u013eova\u010dka cesta Artezen Conyca 0,5"}]}]}},"_links":{"self":[{"href":"https:\/\/omega-bakery.com\/sk\/wp-json\/wp\/v2\/product\/1918"}],"collection":[{"href":"https:\/\/omega-bakery.com\/sk\/wp-json\/wp\/v2\/product"}],"about":[{"href":"https:\/\/omega-bakery.com\/sk\/wp-json\/wp\/v2\/types\/product"}],"wp:featuredmedia":[{"embeddable":true,"href":"https:\/\/omega-bakery.com\/sk\/wp-json\/wp\/v2\/media\/1919"}],"wp:attachment":[{"href":"https:\/\/omega-bakery.com\/sk\/wp-json\/wp\/v2\/media?parent=1918"}],"curies":[{"name":"wp","href":"https:\/\/api.w.org\/{rel}","templated":true}]}}