{"id":1943,"date":"2021-12-15T11:47:41","date_gmt":"2021-12-15T09:47:41","guid":{"rendered":"http:\/\/omega-bakery.com\/sk\/?post_type=product&#038;p=1943"},"modified":"2025-03-24T12:44:16","modified_gmt":"2025-03-24T10:44:16","slug":"rezacka-daub-208-52-16-s-predfukom-sackov","status":"publish","type":"product","link":"https:\/\/omega-bakery.com\/sk\/produkt\/rezacka-daub-208-52-16-s-predfukom-sackov\/","title":{"rendered":"Reza\u010dka Daub 208\/52\/16 s predfukom s\u00e1\u010dkov"},"content":{"rendered":"","protected":false},"excerpt":{"rendered":"<table border=\"1\" cellspacing=\"0\" cellpadding=\"0\">\n<tbody>\n<tr>\n<td>\n<p align=\"center\"><strong>Poradov\u00e9 \u010d\u00edslo<\/strong><\/p>\n<\/td>\n<td>\n<p align=\"center\"><strong>2025\/KL<\/strong><\/p>\n<\/td>\n<td rowspan=\"8\">\n<p align=\"center\">\n<\/td>\n<\/tr>\n<tr>\n<td>\n<p align=\"center\"><strong>Stroj<\/strong><\/p>\n<\/td>\n<td>\n<p align=\"center\"><strong>priebe\u017en\u00e1 reza\u010dka <\/strong><\/p>\n<p align=\"center\"><strong>s predfukom <\/strong><strong>s\u00e1\u010dkov<\/strong><\/p>\n<\/td>\n<\/tr>\n<tr>\n<td>\n<p align=\"center\"><strong>Typ stroja<\/strong><\/p>\n<\/td>\n<td>\n<p align=\"center\"><strong>Daub 208\/52\/16<\/strong><\/p>\n<\/td>\n<\/tr>\n<tr>\n<td>\n<p align=\"center\"><strong>V\u00fdrobn\u00e9 \u010d\u00edslo<\/strong><\/p>\n<\/td>\n<td>\n<p align=\"center\"><strong>240363<\/strong><\/p>\n<\/td>\n<\/tr>\n<tr>\n<td>\n<p align=\"center\"><strong>Kontakt<\/strong><\/p>\n<\/td>\n<td>\n<p align=\"center\"><strong>+421\u00a0948 132 563<\/strong><\/p>\n<\/td>\n<\/tr>\n<tr>\n<td>\n<p align=\"center\"><strong>Pozn\u00e1mka<\/strong><\/p>\n<\/td>\n<td>\n<p align=\"center\"><strong>rozte\u010d no\u017e\u016f 16 mm<\/strong><\/p>\n<\/td>\n<\/tr>\n<tr>\n<td>\n<p align=\"center\"><strong>Rok v\u00fdroby<\/strong><\/p>\n<\/td>\n<td>\n<p align=\"center\"><strong>02\/2025<\/strong><\/p>\n<\/td>\n<\/tr>\n<tr>\n<td>\n<p align=\"center\"><strong>V\u00fdrobca<\/strong><\/p>\n<\/td>\n<td>\n<p align=\"center\"><strong>Daub, Holandsko<\/strong><\/p>\n<\/td>\n<\/tr>\n<\/tbody>\n<\/table>\n<p> [&#8230;]<\/p>\n<p><a class=\"btn btn-secondary understrap-read-more-link\" href=\"https:\/\/omega-bakery.com\/sk\/produkt\/rezacka-daub-208-52-16-s-predfukom-sackov\/\">Read More&#8230;<\/a><\/p>\n","protected":false},"featured_media":2286,"template":"","meta":[],"yoast_head":"<!-- This site is optimized with the Yoast SEO plugin v17.1 - https:\/\/yoast.com\/wordpress\/plugins\/seo\/ -->\n<title>Reza\u010dka Daub 208\/52\/16 s predfukom s\u00e1\u010dkov - Omega Bakery<\/title>\n<meta name=\"robots\" content=\"index, follow, max-snippet:-1, max-image-preview:large, max-video-preview:-1\" \/>\n<link rel=\"canonical\" href=\"https:\/\/omega-bakery.com\/sk\/produkt\/rezacka-daub-208-52-16-s-predfukom-sackov\/\" \/>\n<meta property=\"og:locale\" content=\"sk_SK\" \/>\n<meta property=\"og:type\" content=\"article\" \/>\n<meta property=\"og:title\" content=\"Reza\u010dka Daub 208\/52\/16 s predfukom s\u00e1\u010dkov - Omega Bakery\" \/>\n<meta property=\"og:description\" content=\"Poradov\u00e9 \u010d\u00edslo   2025\/KL        Stroj   priebe\u017en\u00e1 reza\u010dka  s predfukom s\u00e1\u010dkov     Typ stroja   Daub 208\/52\/16     V\u00fdrobn\u00e9 \u010d\u00edslo   240363     Kontakt   +421\u00a0948 132 563     Pozn\u00e1mka   rozte\u010d no\u017e\u016f 16 mm     Rok v\u00fdroby   02\/2025     V\u00fdrobca   Daub, Holandsko     [...]Read More...\" \/>\n<meta property=\"og:url\" content=\"https:\/\/omega-bakery.com\/sk\/produkt\/rezacka-daub-208-52-16-s-predfukom-sackov\/\" \/>\n<meta property=\"og:site_name\" content=\"Omega Bakery\" \/>\n<meta property=\"article:modified_time\" content=\"2025-03-24T10:44:16+00:00\" \/>\n<meta property=\"og:image\" content=\"http:\/\/omega-bakery.com\/sk\/wp-content\/uploads\/2021\/12\/Daub-208-bazar.jpg\" \/>\n\t<meta property=\"og:image:width\" content=\"1536\" \/>\n\t<meta property=\"og:image:height\" content=\"2048\" \/>\n<meta name=\"twitter:card\" content=\"summary_large_image\" \/>\n<script type=\"application\/ld+json\" class=\"yoast-schema-graph\">{\"@context\":\"https:\/\/schema.org\",\"@graph\":[{\"@type\":\"WebSite\",\"@id\":\"https:\/\/omega-bakery.com\/sk\/#website\",\"url\":\"https:\/\/omega-bakery.com\/sk\/\",\"name\":\"Omega Bakery\",\"description\":\"Dodavatel stroj\\u016f a za\\u0159\\u00edzen\\u00ed pro pek\\u00e1rny\",\"potentialAction\":[{\"@type\":\"SearchAction\",\"target\":{\"@type\":\"EntryPoint\",\"urlTemplate\":\"https:\/\/omega-bakery.com\/sk\/?s={search_term_string}\"},\"query-input\":\"required name=search_term_string\"}],\"inLanguage\":\"sk-SK\"},{\"@type\":\"ImageObject\",\"@id\":\"https:\/\/omega-bakery.com\/sk\/produkt\/rezacka-daub-208-52-16-s-predfukom-sackov\/#primaryimage\",\"inLanguage\":\"sk-SK\",\"url\":\"https:\/\/omega-bakery.com\/sk\/wp-content\/uploads\/2021\/12\/Daub-208-bazar.jpg\",\"contentUrl\":\"https:\/\/omega-bakery.com\/sk\/wp-content\/uploads\/2021\/12\/Daub-208-bazar.jpg\",\"width\":1536,\"height\":2048},{\"@type\":\"WebPage\",\"@id\":\"https:\/\/omega-bakery.com\/sk\/produkt\/rezacka-daub-208-52-16-s-predfukom-sackov\/#webpage\",\"url\":\"https:\/\/omega-bakery.com\/sk\/produkt\/rezacka-daub-208-52-16-s-predfukom-sackov\/\",\"name\":\"Reza\\u010dka Daub 208\/52\/16 s predfukom s\\u00e1\\u010dkov - Omega Bakery\",\"isPartOf\":{\"@id\":\"https:\/\/omega-bakery.com\/sk\/#website\"},\"primaryImageOfPage\":{\"@id\":\"https:\/\/omega-bakery.com\/sk\/produkt\/rezacka-daub-208-52-16-s-predfukom-sackov\/#primaryimage\"},\"datePublished\":\"2021-12-15T09:47:41+00:00\",\"dateModified\":\"2025-03-24T10:44:16+00:00\",\"breadcrumb\":{\"@id\":\"https:\/\/omega-bakery.com\/sk\/produkt\/rezacka-daub-208-52-16-s-predfukom-sackov\/#breadcrumb\"},\"inLanguage\":\"sk-SK\",\"potentialAction\":[{\"@type\":\"ReadAction\",\"target\":[\"https:\/\/omega-bakery.com\/sk\/produkt\/rezacka-daub-208-52-16-s-predfukom-sackov\/\"]}]},{\"@type\":\"BreadcrumbList\",\"@id\":\"https:\/\/omega-bakery.com\/sk\/produkt\/rezacka-daub-208-52-16-s-predfukom-sackov\/#breadcrumb\",\"itemListElement\":[{\"@type\":\"ListItem\",\"position\":1,\"name\":\"Dom\\u016f\",\"item\":\"https:\/\/omega-bakery.com\/sk\/\"},{\"@type\":\"ListItem\",\"position\":2,\"name\":\"Stroje a zariadenia\",\"item\":\"https:\/\/omega-bakery.com\/sk\/stroje-a-zariadenia\/\"},{\"@type\":\"ListItem\",\"position\":3,\"name\":\"Baz\\u00e1r\",\"item\":\"https:\/\/omega-bakery.com\/sk\/stroje-a-zarizeni\/bazar\/\"},{\"@type\":\"ListItem\",\"position\":4,\"name\":\"Rezacie a baliace stroje\",\"item\":\"https:\/\/omega-bakery.com\/sk\/stroje-a-zarizeni\/bazar\/rezacie-baliace-stroje\/\"},{\"@type\":\"ListItem\",\"position\":5,\"name\":\"Reza\\u010dka Daub 208\/52\/16 s predfukom s\\u00e1\\u010dkov\"}]}]}<\/script>\n<!-- \/ Yoast SEO plugin. -->","yoast_head_json":{"title":"Reza\u010dka Daub 208\/52\/16 s predfukom s\u00e1\u010dkov - Omega Bakery","robots":{"index":"index","follow":"follow","max-snippet":"max-snippet:-1","max-image-preview":"max-image-preview:large","max-video-preview":"max-video-preview:-1"},"canonical":"https:\/\/omega-bakery.com\/sk\/produkt\/rezacka-daub-208-52-16-s-predfukom-sackov\/","og_locale":"sk_SK","og_type":"article","og_title":"Reza\u010dka Daub 208\/52\/16 s predfukom s\u00e1\u010dkov - Omega Bakery","og_description":"Poradov\u00e9 \u010d\u00edslo   2025\/KL        Stroj   priebe\u017en\u00e1 reza\u010dka  s predfukom s\u00e1\u010dkov     Typ stroja   Daub 208\/52\/16     V\u00fdrobn\u00e9 \u010d\u00edslo   240363     Kontakt   +421\u00a0948 132 563     Pozn\u00e1mka   rozte\u010d no\u017e\u016f 16 mm     Rok v\u00fdroby   02\/2025     V\u00fdrobca   Daub, Holandsko     [...]Read More...","og_url":"https:\/\/omega-bakery.com\/sk\/produkt\/rezacka-daub-208-52-16-s-predfukom-sackov\/","og_site_name":"Omega Bakery","article_modified_time":"2025-03-24T10:44:16+00:00","og_image":[{"width":1536,"height":2048,"url":"http:\/\/omega-bakery.com\/sk\/wp-content\/uploads\/2021\/12\/Daub-208-bazar.jpg","path":"\/data\/web\/virtuals\/278194\/virtual\/www\/domains\/omega-bakery.com\/sk\/wp-content\/uploads\/2021\/12\/Daub-208-bazar.jpg","size":"full","id":2286,"alt":"","pixels":3145728,"type":"image\/jpeg"}],"twitter_card":"summary_large_image","schema":{"@context":"https:\/\/schema.org","@graph":[{"@type":"WebSite","@id":"https:\/\/omega-bakery.com\/sk\/#website","url":"https:\/\/omega-bakery.com\/sk\/","name":"Omega Bakery","description":"Dodavatel stroj\u016f a za\u0159\u00edzen\u00ed pro pek\u00e1rny","potentialAction":[{"@type":"SearchAction","target":{"@type":"EntryPoint","urlTemplate":"https:\/\/omega-bakery.com\/sk\/?s={search_term_string}"},"query-input":"required name=search_term_string"}],"inLanguage":"sk-SK"},{"@type":"ImageObject","@id":"https:\/\/omega-bakery.com\/sk\/produkt\/rezacka-daub-208-52-16-s-predfukom-sackov\/#primaryimage","inLanguage":"sk-SK","url":"https:\/\/omega-bakery.com\/sk\/wp-content\/uploads\/2021\/12\/Daub-208-bazar.jpg","contentUrl":"https:\/\/omega-bakery.com\/sk\/wp-content\/uploads\/2021\/12\/Daub-208-bazar.jpg","width":1536,"height":2048},{"@type":"WebPage","@id":"https:\/\/omega-bakery.com\/sk\/produkt\/rezacka-daub-208-52-16-s-predfukom-sackov\/#webpage","url":"https:\/\/omega-bakery.com\/sk\/produkt\/rezacka-daub-208-52-16-s-predfukom-sackov\/","name":"Reza\u010dka Daub 208\/52\/16 s predfukom s\u00e1\u010dkov - Omega Bakery","isPartOf":{"@id":"https:\/\/omega-bakery.com\/sk\/#website"},"primaryImageOfPage":{"@id":"https:\/\/omega-bakery.com\/sk\/produkt\/rezacka-daub-208-52-16-s-predfukom-sackov\/#primaryimage"},"datePublished":"2021-12-15T09:47:41+00:00","dateModified":"2025-03-24T10:44:16+00:00","breadcrumb":{"@id":"https:\/\/omega-bakery.com\/sk\/produkt\/rezacka-daub-208-52-16-s-predfukom-sackov\/#breadcrumb"},"inLanguage":"sk-SK","potentialAction":[{"@type":"ReadAction","target":["https:\/\/omega-bakery.com\/sk\/produkt\/rezacka-daub-208-52-16-s-predfukom-sackov\/"]}]},{"@type":"BreadcrumbList","@id":"https:\/\/omega-bakery.com\/sk\/produkt\/rezacka-daub-208-52-16-s-predfukom-sackov\/#breadcrumb","itemListElement":[{"@type":"ListItem","position":1,"name":"Dom\u016f","item":"https:\/\/omega-bakery.com\/sk\/"},{"@type":"ListItem","position":2,"name":"Stroje a zariadenia","item":"https:\/\/omega-bakery.com\/sk\/stroje-a-zariadenia\/"},{"@type":"ListItem","position":3,"name":"Baz\u00e1r","item":"https:\/\/omega-bakery.com\/sk\/stroje-a-zarizeni\/bazar\/"},{"@type":"ListItem","position":4,"name":"Rezacie a baliace stroje","item":"https:\/\/omega-bakery.com\/sk\/stroje-a-zarizeni\/bazar\/rezacie-baliace-stroje\/"},{"@type":"ListItem","position":5,"name":"Reza\u010dka Daub 208\/52\/16 s predfukom s\u00e1\u010dkov"}]}]}},"_links":{"self":[{"href":"https:\/\/omega-bakery.com\/sk\/wp-json\/wp\/v2\/product\/1943"}],"collection":[{"href":"https:\/\/omega-bakery.com\/sk\/wp-json\/wp\/v2\/product"}],"about":[{"href":"https:\/\/omega-bakery.com\/sk\/wp-json\/wp\/v2\/types\/product"}],"wp:featuredmedia":[{"embeddable":true,"href":"https:\/\/omega-bakery.com\/sk\/wp-json\/wp\/v2\/media\/2286"}],"wp:attachment":[{"href":"https:\/\/omega-bakery.com\/sk\/wp-json\/wp\/v2\/media?parent=1943"}],"curies":[{"name":"wp","href":"https:\/\/api.w.org\/{rel}","templated":true}]}}