{"id":1946,"date":"2022-01-10T16:09:27","date_gmt":"2022-01-10T14:09:27","guid":{"rendered":"http:\/\/omega-bakery.com\/sk\/?post_type=product&#038;p=1946"},"modified":"2024-10-31T14:13:05","modified_gmt":"2024-10-31T12:13:05","slug":"minirotacna-pec-sveba-dahlen-sr-elektro","status":"publish","type":"product","link":"https:\/\/omega-bakery.com\/sk\/produkt\/minirotacna-pec-sveba-dahlen-sr-elektro\/","title":{"rendered":"Minirota\u010dn\u00e1 pec Sveba Dahlen SR elektro"},"content":{"rendered":"","protected":false},"excerpt":{"rendered":"<p>Minirota\u010dn\u00e1 elektrick\u00e1 pec Sveba Dahlen SR m\u00e1 stejn\u00e9 parametry a kvalitu pe\u010den\u00ed ako velk\u00e9 rota\u010dn\u00e9 pece na minim\u00e1lnom priestore zastavan\u00e9 plochy.<\/p>\n<p>Proveden\u00ed ve t\u0159ech velikostech: SR 120, SR 130 a SR 240<\/p>\n<p>Volilteln\u011b kondenza\u010dn\u00ed digesto\u0159 a podstavn\u00e1 kyn\u00e1rna.<\/p>\n<div><strong>Rozm\u011bry (\u0161 x d x v)<\/strong><strong>:<\/strong> \u00a0 z\u00e1vis\u00ed na\u00a0typu<\/div>\n<p>Viac inform\u00e1ci\u00ed o tejto rota\u010dnej peci n\u00e1jdete v prilo\u017eenom let\u00e1ku <a href=\"http:\/\/omega-bakery.com\/sk\/wp-content\/uploads\/2022\/01\/Sveba-minirotacni-SR-0823.pdf\" target=\"_blank\" rel=\"noopener\">TU<\/a> [&#8230;]<\/p>\n<p><a class=\"btn btn-secondary understrap-read-more-link\" href=\"https:\/\/omega-bakery.com\/sk\/produkt\/minirotacna-pec-sveba-dahlen-sr-elektro\/\">Read More&#8230;<\/a><\/p>\n","protected":false},"featured_media":1948,"template":"","meta":[],"yoast_head":"<!-- This site is optimized with the Yoast SEO plugin v17.1 - https:\/\/yoast.com\/wordpress\/plugins\/seo\/ -->\n<title>Minirota\u010dn\u00e1 pec Sveba Dahlen SR elektro - Omega Bakery<\/title>\n<meta name=\"robots\" content=\"index, follow, max-snippet:-1, max-image-preview:large, max-video-preview:-1\" \/>\n<link rel=\"canonical\" href=\"https:\/\/omega-bakery.com\/sk\/produkt\/minirotacna-pec-sveba-dahlen-sr-elektro\/\" \/>\n<meta property=\"og:locale\" content=\"sk_SK\" \/>\n<meta property=\"og:type\" content=\"article\" \/>\n<meta property=\"og:title\" content=\"Minirota\u010dn\u00e1 pec Sveba Dahlen SR elektro - Omega Bakery\" \/>\n<meta property=\"og:description\" content=\"Minirota\u010dn\u00e1 elektrick\u00e1 pec Sveba Dahlen SR m\u00e1 stejn\u00e9 parametry a kvalitu pe\u010den\u00ed ako velk\u00e9 rota\u010dn\u00e9 pece na minim\u00e1lnom priestore zastavan\u00e9 plochy.  Proveden\u00ed ve t\u0159ech velikostech: SR 120, SR 130 a SR 240  Volilteln\u011b kondenza\u010dn\u00ed digesto\u0159 a podstavn\u00e1 kyn\u00e1rna. Rozm\u011bry (\u0161 x d x v): \u00a0 z\u00e1vis\u00ed na\u00a0typu Viac inform\u00e1ci\u00ed o tejto rota\u010dnej peci n\u00e1jdete v prilo\u017eenom let\u00e1ku TU [...]Read More...\" \/>\n<meta property=\"og:url\" content=\"https:\/\/omega-bakery.com\/sk\/produkt\/minirotacna-pec-sveba-dahlen-sr-elektro\/\" \/>\n<meta property=\"og:site_name\" content=\"Omega Bakery\" \/>\n<meta property=\"article:modified_time\" content=\"2024-10-31T12:13:05+00:00\" \/>\n<meta property=\"og:image\" content=\"http:\/\/omega-bakery.com\/sk\/wp-content\/uploads\/2022\/01\/minirotacka-Sveba-SR-240b.jpg\" \/>\n\t<meta property=\"og:image:width\" content=\"350\" \/>\n\t<meta property=\"og:image:height\" content=\"529\" \/>\n<meta name=\"twitter:card\" content=\"summary_large_image\" \/>\n<script type=\"application\/ld+json\" class=\"yoast-schema-graph\">{\"@context\":\"https:\/\/schema.org\",\"@graph\":[{\"@type\":\"WebSite\",\"@id\":\"https:\/\/omega-bakery.com\/sk\/#website\",\"url\":\"https:\/\/omega-bakery.com\/sk\/\",\"name\":\"Omega Bakery\",\"description\":\"Dodavatel stroj\\u016f a za\\u0159\\u00edzen\\u00ed pro pek\\u00e1rny\",\"potentialAction\":[{\"@type\":\"SearchAction\",\"target\":{\"@type\":\"EntryPoint\",\"urlTemplate\":\"https:\/\/omega-bakery.com\/sk\/?s={search_term_string}\"},\"query-input\":\"required name=search_term_string\"}],\"inLanguage\":\"sk-SK\"},{\"@type\":\"ImageObject\",\"@id\":\"https:\/\/omega-bakery.com\/sk\/produkt\/minirotacna-pec-sveba-dahlen-sr-elektro\/#primaryimage\",\"inLanguage\":\"sk-SK\",\"url\":\"https:\/\/omega-bakery.com\/sk\/wp-content\/uploads\/2022\/01\/minirotacka-Sveba-SR-240b.jpg\",\"contentUrl\":\"https:\/\/omega-bakery.com\/sk\/wp-content\/uploads\/2022\/01\/minirotacka-Sveba-SR-240b.jpg\",\"width\":350,\"height\":529},{\"@type\":\"WebPage\",\"@id\":\"https:\/\/omega-bakery.com\/sk\/produkt\/minirotacna-pec-sveba-dahlen-sr-elektro\/#webpage\",\"url\":\"https:\/\/omega-bakery.com\/sk\/produkt\/minirotacna-pec-sveba-dahlen-sr-elektro\/\",\"name\":\"Minirota\\u010dn\\u00e1 pec Sveba Dahlen SR elektro - Omega Bakery\",\"isPartOf\":{\"@id\":\"https:\/\/omega-bakery.com\/sk\/#website\"},\"primaryImageOfPage\":{\"@id\":\"https:\/\/omega-bakery.com\/sk\/produkt\/minirotacna-pec-sveba-dahlen-sr-elektro\/#primaryimage\"},\"datePublished\":\"2022-01-10T14:09:27+00:00\",\"dateModified\":\"2024-10-31T12:13:05+00:00\",\"breadcrumb\":{\"@id\":\"https:\/\/omega-bakery.com\/sk\/produkt\/minirotacna-pec-sveba-dahlen-sr-elektro\/#breadcrumb\"},\"inLanguage\":\"sk-SK\",\"potentialAction\":[{\"@type\":\"ReadAction\",\"target\":[\"https:\/\/omega-bakery.com\/sk\/produkt\/minirotacna-pec-sveba-dahlen-sr-elektro\/\"]}]},{\"@type\":\"BreadcrumbList\",\"@id\":\"https:\/\/omega-bakery.com\/sk\/produkt\/minirotacna-pec-sveba-dahlen-sr-elektro\/#breadcrumb\",\"itemListElement\":[{\"@type\":\"ListItem\",\"position\":1,\"name\":\"Dom\\u016f\",\"item\":\"https:\/\/omega-bakery.com\/sk\/\"},{\"@type\":\"ListItem\",\"position\":2,\"name\":\"Stroje a zariadenia\",\"item\":\"https:\/\/omega-bakery.com\/sk\/stroje-a-zariadenia\/\"},{\"@type\":\"ListItem\",\"position\":3,\"name\":\"Pece\",\"item\":\"https:\/\/omega-bakery.com\/sk\/stroje-a-zarizeni\/pece\/\"},{\"@type\":\"ListItem\",\"position\":4,\"name\":\"Pece rota\\u010dn\\u00e9\",\"item\":\"https:\/\/omega-bakery.com\/sk\/stroje-a-zarizeni\/pece\/pece-rotacne\/\"},{\"@type\":\"ListItem\",\"position\":5,\"name\":\"Minirota\\u010dn\\u00e1 pec Sveba Dahlen SR elektro\"}]}]}<\/script>\n<!-- \/ Yoast SEO plugin. -->","yoast_head_json":{"title":"Minirota\u010dn\u00e1 pec Sveba Dahlen SR elektro - Omega Bakery","robots":{"index":"index","follow":"follow","max-snippet":"max-snippet:-1","max-image-preview":"max-image-preview:large","max-video-preview":"max-video-preview:-1"},"canonical":"https:\/\/omega-bakery.com\/sk\/produkt\/minirotacna-pec-sveba-dahlen-sr-elektro\/","og_locale":"sk_SK","og_type":"article","og_title":"Minirota\u010dn\u00e1 pec Sveba Dahlen SR elektro - Omega Bakery","og_description":"Minirota\u010dn\u00e1 elektrick\u00e1 pec Sveba Dahlen SR m\u00e1 stejn\u00e9 parametry a kvalitu pe\u010den\u00ed ako velk\u00e9 rota\u010dn\u00e9 pece na minim\u00e1lnom priestore zastavan\u00e9 plochy.  Proveden\u00ed ve t\u0159ech velikostech: SR 120, SR 130 a SR 240  Volilteln\u011b kondenza\u010dn\u00ed digesto\u0159 a podstavn\u00e1 kyn\u00e1rna. Rozm\u011bry (\u0161 x d x v): \u00a0 z\u00e1vis\u00ed na\u00a0typu Viac inform\u00e1ci\u00ed o tejto rota\u010dnej peci n\u00e1jdete v prilo\u017eenom let\u00e1ku TU [...]Read More...","og_url":"https:\/\/omega-bakery.com\/sk\/produkt\/minirotacna-pec-sveba-dahlen-sr-elektro\/","og_site_name":"Omega Bakery","article_modified_time":"2024-10-31T12:13:05+00:00","og_image":[{"width":350,"height":529,"url":"http:\/\/omega-bakery.com\/sk\/wp-content\/uploads\/2022\/01\/minirotacka-Sveba-SR-240b.jpg","path":"\/data\/web\/virtuals\/278194\/virtual\/www\/domains\/omega-bakery.com\/sk\/wp-content\/uploads\/2022\/01\/minirotacka-Sveba-SR-240b.jpg","size":"full","id":1948,"alt":"","pixels":185150,"type":"image\/jpeg"}],"twitter_card":"summary_large_image","schema":{"@context":"https:\/\/schema.org","@graph":[{"@type":"WebSite","@id":"https:\/\/omega-bakery.com\/sk\/#website","url":"https:\/\/omega-bakery.com\/sk\/","name":"Omega Bakery","description":"Dodavatel stroj\u016f a za\u0159\u00edzen\u00ed pro pek\u00e1rny","potentialAction":[{"@type":"SearchAction","target":{"@type":"EntryPoint","urlTemplate":"https:\/\/omega-bakery.com\/sk\/?s={search_term_string}"},"query-input":"required name=search_term_string"}],"inLanguage":"sk-SK"},{"@type":"ImageObject","@id":"https:\/\/omega-bakery.com\/sk\/produkt\/minirotacna-pec-sveba-dahlen-sr-elektro\/#primaryimage","inLanguage":"sk-SK","url":"https:\/\/omega-bakery.com\/sk\/wp-content\/uploads\/2022\/01\/minirotacka-Sveba-SR-240b.jpg","contentUrl":"https:\/\/omega-bakery.com\/sk\/wp-content\/uploads\/2022\/01\/minirotacka-Sveba-SR-240b.jpg","width":350,"height":529},{"@type":"WebPage","@id":"https:\/\/omega-bakery.com\/sk\/produkt\/minirotacna-pec-sveba-dahlen-sr-elektro\/#webpage","url":"https:\/\/omega-bakery.com\/sk\/produkt\/minirotacna-pec-sveba-dahlen-sr-elektro\/","name":"Minirota\u010dn\u00e1 pec Sveba Dahlen SR elektro - Omega Bakery","isPartOf":{"@id":"https:\/\/omega-bakery.com\/sk\/#website"},"primaryImageOfPage":{"@id":"https:\/\/omega-bakery.com\/sk\/produkt\/minirotacna-pec-sveba-dahlen-sr-elektro\/#primaryimage"},"datePublished":"2022-01-10T14:09:27+00:00","dateModified":"2024-10-31T12:13:05+00:00","breadcrumb":{"@id":"https:\/\/omega-bakery.com\/sk\/produkt\/minirotacna-pec-sveba-dahlen-sr-elektro\/#breadcrumb"},"inLanguage":"sk-SK","potentialAction":[{"@type":"ReadAction","target":["https:\/\/omega-bakery.com\/sk\/produkt\/minirotacna-pec-sveba-dahlen-sr-elektro\/"]}]},{"@type":"BreadcrumbList","@id":"https:\/\/omega-bakery.com\/sk\/produkt\/minirotacna-pec-sveba-dahlen-sr-elektro\/#breadcrumb","itemListElement":[{"@type":"ListItem","position":1,"name":"Dom\u016f","item":"https:\/\/omega-bakery.com\/sk\/"},{"@type":"ListItem","position":2,"name":"Stroje a zariadenia","item":"https:\/\/omega-bakery.com\/sk\/stroje-a-zariadenia\/"},{"@type":"ListItem","position":3,"name":"Pece","item":"https:\/\/omega-bakery.com\/sk\/stroje-a-zarizeni\/pece\/"},{"@type":"ListItem","position":4,"name":"Pece rota\u010dn\u00e9","item":"https:\/\/omega-bakery.com\/sk\/stroje-a-zarizeni\/pece\/pece-rotacne\/"},{"@type":"ListItem","position":5,"name":"Minirota\u010dn\u00e1 pec Sveba Dahlen SR elektro"}]}]}},"_links":{"self":[{"href":"https:\/\/omega-bakery.com\/sk\/wp-json\/wp\/v2\/product\/1946"}],"collection":[{"href":"https:\/\/omega-bakery.com\/sk\/wp-json\/wp\/v2\/product"}],"about":[{"href":"https:\/\/omega-bakery.com\/sk\/wp-json\/wp\/v2\/types\/product"}],"wp:featuredmedia":[{"embeddable":true,"href":"https:\/\/omega-bakery.com\/sk\/wp-json\/wp\/v2\/media\/1948"}],"wp:attachment":[{"href":"https:\/\/omega-bakery.com\/sk\/wp-json\/wp\/v2\/media?parent=1946"}],"curies":[{"name":"wp","href":"https:\/\/api.w.org\/{rel}","templated":true}]}}