{"id":1982,"date":"2022-05-10T13:57:31","date_gmt":"2022-05-10T11:57:31","guid":{"rendered":"http:\/\/omega-bakery.com\/sk\/?post_type=product&#038;p=1982"},"modified":"2023-11-16T11:12:37","modified_gmt":"2023-11-16T09:12:37","slug":"artezen-calybra-express","status":"publish","type":"product","link":"https:\/\/omega-bakery.com\/sk\/produkt\/artezen-calybra-express\/","title":{"rendered":"Artezen Calybra Express"},"content":{"rendered":"","protected":false},"excerpt":{"rendered":"<p>Deli\u010dka chlebov\u00fdch ciest.<\/p>\n<p><strong>Calybra Express je vhodn\u00e1 do men\u0161\u00edch prev\u00e1dzok.<\/strong><br \/>\nJe krat\u0161ia o cca 56 cm ako norm\u00e1lna Calybra a m\u00e1 ni\u017e\u0161\u00ed v\u00fdkon.<\/p>\n<p><strong>Hlavn\u00e9 znaky<\/strong><\/p>\n<ul>\n<li>bezolejov\u00e9 delenie<\/li>\n<li>spracov\u00e1va v\u0161etky typy ciest<\/li>\n<li>v\u00e1kuov\u00fd princ\u00edp delenia<\/li>\n<li>mobiln\u00e9 prevedenie na kolieskach<\/li>\n<li>jedno alebo dvojriadkov\u00e9 delenie<\/li>\n<\/ul>\n<p><strong>Rozmedzie hmotnosti klonkov: <\/strong>50 &#8211; 2800 g\u00a0 pod\u013ea typu deli\u010dky<\/p>\n<div><strong>Pr\u00edkon:<\/strong>\u00a0 \u00a01,6 kW<\/div>\n<div><strong>Rozmery (d x \u0161 x v):<\/strong>\u00a0 1650 x 600 x 1640 mm<\/div>\n<div><strong>Hmotnos\u0165: \u00a0 <\/strong>430 kg<\/div>\n<p>&nbsp;<\/p>\n<p>Viac inform\u00e1ci\u00ed o tejto deli\u010dke n\u00e1jdete v prilo\u017eenom let\u00e1ku <a href=\"http:\/\/omega-bakery.com\/sk\/wp-content\/uploads\/2022\/05\/Artezen-Calybra-Express-0823.pdf\" target=\"_blank\" rel=\"noopener\">TU<\/a><\/p>\n<div>\n<p>&nbsp;<\/p>\n<\/div>\n<p> [&#8230;]<\/p>\n<p><a class=\"btn btn-secondary understrap-read-more-link\" href=\"https:\/\/omega-bakery.com\/sk\/produkt\/artezen-calybra-express\/\">Read More&#8230;<\/a><\/p>\n","protected":false},"featured_media":1983,"template":"","meta":[],"yoast_head":"<!-- This site is optimized with the Yoast SEO plugin v17.1 - https:\/\/yoast.com\/wordpress\/plugins\/seo\/ -->\n<title>Artezen Calybra Express - Omega Bakery<\/title>\n<meta name=\"robots\" content=\"index, follow, max-snippet:-1, max-image-preview:large, max-video-preview:-1\" \/>\n<link rel=\"canonical\" href=\"https:\/\/omega-bakery.com\/sk\/produkt\/artezen-calybra-express\/\" \/>\n<meta property=\"og:locale\" content=\"sk_SK\" \/>\n<meta property=\"og:type\" content=\"article\" \/>\n<meta property=\"og:title\" content=\"Artezen Calybra Express - Omega Bakery\" \/>\n<meta property=\"og:description\" content=\"Deli\u010dka chlebov\u00fdch ciest.  Calybra Express je vhodn\u00e1 do men\u0161\u00edch prev\u00e1dzok. Je krat\u0161ia o cca 56 cm ako norm\u00e1lna Calybra a m\u00e1 ni\u017e\u0161\u00ed v\u00fdkon.  Hlavn\u00e9 znaky   bezolejov\u00e9 delenie  spracov\u00e1va v\u0161etky typy ciest  v\u00e1kuov\u00fd princ\u00edp delenia  mobiln\u00e9 prevedenie na kolieskach  jedno alebo dvojriadkov\u00e9 delenie  Rozmedzie hmotnosti klonkov: 50 - 2800 g\u00a0 pod\u013ea typu deli\u010dky Pr\u00edkon:\u00a0 \u00a01,6 kW Rozmery (d x \u0161 x v):\u00a0 1650 x 600 x 1640 mm Hmotnos\u0165: \u00a0 430 kg &nbsp;  Viac inform\u00e1ci\u00ed o tejto deli\u010dke n\u00e1jdete v prilo\u017eenom let\u00e1ku TU   &nbsp;   [...]Read More...\" \/>\n<meta property=\"og:url\" content=\"https:\/\/omega-bakery.com\/sk\/produkt\/artezen-calybra-express\/\" \/>\n<meta property=\"og:site_name\" content=\"Omega Bakery\" \/>\n<meta property=\"article:modified_time\" content=\"2023-11-16T09:12:37+00:00\" \/>\n<meta property=\"og:image\" content=\"http:\/\/omega-bakery.com\/sk\/wp-content\/uploads\/2022\/05\/Artezen-Calybra-express.png\" \/>\n\t<meta property=\"og:image:width\" content=\"461\" \/>\n\t<meta property=\"og:image:height\" content=\"500\" \/>\n<meta name=\"twitter:card\" content=\"summary_large_image\" \/>\n<script type=\"application\/ld+json\" class=\"yoast-schema-graph\">{\"@context\":\"https:\/\/schema.org\",\"@graph\":[{\"@type\":\"WebSite\",\"@id\":\"https:\/\/omega-bakery.com\/sk\/#website\",\"url\":\"https:\/\/omega-bakery.com\/sk\/\",\"name\":\"Omega Bakery\",\"description\":\"Dodavatel stroj\\u016f a za\\u0159\\u00edzen\\u00ed pro pek\\u00e1rny\",\"potentialAction\":[{\"@type\":\"SearchAction\",\"target\":{\"@type\":\"EntryPoint\",\"urlTemplate\":\"https:\/\/omega-bakery.com\/sk\/?s={search_term_string}\"},\"query-input\":\"required name=search_term_string\"}],\"inLanguage\":\"sk-SK\"},{\"@type\":\"ImageObject\",\"@id\":\"https:\/\/omega-bakery.com\/sk\/produkt\/artezen-calybra-express\/#primaryimage\",\"inLanguage\":\"sk-SK\",\"url\":\"https:\/\/omega-bakery.com\/sk\/wp-content\/uploads\/2022\/05\/Artezen-Calybra-express.png\",\"contentUrl\":\"https:\/\/omega-bakery.com\/sk\/wp-content\/uploads\/2022\/05\/Artezen-Calybra-express.png\",\"width\":461,\"height\":500},{\"@type\":\"WebPage\",\"@id\":\"https:\/\/omega-bakery.com\/sk\/produkt\/artezen-calybra-express\/#webpage\",\"url\":\"https:\/\/omega-bakery.com\/sk\/produkt\/artezen-calybra-express\/\",\"name\":\"Artezen Calybra Express - Omega Bakery\",\"isPartOf\":{\"@id\":\"https:\/\/omega-bakery.com\/sk\/#website\"},\"primaryImageOfPage\":{\"@id\":\"https:\/\/omega-bakery.com\/sk\/produkt\/artezen-calybra-express\/#primaryimage\"},\"datePublished\":\"2022-05-10T11:57:31+00:00\",\"dateModified\":\"2023-11-16T09:12:37+00:00\",\"breadcrumb\":{\"@id\":\"https:\/\/omega-bakery.com\/sk\/produkt\/artezen-calybra-express\/#breadcrumb\"},\"inLanguage\":\"sk-SK\",\"potentialAction\":[{\"@type\":\"ReadAction\",\"target\":[\"https:\/\/omega-bakery.com\/sk\/produkt\/artezen-calybra-express\/\"]}]},{\"@type\":\"BreadcrumbList\",\"@id\":\"https:\/\/omega-bakery.com\/sk\/produkt\/artezen-calybra-express\/#breadcrumb\",\"itemListElement\":[{\"@type\":\"ListItem\",\"position\":1,\"name\":\"Dom\\u016f\",\"item\":\"https:\/\/omega-bakery.com\/sk\/\"},{\"@type\":\"ListItem\",\"position\":2,\"name\":\"Stroje a zariadenia\",\"item\":\"https:\/\/omega-bakery.com\/sk\/stroje-a-zariadenia\/\"},{\"@type\":\"ListItem\",\"position\":3,\"name\":\"Deli\\u010dky\",\"item\":\"http:\/\/omega-bakery.com\/sk\/stroje-a-zarizeni\/delicky\/\"},{\"@type\":\"ListItem\",\"position\":4,\"name\":\"Chlebov\\u00e9 deli\\u010dky\",\"item\":\"http:\/\/omega-bakery.com\/sk\/stroje-a-zarizeni\/delicky\/chlebove-delicky\/\"},{\"@type\":\"ListItem\",\"position\":5,\"name\":\"Artezen Calybra Express\"}]}]}<\/script>\n<!-- \/ Yoast SEO plugin. -->","yoast_head_json":{"title":"Artezen Calybra Express - Omega Bakery","robots":{"index":"index","follow":"follow","max-snippet":"max-snippet:-1","max-image-preview":"max-image-preview:large","max-video-preview":"max-video-preview:-1"},"canonical":"https:\/\/omega-bakery.com\/sk\/produkt\/artezen-calybra-express\/","og_locale":"sk_SK","og_type":"article","og_title":"Artezen Calybra Express - Omega Bakery","og_description":"Deli\u010dka chlebov\u00fdch ciest.  Calybra Express je vhodn\u00e1 do men\u0161\u00edch prev\u00e1dzok. Je krat\u0161ia o cca 56 cm ako norm\u00e1lna Calybra a m\u00e1 ni\u017e\u0161\u00ed v\u00fdkon.  Hlavn\u00e9 znaky   bezolejov\u00e9 delenie  spracov\u00e1va v\u0161etky typy ciest  v\u00e1kuov\u00fd princ\u00edp delenia  mobiln\u00e9 prevedenie na kolieskach  jedno alebo dvojriadkov\u00e9 delenie  Rozmedzie hmotnosti klonkov: 50 - 2800 g\u00a0 pod\u013ea typu deli\u010dky Pr\u00edkon:\u00a0 \u00a01,6 kW Rozmery (d x \u0161 x v):\u00a0 1650 x 600 x 1640 mm Hmotnos\u0165: \u00a0 430 kg &nbsp;  Viac inform\u00e1ci\u00ed o tejto deli\u010dke n\u00e1jdete v prilo\u017eenom let\u00e1ku TU   &nbsp;   [...]Read More...","og_url":"https:\/\/omega-bakery.com\/sk\/produkt\/artezen-calybra-express\/","og_site_name":"Omega Bakery","article_modified_time":"2023-11-16T09:12:37+00:00","og_image":[{"width":461,"height":500,"url":"http:\/\/omega-bakery.com\/sk\/wp-content\/uploads\/2022\/05\/Artezen-Calybra-express.png","path":"\/data\/web\/virtuals\/278194\/virtual\/www\/domains\/omega-bakery.com\/sk\/wp-content\/uploads\/2022\/05\/Artezen-Calybra-express.png","size":"full","id":1983,"alt":"","pixels":230500,"type":"image\/png"}],"twitter_card":"summary_large_image","schema":{"@context":"https:\/\/schema.org","@graph":[{"@type":"WebSite","@id":"https:\/\/omega-bakery.com\/sk\/#website","url":"https:\/\/omega-bakery.com\/sk\/","name":"Omega Bakery","description":"Dodavatel stroj\u016f a za\u0159\u00edzen\u00ed pro pek\u00e1rny","potentialAction":[{"@type":"SearchAction","target":{"@type":"EntryPoint","urlTemplate":"https:\/\/omega-bakery.com\/sk\/?s={search_term_string}"},"query-input":"required name=search_term_string"}],"inLanguage":"sk-SK"},{"@type":"ImageObject","@id":"https:\/\/omega-bakery.com\/sk\/produkt\/artezen-calybra-express\/#primaryimage","inLanguage":"sk-SK","url":"https:\/\/omega-bakery.com\/sk\/wp-content\/uploads\/2022\/05\/Artezen-Calybra-express.png","contentUrl":"https:\/\/omega-bakery.com\/sk\/wp-content\/uploads\/2022\/05\/Artezen-Calybra-express.png","width":461,"height":500},{"@type":"WebPage","@id":"https:\/\/omega-bakery.com\/sk\/produkt\/artezen-calybra-express\/#webpage","url":"https:\/\/omega-bakery.com\/sk\/produkt\/artezen-calybra-express\/","name":"Artezen Calybra Express - Omega Bakery","isPartOf":{"@id":"https:\/\/omega-bakery.com\/sk\/#website"},"primaryImageOfPage":{"@id":"https:\/\/omega-bakery.com\/sk\/produkt\/artezen-calybra-express\/#primaryimage"},"datePublished":"2022-05-10T11:57:31+00:00","dateModified":"2023-11-16T09:12:37+00:00","breadcrumb":{"@id":"https:\/\/omega-bakery.com\/sk\/produkt\/artezen-calybra-express\/#breadcrumb"},"inLanguage":"sk-SK","potentialAction":[{"@type":"ReadAction","target":["https:\/\/omega-bakery.com\/sk\/produkt\/artezen-calybra-express\/"]}]},{"@type":"BreadcrumbList","@id":"https:\/\/omega-bakery.com\/sk\/produkt\/artezen-calybra-express\/#breadcrumb","itemListElement":[{"@type":"ListItem","position":1,"name":"Dom\u016f","item":"https:\/\/omega-bakery.com\/sk\/"},{"@type":"ListItem","position":2,"name":"Stroje a zariadenia","item":"https:\/\/omega-bakery.com\/sk\/stroje-a-zariadenia\/"},{"@type":"ListItem","position":3,"name":"Deli\u010dky","item":"http:\/\/omega-bakery.com\/sk\/stroje-a-zarizeni\/delicky\/"},{"@type":"ListItem","position":4,"name":"Chlebov\u00e9 deli\u010dky","item":"http:\/\/omega-bakery.com\/sk\/stroje-a-zarizeni\/delicky\/chlebove-delicky\/"},{"@type":"ListItem","position":5,"name":"Artezen Calybra Express"}]}]}},"_links":{"self":[{"href":"https:\/\/omega-bakery.com\/sk\/wp-json\/wp\/v2\/product\/1982"}],"collection":[{"href":"https:\/\/omega-bakery.com\/sk\/wp-json\/wp\/v2\/product"}],"about":[{"href":"https:\/\/omega-bakery.com\/sk\/wp-json\/wp\/v2\/types\/product"}],"wp:featuredmedia":[{"embeddable":true,"href":"https:\/\/omega-bakery.com\/sk\/wp-json\/wp\/v2\/media\/1983"}],"wp:attachment":[{"href":"https:\/\/omega-bakery.com\/sk\/wp-json\/wp\/v2\/media?parent=1982"}],"curies":[{"name":"wp","href":"https:\/\/api.w.org\/{rel}","templated":true}]}}