{"id":2053,"date":"2022-11-15T15:45:24","date_gmt":"2022-11-15T13:45:24","guid":{"rendered":"http:\/\/omega-bakery.com\/sk\/?post_type=product&#038;p=2053"},"modified":"2022-11-15T15:55:37","modified_gmt":"2022-11-15T13:55:37","slug":"comipak-uzavirac-sacku-klipem","status":"publish","type":"product","link":"https:\/\/omega-bakery.com\/sk\/produkt\/comipak-uzavirac-sacku-klipem\/","title":{"rendered":"ComiPak \u2013 uzav\u00edra\u010d s\u00e1\u010dk\u016f klipem"},"content":{"rendered":"","protected":false},"excerpt":{"rendered":"<table border=\"1\" cellspacing=\"0\" cellpadding=\"0\">\n<tbody>\n<tr>\n<td>\n<p align=\"center\"><strong>Poradov\u00e9 \u010d\u00edslo<\/strong><\/p>\n<\/td>\n<td>\n<p align=\"center\"><strong>CZ 2210<\/strong><\/p>\n<\/td>\n<td rowspan=\"8\">\n<p align=\"center\">\n<\/td>\n<\/tr>\n<tr>\n<td>\n<p align=\"center\"><strong>Stroj<\/strong><\/p>\n<\/td>\n<td>\n<p align=\"center\"><strong>Uzav\u00edra\u010d s\u00e1\u010dk\u016f klipem<\/strong><\/p>\n<\/td>\n<\/tr>\n<tr>\n<td>\n<p align=\"center\"><strong>Typ stroja<\/strong><\/p>\n<\/td>\n<td>\n<p align=\"center\"><strong>Comipak<\/strong><\/p>\n<\/td>\n<\/tr>\n<tr>\n<td>\n<p align=\"center\">\n<\/td>\n<td>\n<p align=\"center\">popis <a href=\"http:\/\/omega-bakery.com\/sk\/uzavirac-sacku%cc%8a-comipak-408-0321\/\" target=\"_blank\" rel=\"noopener\">ZDE<\/a><\/p>\n<\/td>\n<\/tr>\n<tr>\n<td>\n<p align=\"center\"><strong>Kontakt<\/strong><\/p>\n<\/td>\n<td>\n<p align=\"center\"><strong>+420 731 614 724<\/strong><\/p>\n<\/td>\n<\/tr>\n<tr>\n<td>\n<p align=\"center\"><strong>Cena<\/strong><\/p>\n<\/td>\n<td>\n<p align=\"center\"><b>\u00a03.950 \u20ac + doprava<\/b><\/p>\n<\/td>\n<\/tr>\n<tr>\n<td>\n<p align=\"center\"><strong>Rok v\u00fdroby<\/strong><\/p>\n<\/td>\n<td>\n<p align=\"center\"><strong>2021<\/strong><\/p>\n<\/td>\n<\/tr>\n<tr>\n<td>\n<p align=\"center\"><strong>V\u00fdrobca<\/strong><\/p>\n<\/td>\n<td>\n<p align=\"center\"><strong>Comipak, It\u00e1lie<\/strong><\/p>\n<\/td>\n<\/tr>\n<\/tbody>\n<\/table>\n<p> [&#8230;]<\/p>\n<p><a class=\"btn btn-secondary understrap-read-more-link\" href=\"https:\/\/omega-bakery.com\/sk\/produkt\/comipak-uzavirac-sacku-klipem\/\">Read More&#8230;<\/a><\/p>\n","protected":false},"featured_media":990,"template":"","meta":[],"yoast_head":"<!-- This site is optimized with the Yoast SEO plugin v17.1 - https:\/\/yoast.com\/wordpress\/plugins\/seo\/ -->\n<title>ComiPak \u2013 uzav\u00edra\u010d s\u00e1\u010dk\u016f klipem - Omega Bakery<\/title>\n<meta name=\"robots\" content=\"index, follow, max-snippet:-1, max-image-preview:large, max-video-preview:-1\" \/>\n<link rel=\"canonical\" href=\"https:\/\/omega-bakery.com\/sk\/produkt\/comipak-uzavirac-sacku-klipem\/\" \/>\n<meta property=\"og:locale\" content=\"sk_SK\" \/>\n<meta property=\"og:type\" content=\"article\" \/>\n<meta property=\"og:title\" content=\"ComiPak \u2013 uzav\u00edra\u010d s\u00e1\u010dk\u016f klipem - Omega Bakery\" \/>\n<meta property=\"og:description\" content=\"Poradov\u00e9 \u010d\u00edslo   CZ 2210        Stroj   Uzav\u00edra\u010d s\u00e1\u010dk\u016f klipem     Typ stroja   Comipak        popis ZDE     Kontakt   +420 731 614 724     Cena   \u00a03.950 \u20ac + doprava     Rok v\u00fdroby   2021     V\u00fdrobca   Comipak, It\u00e1lie     [...]Read More...\" \/>\n<meta property=\"og:url\" content=\"https:\/\/omega-bakery.com\/sk\/produkt\/comipak-uzavirac-sacku-klipem\/\" \/>\n<meta property=\"og:site_name\" content=\"Omega Bakery\" \/>\n<meta property=\"article:modified_time\" content=\"2022-11-15T13:55:37+00:00\" \/>\n<meta property=\"og:image\" content=\"http:\/\/omega-bakery.com\/sk\/wp-content\/uploads\/2021\/04\/ComiPak-1.png\" \/>\n\t<meta property=\"og:image:width\" content=\"533\" \/>\n\t<meta property=\"og:image:height\" content=\"700\" \/>\n<meta name=\"twitter:card\" content=\"summary_large_image\" \/>\n<script type=\"application\/ld+json\" class=\"yoast-schema-graph\">{\"@context\":\"https:\/\/schema.org\",\"@graph\":[{\"@type\":\"WebSite\",\"@id\":\"https:\/\/omega-bakery.com\/sk\/#website\",\"url\":\"https:\/\/omega-bakery.com\/sk\/\",\"name\":\"Omega Bakery\",\"description\":\"Dodavatel stroj\\u016f a za\\u0159\\u00edzen\\u00ed pro pek\\u00e1rny\",\"potentialAction\":[{\"@type\":\"SearchAction\",\"target\":{\"@type\":\"EntryPoint\",\"urlTemplate\":\"https:\/\/omega-bakery.com\/sk\/?s={search_term_string}\"},\"query-input\":\"required name=search_term_string\"}],\"inLanguage\":\"sk-SK\"},{\"@type\":\"ImageObject\",\"@id\":\"https:\/\/omega-bakery.com\/sk\/produkt\/comipak-uzavirac-sacku-klipem\/#primaryimage\",\"inLanguage\":\"sk-SK\",\"url\":\"https:\/\/omega-bakery.com\/sk\/wp-content\/uploads\/2021\/04\/ComiPak-1.png\",\"contentUrl\":\"https:\/\/omega-bakery.com\/sk\/wp-content\/uploads\/2021\/04\/ComiPak-1.png\",\"width\":533,\"height\":700},{\"@type\":\"WebPage\",\"@id\":\"https:\/\/omega-bakery.com\/sk\/produkt\/comipak-uzavirac-sacku-klipem\/#webpage\",\"url\":\"https:\/\/omega-bakery.com\/sk\/produkt\/comipak-uzavirac-sacku-klipem\/\",\"name\":\"ComiPak \\u2013 uzav\\u00edra\\u010d s\\u00e1\\u010dk\\u016f klipem - Omega Bakery\",\"isPartOf\":{\"@id\":\"https:\/\/omega-bakery.com\/sk\/#website\"},\"primaryImageOfPage\":{\"@id\":\"https:\/\/omega-bakery.com\/sk\/produkt\/comipak-uzavirac-sacku-klipem\/#primaryimage\"},\"datePublished\":\"2022-11-15T13:45:24+00:00\",\"dateModified\":\"2022-11-15T13:55:37+00:00\",\"breadcrumb\":{\"@id\":\"https:\/\/omega-bakery.com\/sk\/produkt\/comipak-uzavirac-sacku-klipem\/#breadcrumb\"},\"inLanguage\":\"sk-SK\",\"potentialAction\":[{\"@type\":\"ReadAction\",\"target\":[\"https:\/\/omega-bakery.com\/sk\/produkt\/comipak-uzavirac-sacku-klipem\/\"]}]},{\"@type\":\"BreadcrumbList\",\"@id\":\"https:\/\/omega-bakery.com\/sk\/produkt\/comipak-uzavirac-sacku-klipem\/#breadcrumb\",\"itemListElement\":[{\"@type\":\"ListItem\",\"position\":1,\"name\":\"Dom\\u016f\",\"item\":\"https:\/\/omega-bakery.com\/sk\/\"},{\"@type\":\"ListItem\",\"position\":2,\"name\":\"Stroje a zariadenia\",\"item\":\"https:\/\/omega-bakery.com\/sk\/stroje-a-zariadenia\/\"},{\"@type\":\"ListItem\",\"position\":3,\"name\":\"Baz\\u00e1r\",\"item\":\"https:\/\/omega-bakery.com\/sk\/stroje-a-zarizeni\/bazar\/\"},{\"@type\":\"ListItem\",\"position\":4,\"name\":\"Rezacie a baliace stroje\",\"item\":\"https:\/\/omega-bakery.com\/sk\/stroje-a-zarizeni\/bazar\/rezacie-baliace-stroje\/\"},{\"@type\":\"ListItem\",\"position\":5,\"name\":\"ComiPak \\u2013 uzav\\u00edra\\u010d s\\u00e1\\u010dk\\u016f klipem\"}]}]}<\/script>\n<!-- \/ Yoast SEO plugin. -->","yoast_head_json":{"title":"ComiPak \u2013 uzav\u00edra\u010d s\u00e1\u010dk\u016f klipem - Omega Bakery","robots":{"index":"index","follow":"follow","max-snippet":"max-snippet:-1","max-image-preview":"max-image-preview:large","max-video-preview":"max-video-preview:-1"},"canonical":"https:\/\/omega-bakery.com\/sk\/produkt\/comipak-uzavirac-sacku-klipem\/","og_locale":"sk_SK","og_type":"article","og_title":"ComiPak \u2013 uzav\u00edra\u010d s\u00e1\u010dk\u016f klipem - Omega Bakery","og_description":"Poradov\u00e9 \u010d\u00edslo   CZ 2210        Stroj   Uzav\u00edra\u010d s\u00e1\u010dk\u016f klipem     Typ stroja   Comipak        popis ZDE     Kontakt   +420 731 614 724     Cena   \u00a03.950 \u20ac + doprava     Rok v\u00fdroby   2021     V\u00fdrobca   Comipak, It\u00e1lie     [...]Read More...","og_url":"https:\/\/omega-bakery.com\/sk\/produkt\/comipak-uzavirac-sacku-klipem\/","og_site_name":"Omega Bakery","article_modified_time":"2022-11-15T13:55:37+00:00","og_image":[{"width":533,"height":700,"url":"http:\/\/omega-bakery.com\/sk\/wp-content\/uploads\/2021\/04\/ComiPak-1.png","path":"\/data\/web\/virtuals\/278194\/virtual\/www\/domains\/omega-bakery.com\/sk\/wp-content\/uploads\/2021\/04\/ComiPak-1.png","size":"full","id":990,"alt":"","pixels":373100,"type":"image\/png"}],"twitter_card":"summary_large_image","schema":{"@context":"https:\/\/schema.org","@graph":[{"@type":"WebSite","@id":"https:\/\/omega-bakery.com\/sk\/#website","url":"https:\/\/omega-bakery.com\/sk\/","name":"Omega Bakery","description":"Dodavatel stroj\u016f a za\u0159\u00edzen\u00ed pro pek\u00e1rny","potentialAction":[{"@type":"SearchAction","target":{"@type":"EntryPoint","urlTemplate":"https:\/\/omega-bakery.com\/sk\/?s={search_term_string}"},"query-input":"required name=search_term_string"}],"inLanguage":"sk-SK"},{"@type":"ImageObject","@id":"https:\/\/omega-bakery.com\/sk\/produkt\/comipak-uzavirac-sacku-klipem\/#primaryimage","inLanguage":"sk-SK","url":"https:\/\/omega-bakery.com\/sk\/wp-content\/uploads\/2021\/04\/ComiPak-1.png","contentUrl":"https:\/\/omega-bakery.com\/sk\/wp-content\/uploads\/2021\/04\/ComiPak-1.png","width":533,"height":700},{"@type":"WebPage","@id":"https:\/\/omega-bakery.com\/sk\/produkt\/comipak-uzavirac-sacku-klipem\/#webpage","url":"https:\/\/omega-bakery.com\/sk\/produkt\/comipak-uzavirac-sacku-klipem\/","name":"ComiPak \u2013 uzav\u00edra\u010d s\u00e1\u010dk\u016f klipem - Omega Bakery","isPartOf":{"@id":"https:\/\/omega-bakery.com\/sk\/#website"},"primaryImageOfPage":{"@id":"https:\/\/omega-bakery.com\/sk\/produkt\/comipak-uzavirac-sacku-klipem\/#primaryimage"},"datePublished":"2022-11-15T13:45:24+00:00","dateModified":"2022-11-15T13:55:37+00:00","breadcrumb":{"@id":"https:\/\/omega-bakery.com\/sk\/produkt\/comipak-uzavirac-sacku-klipem\/#breadcrumb"},"inLanguage":"sk-SK","potentialAction":[{"@type":"ReadAction","target":["https:\/\/omega-bakery.com\/sk\/produkt\/comipak-uzavirac-sacku-klipem\/"]}]},{"@type":"BreadcrumbList","@id":"https:\/\/omega-bakery.com\/sk\/produkt\/comipak-uzavirac-sacku-klipem\/#breadcrumb","itemListElement":[{"@type":"ListItem","position":1,"name":"Dom\u016f","item":"https:\/\/omega-bakery.com\/sk\/"},{"@type":"ListItem","position":2,"name":"Stroje a zariadenia","item":"https:\/\/omega-bakery.com\/sk\/stroje-a-zariadenia\/"},{"@type":"ListItem","position":3,"name":"Baz\u00e1r","item":"https:\/\/omega-bakery.com\/sk\/stroje-a-zarizeni\/bazar\/"},{"@type":"ListItem","position":4,"name":"Rezacie a baliace stroje","item":"https:\/\/omega-bakery.com\/sk\/stroje-a-zarizeni\/bazar\/rezacie-baliace-stroje\/"},{"@type":"ListItem","position":5,"name":"ComiPak \u2013 uzav\u00edra\u010d s\u00e1\u010dk\u016f klipem"}]}]}},"_links":{"self":[{"href":"https:\/\/omega-bakery.com\/sk\/wp-json\/wp\/v2\/product\/2053"}],"collection":[{"href":"https:\/\/omega-bakery.com\/sk\/wp-json\/wp\/v2\/product"}],"about":[{"href":"https:\/\/omega-bakery.com\/sk\/wp-json\/wp\/v2\/types\/product"}],"wp:featuredmedia":[{"embeddable":true,"href":"https:\/\/omega-bakery.com\/sk\/wp-json\/wp\/v2\/media\/990"}],"wp:attachment":[{"href":"https:\/\/omega-bakery.com\/sk\/wp-json\/wp\/v2\/media?parent=2053"}],"curies":[{"name":"wp","href":"https:\/\/api.w.org\/{rel}","templated":true}]}}