{"id":2081,"date":"2023-05-18T13:40:12","date_gmt":"2023-05-18T11:40:12","guid":{"rendered":"http:\/\/omega-bakery.com\/sk\/?post_type=product&#038;p=2081"},"modified":"2024-10-31T14:39:56","modified_gmt":"2024-10-31T12:39:56","slug":"daub-d-cross-slicer-202-a-204","status":"publish","type":"product","link":"https:\/\/omega-bakery.com\/sk\/produkt\/daub-d-cross-slicer-202-a-204\/","title":{"rendered":"Daub D \/ Cross Slicer 202 a 204"},"content":{"rendered":"","protected":false},"excerpt":{"rendered":"<p>Osved\u010den\u00fd model reza\u010dky pre men\u0161ie prev\u00e1dzky \u2013 pek\u00e1rne i predajne.<\/p>\n<p><strong>V\u00fdhody stroja:<\/strong><\/p>\n<ul>\n<li>\u201eCross-slice\u201c \u2013 patentovan\u00fd syst\u00e9m kr\u00e1jenia<\/li>\n<li>standardn\u00e1 \u0161\u00edrka kraj\u00edcov 12 mm, lze objednat rozmedzie od 11 do 14 mm<\/li>\n<\/ul>\n<p><strong>Doporu\u010dujeme:<\/strong><\/p>\n<ul>\n<li>automatick\u00e9 olejovanie no\u017eov, vhodn\u00e9 pre chleby s vysok\u00fdm podielom ra\u017ee<\/li>\n<li>predfuk s\u00e1\u010dkov \u2013 usnad\u0148uje vlo\u017eenie narezan\u00fdch produktov do s\u00e1\u010dkov a urychluje pr\u00e1cu obsluhy pri baleniu<\/li>\n<\/ul>\n<div><strong>Maxim\u00e1ln\u00ed rozm\u011bry chleba:\u00a0 \u00a0<\/strong>44x 16 cm<\/div>\n<div><strong>Pr\u00edkon:<\/strong>\u00a0\u00a0 0,55 kW \/ 400 V<\/div>\n<div><strong>Rozmery (\u0161 x d x v)<\/strong><strong>:<\/strong>\u00a0\u00a0 600 x 730 x 1120 mm<\/div>\n<div><strong>Hmotnos\u0165: <\/strong>\u00a0 160 kg<\/div>\n<div>\n<p>Viac inform\u00e1ci\u00ed o tomto obslu\u017enom stroji n\u00e1jdete v prilo\u017eenom let\u00e1ku <a href=\"http:\/\/omega-bakery.com\/sk\/wp-content\/uploads\/2023\/05\/rezacka-Daub-D-Cross-slicer-202-a-204-0823.pdf\" target=\"_blank\" rel=\"noopener\">TU<\/a><\/p>\n<\/div>\n<p> [&#8230;]<\/p>\n<p><a class=\"btn btn-secondary understrap-read-more-link\" href=\"https:\/\/omega-bakery.com\/sk\/produkt\/daub-d-cross-slicer-202-a-204\/\">Read More&#8230;<\/a><\/p>\n","protected":false},"featured_media":2082,"template":"","meta":[],"yoast_head":"<!-- This site is optimized with the Yoast SEO plugin v17.1 - https:\/\/yoast.com\/wordpress\/plugins\/seo\/ -->\n<title>Daub D \/ Cross Slicer 202 a 204 - Omega Bakery<\/title>\n<meta name=\"robots\" content=\"index, follow, max-snippet:-1, max-image-preview:large, max-video-preview:-1\" \/>\n<link rel=\"canonical\" href=\"https:\/\/omega-bakery.com\/sk\/produkt\/daub-d-cross-slicer-202-a-204\/\" \/>\n<meta property=\"og:locale\" content=\"sk_SK\" \/>\n<meta property=\"og:type\" content=\"article\" \/>\n<meta property=\"og:title\" content=\"Daub D \/ Cross Slicer 202 a 204 - Omega Bakery\" \/>\n<meta property=\"og:description\" content=\"Osved\u010den\u00fd model reza\u010dky pre men\u0161ie prev\u00e1dzky \u2013 pek\u00e1rne i predajne.  V\u00fdhody stroja:   \u201eCross-slice\u201c \u2013 patentovan\u00fd syst\u00e9m kr\u00e1jenia  standardn\u00e1 \u0161\u00edrka kraj\u00edcov 12 mm, lze objednat rozmedzie od 11 do 14 mm  Doporu\u010dujeme:   automatick\u00e9 olejovanie no\u017eov, vhodn\u00e9 pre chleby s vysok\u00fdm podielom ra\u017ee  predfuk s\u00e1\u010dkov \u2013 usnad\u0148uje vlo\u017eenie narezan\u00fdch produktov do s\u00e1\u010dkov a urychluje pr\u00e1cu obsluhy pri baleniu  Maxim\u00e1ln\u00ed rozm\u011bry chleba:\u00a0 \u00a044x 16 cm Pr\u00edkon:\u00a0\u00a0 0,55 kW \/ 400 V Rozmery (\u0161 x d x v):\u00a0\u00a0 600 x 730 x 1120 mm Hmotnos\u0165: \u00a0 160 kg   Viac inform\u00e1ci\u00ed o tomto obslu\u017enom stroji n\u00e1jdete v prilo\u017eenom let\u00e1ku TU   [...]Read More...\" \/>\n<meta property=\"og:url\" content=\"https:\/\/omega-bakery.com\/sk\/produkt\/daub-d-cross-slicer-202-a-204\/\" \/>\n<meta property=\"og:site_name\" content=\"Omega Bakery\" \/>\n<meta property=\"article:modified_time\" content=\"2024-10-31T12:39:56+00:00\" \/>\n<meta property=\"og:image\" content=\"http:\/\/omega-bakery.com\/sk\/wp-content\/uploads\/2023\/05\/Daub-D-cross.png\" \/>\n\t<meta property=\"og:image:width\" content=\"564\" \/>\n\t<meta property=\"og:image:height\" content=\"538\" \/>\n<meta name=\"twitter:card\" content=\"summary_large_image\" \/>\n<script type=\"application\/ld+json\" class=\"yoast-schema-graph\">{\"@context\":\"https:\/\/schema.org\",\"@graph\":[{\"@type\":\"WebSite\",\"@id\":\"https:\/\/omega-bakery.com\/sk\/#website\",\"url\":\"https:\/\/omega-bakery.com\/sk\/\",\"name\":\"Omega Bakery\",\"description\":\"Dodavatel stroj\\u016f a za\\u0159\\u00edzen\\u00ed pro pek\\u00e1rny\",\"potentialAction\":[{\"@type\":\"SearchAction\",\"target\":{\"@type\":\"EntryPoint\",\"urlTemplate\":\"https:\/\/omega-bakery.com\/sk\/?s={search_term_string}\"},\"query-input\":\"required name=search_term_string\"}],\"inLanguage\":\"sk-SK\"},{\"@type\":\"ImageObject\",\"@id\":\"https:\/\/omega-bakery.com\/sk\/produkt\/daub-d-cross-slicer-202-a-204\/#primaryimage\",\"inLanguage\":\"sk-SK\",\"url\":\"https:\/\/omega-bakery.com\/sk\/wp-content\/uploads\/2023\/05\/Daub-D-cross.png\",\"contentUrl\":\"https:\/\/omega-bakery.com\/sk\/wp-content\/uploads\/2023\/05\/Daub-D-cross.png\",\"width\":564,\"height\":538},{\"@type\":\"WebPage\",\"@id\":\"https:\/\/omega-bakery.com\/sk\/produkt\/daub-d-cross-slicer-202-a-204\/#webpage\",\"url\":\"https:\/\/omega-bakery.com\/sk\/produkt\/daub-d-cross-slicer-202-a-204\/\",\"name\":\"Daub D \/ Cross Slicer 202 a 204 - Omega Bakery\",\"isPartOf\":{\"@id\":\"https:\/\/omega-bakery.com\/sk\/#website\"},\"primaryImageOfPage\":{\"@id\":\"https:\/\/omega-bakery.com\/sk\/produkt\/daub-d-cross-slicer-202-a-204\/#primaryimage\"},\"datePublished\":\"2023-05-18T11:40:12+00:00\",\"dateModified\":\"2024-10-31T12:39:56+00:00\",\"breadcrumb\":{\"@id\":\"https:\/\/omega-bakery.com\/sk\/produkt\/daub-d-cross-slicer-202-a-204\/#breadcrumb\"},\"inLanguage\":\"sk-SK\",\"potentialAction\":[{\"@type\":\"ReadAction\",\"target\":[\"https:\/\/omega-bakery.com\/sk\/produkt\/daub-d-cross-slicer-202-a-204\/\"]}]},{\"@type\":\"BreadcrumbList\",\"@id\":\"https:\/\/omega-bakery.com\/sk\/produkt\/daub-d-cross-slicer-202-a-204\/#breadcrumb\",\"itemListElement\":[{\"@type\":\"ListItem\",\"position\":1,\"name\":\"Dom\\u016f\",\"item\":\"https:\/\/omega-bakery.com\/sk\/\"},{\"@type\":\"ListItem\",\"position\":2,\"name\":\"Stroje a zariadenia\",\"item\":\"https:\/\/omega-bakery.com\/sk\/stroje-a-zariadenia\/\"},{\"@type\":\"ListItem\",\"position\":3,\"name\":\"Rezacie a baliace stroje\",\"item\":\"https:\/\/omega-bakery.com\/sk\/stroje-a-zarizeni\/rezacie-a-baliace-stroje\/\"},{\"@type\":\"ListItem\",\"position\":4,\"name\":\"Obslu\\u017en\\u00e9 reza\\u010dky\",\"item\":\"https:\/\/omega-bakery.com\/sk\/stroje-a-zarizeni\/rezacie-a-baliace-stroje\/obsluzne-rezacky\/\"},{\"@type\":\"ListItem\",\"position\":5,\"name\":\"Daub D \/ Cross Slicer 202 a 204\"}]}]}<\/script>\n<!-- \/ Yoast SEO plugin. -->","yoast_head_json":{"title":"Daub D \/ Cross Slicer 202 a 204 - Omega Bakery","robots":{"index":"index","follow":"follow","max-snippet":"max-snippet:-1","max-image-preview":"max-image-preview:large","max-video-preview":"max-video-preview:-1"},"canonical":"https:\/\/omega-bakery.com\/sk\/produkt\/daub-d-cross-slicer-202-a-204\/","og_locale":"sk_SK","og_type":"article","og_title":"Daub D \/ Cross Slicer 202 a 204 - Omega Bakery","og_description":"Osved\u010den\u00fd model reza\u010dky pre men\u0161ie prev\u00e1dzky \u2013 pek\u00e1rne i predajne.  V\u00fdhody stroja:   \u201eCross-slice\u201c \u2013 patentovan\u00fd syst\u00e9m kr\u00e1jenia  standardn\u00e1 \u0161\u00edrka kraj\u00edcov 12 mm, lze objednat rozmedzie od 11 do 14 mm  Doporu\u010dujeme:   automatick\u00e9 olejovanie no\u017eov, vhodn\u00e9 pre chleby s vysok\u00fdm podielom ra\u017ee  predfuk s\u00e1\u010dkov \u2013 usnad\u0148uje vlo\u017eenie narezan\u00fdch produktov do s\u00e1\u010dkov a urychluje pr\u00e1cu obsluhy pri baleniu  Maxim\u00e1ln\u00ed rozm\u011bry chleba:\u00a0 \u00a044x 16 cm Pr\u00edkon:\u00a0\u00a0 0,55 kW \/ 400 V Rozmery (\u0161 x d x v):\u00a0\u00a0 600 x 730 x 1120 mm Hmotnos\u0165: \u00a0 160 kg   Viac inform\u00e1ci\u00ed o tomto obslu\u017enom stroji n\u00e1jdete v prilo\u017eenom let\u00e1ku TU   [...]Read More...","og_url":"https:\/\/omega-bakery.com\/sk\/produkt\/daub-d-cross-slicer-202-a-204\/","og_site_name":"Omega Bakery","article_modified_time":"2024-10-31T12:39:56+00:00","og_image":[{"width":564,"height":538,"url":"http:\/\/omega-bakery.com\/sk\/wp-content\/uploads\/2023\/05\/Daub-D-cross.png","path":"\/data\/web\/virtuals\/278194\/virtual\/www\/domains\/omega-bakery.com\/sk\/wp-content\/uploads\/2023\/05\/Daub-D-cross.png","size":"full","id":2082,"alt":"","pixels":303432,"type":"image\/png"}],"twitter_card":"summary_large_image","schema":{"@context":"https:\/\/schema.org","@graph":[{"@type":"WebSite","@id":"https:\/\/omega-bakery.com\/sk\/#website","url":"https:\/\/omega-bakery.com\/sk\/","name":"Omega Bakery","description":"Dodavatel stroj\u016f a za\u0159\u00edzen\u00ed pro pek\u00e1rny","potentialAction":[{"@type":"SearchAction","target":{"@type":"EntryPoint","urlTemplate":"https:\/\/omega-bakery.com\/sk\/?s={search_term_string}"},"query-input":"required name=search_term_string"}],"inLanguage":"sk-SK"},{"@type":"ImageObject","@id":"https:\/\/omega-bakery.com\/sk\/produkt\/daub-d-cross-slicer-202-a-204\/#primaryimage","inLanguage":"sk-SK","url":"https:\/\/omega-bakery.com\/sk\/wp-content\/uploads\/2023\/05\/Daub-D-cross.png","contentUrl":"https:\/\/omega-bakery.com\/sk\/wp-content\/uploads\/2023\/05\/Daub-D-cross.png","width":564,"height":538},{"@type":"WebPage","@id":"https:\/\/omega-bakery.com\/sk\/produkt\/daub-d-cross-slicer-202-a-204\/#webpage","url":"https:\/\/omega-bakery.com\/sk\/produkt\/daub-d-cross-slicer-202-a-204\/","name":"Daub D \/ Cross Slicer 202 a 204 - Omega Bakery","isPartOf":{"@id":"https:\/\/omega-bakery.com\/sk\/#website"},"primaryImageOfPage":{"@id":"https:\/\/omega-bakery.com\/sk\/produkt\/daub-d-cross-slicer-202-a-204\/#primaryimage"},"datePublished":"2023-05-18T11:40:12+00:00","dateModified":"2024-10-31T12:39:56+00:00","breadcrumb":{"@id":"https:\/\/omega-bakery.com\/sk\/produkt\/daub-d-cross-slicer-202-a-204\/#breadcrumb"},"inLanguage":"sk-SK","potentialAction":[{"@type":"ReadAction","target":["https:\/\/omega-bakery.com\/sk\/produkt\/daub-d-cross-slicer-202-a-204\/"]}]},{"@type":"BreadcrumbList","@id":"https:\/\/omega-bakery.com\/sk\/produkt\/daub-d-cross-slicer-202-a-204\/#breadcrumb","itemListElement":[{"@type":"ListItem","position":1,"name":"Dom\u016f","item":"https:\/\/omega-bakery.com\/sk\/"},{"@type":"ListItem","position":2,"name":"Stroje a zariadenia","item":"https:\/\/omega-bakery.com\/sk\/stroje-a-zariadenia\/"},{"@type":"ListItem","position":3,"name":"Rezacie a baliace stroje","item":"https:\/\/omega-bakery.com\/sk\/stroje-a-zarizeni\/rezacie-a-baliace-stroje\/"},{"@type":"ListItem","position":4,"name":"Obslu\u017en\u00e9 reza\u010dky","item":"https:\/\/omega-bakery.com\/sk\/stroje-a-zarizeni\/rezacie-a-baliace-stroje\/obsluzne-rezacky\/"},{"@type":"ListItem","position":5,"name":"Daub D \/ Cross Slicer 202 a 204"}]}]}},"_links":{"self":[{"href":"https:\/\/omega-bakery.com\/sk\/wp-json\/wp\/v2\/product\/2081"}],"collection":[{"href":"https:\/\/omega-bakery.com\/sk\/wp-json\/wp\/v2\/product"}],"about":[{"href":"https:\/\/omega-bakery.com\/sk\/wp-json\/wp\/v2\/types\/product"}],"wp:featuredmedia":[{"embeddable":true,"href":"https:\/\/omega-bakery.com\/sk\/wp-json\/wp\/v2\/media\/2082"}],"wp:attachment":[{"href":"https:\/\/omega-bakery.com\/sk\/wp-json\/wp\/v2\/media?parent=2081"}],"curies":[{"name":"wp","href":"https:\/\/api.w.org\/{rel}","templated":true}]}}