{"id":2150,"date":"2023-12-07T16:19:43","date_gmt":"2023-12-07T14:19:43","guid":{"rendered":"http:\/\/omega-bakery.com\/sk\/?post_type=product&#038;p=2150"},"modified":"2023-12-07T16:39:03","modified_gmt":"2023-12-07T14:39:03","slug":"hnetac-star-40-lp-group","status":"publish","type":"product","link":"https:\/\/omega-bakery.com\/sk\/produkt\/hnetac-star-40-lp-group\/","title":{"rendered":"Hneta\u010d STAR 40, LP Group"},"content":{"rendered":"","protected":false},"excerpt":{"rendered":"<table border=\"1\" cellspacing=\"0\" cellpadding=\"0\">\n<tbody>\n<tr>\n<td>\n<p align=\"center\"><strong>Po\u0159adov\u00e9 \u010d\u00edslo<\/strong><\/p>\n<\/td>\n<td>\n<p align=\"center\"><strong>KL<\/strong><\/p>\n<\/td>\n<td rowspan=\"8\">\n<p align=\"center\">\n<\/td>\n<\/tr>\n<tr>\n<td>\n<p align=\"center\"><strong>Stroj<\/strong><\/p>\n<\/td>\n<td>\n<p align=\"center\"><strong>Hn\u011bta\u010d t\u011bsta<\/strong><\/p>\n<\/td>\n<\/tr>\n<tr>\n<td>\n<p align=\"center\"><strong>Typ stroje<\/strong><\/p>\n<\/td>\n<td>\n<p align=\"center\"><strong>STAR 40<\/strong><\/p>\n<p align=\"center\"><strong>nov\u00fd stroj<\/strong><\/p>\n<\/td>\n<\/tr>\n<tr>\n<td>\n<p align=\"center\"><strong>V\u00fdrobn\u00ed\u00a0\u010d\u00edslo<\/strong><\/p>\n<\/td>\n<td>\n<p align=\"center\"><strong>7797\/2023<\/strong><\/p>\n<\/td>\n<\/tr>\n<tr>\n<td>\n<p align=\"center\"><strong>Kontakt<\/strong><\/p>\n<\/td>\n<td>\n<p align=\"center\"><strong>+421 903 431 770<\/strong><\/p>\n<\/td>\n<\/tr>\n<tr>\n<td>\n<p align=\"center\"><strong>Cena<\/strong><\/p>\n<\/td>\n<td>\n<p align=\"center\"><b>dohodou<\/b><\/p>\n<\/td>\n<\/tr>\n<tr>\n<td>\n<p align=\"center\"><strong>Rok v\u00fdroby<\/strong><\/p>\n<\/td>\n<td>\n<p align=\"center\"><strong>2023<\/strong><\/p>\n<\/td>\n<\/tr>\n<tr>\n<td>\n<p align=\"center\"><strong>V\u00fdrobce<\/strong><\/p>\n<\/td>\n<td>\n<p align=\"center\"><strong>LP Group, It\u00e1lie<\/strong><\/p>\n<\/td>\n<\/tr>\n<\/tbody>\n<\/table>\n<p>&nbsp; [&#8230;]<\/p>\n<p><a class=\"btn btn-secondary understrap-read-more-link\" href=\"https:\/\/omega-bakery.com\/sk\/produkt\/hnetac-star-40-lp-group\/\">Read More&#8230;<\/a><\/p>\n","protected":false},"featured_media":2151,"template":"","meta":[],"yoast_head":"<!-- This site is optimized with the Yoast SEO plugin v17.1 - https:\/\/yoast.com\/wordpress\/plugins\/seo\/ -->\n<title>Hneta\u010d STAR 40, LP Group - Omega Bakery<\/title>\n<meta name=\"robots\" content=\"index, follow, max-snippet:-1, max-image-preview:large, max-video-preview:-1\" \/>\n<link rel=\"canonical\" href=\"https:\/\/omega-bakery.com\/sk\/produkt\/hnetac-star-40-lp-group\/\" \/>\n<meta property=\"og:locale\" content=\"sk_SK\" \/>\n<meta property=\"og:type\" content=\"article\" \/>\n<meta property=\"og:title\" content=\"Hneta\u010d STAR 40, LP Group - Omega Bakery\" \/>\n<meta property=\"og:description\" content=\"Po\u0159adov\u00e9 \u010d\u00edslo   KL        Stroj   Hn\u011bta\u010d t\u011bsta     Typ stroje   STAR 40 nov\u00fd stroj     V\u00fdrobn\u00ed\u00a0\u010d\u00edslo   7797\/2023     Kontakt   +421 903 431 770     Cena   dohodou     Rok v\u00fdroby   2023     V\u00fdrobce   LP Group, It\u00e1lie     &nbsp; [...]Read More...\" \/>\n<meta property=\"og:url\" content=\"https:\/\/omega-bakery.com\/sk\/produkt\/hnetac-star-40-lp-group\/\" \/>\n<meta property=\"og:site_name\" content=\"Omega Bakery\" \/>\n<meta property=\"article:modified_time\" content=\"2023-12-07T14:39:03+00:00\" \/>\n<meta property=\"og:image\" content=\"http:\/\/omega-bakery.com\/sk\/wp-content\/uploads\/2023\/12\/STAR.jpg\" \/>\n\t<meta property=\"og:image:width\" content=\"412\" \/>\n\t<meta property=\"og:image:height\" content=\"600\" \/>\n<meta name=\"twitter:card\" content=\"summary_large_image\" \/>\n<script type=\"application\/ld+json\" class=\"yoast-schema-graph\">{\"@context\":\"https:\/\/schema.org\",\"@graph\":[{\"@type\":\"WebSite\",\"@id\":\"https:\/\/omega-bakery.com\/sk\/#website\",\"url\":\"https:\/\/omega-bakery.com\/sk\/\",\"name\":\"Omega Bakery\",\"description\":\"Dodavatel stroj\\u016f a za\\u0159\\u00edzen\\u00ed pro pek\\u00e1rny\",\"potentialAction\":[{\"@type\":\"SearchAction\",\"target\":{\"@type\":\"EntryPoint\",\"urlTemplate\":\"https:\/\/omega-bakery.com\/sk\/?s={search_term_string}\"},\"query-input\":\"required name=search_term_string\"}],\"inLanguage\":\"sk-SK\"},{\"@type\":\"ImageObject\",\"@id\":\"https:\/\/omega-bakery.com\/sk\/produkt\/hnetac-star-40-lp-group\/#primaryimage\",\"inLanguage\":\"sk-SK\",\"url\":\"https:\/\/omega-bakery.com\/sk\/wp-content\/uploads\/2023\/12\/STAR.jpg\",\"contentUrl\":\"https:\/\/omega-bakery.com\/sk\/wp-content\/uploads\/2023\/12\/STAR.jpg\",\"width\":412,\"height\":600},{\"@type\":\"WebPage\",\"@id\":\"https:\/\/omega-bakery.com\/sk\/produkt\/hnetac-star-40-lp-group\/#webpage\",\"url\":\"https:\/\/omega-bakery.com\/sk\/produkt\/hnetac-star-40-lp-group\/\",\"name\":\"Hneta\\u010d STAR 40, LP Group - Omega Bakery\",\"isPartOf\":{\"@id\":\"https:\/\/omega-bakery.com\/sk\/#website\"},\"primaryImageOfPage\":{\"@id\":\"https:\/\/omega-bakery.com\/sk\/produkt\/hnetac-star-40-lp-group\/#primaryimage\"},\"datePublished\":\"2023-12-07T14:19:43+00:00\",\"dateModified\":\"2023-12-07T14:39:03+00:00\",\"breadcrumb\":{\"@id\":\"https:\/\/omega-bakery.com\/sk\/produkt\/hnetac-star-40-lp-group\/#breadcrumb\"},\"inLanguage\":\"sk-SK\",\"potentialAction\":[{\"@type\":\"ReadAction\",\"target\":[\"https:\/\/omega-bakery.com\/sk\/produkt\/hnetac-star-40-lp-group\/\"]}]},{\"@type\":\"BreadcrumbList\",\"@id\":\"https:\/\/omega-bakery.com\/sk\/produkt\/hnetac-star-40-lp-group\/#breadcrumb\",\"itemListElement\":[{\"@type\":\"ListItem\",\"position\":1,\"name\":\"Dom\\u016f\",\"item\":\"https:\/\/omega-bakery.com\/sk\/\"},{\"@type\":\"ListItem\",\"position\":2,\"name\":\"Stroje a zariadenia\",\"item\":\"https:\/\/omega-bakery.com\/sk\/stroje-a-zariadenia\/\"},{\"@type\":\"ListItem\",\"position\":3,\"name\":\"Baz\\u00e1r\",\"item\":\"https:\/\/omega-bakery.com\/sk\/stroje-a-zarizeni\/bazar\/\"},{\"@type\":\"ListItem\",\"position\":4,\"name\":\"\\u0160\\u013eaha\\u010de, hneta\\u010de, str\\u00faha\\u010de\",\"item\":\"https:\/\/omega-bakery.com\/sk\/stroje-a-zarizeni\/bazar\/slahace-hnetace-struhace\/\"},{\"@type\":\"ListItem\",\"position\":5,\"name\":\"Hneta\\u010d STAR 40, LP Group\"}]}]}<\/script>\n<!-- \/ Yoast SEO plugin. -->","yoast_head_json":{"title":"Hneta\u010d STAR 40, LP Group - Omega Bakery","robots":{"index":"index","follow":"follow","max-snippet":"max-snippet:-1","max-image-preview":"max-image-preview:large","max-video-preview":"max-video-preview:-1"},"canonical":"https:\/\/omega-bakery.com\/sk\/produkt\/hnetac-star-40-lp-group\/","og_locale":"sk_SK","og_type":"article","og_title":"Hneta\u010d STAR 40, LP Group - Omega Bakery","og_description":"Po\u0159adov\u00e9 \u010d\u00edslo   KL        Stroj   Hn\u011bta\u010d t\u011bsta     Typ stroje   STAR 40 nov\u00fd stroj     V\u00fdrobn\u00ed\u00a0\u010d\u00edslo   7797\/2023     Kontakt   +421 903 431 770     Cena   dohodou     Rok v\u00fdroby   2023     V\u00fdrobce   LP Group, It\u00e1lie     &nbsp; [...]Read More...","og_url":"https:\/\/omega-bakery.com\/sk\/produkt\/hnetac-star-40-lp-group\/","og_site_name":"Omega Bakery","article_modified_time":"2023-12-07T14:39:03+00:00","og_image":[{"width":412,"height":600,"url":"http:\/\/omega-bakery.com\/sk\/wp-content\/uploads\/2023\/12\/STAR.jpg","path":"\/data\/web\/virtuals\/278194\/virtual\/www\/domains\/omega-bakery.com\/sk\/wp-content\/uploads\/2023\/12\/STAR.jpg","size":"full","id":2151,"alt":"","pixels":247200,"type":"image\/jpeg"}],"twitter_card":"summary_large_image","schema":{"@context":"https:\/\/schema.org","@graph":[{"@type":"WebSite","@id":"https:\/\/omega-bakery.com\/sk\/#website","url":"https:\/\/omega-bakery.com\/sk\/","name":"Omega Bakery","description":"Dodavatel stroj\u016f a za\u0159\u00edzen\u00ed pro pek\u00e1rny","potentialAction":[{"@type":"SearchAction","target":{"@type":"EntryPoint","urlTemplate":"https:\/\/omega-bakery.com\/sk\/?s={search_term_string}"},"query-input":"required name=search_term_string"}],"inLanguage":"sk-SK"},{"@type":"ImageObject","@id":"https:\/\/omega-bakery.com\/sk\/produkt\/hnetac-star-40-lp-group\/#primaryimage","inLanguage":"sk-SK","url":"https:\/\/omega-bakery.com\/sk\/wp-content\/uploads\/2023\/12\/STAR.jpg","contentUrl":"https:\/\/omega-bakery.com\/sk\/wp-content\/uploads\/2023\/12\/STAR.jpg","width":412,"height":600},{"@type":"WebPage","@id":"https:\/\/omega-bakery.com\/sk\/produkt\/hnetac-star-40-lp-group\/#webpage","url":"https:\/\/omega-bakery.com\/sk\/produkt\/hnetac-star-40-lp-group\/","name":"Hneta\u010d STAR 40, LP Group - Omega Bakery","isPartOf":{"@id":"https:\/\/omega-bakery.com\/sk\/#website"},"primaryImageOfPage":{"@id":"https:\/\/omega-bakery.com\/sk\/produkt\/hnetac-star-40-lp-group\/#primaryimage"},"datePublished":"2023-12-07T14:19:43+00:00","dateModified":"2023-12-07T14:39:03+00:00","breadcrumb":{"@id":"https:\/\/omega-bakery.com\/sk\/produkt\/hnetac-star-40-lp-group\/#breadcrumb"},"inLanguage":"sk-SK","potentialAction":[{"@type":"ReadAction","target":["https:\/\/omega-bakery.com\/sk\/produkt\/hnetac-star-40-lp-group\/"]}]},{"@type":"BreadcrumbList","@id":"https:\/\/omega-bakery.com\/sk\/produkt\/hnetac-star-40-lp-group\/#breadcrumb","itemListElement":[{"@type":"ListItem","position":1,"name":"Dom\u016f","item":"https:\/\/omega-bakery.com\/sk\/"},{"@type":"ListItem","position":2,"name":"Stroje a zariadenia","item":"https:\/\/omega-bakery.com\/sk\/stroje-a-zariadenia\/"},{"@type":"ListItem","position":3,"name":"Baz\u00e1r","item":"https:\/\/omega-bakery.com\/sk\/stroje-a-zarizeni\/bazar\/"},{"@type":"ListItem","position":4,"name":"\u0160\u013eaha\u010de, hneta\u010de, str\u00faha\u010de","item":"https:\/\/omega-bakery.com\/sk\/stroje-a-zarizeni\/bazar\/slahace-hnetace-struhace\/"},{"@type":"ListItem","position":5,"name":"Hneta\u010d STAR 40, LP Group"}]}]}},"_links":{"self":[{"href":"https:\/\/omega-bakery.com\/sk\/wp-json\/wp\/v2\/product\/2150"}],"collection":[{"href":"https:\/\/omega-bakery.com\/sk\/wp-json\/wp\/v2\/product"}],"about":[{"href":"https:\/\/omega-bakery.com\/sk\/wp-json\/wp\/v2\/types\/product"}],"wp:featuredmedia":[{"embeddable":true,"href":"https:\/\/omega-bakery.com\/sk\/wp-json\/wp\/v2\/media\/2151"}],"wp:attachment":[{"href":"https:\/\/omega-bakery.com\/sk\/wp-json\/wp\/v2\/media?parent=2150"}],"curies":[{"name":"wp","href":"https:\/\/api.w.org\/{rel}","templated":true}]}}