{"id":2183,"date":"2024-06-12T14:36:46","date_gmt":"2024-06-12T12:36:46","guid":{"rendered":"https:\/\/omega-bakery.com\/sk\/?post_type=product&#038;p=2183"},"modified":"2024-06-12T14:41:06","modified_gmt":"2024-06-12T12:41:06","slug":"kysiarensky-automat-debag-guv","status":"publish","type":"product","link":"https:\/\/omega-bakery.com\/sk\/produkt\/kysiarensky-automat-debag-guv\/","title":{"rendered":"Kysiarensk\u00fd automat Debag GUV"},"content":{"rendered":"","protected":false},"excerpt":{"rendered":"<p>Jedine\u010dn\u00e1 technol\u00f3gia Debag GUV = riaden\u00e9, pomal\u00e9 kysnutie pri n\u00edzkych teplot\u00e1ch a dostato\u010dnej vlhkosti.<\/p>\n<p>Kyn\u00e1rensk\u00fd automat GUV umo\u017e\u0148uje ovl\u00e1da\u0165 kysnutie aj presn\u00e9 chladiace procesy, ktor\u00e9 zaistia, \u017ee produkty bud\u00fa v\u017edy dokonale temperovan\u00e9 a klimatizovan\u00e9. Boxy s\u00fa poskladan\u00e9, vr\u00e1tane podl\u00e1h, zo sendvi\u010dov\u00fdch panelov 100 mm hrub\u00fdch. Prevedenie vo vn\u00fatri a vonkaj\u0161ia \u010deln\u00e1 stena nerez.<\/p>\n<p>Ve\u013ekosti bu\u010f \u0161tandardn\u00e9 alebo pod\u013ea priania z\u00e1kazn\u00edka.<\/p>\n<div>\n<div>\n<p>Viac inform\u00e1ci\u00ed o tejto kysiarni n\u00e1jdete v prilo\u017eenom let\u00e1ku <a href=\"http:\/\/omega-bakery.com\/sk\/wp-content\/uploads\/2024\/06\/Kynarensky-automat-Debag-GUV-0124.pdf\" target=\"_blank\" rel=\"noopener\">TU<\/a><\/p>\n<\/div>\n<\/div>\n<p> [&#8230;]<\/p>\n<p><a class=\"btn btn-secondary understrap-read-more-link\" href=\"https:\/\/omega-bakery.com\/sk\/produkt\/kysiarensky-automat-debag-guv\/\">Read More&#8230;<\/a><\/p>\n","protected":false},"featured_media":2181,"template":"","meta":[],"yoast_head":"<!-- This site is optimized with the Yoast SEO plugin v17.1 - https:\/\/yoast.com\/wordpress\/plugins\/seo\/ -->\n<title>Kysiarensk\u00fd automat Debag GUV - Omega Bakery<\/title>\n<meta name=\"robots\" content=\"index, follow, max-snippet:-1, max-image-preview:large, max-video-preview:-1\" \/>\n<link rel=\"canonical\" href=\"https:\/\/omega-bakery.com\/sk\/produkt\/kysiarensky-automat-debag-guv\/\" \/>\n<meta property=\"og:locale\" content=\"sk_SK\" \/>\n<meta property=\"og:type\" content=\"article\" \/>\n<meta property=\"og:title\" content=\"Kysiarensk\u00fd automat Debag GUV - Omega Bakery\" \/>\n<meta property=\"og:description\" content=\"Jedine\u010dn\u00e1 technol\u00f3gia Debag GUV = riaden\u00e9, pomal\u00e9 kysnutie pri n\u00edzkych teplot\u00e1ch a dostato\u010dnej vlhkosti.  Kyn\u00e1rensk\u00fd automat GUV umo\u017e\u0148uje ovl\u00e1da\u0165 kysnutie aj presn\u00e9 chladiace procesy, ktor\u00e9 zaistia, \u017ee produkty bud\u00fa v\u017edy dokonale temperovan\u00e9 a klimatizovan\u00e9. Boxy s\u00fa poskladan\u00e9, vr\u00e1tane podl\u00e1h, zo sendvi\u010dov\u00fdch panelov 100 mm hrub\u00fdch. Prevedenie vo vn\u00fatri a vonkaj\u0161ia \u010deln\u00e1 stena nerez.  Ve\u013ekosti bu\u010f \u0161tandardn\u00e9 alebo pod\u013ea priania z\u00e1kazn\u00edka.    Viac inform\u00e1ci\u00ed o tejto kysiarni n\u00e1jdete v prilo\u017eenom let\u00e1ku TU    [...]Read More...\" \/>\n<meta property=\"og:url\" content=\"https:\/\/omega-bakery.com\/sk\/produkt\/kysiarensky-automat-debag-guv\/\" \/>\n<meta property=\"og:site_name\" content=\"Omega Bakery\" \/>\n<meta property=\"article:modified_time\" content=\"2024-06-12T12:41:06+00:00\" \/>\n<meta property=\"og:image\" content=\"http:\/\/omega-bakery.com\/sk\/wp-content\/uploads\/2024\/06\/GUV-prod.png\" \/>\n\t<meta property=\"og:image:width\" content=\"338\" \/>\n\t<meta property=\"og:image:height\" content=\"479\" \/>\n<meta name=\"twitter:card\" content=\"summary_large_image\" \/>\n<script type=\"application\/ld+json\" class=\"yoast-schema-graph\">{\"@context\":\"https:\/\/schema.org\",\"@graph\":[{\"@type\":\"WebSite\",\"@id\":\"https:\/\/omega-bakery.com\/sk\/#website\",\"url\":\"https:\/\/omega-bakery.com\/sk\/\",\"name\":\"Omega Bakery\",\"description\":\"Dodavatel stroj\\u016f a za\\u0159\\u00edzen\\u00ed pro pek\\u00e1rny\",\"potentialAction\":[{\"@type\":\"SearchAction\",\"target\":{\"@type\":\"EntryPoint\",\"urlTemplate\":\"https:\/\/omega-bakery.com\/sk\/?s={search_term_string}\"},\"query-input\":\"required name=search_term_string\"}],\"inLanguage\":\"sk-SK\"},{\"@type\":\"ImageObject\",\"@id\":\"https:\/\/omega-bakery.com\/sk\/produkt\/kysiarensky-automat-debag-guv\/#primaryimage\",\"inLanguage\":\"sk-SK\",\"url\":\"https:\/\/omega-bakery.com\/sk\/wp-content\/uploads\/2024\/06\/GUV-prod.png\",\"contentUrl\":\"https:\/\/omega-bakery.com\/sk\/wp-content\/uploads\/2024\/06\/GUV-prod.png\",\"width\":338,\"height\":479},{\"@type\":\"WebPage\",\"@id\":\"https:\/\/omega-bakery.com\/sk\/produkt\/kysiarensky-automat-debag-guv\/#webpage\",\"url\":\"https:\/\/omega-bakery.com\/sk\/produkt\/kysiarensky-automat-debag-guv\/\",\"name\":\"Kysiarensk\\u00fd automat Debag GUV - Omega Bakery\",\"isPartOf\":{\"@id\":\"https:\/\/omega-bakery.com\/sk\/#website\"},\"primaryImageOfPage\":{\"@id\":\"https:\/\/omega-bakery.com\/sk\/produkt\/kysiarensky-automat-debag-guv\/#primaryimage\"},\"datePublished\":\"2024-06-12T12:36:46+00:00\",\"dateModified\":\"2024-06-12T12:41:06+00:00\",\"breadcrumb\":{\"@id\":\"https:\/\/omega-bakery.com\/sk\/produkt\/kysiarensky-automat-debag-guv\/#breadcrumb\"},\"inLanguage\":\"sk-SK\",\"potentialAction\":[{\"@type\":\"ReadAction\",\"target\":[\"https:\/\/omega-bakery.com\/sk\/produkt\/kysiarensky-automat-debag-guv\/\"]}]},{\"@type\":\"BreadcrumbList\",\"@id\":\"https:\/\/omega-bakery.com\/sk\/produkt\/kysiarensky-automat-debag-guv\/#breadcrumb\",\"itemListElement\":[{\"@type\":\"ListItem\",\"position\":1,\"name\":\"Dom\\u016f\",\"item\":\"https:\/\/omega-bakery.com\/sk\/\"},{\"@type\":\"ListItem\",\"position\":2,\"name\":\"Stroje a zariadenia\",\"item\":\"https:\/\/omega-bakery.com\/sk\/stroje-a-zariadenia\/\"},{\"@type\":\"ListItem\",\"position\":3,\"name\":\"Kysiarne, kombinovan\\u00e9 kysiarne a \\u0161okov\\u00e9 chladenie\",\"item\":\"https:\/\/omega-bakery.com\/sk\/stroje-a-zarizeni\/kysiarne-kombinovane-kysiarne-a-sokove-chladenie\/\"},{\"@type\":\"ListItem\",\"position\":4,\"name\":\"Kysiarne a kombinovan\\u00e9 kysiarne\",\"item\":\"https:\/\/omega-bakery.com\/sk\/stroje-a-zarizeni\/kysiarne-kombinovane-kysiarne-a-sokove-chladenie\/kysiarne-a-kombinovane-kysiarne\/\"},{\"@type\":\"ListItem\",\"position\":5,\"name\":\"Kysiarensk\\u00fd automat Debag GUV\"}]}]}<\/script>\n<!-- \/ Yoast SEO plugin. -->","yoast_head_json":{"title":"Kysiarensk\u00fd automat Debag GUV - Omega Bakery","robots":{"index":"index","follow":"follow","max-snippet":"max-snippet:-1","max-image-preview":"max-image-preview:large","max-video-preview":"max-video-preview:-1"},"canonical":"https:\/\/omega-bakery.com\/sk\/produkt\/kysiarensky-automat-debag-guv\/","og_locale":"sk_SK","og_type":"article","og_title":"Kysiarensk\u00fd automat Debag GUV - Omega Bakery","og_description":"Jedine\u010dn\u00e1 technol\u00f3gia Debag GUV = riaden\u00e9, pomal\u00e9 kysnutie pri n\u00edzkych teplot\u00e1ch a dostato\u010dnej vlhkosti.  Kyn\u00e1rensk\u00fd automat GUV umo\u017e\u0148uje ovl\u00e1da\u0165 kysnutie aj presn\u00e9 chladiace procesy, ktor\u00e9 zaistia, \u017ee produkty bud\u00fa v\u017edy dokonale temperovan\u00e9 a klimatizovan\u00e9. Boxy s\u00fa poskladan\u00e9, vr\u00e1tane podl\u00e1h, zo sendvi\u010dov\u00fdch panelov 100 mm hrub\u00fdch. Prevedenie vo vn\u00fatri a vonkaj\u0161ia \u010deln\u00e1 stena nerez.  Ve\u013ekosti bu\u010f \u0161tandardn\u00e9 alebo pod\u013ea priania z\u00e1kazn\u00edka.    Viac inform\u00e1ci\u00ed o tejto kysiarni n\u00e1jdete v prilo\u017eenom let\u00e1ku TU    [...]Read More...","og_url":"https:\/\/omega-bakery.com\/sk\/produkt\/kysiarensky-automat-debag-guv\/","og_site_name":"Omega Bakery","article_modified_time":"2024-06-12T12:41:06+00:00","og_image":[{"width":338,"height":479,"url":"http:\/\/omega-bakery.com\/sk\/wp-content\/uploads\/2024\/06\/GUV-prod.png","path":"\/data\/web\/virtuals\/278194\/virtual\/www\/domains\/omega-bakery.com\/sk\/wp-content\/uploads\/2024\/06\/GUV-prod.png","size":"full","id":2181,"alt":"","pixels":161902,"type":"image\/png"}],"twitter_card":"summary_large_image","schema":{"@context":"https:\/\/schema.org","@graph":[{"@type":"WebSite","@id":"https:\/\/omega-bakery.com\/sk\/#website","url":"https:\/\/omega-bakery.com\/sk\/","name":"Omega Bakery","description":"Dodavatel stroj\u016f a za\u0159\u00edzen\u00ed pro pek\u00e1rny","potentialAction":[{"@type":"SearchAction","target":{"@type":"EntryPoint","urlTemplate":"https:\/\/omega-bakery.com\/sk\/?s={search_term_string}"},"query-input":"required name=search_term_string"}],"inLanguage":"sk-SK"},{"@type":"ImageObject","@id":"https:\/\/omega-bakery.com\/sk\/produkt\/kysiarensky-automat-debag-guv\/#primaryimage","inLanguage":"sk-SK","url":"https:\/\/omega-bakery.com\/sk\/wp-content\/uploads\/2024\/06\/GUV-prod.png","contentUrl":"https:\/\/omega-bakery.com\/sk\/wp-content\/uploads\/2024\/06\/GUV-prod.png","width":338,"height":479},{"@type":"WebPage","@id":"https:\/\/omega-bakery.com\/sk\/produkt\/kysiarensky-automat-debag-guv\/#webpage","url":"https:\/\/omega-bakery.com\/sk\/produkt\/kysiarensky-automat-debag-guv\/","name":"Kysiarensk\u00fd automat Debag GUV - Omega Bakery","isPartOf":{"@id":"https:\/\/omega-bakery.com\/sk\/#website"},"primaryImageOfPage":{"@id":"https:\/\/omega-bakery.com\/sk\/produkt\/kysiarensky-automat-debag-guv\/#primaryimage"},"datePublished":"2024-06-12T12:36:46+00:00","dateModified":"2024-06-12T12:41:06+00:00","breadcrumb":{"@id":"https:\/\/omega-bakery.com\/sk\/produkt\/kysiarensky-automat-debag-guv\/#breadcrumb"},"inLanguage":"sk-SK","potentialAction":[{"@type":"ReadAction","target":["https:\/\/omega-bakery.com\/sk\/produkt\/kysiarensky-automat-debag-guv\/"]}]},{"@type":"BreadcrumbList","@id":"https:\/\/omega-bakery.com\/sk\/produkt\/kysiarensky-automat-debag-guv\/#breadcrumb","itemListElement":[{"@type":"ListItem","position":1,"name":"Dom\u016f","item":"https:\/\/omega-bakery.com\/sk\/"},{"@type":"ListItem","position":2,"name":"Stroje a zariadenia","item":"https:\/\/omega-bakery.com\/sk\/stroje-a-zariadenia\/"},{"@type":"ListItem","position":3,"name":"Kysiarne, kombinovan\u00e9 kysiarne a \u0161okov\u00e9 chladenie","item":"https:\/\/omega-bakery.com\/sk\/stroje-a-zarizeni\/kysiarne-kombinovane-kysiarne-a-sokove-chladenie\/"},{"@type":"ListItem","position":4,"name":"Kysiarne a kombinovan\u00e9 kysiarne","item":"https:\/\/omega-bakery.com\/sk\/stroje-a-zarizeni\/kysiarne-kombinovane-kysiarne-a-sokove-chladenie\/kysiarne-a-kombinovane-kysiarne\/"},{"@type":"ListItem","position":5,"name":"Kysiarensk\u00fd automat Debag GUV"}]}]}},"_links":{"self":[{"href":"https:\/\/omega-bakery.com\/sk\/wp-json\/wp\/v2\/product\/2183"}],"collection":[{"href":"https:\/\/omega-bakery.com\/sk\/wp-json\/wp\/v2\/product"}],"about":[{"href":"https:\/\/omega-bakery.com\/sk\/wp-json\/wp\/v2\/types\/product"}],"wp:featuredmedia":[{"embeddable":true,"href":"https:\/\/omega-bakery.com\/sk\/wp-json\/wp\/v2\/media\/2181"}],"wp:attachment":[{"href":"https:\/\/omega-bakery.com\/sk\/wp-json\/wp\/v2\/media?parent=2183"}],"curies":[{"name":"wp","href":"https:\/\/api.w.org\/{rel}","templated":true}]}}