{"id":2263,"date":"2025-01-10T15:03:33","date_gmt":"2025-01-10T13:03:33","guid":{"rendered":"https:\/\/omega-bakery.com\/sk\/?post_type=product&#038;p=2263"},"modified":"2025-11-12T19:18:33","modified_gmt":"2025-11-12T17:18:33","slug":"horkovzdusna-pec-debag-dila-10-5-pro","status":"publish","type":"product","link":"https:\/\/omega-bakery.com\/sk\/produkt\/horkovzdusna-pec-debag-dila-10-5-pro\/","title":{"rendered":"Horkovzdu\u0161n\u00e1 pec Debag Dila 10\/5 PRO"},"content":{"rendered":"","protected":false},"excerpt":{"rendered":"<p>&nbsp;<\/p>\n<table border=\"1\" cellspacing=\"0\" cellpadding=\"0\">\n<tbody>\n<tr>\n<td>\n<p align=\"center\"><strong>Poradov\u00e9 \u010d\u00edslo<\/strong><\/p>\n<\/td>\n<td>\n<p align=\"center\"><strong>CZ<\/strong><\/p>\n<\/td>\n<td rowspan=\"8\">\n<p align=\"center\">\n<\/td>\n<\/tr>\n<tr>\n<td>\n<p align=\"center\"><strong>Stroj<\/strong><\/p>\n<\/td>\n<td>\n<p align=\"center\"><strong>Horkovzdu\u0161n\u00e1 pec<\/strong><\/p>\n<\/td>\n<\/tr>\n<tr>\n<td>\n<p align=\"center\"><strong>Typ stroja<\/strong><\/p>\n<\/td>\n<td>\n<p align=\"center\"><strong>Debag Dila 10\/5 PRO<\/strong><\/p>\n<p align=\"center\"><strong>dotupnost na dopyt\u00a0<\/strong><\/p>\n<\/td>\n<\/tr>\n<tr>\n<td>\n<p align=\"center\"><strong>Cena<\/strong><\/p>\n<\/td>\n<td>\n<p align=\"center\"><strong>Na dopyt<\/strong><\/p>\n<\/td>\n<\/tr>\n<tr>\n<td>\n<p align=\"center\"><strong>pozn\u00e1mka\u00a0<\/strong><\/p>\n<\/td>\n<td>\n<p align=\"center\"><strong>s kondenza\u010dn\u00ed <\/strong><strong>digesto\u0159\u00ed <\/strong><\/p>\n<\/td>\n<\/tr>\n<tr>\n<td style=\"text-align: center\"><strong>kontakt<\/strong><\/td>\n<td style=\"text-align: center\"><b>+420 731 614 724<\/b><\/td>\n<\/tr>\n<tr>\n<td>\n<p align=\"center\"><strong>Rok v\u00fdroby<\/strong><\/p>\n<\/td>\n<td>\n<p align=\"center\">\n<\/td>\n<\/tr>\n<tr>\n<td>\n<p align=\"center\"><strong>V\u00fdrobca<\/strong><\/p>\n<\/td>\n<td>\n<p align=\"center\"><strong>Debag, Nemecko<\/strong><\/p>\n<\/td>\n<\/tr>\n<\/tbody>\n<\/table>\n<p>&nbsp; [&#8230;]<\/p>\n<p><a class=\"btn btn-secondary understrap-read-more-link\" href=\"https:\/\/omega-bakery.com\/sk\/produkt\/horkovzdusna-pec-debag-dila-10-5-pro\/\">Read More&#8230;<\/a><\/p>\n","protected":false},"featured_media":2264,"template":"","meta":[],"yoast_head":"<!-- This site is optimized with the Yoast SEO plugin v17.1 - https:\/\/yoast.com\/wordpress\/plugins\/seo\/ -->\n<title>Horkovzdu\u0161n\u00e1 pec Debag Dila 10\/5 PRO - Omega Bakery<\/title>\n<meta name=\"robots\" content=\"index, follow, max-snippet:-1, max-image-preview:large, max-video-preview:-1\" \/>\n<link rel=\"canonical\" href=\"https:\/\/omega-bakery.com\/sk\/produkt\/horkovzdusna-pec-debag-dila-10-5-pro\/\" \/>\n<meta property=\"og:locale\" content=\"sk_SK\" \/>\n<meta property=\"og:type\" content=\"article\" \/>\n<meta property=\"og:title\" content=\"Horkovzdu\u0161n\u00e1 pec Debag Dila 10\/5 PRO - Omega Bakery\" \/>\n<meta property=\"og:description\" content=\"&nbsp;     Poradov\u00e9 \u010d\u00edslo   CZ        Stroj   Horkovzdu\u0161n\u00e1 pec     Typ stroja   Debag Dila 10\/5 PRO dotupnost na dopyt\u00a0     Cena   Na dopyt     pozn\u00e1mka\u00a0   s kondenza\u010dn\u00ed digesto\u0159\u00ed     kontakt +420 731 614 724    Rok v\u00fdroby        V\u00fdrobca   Debag, Nemecko     &nbsp; [...]Read More...\" \/>\n<meta property=\"og:url\" content=\"https:\/\/omega-bakery.com\/sk\/produkt\/horkovzdusna-pec-debag-dila-10-5-pro\/\" \/>\n<meta property=\"og:site_name\" content=\"Omega Bakery\" \/>\n<meta property=\"article:modified_time\" content=\"2025-11-12T17:18:33+00:00\" \/>\n<meta property=\"og:image\" content=\"http:\/\/omega-bakery.com\/sk\/wp-content\/uploads\/2025\/01\/dila-prod.png\" \/>\n\t<meta property=\"og:image:width\" content=\"338\" \/>\n\t<meta property=\"og:image:height\" content=\"608\" \/>\n<meta name=\"twitter:card\" content=\"summary_large_image\" \/>\n<script type=\"application\/ld+json\" class=\"yoast-schema-graph\">{\"@context\":\"https:\/\/schema.org\",\"@graph\":[{\"@type\":\"WebSite\",\"@id\":\"https:\/\/omega-bakery.com\/sk\/#website\",\"url\":\"https:\/\/omega-bakery.com\/sk\/\",\"name\":\"Omega Bakery\",\"description\":\"Dodavatel stroj\\u016f a za\\u0159\\u00edzen\\u00ed pro pek\\u00e1rny\",\"potentialAction\":[{\"@type\":\"SearchAction\",\"target\":{\"@type\":\"EntryPoint\",\"urlTemplate\":\"https:\/\/omega-bakery.com\/sk\/?s={search_term_string}\"},\"query-input\":\"required name=search_term_string\"}],\"inLanguage\":\"sk-SK\"},{\"@type\":\"ImageObject\",\"@id\":\"https:\/\/omega-bakery.com\/sk\/produkt\/horkovzdusna-pec-debag-dila-10-5-pro\/#primaryimage\",\"inLanguage\":\"sk-SK\",\"url\":\"https:\/\/omega-bakery.com\/sk\/wp-content\/uploads\/2025\/01\/dila-prod.png\",\"contentUrl\":\"https:\/\/omega-bakery.com\/sk\/wp-content\/uploads\/2025\/01\/dila-prod.png\",\"width\":338,\"height\":608},{\"@type\":\"WebPage\",\"@id\":\"https:\/\/omega-bakery.com\/sk\/produkt\/horkovzdusna-pec-debag-dila-10-5-pro\/#webpage\",\"url\":\"https:\/\/omega-bakery.com\/sk\/produkt\/horkovzdusna-pec-debag-dila-10-5-pro\/\",\"name\":\"Horkovzdu\\u0161n\\u00e1 pec Debag Dila 10\/5 PRO - Omega Bakery\",\"isPartOf\":{\"@id\":\"https:\/\/omega-bakery.com\/sk\/#website\"},\"primaryImageOfPage\":{\"@id\":\"https:\/\/omega-bakery.com\/sk\/produkt\/horkovzdusna-pec-debag-dila-10-5-pro\/#primaryimage\"},\"datePublished\":\"2025-01-10T13:03:33+00:00\",\"dateModified\":\"2025-11-12T17:18:33+00:00\",\"breadcrumb\":{\"@id\":\"https:\/\/omega-bakery.com\/sk\/produkt\/horkovzdusna-pec-debag-dila-10-5-pro\/#breadcrumb\"},\"inLanguage\":\"sk-SK\",\"potentialAction\":[{\"@type\":\"ReadAction\",\"target\":[\"https:\/\/omega-bakery.com\/sk\/produkt\/horkovzdusna-pec-debag-dila-10-5-pro\/\"]}]},{\"@type\":\"BreadcrumbList\",\"@id\":\"https:\/\/omega-bakery.com\/sk\/produkt\/horkovzdusna-pec-debag-dila-10-5-pro\/#breadcrumb\",\"itemListElement\":[{\"@type\":\"ListItem\",\"position\":1,\"name\":\"Dom\\u016f\",\"item\":\"https:\/\/omega-bakery.com\/sk\/\"},{\"@type\":\"ListItem\",\"position\":2,\"name\":\"Stroje a zariadenia\",\"item\":\"https:\/\/omega-bakery.com\/sk\/stroje-a-zariadenia\/\"},{\"@type\":\"ListItem\",\"position\":3,\"name\":\"Baz\\u00e1r\",\"item\":\"https:\/\/omega-bakery.com\/sk\/stroje-a-zarizeni\/bazar\/\"},{\"@type\":\"ListItem\",\"position\":4,\"name\":\"Pece\",\"item\":\"http:\/\/omega-bakery.com\/sk\/stroje-a-zarizeni\/bazar\/pece-bazar\/\"},{\"@type\":\"ListItem\",\"position\":5,\"name\":\"Horkovzdu\\u0161n\\u00e1 pec Debag Dila 10\/5 PRO\"}]}]}<\/script>\n<!-- \/ Yoast SEO plugin. -->","yoast_head_json":{"title":"Horkovzdu\u0161n\u00e1 pec Debag Dila 10\/5 PRO - Omega Bakery","robots":{"index":"index","follow":"follow","max-snippet":"max-snippet:-1","max-image-preview":"max-image-preview:large","max-video-preview":"max-video-preview:-1"},"canonical":"https:\/\/omega-bakery.com\/sk\/produkt\/horkovzdusna-pec-debag-dila-10-5-pro\/","og_locale":"sk_SK","og_type":"article","og_title":"Horkovzdu\u0161n\u00e1 pec Debag Dila 10\/5 PRO - Omega Bakery","og_description":"&nbsp;     Poradov\u00e9 \u010d\u00edslo   CZ        Stroj   Horkovzdu\u0161n\u00e1 pec     Typ stroja   Debag Dila 10\/5 PRO dotupnost na dopyt\u00a0     Cena   Na dopyt     pozn\u00e1mka\u00a0   s kondenza\u010dn\u00ed digesto\u0159\u00ed     kontakt +420 731 614 724    Rok v\u00fdroby        V\u00fdrobca   Debag, Nemecko     &nbsp; [...]Read More...","og_url":"https:\/\/omega-bakery.com\/sk\/produkt\/horkovzdusna-pec-debag-dila-10-5-pro\/","og_site_name":"Omega Bakery","article_modified_time":"2025-11-12T17:18:33+00:00","og_image":[{"width":338,"height":608,"url":"http:\/\/omega-bakery.com\/sk\/wp-content\/uploads\/2025\/01\/dila-prod.png","path":"\/data\/web\/virtuals\/278194\/virtual\/www\/domains\/omega-bakery.com\/sk\/wp-content\/uploads\/2025\/01\/dila-prod.png","size":"full","id":2264,"alt":"","pixels":205504,"type":"image\/png"}],"twitter_card":"summary_large_image","schema":{"@context":"https:\/\/schema.org","@graph":[{"@type":"WebSite","@id":"https:\/\/omega-bakery.com\/sk\/#website","url":"https:\/\/omega-bakery.com\/sk\/","name":"Omega Bakery","description":"Dodavatel stroj\u016f a za\u0159\u00edzen\u00ed pro pek\u00e1rny","potentialAction":[{"@type":"SearchAction","target":{"@type":"EntryPoint","urlTemplate":"https:\/\/omega-bakery.com\/sk\/?s={search_term_string}"},"query-input":"required name=search_term_string"}],"inLanguage":"sk-SK"},{"@type":"ImageObject","@id":"https:\/\/omega-bakery.com\/sk\/produkt\/horkovzdusna-pec-debag-dila-10-5-pro\/#primaryimage","inLanguage":"sk-SK","url":"https:\/\/omega-bakery.com\/sk\/wp-content\/uploads\/2025\/01\/dila-prod.png","contentUrl":"https:\/\/omega-bakery.com\/sk\/wp-content\/uploads\/2025\/01\/dila-prod.png","width":338,"height":608},{"@type":"WebPage","@id":"https:\/\/omega-bakery.com\/sk\/produkt\/horkovzdusna-pec-debag-dila-10-5-pro\/#webpage","url":"https:\/\/omega-bakery.com\/sk\/produkt\/horkovzdusna-pec-debag-dila-10-5-pro\/","name":"Horkovzdu\u0161n\u00e1 pec Debag Dila 10\/5 PRO - Omega Bakery","isPartOf":{"@id":"https:\/\/omega-bakery.com\/sk\/#website"},"primaryImageOfPage":{"@id":"https:\/\/omega-bakery.com\/sk\/produkt\/horkovzdusna-pec-debag-dila-10-5-pro\/#primaryimage"},"datePublished":"2025-01-10T13:03:33+00:00","dateModified":"2025-11-12T17:18:33+00:00","breadcrumb":{"@id":"https:\/\/omega-bakery.com\/sk\/produkt\/horkovzdusna-pec-debag-dila-10-5-pro\/#breadcrumb"},"inLanguage":"sk-SK","potentialAction":[{"@type":"ReadAction","target":["https:\/\/omega-bakery.com\/sk\/produkt\/horkovzdusna-pec-debag-dila-10-5-pro\/"]}]},{"@type":"BreadcrumbList","@id":"https:\/\/omega-bakery.com\/sk\/produkt\/horkovzdusna-pec-debag-dila-10-5-pro\/#breadcrumb","itemListElement":[{"@type":"ListItem","position":1,"name":"Dom\u016f","item":"https:\/\/omega-bakery.com\/sk\/"},{"@type":"ListItem","position":2,"name":"Stroje a zariadenia","item":"https:\/\/omega-bakery.com\/sk\/stroje-a-zariadenia\/"},{"@type":"ListItem","position":3,"name":"Baz\u00e1r","item":"https:\/\/omega-bakery.com\/sk\/stroje-a-zarizeni\/bazar\/"},{"@type":"ListItem","position":4,"name":"Pece","item":"http:\/\/omega-bakery.com\/sk\/stroje-a-zarizeni\/bazar\/pece-bazar\/"},{"@type":"ListItem","position":5,"name":"Horkovzdu\u0161n\u00e1 pec Debag Dila 10\/5 PRO"}]}]}},"_links":{"self":[{"href":"https:\/\/omega-bakery.com\/sk\/wp-json\/wp\/v2\/product\/2263"}],"collection":[{"href":"https:\/\/omega-bakery.com\/sk\/wp-json\/wp\/v2\/product"}],"about":[{"href":"https:\/\/omega-bakery.com\/sk\/wp-json\/wp\/v2\/types\/product"}],"wp:featuredmedia":[{"embeddable":true,"href":"https:\/\/omega-bakery.com\/sk\/wp-json\/wp\/v2\/media\/2264"}],"wp:attachment":[{"href":"https:\/\/omega-bakery.com\/sk\/wp-json\/wp\/v2\/media?parent=2263"}],"curies":[{"name":"wp","href":"https:\/\/api.w.org\/{rel}","templated":true}]}}