{"id":2267,"date":"2025-01-29T14:18:08","date_gmt":"2025-01-29T12:18:08","guid":{"rendered":"https:\/\/omega-bakery.com\/sk\/?post_type=product&#038;p=2267"},"modified":"2025-01-29T14:26:31","modified_gmt":"2025-01-29T12:26:31","slug":"konig-artisan-sfe-ec-stroj-na-volna-testa","status":"publish","type":"product","link":"https:\/\/omega-bakery.com\/sk\/produkt\/konig-artisan-sfe-ec-stroj-na-volna-testa\/","title":{"rendered":"K\u00f6nig Artisan SFE EC \u2013 stroj na voln\u00e1 cesta"},"content":{"rendered":"","protected":false},"excerpt":{"rendered":"<p>Stroj na jemn\u00e9 spracovanie vo\u013en\u00fdch ciest s dlhou dobou kysnutia. Spracov\u00e1va lem cesta pomocou valcov postupn\u00fdm zni\u017eovan\u00edm jeho v\u00fd\u0161ky. Vysekne kone\u010dn\u00fd v\u00fdrobok a osad\u00ed na plech.<\/p>\n<p>Viac inform\u00e1ci\u00ed o tomto produkte n\u00e1jdete v prilo\u017eenom let\u00e1ku <a href=\"http:\/\/omega-bakery.com\/sk\/wp-content\/uploads\/2025\/01\/Artisan-SFE-EC-Kompaktni-linka-pro-vyrobu-z-volnych-test-1024.pdf\" target=\"_blank\" rel=\"noopener\">TU<\/a> [&#8230;]<\/p>\n<p><a class=\"btn btn-secondary understrap-read-more-link\" href=\"https:\/\/omega-bakery.com\/sk\/produkt\/konig-artisan-sfe-ec-stroj-na-volna-testa\/\">Read More&#8230;<\/a><\/p>\n","protected":false},"featured_media":2268,"template":"","meta":[],"yoast_head":"<!-- This site is optimized with the Yoast SEO plugin v17.1 - https:\/\/yoast.com\/wordpress\/plugins\/seo\/ -->\n<title>K\u00f6nig Artisan SFE EC \u2013 stroj na voln\u00e1 cesta - Omega Bakery<\/title>\n<meta name=\"robots\" content=\"index, follow, max-snippet:-1, max-image-preview:large, max-video-preview:-1\" \/>\n<link rel=\"canonical\" href=\"https:\/\/omega-bakery.com\/sk\/produkt\/konig-artisan-sfe-ec-stroj-na-volna-testa\/\" \/>\n<meta property=\"og:locale\" content=\"sk_SK\" \/>\n<meta property=\"og:type\" content=\"article\" \/>\n<meta property=\"og:title\" content=\"K\u00f6nig Artisan SFE EC \u2013 stroj na voln\u00e1 cesta - Omega Bakery\" \/>\n<meta property=\"og:description\" content=\"Stroj na jemn\u00e9 spracovanie vo\u013en\u00fdch ciest s dlhou dobou kysnutia. Spracov\u00e1va lem cesta pomocou valcov postupn\u00fdm zni\u017eovan\u00edm jeho v\u00fd\u0161ky. Vysekne kone\u010dn\u00fd v\u00fdrobok a osad\u00ed na plech.  Viac inform\u00e1ci\u00ed o tomto produkte n\u00e1jdete v prilo\u017eenom let\u00e1ku TU [...]Read More...\" \/>\n<meta property=\"og:url\" content=\"https:\/\/omega-bakery.com\/sk\/produkt\/konig-artisan-sfe-ec-stroj-na-volna-testa\/\" \/>\n<meta property=\"og:site_name\" content=\"Omega Bakery\" \/>\n<meta property=\"article:modified_time\" content=\"2025-01-29T12:26:31+00:00\" \/>\n<meta property=\"og:image\" content=\"http:\/\/omega-bakery.com\/sk\/wp-content\/uploads\/2025\/01\/Artisan-SFE-EC.png\" \/>\n\t<meta property=\"og:image:width\" content=\"539\" \/>\n\t<meta property=\"og:image:height\" content=\"360\" \/>\n<meta name=\"twitter:card\" content=\"summary_large_image\" \/>\n<script type=\"application\/ld+json\" class=\"yoast-schema-graph\">{\"@context\":\"https:\/\/schema.org\",\"@graph\":[{\"@type\":\"WebSite\",\"@id\":\"https:\/\/omega-bakery.com\/sk\/#website\",\"url\":\"https:\/\/omega-bakery.com\/sk\/\",\"name\":\"Omega Bakery\",\"description\":\"Dodavatel stroj\\u016f a za\\u0159\\u00edzen\\u00ed pro pek\\u00e1rny\",\"potentialAction\":[{\"@type\":\"SearchAction\",\"target\":{\"@type\":\"EntryPoint\",\"urlTemplate\":\"https:\/\/omega-bakery.com\/sk\/?s={search_term_string}\"},\"query-input\":\"required name=search_term_string\"}],\"inLanguage\":\"sk-SK\"},{\"@type\":\"ImageObject\",\"@id\":\"https:\/\/omega-bakery.com\/sk\/produkt\/konig-artisan-sfe-ec-stroj-na-volna-testa\/#primaryimage\",\"inLanguage\":\"sk-SK\",\"url\":\"https:\/\/omega-bakery.com\/sk\/wp-content\/uploads\/2025\/01\/Artisan-SFE-EC.png\",\"contentUrl\":\"https:\/\/omega-bakery.com\/sk\/wp-content\/uploads\/2025\/01\/Artisan-SFE-EC.png\",\"width\":539,\"height\":360},{\"@type\":\"WebPage\",\"@id\":\"https:\/\/omega-bakery.com\/sk\/produkt\/konig-artisan-sfe-ec-stroj-na-volna-testa\/#webpage\",\"url\":\"https:\/\/omega-bakery.com\/sk\/produkt\/konig-artisan-sfe-ec-stroj-na-volna-testa\/\",\"name\":\"K\\u00f6nig Artisan SFE EC \\u2013 stroj na voln\\u00e1 cesta - Omega Bakery\",\"isPartOf\":{\"@id\":\"https:\/\/omega-bakery.com\/sk\/#website\"},\"primaryImageOfPage\":{\"@id\":\"https:\/\/omega-bakery.com\/sk\/produkt\/konig-artisan-sfe-ec-stroj-na-volna-testa\/#primaryimage\"},\"datePublished\":\"2025-01-29T12:18:08+00:00\",\"dateModified\":\"2025-01-29T12:26:31+00:00\",\"breadcrumb\":{\"@id\":\"https:\/\/omega-bakery.com\/sk\/produkt\/konig-artisan-sfe-ec-stroj-na-volna-testa\/#breadcrumb\"},\"inLanguage\":\"sk-SK\",\"potentialAction\":[{\"@type\":\"ReadAction\",\"target\":[\"https:\/\/omega-bakery.com\/sk\/produkt\/konig-artisan-sfe-ec-stroj-na-volna-testa\/\"]}]},{\"@type\":\"BreadcrumbList\",\"@id\":\"https:\/\/omega-bakery.com\/sk\/produkt\/konig-artisan-sfe-ec-stroj-na-volna-testa\/#breadcrumb\",\"itemListElement\":[{\"@type\":\"ListItem\",\"position\":1,\"name\":\"Dom\\u016f\",\"item\":\"https:\/\/omega-bakery.com\/sk\/\"},{\"@type\":\"ListItem\",\"position\":2,\"name\":\"Stroje a zariadenia\",\"item\":\"https:\/\/omega-bakery.com\/sk\/stroje-a-zariadenia\/\"},{\"@type\":\"ListItem\",\"position\":3,\"name\":\"Stroje a linky na spracovanie cesta\",\"item\":\"https:\/\/omega-bakery.com\/sk\/stroje-a-zarizeni\/stroje-a-linky-na-spracovanie-cesta\/\"},{\"@type\":\"ListItem\",\"position\":4,\"name\":\"V\\u00fdrobn\\u00e9 linky\",\"item\":\"https:\/\/omega-bakery.com\/sk\/stroje-a-zarizeni\/stroje-a-linky-na-spracovanie-cesta\/vyrobnr-linky\/\"},{\"@type\":\"ListItem\",\"position\":5,\"name\":\"K\\u00f6nig Artisan SFE EC \\u2013 stroj na voln\\u00e1 cesta\"}]}]}<\/script>\n<!-- \/ Yoast SEO plugin. -->","yoast_head_json":{"title":"K\u00f6nig Artisan SFE EC \u2013 stroj na voln\u00e1 cesta - Omega Bakery","robots":{"index":"index","follow":"follow","max-snippet":"max-snippet:-1","max-image-preview":"max-image-preview:large","max-video-preview":"max-video-preview:-1"},"canonical":"https:\/\/omega-bakery.com\/sk\/produkt\/konig-artisan-sfe-ec-stroj-na-volna-testa\/","og_locale":"sk_SK","og_type":"article","og_title":"K\u00f6nig Artisan SFE EC \u2013 stroj na voln\u00e1 cesta - Omega Bakery","og_description":"Stroj na jemn\u00e9 spracovanie vo\u013en\u00fdch ciest s dlhou dobou kysnutia. Spracov\u00e1va lem cesta pomocou valcov postupn\u00fdm zni\u017eovan\u00edm jeho v\u00fd\u0161ky. Vysekne kone\u010dn\u00fd v\u00fdrobok a osad\u00ed na plech.  Viac inform\u00e1ci\u00ed o tomto produkte n\u00e1jdete v prilo\u017eenom let\u00e1ku TU [...]Read More...","og_url":"https:\/\/omega-bakery.com\/sk\/produkt\/konig-artisan-sfe-ec-stroj-na-volna-testa\/","og_site_name":"Omega Bakery","article_modified_time":"2025-01-29T12:26:31+00:00","og_image":[{"width":539,"height":360,"url":"http:\/\/omega-bakery.com\/sk\/wp-content\/uploads\/2025\/01\/Artisan-SFE-EC.png","path":"\/data\/web\/virtuals\/278194\/virtual\/www\/domains\/omega-bakery.com\/sk\/wp-content\/uploads\/2025\/01\/Artisan-SFE-EC.png","size":"full","id":2268,"alt":"","pixels":194040,"type":"image\/png"}],"twitter_card":"summary_large_image","schema":{"@context":"https:\/\/schema.org","@graph":[{"@type":"WebSite","@id":"https:\/\/omega-bakery.com\/sk\/#website","url":"https:\/\/omega-bakery.com\/sk\/","name":"Omega Bakery","description":"Dodavatel stroj\u016f a za\u0159\u00edzen\u00ed pro pek\u00e1rny","potentialAction":[{"@type":"SearchAction","target":{"@type":"EntryPoint","urlTemplate":"https:\/\/omega-bakery.com\/sk\/?s={search_term_string}"},"query-input":"required name=search_term_string"}],"inLanguage":"sk-SK"},{"@type":"ImageObject","@id":"https:\/\/omega-bakery.com\/sk\/produkt\/konig-artisan-sfe-ec-stroj-na-volna-testa\/#primaryimage","inLanguage":"sk-SK","url":"https:\/\/omega-bakery.com\/sk\/wp-content\/uploads\/2025\/01\/Artisan-SFE-EC.png","contentUrl":"https:\/\/omega-bakery.com\/sk\/wp-content\/uploads\/2025\/01\/Artisan-SFE-EC.png","width":539,"height":360},{"@type":"WebPage","@id":"https:\/\/omega-bakery.com\/sk\/produkt\/konig-artisan-sfe-ec-stroj-na-volna-testa\/#webpage","url":"https:\/\/omega-bakery.com\/sk\/produkt\/konig-artisan-sfe-ec-stroj-na-volna-testa\/","name":"K\u00f6nig Artisan SFE EC \u2013 stroj na voln\u00e1 cesta - Omega Bakery","isPartOf":{"@id":"https:\/\/omega-bakery.com\/sk\/#website"},"primaryImageOfPage":{"@id":"https:\/\/omega-bakery.com\/sk\/produkt\/konig-artisan-sfe-ec-stroj-na-volna-testa\/#primaryimage"},"datePublished":"2025-01-29T12:18:08+00:00","dateModified":"2025-01-29T12:26:31+00:00","breadcrumb":{"@id":"https:\/\/omega-bakery.com\/sk\/produkt\/konig-artisan-sfe-ec-stroj-na-volna-testa\/#breadcrumb"},"inLanguage":"sk-SK","potentialAction":[{"@type":"ReadAction","target":["https:\/\/omega-bakery.com\/sk\/produkt\/konig-artisan-sfe-ec-stroj-na-volna-testa\/"]}]},{"@type":"BreadcrumbList","@id":"https:\/\/omega-bakery.com\/sk\/produkt\/konig-artisan-sfe-ec-stroj-na-volna-testa\/#breadcrumb","itemListElement":[{"@type":"ListItem","position":1,"name":"Dom\u016f","item":"https:\/\/omega-bakery.com\/sk\/"},{"@type":"ListItem","position":2,"name":"Stroje a zariadenia","item":"https:\/\/omega-bakery.com\/sk\/stroje-a-zariadenia\/"},{"@type":"ListItem","position":3,"name":"Stroje a linky na spracovanie cesta","item":"https:\/\/omega-bakery.com\/sk\/stroje-a-zarizeni\/stroje-a-linky-na-spracovanie-cesta\/"},{"@type":"ListItem","position":4,"name":"V\u00fdrobn\u00e9 linky","item":"https:\/\/omega-bakery.com\/sk\/stroje-a-zarizeni\/stroje-a-linky-na-spracovanie-cesta\/vyrobnr-linky\/"},{"@type":"ListItem","position":5,"name":"K\u00f6nig Artisan SFE EC \u2013 stroj na voln\u00e1 cesta"}]}]}},"_links":{"self":[{"href":"https:\/\/omega-bakery.com\/sk\/wp-json\/wp\/v2\/product\/2267"}],"collection":[{"href":"https:\/\/omega-bakery.com\/sk\/wp-json\/wp\/v2\/product"}],"about":[{"href":"https:\/\/omega-bakery.com\/sk\/wp-json\/wp\/v2\/types\/product"}],"wp:featuredmedia":[{"embeddable":true,"href":"https:\/\/omega-bakery.com\/sk\/wp-json\/wp\/v2\/media\/2268"}],"wp:attachment":[{"href":"https:\/\/omega-bakery.com\/sk\/wp-json\/wp\/v2\/media?parent=2267"}],"curies":[{"name":"wp","href":"https:\/\/api.w.org\/{rel}","templated":true}]}}