{"id":2282,"date":"2025-02-21T12:15:08","date_gmt":"2025-02-21T10:15:08","guid":{"rendered":"https:\/\/omega-bakery.com\/sk\/?post_type=product&#038;p=2282"},"modified":"2025-02-21T12:18:07","modified_gmt":"2025-02-21T10:18:07","slug":"vygulovacka-cesta-artezen-agyla-5000","status":"publish","type":"product","link":"https:\/\/omega-bakery.com\/sk\/produkt\/vygulovacka-cesta-artezen-agyla-5000\/","title":{"rendered":"Vygu\u013eova\u010dka cesta Artezen \u2013 Agyla 5000"},"content":{"rendered":"","protected":false},"excerpt":{"rendered":"<table border=\"1\" cellspacing=\"0\" cellpadding=\"0\">\n<tbody>\n<tr>\n<td>\n<p align=\"center\"><strong>Po\u0159adov\u00e9 \u010d\u00edslo (b\u00edl\u00e9)<\/strong><\/p>\n<\/td>\n<td>\n<p align=\"center\"><strong>Sk &#8211; Kl\u00a0<\/strong><\/p>\n<\/td>\n<td rowspan=\"8\">\n<p align=\"center\">\n<\/td>\n<\/tr>\n<tr>\n<td>\n<p align=\"center\"><strong>Stroj<\/strong><\/p>\n<\/td>\n<td>\n<p align=\"center\"><strong>Vygulova\u010dka cesta<\/strong><strong>\u00a0<\/strong><\/p>\n<\/td>\n<\/tr>\n<tr>\n<td>\n<p align=\"center\"><strong>Typ stroje<\/strong><\/p>\n<\/td>\n<td>\n<p align=\"center\"><strong>Artezen \u2013 Agyla 5000 <\/strong><\/p>\n<\/td>\n<\/tr>\n<tr>\n<td>\n<p align=\"center\"><strong>V\u00fdrobn\u00ed \u010d\u00edslo<\/strong><\/p>\n<\/td>\n<td>\n<p align=\"center\">\n<\/td>\n<\/tr>\n<tr>\n<td>\n<p align=\"center\"><strong>Kontakt<\/strong><\/p>\n<\/td>\n<td>\n<p align=\"center\"><strong>+421 905 803 536<\/strong><\/p>\n<\/td>\n<\/tr>\n<tr>\n<td>\n<p align=\"center\"><strong>Pozn\u00e1mka<\/strong><strong>\/Cena<\/strong><\/p>\n<\/td>\n<td>\n<p align=\"center\"><strong>dohodou<\/strong><\/p>\n<\/td>\n<\/tr>\n<tr>\n<td>\n<p align=\"center\"><strong>Rok v\u00fdroby<\/strong><\/p>\n<\/td>\n<td>\n<p align=\"center\">\n<\/td>\n<\/tr>\n<tr>\n<td>\n<p align=\"center\"><strong>V\u00fdrobce<\/strong><\/p>\n<\/td>\n<td>\n<p align=\"center\"><strong>Artezen, It\u00e1lie<\/strong><\/p>\n<\/td>\n<\/tr>\n<\/tbody>\n<\/table>\n<p> [&#8230;]<\/p>\n<p><a class=\"btn btn-secondary understrap-read-more-link\" href=\"https:\/\/omega-bakery.com\/sk\/produkt\/vygulovacka-cesta-artezen-agyla-5000\/\">Read More&#8230;<\/a><\/p>\n","protected":false},"featured_media":2283,"template":"","meta":[],"yoast_head":"<!-- This site is optimized with the Yoast SEO plugin v17.1 - https:\/\/yoast.com\/wordpress\/plugins\/seo\/ -->\n<title>Vygu\u013eova\u010dka cesta Artezen \u2013 Agyla 5000 - Omega Bakery<\/title>\n<meta name=\"robots\" content=\"index, follow, max-snippet:-1, max-image-preview:large, max-video-preview:-1\" \/>\n<link rel=\"canonical\" href=\"https:\/\/omega-bakery.com\/sk\/produkt\/vygulovacka-cesta-artezen-agyla-5000\/\" \/>\n<meta property=\"og:locale\" content=\"sk_SK\" \/>\n<meta property=\"og:type\" content=\"article\" \/>\n<meta property=\"og:title\" content=\"Vygu\u013eova\u010dka cesta Artezen \u2013 Agyla 5000 - Omega Bakery\" \/>\n<meta property=\"og:description\" content=\"Po\u0159adov\u00e9 \u010d\u00edslo (b\u00edl\u00e9)   Sk - Kl\u00a0        Stroj   Vygulova\u010dka cesta\u00a0     Typ stroje   Artezen \u2013 Agyla 5000      V\u00fdrobn\u00ed \u010d\u00edslo        Kontakt   +421 905 803 536     Pozn\u00e1mka\/Cena   dohodou     Rok v\u00fdroby        V\u00fdrobce   Artezen, It\u00e1lie     [...]Read More...\" \/>\n<meta property=\"og:url\" content=\"https:\/\/omega-bakery.com\/sk\/produkt\/vygulovacka-cesta-artezen-agyla-5000\/\" \/>\n<meta property=\"og:site_name\" content=\"Omega Bakery\" \/>\n<meta property=\"article:modified_time\" content=\"2025-02-21T10:18:07+00:00\" \/>\n<meta property=\"og:image\" content=\"http:\/\/omega-bakery.com\/sk\/wp-content\/uploads\/2025\/02\/vykulovac.jpg\" \/>\n\t<meta property=\"og:image:width\" content=\"900\" \/>\n\t<meta property=\"og:image:height\" content=\"1200\" \/>\n<meta name=\"twitter:card\" content=\"summary_large_image\" \/>\n<script type=\"application\/ld+json\" class=\"yoast-schema-graph\">{\"@context\":\"https:\/\/schema.org\",\"@graph\":[{\"@type\":\"WebSite\",\"@id\":\"https:\/\/omega-bakery.com\/sk\/#website\",\"url\":\"https:\/\/omega-bakery.com\/sk\/\",\"name\":\"Omega Bakery\",\"description\":\"Dodavatel stroj\\u016f a za\\u0159\\u00edzen\\u00ed pro pek\\u00e1rny\",\"potentialAction\":[{\"@type\":\"SearchAction\",\"target\":{\"@type\":\"EntryPoint\",\"urlTemplate\":\"https:\/\/omega-bakery.com\/sk\/?s={search_term_string}\"},\"query-input\":\"required name=search_term_string\"}],\"inLanguage\":\"sk-SK\"},{\"@type\":\"ImageObject\",\"@id\":\"https:\/\/omega-bakery.com\/sk\/produkt\/vygulovacka-cesta-artezen-agyla-5000\/#primaryimage\",\"inLanguage\":\"sk-SK\",\"url\":\"https:\/\/omega-bakery.com\/sk\/wp-content\/uploads\/2025\/02\/vykulovac.jpg\",\"contentUrl\":\"https:\/\/omega-bakery.com\/sk\/wp-content\/uploads\/2025\/02\/vykulovac.jpg\",\"width\":900,\"height\":1200},{\"@type\":\"WebPage\",\"@id\":\"https:\/\/omega-bakery.com\/sk\/produkt\/vygulovacka-cesta-artezen-agyla-5000\/#webpage\",\"url\":\"https:\/\/omega-bakery.com\/sk\/produkt\/vygulovacka-cesta-artezen-agyla-5000\/\",\"name\":\"Vygu\\u013eova\\u010dka cesta Artezen \\u2013 Agyla 5000 - Omega Bakery\",\"isPartOf\":{\"@id\":\"https:\/\/omega-bakery.com\/sk\/#website\"},\"primaryImageOfPage\":{\"@id\":\"https:\/\/omega-bakery.com\/sk\/produkt\/vygulovacka-cesta-artezen-agyla-5000\/#primaryimage\"},\"datePublished\":\"2025-02-21T10:15:08+00:00\",\"dateModified\":\"2025-02-21T10:18:07+00:00\",\"breadcrumb\":{\"@id\":\"https:\/\/omega-bakery.com\/sk\/produkt\/vygulovacka-cesta-artezen-agyla-5000\/#breadcrumb\"},\"inLanguage\":\"sk-SK\",\"potentialAction\":[{\"@type\":\"ReadAction\",\"target\":[\"https:\/\/omega-bakery.com\/sk\/produkt\/vygulovacka-cesta-artezen-agyla-5000\/\"]}]},{\"@type\":\"BreadcrumbList\",\"@id\":\"https:\/\/omega-bakery.com\/sk\/produkt\/vygulovacka-cesta-artezen-agyla-5000\/#breadcrumb\",\"itemListElement\":[{\"@type\":\"ListItem\",\"position\":1,\"name\":\"Dom\\u016f\",\"item\":\"https:\/\/omega-bakery.com\/sk\/\"},{\"@type\":\"ListItem\",\"position\":2,\"name\":\"Stroje a zariadenia\",\"item\":\"https:\/\/omega-bakery.com\/sk\/stroje-a-zariadenia\/\"},{\"@type\":\"ListItem\",\"position\":3,\"name\":\"Baz\\u00e1r\",\"item\":\"https:\/\/omega-bakery.com\/sk\/stroje-a-zarizeni\/bazar\/\"},{\"@type\":\"ListItem\",\"position\":4,\"name\":\"Stroje na spracovanie cesta\",\"item\":\"https:\/\/omega-bakery.com\/sk\/stroje-a-zarizeni\/bazar\/stroje-na-spracovanie-cesta-bazar\/\"},{\"@type\":\"ListItem\",\"position\":5,\"name\":\"Vygu\\u013eova\\u010dka cesta Artezen \\u2013 Agyla 5000\"}]}]}<\/script>\n<!-- \/ Yoast SEO plugin. -->","yoast_head_json":{"title":"Vygu\u013eova\u010dka cesta Artezen \u2013 Agyla 5000 - Omega Bakery","robots":{"index":"index","follow":"follow","max-snippet":"max-snippet:-1","max-image-preview":"max-image-preview:large","max-video-preview":"max-video-preview:-1"},"canonical":"https:\/\/omega-bakery.com\/sk\/produkt\/vygulovacka-cesta-artezen-agyla-5000\/","og_locale":"sk_SK","og_type":"article","og_title":"Vygu\u013eova\u010dka cesta Artezen \u2013 Agyla 5000 - Omega Bakery","og_description":"Po\u0159adov\u00e9 \u010d\u00edslo (b\u00edl\u00e9)   Sk - Kl\u00a0        Stroj   Vygulova\u010dka cesta\u00a0     Typ stroje   Artezen \u2013 Agyla 5000      V\u00fdrobn\u00ed \u010d\u00edslo        Kontakt   +421 905 803 536     Pozn\u00e1mka\/Cena   dohodou     Rok v\u00fdroby        V\u00fdrobce   Artezen, It\u00e1lie     [...]Read More...","og_url":"https:\/\/omega-bakery.com\/sk\/produkt\/vygulovacka-cesta-artezen-agyla-5000\/","og_site_name":"Omega Bakery","article_modified_time":"2025-02-21T10:18:07+00:00","og_image":[{"width":900,"height":1200,"url":"http:\/\/omega-bakery.com\/sk\/wp-content\/uploads\/2025\/02\/vykulovac.jpg","path":"\/data\/web\/virtuals\/278194\/virtual\/www\/domains\/omega-bakery.com\/sk\/wp-content\/uploads\/2025\/02\/vykulovac.jpg","size":"full","id":2283,"alt":"","pixels":1080000,"type":"image\/jpeg"}],"twitter_card":"summary_large_image","schema":{"@context":"https:\/\/schema.org","@graph":[{"@type":"WebSite","@id":"https:\/\/omega-bakery.com\/sk\/#website","url":"https:\/\/omega-bakery.com\/sk\/","name":"Omega Bakery","description":"Dodavatel stroj\u016f a za\u0159\u00edzen\u00ed pro pek\u00e1rny","potentialAction":[{"@type":"SearchAction","target":{"@type":"EntryPoint","urlTemplate":"https:\/\/omega-bakery.com\/sk\/?s={search_term_string}"},"query-input":"required name=search_term_string"}],"inLanguage":"sk-SK"},{"@type":"ImageObject","@id":"https:\/\/omega-bakery.com\/sk\/produkt\/vygulovacka-cesta-artezen-agyla-5000\/#primaryimage","inLanguage":"sk-SK","url":"https:\/\/omega-bakery.com\/sk\/wp-content\/uploads\/2025\/02\/vykulovac.jpg","contentUrl":"https:\/\/omega-bakery.com\/sk\/wp-content\/uploads\/2025\/02\/vykulovac.jpg","width":900,"height":1200},{"@type":"WebPage","@id":"https:\/\/omega-bakery.com\/sk\/produkt\/vygulovacka-cesta-artezen-agyla-5000\/#webpage","url":"https:\/\/omega-bakery.com\/sk\/produkt\/vygulovacka-cesta-artezen-agyla-5000\/","name":"Vygu\u013eova\u010dka cesta Artezen \u2013 Agyla 5000 - Omega Bakery","isPartOf":{"@id":"https:\/\/omega-bakery.com\/sk\/#website"},"primaryImageOfPage":{"@id":"https:\/\/omega-bakery.com\/sk\/produkt\/vygulovacka-cesta-artezen-agyla-5000\/#primaryimage"},"datePublished":"2025-02-21T10:15:08+00:00","dateModified":"2025-02-21T10:18:07+00:00","breadcrumb":{"@id":"https:\/\/omega-bakery.com\/sk\/produkt\/vygulovacka-cesta-artezen-agyla-5000\/#breadcrumb"},"inLanguage":"sk-SK","potentialAction":[{"@type":"ReadAction","target":["https:\/\/omega-bakery.com\/sk\/produkt\/vygulovacka-cesta-artezen-agyla-5000\/"]}]},{"@type":"BreadcrumbList","@id":"https:\/\/omega-bakery.com\/sk\/produkt\/vygulovacka-cesta-artezen-agyla-5000\/#breadcrumb","itemListElement":[{"@type":"ListItem","position":1,"name":"Dom\u016f","item":"https:\/\/omega-bakery.com\/sk\/"},{"@type":"ListItem","position":2,"name":"Stroje a zariadenia","item":"https:\/\/omega-bakery.com\/sk\/stroje-a-zariadenia\/"},{"@type":"ListItem","position":3,"name":"Baz\u00e1r","item":"https:\/\/omega-bakery.com\/sk\/stroje-a-zarizeni\/bazar\/"},{"@type":"ListItem","position":4,"name":"Stroje na spracovanie cesta","item":"https:\/\/omega-bakery.com\/sk\/stroje-a-zarizeni\/bazar\/stroje-na-spracovanie-cesta-bazar\/"},{"@type":"ListItem","position":5,"name":"Vygu\u013eova\u010dka cesta Artezen \u2013 Agyla 5000"}]}]}},"_links":{"self":[{"href":"https:\/\/omega-bakery.com\/sk\/wp-json\/wp\/v2\/product\/2282"}],"collection":[{"href":"https:\/\/omega-bakery.com\/sk\/wp-json\/wp\/v2\/product"}],"about":[{"href":"https:\/\/omega-bakery.com\/sk\/wp-json\/wp\/v2\/types\/product"}],"wp:featuredmedia":[{"embeddable":true,"href":"https:\/\/omega-bakery.com\/sk\/wp-json\/wp\/v2\/media\/2283"}],"wp:attachment":[{"href":"https:\/\/omega-bakery.com\/sk\/wp-json\/wp\/v2\/media?parent=2282"}],"curies":[{"name":"wp","href":"https:\/\/api.w.org\/{rel}","templated":true}]}}