{"id":2291,"date":"2025-04-15T10:52:50","date_gmt":"2025-04-15T08:52:50","guid":{"rendered":"https:\/\/omega-bakery.com\/sk\/?post_type=product&#038;p=2291"},"modified":"2025-04-15T10:58:09","modified_gmt":"2025-04-15T08:58:09","slug":"sokove-zchlazovace-na-plechy-samaref-polar","status":"publish","type":"product","link":"https:\/\/omega-bakery.com\/sk\/produkt\/sokove-zchlazovace-na-plechy-samaref-polar\/","title":{"rendered":"\u0160okov\u00e9 zchlazova\u010de na plechy Samaref POLAR"},"content":{"rendered":"","protected":false},"excerpt":{"rendered":"<p>Samaref predstavuje nov\u00fa radu \u0161okov\u00fdch schladzova\u010dov POLAR na plechy 400 x 600 mm pre r\u00fdchle zchladenie a \u0161okov\u00e9 zamrazenie.<\/p>\n<ul>\n<li>jednoduch\u00fd dotykov\u00fd ovl\u00e1dac\u00ed panel<\/li>\n<li>sonda teploty jadra<\/li>\n<\/ul>\n<p>Viac inform\u00e1ci\u00ed o tomto produkte n\u00e1jdete v prilo\u017eenom let\u00e1tu <a href=\"http:\/\/omega-bakery.com\/sk\/wp-content\/uploads\/2025\/04\/Sokove-zchlazovace-Samaref-typ-PO-5T-P-PA-a-typ-PO-8T-P.pdf\" target=\"_blank\" rel=\"noopener\">TU<\/a> [&#8230;]<\/p>\n<p><a class=\"btn btn-secondary understrap-read-more-link\" href=\"https:\/\/omega-bakery.com\/sk\/produkt\/sokove-zchlazovace-na-plechy-samaref-polar\/\">Read More&#8230;<\/a><\/p>\n","protected":false},"featured_media":2292,"template":"","meta":[],"yoast_head":"<!-- This site is optimized with the Yoast SEO plugin v17.1 - https:\/\/yoast.com\/wordpress\/plugins\/seo\/ -->\n<title>\u0160okov\u00e9 zchlazova\u010de na plechy Samaref POLAR - Omega Bakery<\/title>\n<meta name=\"robots\" content=\"index, follow, max-snippet:-1, max-image-preview:large, max-video-preview:-1\" \/>\n<link rel=\"canonical\" href=\"https:\/\/omega-bakery.com\/sk\/produkt\/sokove-zchlazovace-na-plechy-samaref-polar\/\" \/>\n<meta property=\"og:locale\" content=\"sk_SK\" \/>\n<meta property=\"og:type\" content=\"article\" \/>\n<meta property=\"og:title\" content=\"\u0160okov\u00e9 zchlazova\u010de na plechy Samaref POLAR - Omega Bakery\" \/>\n<meta property=\"og:description\" content=\"Samaref predstavuje nov\u00fa radu \u0161okov\u00fdch schladzova\u010dov POLAR na plechy 400 x 600 mm pre r\u00fdchle zchladenie a \u0161okov\u00e9 zamrazenie.   jednoduch\u00fd dotykov\u00fd ovl\u00e1dac\u00ed panel  sonda teploty jadra  Viac inform\u00e1ci\u00ed o tomto produkte n\u00e1jdete v prilo\u017eenom let\u00e1tu TU [...]Read More...\" \/>\n<meta property=\"og:url\" content=\"https:\/\/omega-bakery.com\/sk\/produkt\/sokove-zchlazovace-na-plechy-samaref-polar\/\" \/>\n<meta property=\"og:site_name\" content=\"Omega Bakery\" \/>\n<meta property=\"article:modified_time\" content=\"2025-04-15T08:58:09+00:00\" \/>\n<meta property=\"og:image\" content=\"http:\/\/omega-bakery.com\/sk\/wp-content\/uploads\/2025\/04\/PO_8T_P.jpg\" \/>\n\t<meta property=\"og:image:width\" content=\"305\" \/>\n\t<meta property=\"og:image:height\" content=\"458\" \/>\n<meta name=\"twitter:card\" content=\"summary_large_image\" \/>\n<script type=\"application\/ld+json\" class=\"yoast-schema-graph\">{\"@context\":\"https:\/\/schema.org\",\"@graph\":[{\"@type\":\"WebSite\",\"@id\":\"https:\/\/omega-bakery.com\/sk\/#website\",\"url\":\"https:\/\/omega-bakery.com\/sk\/\",\"name\":\"Omega Bakery\",\"description\":\"Dodavatel stroj\\u016f a za\\u0159\\u00edzen\\u00ed pro pek\\u00e1rny\",\"potentialAction\":[{\"@type\":\"SearchAction\",\"target\":{\"@type\":\"EntryPoint\",\"urlTemplate\":\"https:\/\/omega-bakery.com\/sk\/?s={search_term_string}\"},\"query-input\":\"required name=search_term_string\"}],\"inLanguage\":\"sk-SK\"},{\"@type\":\"ImageObject\",\"@id\":\"https:\/\/omega-bakery.com\/sk\/produkt\/sokove-zchlazovace-na-plechy-samaref-polar\/#primaryimage\",\"inLanguage\":\"sk-SK\",\"url\":\"https:\/\/omega-bakery.com\/sk\/wp-content\/uploads\/2025\/04\/PO_8T_P.jpg\",\"contentUrl\":\"https:\/\/omega-bakery.com\/sk\/wp-content\/uploads\/2025\/04\/PO_8T_P.jpg\",\"width\":305,\"height\":458},{\"@type\":\"WebPage\",\"@id\":\"https:\/\/omega-bakery.com\/sk\/produkt\/sokove-zchlazovace-na-plechy-samaref-polar\/#webpage\",\"url\":\"https:\/\/omega-bakery.com\/sk\/produkt\/sokove-zchlazovace-na-plechy-samaref-polar\/\",\"name\":\"\\u0160okov\\u00e9 zchlazova\\u010de na plechy Samaref POLAR - Omega Bakery\",\"isPartOf\":{\"@id\":\"https:\/\/omega-bakery.com\/sk\/#website\"},\"primaryImageOfPage\":{\"@id\":\"https:\/\/omega-bakery.com\/sk\/produkt\/sokove-zchlazovace-na-plechy-samaref-polar\/#primaryimage\"},\"datePublished\":\"2025-04-15T08:52:50+00:00\",\"dateModified\":\"2025-04-15T08:58:09+00:00\",\"breadcrumb\":{\"@id\":\"https:\/\/omega-bakery.com\/sk\/produkt\/sokove-zchlazovace-na-plechy-samaref-polar\/#breadcrumb\"},\"inLanguage\":\"sk-SK\",\"potentialAction\":[{\"@type\":\"ReadAction\",\"target\":[\"https:\/\/omega-bakery.com\/sk\/produkt\/sokove-zchlazovace-na-plechy-samaref-polar\/\"]}]},{\"@type\":\"BreadcrumbList\",\"@id\":\"https:\/\/omega-bakery.com\/sk\/produkt\/sokove-zchlazovace-na-plechy-samaref-polar\/#breadcrumb\",\"itemListElement\":[{\"@type\":\"ListItem\",\"position\":1,\"name\":\"Dom\\u016f\",\"item\":\"https:\/\/omega-bakery.com\/sk\/\"},{\"@type\":\"ListItem\",\"position\":2,\"name\":\"Stroje a zariadenia\",\"item\":\"https:\/\/omega-bakery.com\/sk\/stroje-a-zariadenia\/\"},{\"@type\":\"ListItem\",\"position\":3,\"name\":\"Kysiarne, kombinovan\\u00e9 kysiarne a \\u0161okov\\u00e9 chladenie\",\"item\":\"https:\/\/omega-bakery.com\/sk\/stroje-a-zarizeni\/kysiarne-kombinovane-kysiarne-a-sokove-chladenie\/\"},{\"@type\":\"ListItem\",\"position\":4,\"name\":\"\\u0160okov\\u00e9 chladenie\",\"item\":\"https:\/\/omega-bakery.com\/sk\/stroje-a-zarizeni\/kysiarne-kombinovane-kysiarne-a-sokove-chladenie\/sokove-chladenie\/\"},{\"@type\":\"ListItem\",\"position\":5,\"name\":\"\\u0160okov\\u00e9 zchlazova\\u010de na plechy Samaref POLAR\"}]}]}<\/script>\n<!-- \/ Yoast SEO plugin. -->","yoast_head_json":{"title":"\u0160okov\u00e9 zchlazova\u010de na plechy Samaref POLAR - Omega Bakery","robots":{"index":"index","follow":"follow","max-snippet":"max-snippet:-1","max-image-preview":"max-image-preview:large","max-video-preview":"max-video-preview:-1"},"canonical":"https:\/\/omega-bakery.com\/sk\/produkt\/sokove-zchlazovace-na-plechy-samaref-polar\/","og_locale":"sk_SK","og_type":"article","og_title":"\u0160okov\u00e9 zchlazova\u010de na plechy Samaref POLAR - Omega Bakery","og_description":"Samaref predstavuje nov\u00fa radu \u0161okov\u00fdch schladzova\u010dov POLAR na plechy 400 x 600 mm pre r\u00fdchle zchladenie a \u0161okov\u00e9 zamrazenie.   jednoduch\u00fd dotykov\u00fd ovl\u00e1dac\u00ed panel  sonda teploty jadra  Viac inform\u00e1ci\u00ed o tomto produkte n\u00e1jdete v prilo\u017eenom let\u00e1tu TU [...]Read More...","og_url":"https:\/\/omega-bakery.com\/sk\/produkt\/sokove-zchlazovace-na-plechy-samaref-polar\/","og_site_name":"Omega Bakery","article_modified_time":"2025-04-15T08:58:09+00:00","og_image":[{"width":305,"height":458,"url":"http:\/\/omega-bakery.com\/sk\/wp-content\/uploads\/2025\/04\/PO_8T_P.jpg","path":"\/data\/web\/virtuals\/278194\/virtual\/www\/domains\/omega-bakery.com\/sk\/wp-content\/uploads\/2025\/04\/PO_8T_P.jpg","size":"full","id":2292,"alt":"","pixels":139690,"type":"image\/jpeg"}],"twitter_card":"summary_large_image","schema":{"@context":"https:\/\/schema.org","@graph":[{"@type":"WebSite","@id":"https:\/\/omega-bakery.com\/sk\/#website","url":"https:\/\/omega-bakery.com\/sk\/","name":"Omega Bakery","description":"Dodavatel stroj\u016f a za\u0159\u00edzen\u00ed pro pek\u00e1rny","potentialAction":[{"@type":"SearchAction","target":{"@type":"EntryPoint","urlTemplate":"https:\/\/omega-bakery.com\/sk\/?s={search_term_string}"},"query-input":"required name=search_term_string"}],"inLanguage":"sk-SK"},{"@type":"ImageObject","@id":"https:\/\/omega-bakery.com\/sk\/produkt\/sokove-zchlazovace-na-plechy-samaref-polar\/#primaryimage","inLanguage":"sk-SK","url":"https:\/\/omega-bakery.com\/sk\/wp-content\/uploads\/2025\/04\/PO_8T_P.jpg","contentUrl":"https:\/\/omega-bakery.com\/sk\/wp-content\/uploads\/2025\/04\/PO_8T_P.jpg","width":305,"height":458},{"@type":"WebPage","@id":"https:\/\/omega-bakery.com\/sk\/produkt\/sokove-zchlazovace-na-plechy-samaref-polar\/#webpage","url":"https:\/\/omega-bakery.com\/sk\/produkt\/sokove-zchlazovace-na-plechy-samaref-polar\/","name":"\u0160okov\u00e9 zchlazova\u010de na plechy Samaref POLAR - Omega Bakery","isPartOf":{"@id":"https:\/\/omega-bakery.com\/sk\/#website"},"primaryImageOfPage":{"@id":"https:\/\/omega-bakery.com\/sk\/produkt\/sokove-zchlazovace-na-plechy-samaref-polar\/#primaryimage"},"datePublished":"2025-04-15T08:52:50+00:00","dateModified":"2025-04-15T08:58:09+00:00","breadcrumb":{"@id":"https:\/\/omega-bakery.com\/sk\/produkt\/sokove-zchlazovace-na-plechy-samaref-polar\/#breadcrumb"},"inLanguage":"sk-SK","potentialAction":[{"@type":"ReadAction","target":["https:\/\/omega-bakery.com\/sk\/produkt\/sokove-zchlazovace-na-plechy-samaref-polar\/"]}]},{"@type":"BreadcrumbList","@id":"https:\/\/omega-bakery.com\/sk\/produkt\/sokove-zchlazovace-na-plechy-samaref-polar\/#breadcrumb","itemListElement":[{"@type":"ListItem","position":1,"name":"Dom\u016f","item":"https:\/\/omega-bakery.com\/sk\/"},{"@type":"ListItem","position":2,"name":"Stroje a zariadenia","item":"https:\/\/omega-bakery.com\/sk\/stroje-a-zariadenia\/"},{"@type":"ListItem","position":3,"name":"Kysiarne, kombinovan\u00e9 kysiarne a \u0161okov\u00e9 chladenie","item":"https:\/\/omega-bakery.com\/sk\/stroje-a-zarizeni\/kysiarne-kombinovane-kysiarne-a-sokove-chladenie\/"},{"@type":"ListItem","position":4,"name":"\u0160okov\u00e9 chladenie","item":"https:\/\/omega-bakery.com\/sk\/stroje-a-zarizeni\/kysiarne-kombinovane-kysiarne-a-sokove-chladenie\/sokove-chladenie\/"},{"@type":"ListItem","position":5,"name":"\u0160okov\u00e9 zchlazova\u010de na plechy Samaref POLAR"}]}]}},"_links":{"self":[{"href":"https:\/\/omega-bakery.com\/sk\/wp-json\/wp\/v2\/product\/2291"}],"collection":[{"href":"https:\/\/omega-bakery.com\/sk\/wp-json\/wp\/v2\/product"}],"about":[{"href":"https:\/\/omega-bakery.com\/sk\/wp-json\/wp\/v2\/types\/product"}],"wp:featuredmedia":[{"embeddable":true,"href":"https:\/\/omega-bakery.com\/sk\/wp-json\/wp\/v2\/media\/2292"}],"wp:attachment":[{"href":"https:\/\/omega-bakery.com\/sk\/wp-json\/wp\/v2\/media?parent=2291"}],"curies":[{"name":"wp","href":"https:\/\/api.w.org\/{rel}","templated":true}]}}