{"id":2332,"date":"2026-01-22T14:17:50","date_gmt":"2026-01-22T12:17:50","guid":{"rendered":"https:\/\/omega-bakery.com\/sk\/?post_type=product&#038;p=2332"},"modified":"2026-01-22T14:30:02","modified_gmt":"2026-01-22T12:30:02","slug":"kombinovana-kysiaren-na-plechy-samaref-ev","status":"publish","type":"product","link":"https:\/\/omega-bakery.com\/sk\/produkt\/kombinovana-kysiaren-na-plechy-samaref-ev\/","title":{"rendered":"Kombinovan\u00e1 kysiare\u0148 na plechy Samaref EV"},"content":{"rendered":"","protected":false},"excerpt":{"rendered":"<p>STOP kysiarne &#8211; boxy so z\u00e1\u0161upmi na plechy (400 x 600 alebo 600 x 800 mm) . Nastavite\u013en\u00e9 programy, teploty -10\u00b0C a\u017e + 35\u00b0C, nastavite\u013en\u00e1 r\u00fdchlos\u0165 ventil\u00e1tora. Elektronicky riaden\u00e9 a energeticky \u00fasporn\u00e9 vyv\u00edjanie p\u00e1ry.<\/p>\n<p>Nerezov\u00e9 prevedenie, jednoduch\u00e1 obsluha.<\/p>\n<p>Viac inform\u00e1ci\u00ed o tejto kysiarni n\u00e1jdete v prilo\u017eenom let\u00e1ku <a href=\"http:\/\/omega-bakery.com\/sk\/wp-content\/uploads\/2026\/01\/Kombinovana-kynarna-na-plechy-Samaref-EV-0824.pdf\" target=\"_blank\" rel=\"noopener\">TU<\/a> [&#8230;]<\/p>\n<p><a class=\"btn btn-secondary understrap-read-more-link\" href=\"https:\/\/omega-bakery.com\/sk\/produkt\/kombinovana-kysiaren-na-plechy-samaref-ev\/\">Read More&#8230;<\/a><\/p>\n","protected":false},"featured_media":2334,"template":"","meta":[],"yoast_head":"<!-- This site is optimized with the Yoast SEO plugin v17.1 - https:\/\/yoast.com\/wordpress\/plugins\/seo\/ -->\n<title>Kombinovan\u00e1 kysiare\u0148 na plechy Samaref EV - Omega Bakery<\/title>\n<meta name=\"robots\" content=\"index, follow, max-snippet:-1, max-image-preview:large, max-video-preview:-1\" \/>\n<link rel=\"canonical\" href=\"https:\/\/omega-bakery.com\/sk\/produkt\/kombinovana-kysiaren-na-plechy-samaref-ev\/\" \/>\n<meta property=\"og:locale\" content=\"sk_SK\" \/>\n<meta property=\"og:type\" content=\"article\" \/>\n<meta property=\"og:title\" content=\"Kombinovan\u00e1 kysiare\u0148 na plechy Samaref EV - Omega Bakery\" \/>\n<meta property=\"og:description\" content=\"STOP kysiarne - boxy so z\u00e1\u0161upmi na plechy (400 x 600 alebo 600 x 800 mm) . Nastavite\u013en\u00e9 programy, teploty -10\u00b0C a\u017e + 35\u00b0C, nastavite\u013en\u00e1 r\u00fdchlos\u0165 ventil\u00e1tora. Elektronicky riaden\u00e9 a energeticky \u00fasporn\u00e9 vyv\u00edjanie p\u00e1ry.  Nerezov\u00e9 prevedenie, jednoduch\u00e1 obsluha.  Viac inform\u00e1ci\u00ed o tejto kysiarni n\u00e1jdete v prilo\u017eenom let\u00e1ku TU [...]Read More...\" \/>\n<meta property=\"og:url\" content=\"https:\/\/omega-bakery.com\/sk\/produkt\/kombinovana-kysiaren-na-plechy-samaref-ev\/\" \/>\n<meta property=\"og:site_name\" content=\"Omega Bakery\" \/>\n<meta property=\"article:modified_time\" content=\"2026-01-22T12:30:02+00:00\" \/>\n<meta property=\"og:image\" content=\"http:\/\/omega-bakery.com\/sk\/wp-content\/uploads\/2026\/01\/EV_700_P_TN-upr.jpg\" \/>\n\t<meta property=\"og:image:width\" content=\"491\" \/>\n\t<meta property=\"og:image:height\" content=\"709\" \/>\n<meta name=\"twitter:card\" content=\"summary_large_image\" \/>\n<script type=\"application\/ld+json\" class=\"yoast-schema-graph\">{\"@context\":\"https:\/\/schema.org\",\"@graph\":[{\"@type\":\"WebSite\",\"@id\":\"https:\/\/omega-bakery.com\/sk\/#website\",\"url\":\"https:\/\/omega-bakery.com\/sk\/\",\"name\":\"Omega Bakery\",\"description\":\"Dodavatel stroj\\u016f a za\\u0159\\u00edzen\\u00ed pro pek\\u00e1rny\",\"potentialAction\":[{\"@type\":\"SearchAction\",\"target\":{\"@type\":\"EntryPoint\",\"urlTemplate\":\"https:\/\/omega-bakery.com\/sk\/?s={search_term_string}\"},\"query-input\":\"required name=search_term_string\"}],\"inLanguage\":\"sk-SK\"},{\"@type\":\"ImageObject\",\"@id\":\"https:\/\/omega-bakery.com\/sk\/produkt\/kombinovana-kysiaren-na-plechy-samaref-ev\/#primaryimage\",\"inLanguage\":\"sk-SK\",\"url\":\"https:\/\/omega-bakery.com\/sk\/wp-content\/uploads\/2026\/01\/EV_700_P_TN-upr.jpg\",\"contentUrl\":\"https:\/\/omega-bakery.com\/sk\/wp-content\/uploads\/2026\/01\/EV_700_P_TN-upr.jpg\",\"width\":491,\"height\":709},{\"@type\":\"WebPage\",\"@id\":\"https:\/\/omega-bakery.com\/sk\/produkt\/kombinovana-kysiaren-na-plechy-samaref-ev\/#webpage\",\"url\":\"https:\/\/omega-bakery.com\/sk\/produkt\/kombinovana-kysiaren-na-plechy-samaref-ev\/\",\"name\":\"Kombinovan\\u00e1 kysiare\\u0148 na plechy Samaref EV - Omega Bakery\",\"isPartOf\":{\"@id\":\"https:\/\/omega-bakery.com\/sk\/#website\"},\"primaryImageOfPage\":{\"@id\":\"https:\/\/omega-bakery.com\/sk\/produkt\/kombinovana-kysiaren-na-plechy-samaref-ev\/#primaryimage\"},\"datePublished\":\"2026-01-22T12:17:50+00:00\",\"dateModified\":\"2026-01-22T12:30:02+00:00\",\"breadcrumb\":{\"@id\":\"https:\/\/omega-bakery.com\/sk\/produkt\/kombinovana-kysiaren-na-plechy-samaref-ev\/#breadcrumb\"},\"inLanguage\":\"sk-SK\",\"potentialAction\":[{\"@type\":\"ReadAction\",\"target\":[\"https:\/\/omega-bakery.com\/sk\/produkt\/kombinovana-kysiaren-na-plechy-samaref-ev\/\"]}]},{\"@type\":\"BreadcrumbList\",\"@id\":\"https:\/\/omega-bakery.com\/sk\/produkt\/kombinovana-kysiaren-na-plechy-samaref-ev\/#breadcrumb\",\"itemListElement\":[{\"@type\":\"ListItem\",\"position\":1,\"name\":\"Dom\\u016f\",\"item\":\"https:\/\/omega-bakery.com\/sk\/\"},{\"@type\":\"ListItem\",\"position\":2,\"name\":\"Stroje a zariadenia\",\"item\":\"https:\/\/omega-bakery.com\/sk\/stroje-a-zariadenia\/\"},{\"@type\":\"ListItem\",\"position\":3,\"name\":\"Kysiarne, kombinovan\\u00e9 kysiarne a \\u0161okov\\u00e9 chladenie\",\"item\":\"https:\/\/omega-bakery.com\/sk\/stroje-a-zarizeni\/kysiarne-kombinovane-kysiarne-a-sokove-chladenie\/\"},{\"@type\":\"ListItem\",\"position\":4,\"name\":\"Kysiarne a kombinovan\\u00e9 kysiarne\",\"item\":\"https:\/\/omega-bakery.com\/sk\/stroje-a-zarizeni\/kysiarne-kombinovane-kysiarne-a-sokove-chladenie\/kysiarne-a-kombinovane-kysiarne\/\"},{\"@type\":\"ListItem\",\"position\":5,\"name\":\"Kombinovan\\u00e1 kysiare\\u0148 na plechy Samaref EV\"}]}]}<\/script>\n<!-- \/ Yoast SEO plugin. -->","yoast_head_json":{"title":"Kombinovan\u00e1 kysiare\u0148 na plechy Samaref EV - Omega Bakery","robots":{"index":"index","follow":"follow","max-snippet":"max-snippet:-1","max-image-preview":"max-image-preview:large","max-video-preview":"max-video-preview:-1"},"canonical":"https:\/\/omega-bakery.com\/sk\/produkt\/kombinovana-kysiaren-na-plechy-samaref-ev\/","og_locale":"sk_SK","og_type":"article","og_title":"Kombinovan\u00e1 kysiare\u0148 na plechy Samaref EV - Omega Bakery","og_description":"STOP kysiarne - boxy so z\u00e1\u0161upmi na plechy (400 x 600 alebo 600 x 800 mm) . Nastavite\u013en\u00e9 programy, teploty -10\u00b0C a\u017e + 35\u00b0C, nastavite\u013en\u00e1 r\u00fdchlos\u0165 ventil\u00e1tora. Elektronicky riaden\u00e9 a energeticky \u00fasporn\u00e9 vyv\u00edjanie p\u00e1ry.  Nerezov\u00e9 prevedenie, jednoduch\u00e1 obsluha.  Viac inform\u00e1ci\u00ed o tejto kysiarni n\u00e1jdete v prilo\u017eenom let\u00e1ku TU [...]Read More...","og_url":"https:\/\/omega-bakery.com\/sk\/produkt\/kombinovana-kysiaren-na-plechy-samaref-ev\/","og_site_name":"Omega Bakery","article_modified_time":"2026-01-22T12:30:02+00:00","og_image":[{"width":491,"height":709,"url":"http:\/\/omega-bakery.com\/sk\/wp-content\/uploads\/2026\/01\/EV_700_P_TN-upr.jpg","path":"\/data\/web\/virtuals\/278194\/virtual\/www\/domains\/omega-bakery.com\/sk\/wp-content\/uploads\/2026\/01\/EV_700_P_TN-upr.jpg","size":"full","id":2334,"alt":"","pixels":348119,"type":"image\/jpeg"}],"twitter_card":"summary_large_image","schema":{"@context":"https:\/\/schema.org","@graph":[{"@type":"WebSite","@id":"https:\/\/omega-bakery.com\/sk\/#website","url":"https:\/\/omega-bakery.com\/sk\/","name":"Omega Bakery","description":"Dodavatel stroj\u016f a za\u0159\u00edzen\u00ed pro pek\u00e1rny","potentialAction":[{"@type":"SearchAction","target":{"@type":"EntryPoint","urlTemplate":"https:\/\/omega-bakery.com\/sk\/?s={search_term_string}"},"query-input":"required name=search_term_string"}],"inLanguage":"sk-SK"},{"@type":"ImageObject","@id":"https:\/\/omega-bakery.com\/sk\/produkt\/kombinovana-kysiaren-na-plechy-samaref-ev\/#primaryimage","inLanguage":"sk-SK","url":"https:\/\/omega-bakery.com\/sk\/wp-content\/uploads\/2026\/01\/EV_700_P_TN-upr.jpg","contentUrl":"https:\/\/omega-bakery.com\/sk\/wp-content\/uploads\/2026\/01\/EV_700_P_TN-upr.jpg","width":491,"height":709},{"@type":"WebPage","@id":"https:\/\/omega-bakery.com\/sk\/produkt\/kombinovana-kysiaren-na-plechy-samaref-ev\/#webpage","url":"https:\/\/omega-bakery.com\/sk\/produkt\/kombinovana-kysiaren-na-plechy-samaref-ev\/","name":"Kombinovan\u00e1 kysiare\u0148 na plechy Samaref EV - Omega Bakery","isPartOf":{"@id":"https:\/\/omega-bakery.com\/sk\/#website"},"primaryImageOfPage":{"@id":"https:\/\/omega-bakery.com\/sk\/produkt\/kombinovana-kysiaren-na-plechy-samaref-ev\/#primaryimage"},"datePublished":"2026-01-22T12:17:50+00:00","dateModified":"2026-01-22T12:30:02+00:00","breadcrumb":{"@id":"https:\/\/omega-bakery.com\/sk\/produkt\/kombinovana-kysiaren-na-plechy-samaref-ev\/#breadcrumb"},"inLanguage":"sk-SK","potentialAction":[{"@type":"ReadAction","target":["https:\/\/omega-bakery.com\/sk\/produkt\/kombinovana-kysiaren-na-plechy-samaref-ev\/"]}]},{"@type":"BreadcrumbList","@id":"https:\/\/omega-bakery.com\/sk\/produkt\/kombinovana-kysiaren-na-plechy-samaref-ev\/#breadcrumb","itemListElement":[{"@type":"ListItem","position":1,"name":"Dom\u016f","item":"https:\/\/omega-bakery.com\/sk\/"},{"@type":"ListItem","position":2,"name":"Stroje a zariadenia","item":"https:\/\/omega-bakery.com\/sk\/stroje-a-zariadenia\/"},{"@type":"ListItem","position":3,"name":"Kysiarne, kombinovan\u00e9 kysiarne a \u0161okov\u00e9 chladenie","item":"https:\/\/omega-bakery.com\/sk\/stroje-a-zarizeni\/kysiarne-kombinovane-kysiarne-a-sokove-chladenie\/"},{"@type":"ListItem","position":4,"name":"Kysiarne a kombinovan\u00e9 kysiarne","item":"https:\/\/omega-bakery.com\/sk\/stroje-a-zarizeni\/kysiarne-kombinovane-kysiarne-a-sokove-chladenie\/kysiarne-a-kombinovane-kysiarne\/"},{"@type":"ListItem","position":5,"name":"Kombinovan\u00e1 kysiare\u0148 na plechy Samaref EV"}]}]}},"_links":{"self":[{"href":"https:\/\/omega-bakery.com\/sk\/wp-json\/wp\/v2\/product\/2332"}],"collection":[{"href":"https:\/\/omega-bakery.com\/sk\/wp-json\/wp\/v2\/product"}],"about":[{"href":"https:\/\/omega-bakery.com\/sk\/wp-json\/wp\/v2\/types\/product"}],"wp:featuredmedia":[{"embeddable":true,"href":"https:\/\/omega-bakery.com\/sk\/wp-json\/wp\/v2\/media\/2334"}],"wp:attachment":[{"href":"https:\/\/omega-bakery.com\/sk\/wp-json\/wp\/v2\/media?parent=2332"}],"curies":[{"name":"wp","href":"https:\/\/api.w.org\/{rel}","templated":true}]}}