{"id":2344,"date":"2026-01-22T15:04:31","date_gmt":"2026-01-22T13:04:31","guid":{"rendered":"https:\/\/omega-bakery.com\/sk\/?post_type=product&#038;p=2344"},"modified":"2026-01-22T15:10:27","modified_gmt":"2026-01-22T13:10:27","slug":"parna-pec-mondial-forni-lem","status":"publish","type":"product","link":"https:\/\/omega-bakery.com\/sk\/produkt\/parna-pec-mondial-forni-lem\/","title":{"rendered":"parn\u00e1 pec Mondial Forni \u2013 LEM"},"content":{"rendered":"","protected":false},"excerpt":{"rendered":"<p>Plynov\u00e1 parn\u00e1 et\u00e1\u017eov\u00e1 pec, princ\u00edp vykurovania je ako v star\u00fdch parn\u00fdch peciach. Pe\u010die sa na cementov\u00fdch dosk\u00e1ch. Men\u0161ie prevedenie v dvoch ve\u013ekostiach. R\u00fdchla in\u0161tal\u00e1cia.<\/p>\n<p><strong>Rozmry (\u0161 x d x v)<\/strong><strong>:<\/strong> \u00a0 z\u00e1visia od typu, vi\u010f. prilo\u017een\u00fd let\u00e1k<\/p>\n<div>\n<p>Viac inform\u00e1ci\u00ed o tejto et\u00e1\u017eovej peci n\u00e1jdete v prilo\u017eenom let\u00e1ku <a href=\"http:\/\/omega-bakery.com\/sk\/wp-content\/uploads\/2026\/01\/MF-parni-pec-LEM-1025.pdf\" target=\"_blank\" rel=\"noopener\">TU<\/a><\/p>\n<\/div>\n<p> [&#8230;]<\/p>\n<p><a class=\"btn btn-secondary understrap-read-more-link\" href=\"https:\/\/omega-bakery.com\/sk\/produkt\/parna-pec-mondial-forni-lem\/\">Read More&#8230;<\/a><\/p>\n","protected":false},"featured_media":2345,"template":"","meta":[],"yoast_head":"<!-- This site is optimized with the Yoast SEO plugin v17.1 - https:\/\/yoast.com\/wordpress\/plugins\/seo\/ -->\n<title>parn\u00e1 pec Mondial Forni \u2013 LEM - Omega Bakery<\/title>\n<meta name=\"robots\" content=\"index, follow, max-snippet:-1, max-image-preview:large, max-video-preview:-1\" \/>\n<link rel=\"canonical\" href=\"https:\/\/omega-bakery.com\/sk\/produkt\/parna-pec-mondial-forni-lem\/\" \/>\n<meta property=\"og:locale\" content=\"sk_SK\" \/>\n<meta property=\"og:type\" content=\"article\" \/>\n<meta property=\"og:title\" content=\"parn\u00e1 pec Mondial Forni \u2013 LEM - Omega Bakery\" \/>\n<meta property=\"og:description\" content=\"Plynov\u00e1 parn\u00e1 et\u00e1\u017eov\u00e1 pec, princ\u00edp vykurovania je ako v star\u00fdch parn\u00fdch peciach. Pe\u010die sa na cementov\u00fdch dosk\u00e1ch. Men\u0161ie prevedenie v dvoch ve\u013ekostiach. R\u00fdchla in\u0161tal\u00e1cia.  Rozmry (\u0161 x d x v): \u00a0 z\u00e1visia od typu, vi\u010f. prilo\u017een\u00fd let\u00e1k   Viac inform\u00e1ci\u00ed o tejto et\u00e1\u017eovej peci n\u00e1jdete v prilo\u017eenom let\u00e1ku TU   [...]Read More...\" \/>\n<meta property=\"og:url\" content=\"https:\/\/omega-bakery.com\/sk\/produkt\/parna-pec-mondial-forni-lem\/\" \/>\n<meta property=\"og:site_name\" content=\"Omega Bakery\" \/>\n<meta property=\"article:modified_time\" content=\"2026-01-22T13:10:27+00:00\" \/>\n<meta property=\"og:image\" content=\"http:\/\/omega-bakery.com\/sk\/wp-content\/uploads\/2026\/01\/LEM.png\" \/>\n\t<meta property=\"og:image:width\" content=\"224\" \/>\n\t<meta property=\"og:image:height\" content=\"356\" \/>\n<meta name=\"twitter:card\" content=\"summary_large_image\" \/>\n<script type=\"application\/ld+json\" class=\"yoast-schema-graph\">{\"@context\":\"https:\/\/schema.org\",\"@graph\":[{\"@type\":\"WebSite\",\"@id\":\"https:\/\/omega-bakery.com\/sk\/#website\",\"url\":\"https:\/\/omega-bakery.com\/sk\/\",\"name\":\"Omega Bakery\",\"description\":\"Dodavatel stroj\\u016f a za\\u0159\\u00edzen\\u00ed pro pek\\u00e1rny\",\"potentialAction\":[{\"@type\":\"SearchAction\",\"target\":{\"@type\":\"EntryPoint\",\"urlTemplate\":\"https:\/\/omega-bakery.com\/sk\/?s={search_term_string}\"},\"query-input\":\"required name=search_term_string\"}],\"inLanguage\":\"sk-SK\"},{\"@type\":\"ImageObject\",\"@id\":\"https:\/\/omega-bakery.com\/sk\/produkt\/parna-pec-mondial-forni-lem\/#primaryimage\",\"inLanguage\":\"sk-SK\",\"url\":\"https:\/\/omega-bakery.com\/sk\/wp-content\/uploads\/2026\/01\/LEM.png\",\"contentUrl\":\"https:\/\/omega-bakery.com\/sk\/wp-content\/uploads\/2026\/01\/LEM.png\",\"width\":224,\"height\":356},{\"@type\":\"WebPage\",\"@id\":\"https:\/\/omega-bakery.com\/sk\/produkt\/parna-pec-mondial-forni-lem\/#webpage\",\"url\":\"https:\/\/omega-bakery.com\/sk\/produkt\/parna-pec-mondial-forni-lem\/\",\"name\":\"parn\\u00e1 pec Mondial Forni \\u2013 LEM - Omega Bakery\",\"isPartOf\":{\"@id\":\"https:\/\/omega-bakery.com\/sk\/#website\"},\"primaryImageOfPage\":{\"@id\":\"https:\/\/omega-bakery.com\/sk\/produkt\/parna-pec-mondial-forni-lem\/#primaryimage\"},\"datePublished\":\"2026-01-22T13:04:31+00:00\",\"dateModified\":\"2026-01-22T13:10:27+00:00\",\"breadcrumb\":{\"@id\":\"https:\/\/omega-bakery.com\/sk\/produkt\/parna-pec-mondial-forni-lem\/#breadcrumb\"},\"inLanguage\":\"sk-SK\",\"potentialAction\":[{\"@type\":\"ReadAction\",\"target\":[\"https:\/\/omega-bakery.com\/sk\/produkt\/parna-pec-mondial-forni-lem\/\"]}]},{\"@type\":\"BreadcrumbList\",\"@id\":\"https:\/\/omega-bakery.com\/sk\/produkt\/parna-pec-mondial-forni-lem\/#breadcrumb\",\"itemListElement\":[{\"@type\":\"ListItem\",\"position\":1,\"name\":\"Dom\\u016f\",\"item\":\"https:\/\/omega-bakery.com\/sk\/\"},{\"@type\":\"ListItem\",\"position\":2,\"name\":\"Stroje a zariadenia\",\"item\":\"https:\/\/omega-bakery.com\/sk\/stroje-a-zariadenia\/\"},{\"@type\":\"ListItem\",\"position\":3,\"name\":\"Pece\",\"item\":\"https:\/\/omega-bakery.com\/sk\/stroje-a-zarizeni\/pece\/\"},{\"@type\":\"ListItem\",\"position\":4,\"name\":\"Pece et\\u00e1\\u017eov\\u00e9\",\"item\":\"https:\/\/omega-bakery.com\/sk\/stroje-a-zarizeni\/pece\/pece-etazove\/\"},{\"@type\":\"ListItem\",\"position\":5,\"name\":\"parn\\u00e1 pec Mondial Forni \\u2013 LEM\"}]}]}<\/script>\n<!-- \/ Yoast SEO plugin. -->","yoast_head_json":{"title":"parn\u00e1 pec Mondial Forni \u2013 LEM - Omega Bakery","robots":{"index":"index","follow":"follow","max-snippet":"max-snippet:-1","max-image-preview":"max-image-preview:large","max-video-preview":"max-video-preview:-1"},"canonical":"https:\/\/omega-bakery.com\/sk\/produkt\/parna-pec-mondial-forni-lem\/","og_locale":"sk_SK","og_type":"article","og_title":"parn\u00e1 pec Mondial Forni \u2013 LEM - Omega Bakery","og_description":"Plynov\u00e1 parn\u00e1 et\u00e1\u017eov\u00e1 pec, princ\u00edp vykurovania je ako v star\u00fdch parn\u00fdch peciach. Pe\u010die sa na cementov\u00fdch dosk\u00e1ch. Men\u0161ie prevedenie v dvoch ve\u013ekostiach. R\u00fdchla in\u0161tal\u00e1cia.  Rozmry (\u0161 x d x v): \u00a0 z\u00e1visia od typu, vi\u010f. prilo\u017een\u00fd let\u00e1k   Viac inform\u00e1ci\u00ed o tejto et\u00e1\u017eovej peci n\u00e1jdete v prilo\u017eenom let\u00e1ku TU   [...]Read More...","og_url":"https:\/\/omega-bakery.com\/sk\/produkt\/parna-pec-mondial-forni-lem\/","og_site_name":"Omega Bakery","article_modified_time":"2026-01-22T13:10:27+00:00","og_image":[{"width":224,"height":356,"url":"http:\/\/omega-bakery.com\/sk\/wp-content\/uploads\/2026\/01\/LEM.png","path":"\/data\/web\/virtuals\/278194\/virtual\/www\/domains\/omega-bakery.com\/sk\/wp-content\/uploads\/2026\/01\/LEM.png","size":"full","id":2345,"alt":"","pixels":79744,"type":"image\/png"}],"twitter_card":"summary_large_image","schema":{"@context":"https:\/\/schema.org","@graph":[{"@type":"WebSite","@id":"https:\/\/omega-bakery.com\/sk\/#website","url":"https:\/\/omega-bakery.com\/sk\/","name":"Omega Bakery","description":"Dodavatel stroj\u016f a za\u0159\u00edzen\u00ed pro pek\u00e1rny","potentialAction":[{"@type":"SearchAction","target":{"@type":"EntryPoint","urlTemplate":"https:\/\/omega-bakery.com\/sk\/?s={search_term_string}"},"query-input":"required name=search_term_string"}],"inLanguage":"sk-SK"},{"@type":"ImageObject","@id":"https:\/\/omega-bakery.com\/sk\/produkt\/parna-pec-mondial-forni-lem\/#primaryimage","inLanguage":"sk-SK","url":"https:\/\/omega-bakery.com\/sk\/wp-content\/uploads\/2026\/01\/LEM.png","contentUrl":"https:\/\/omega-bakery.com\/sk\/wp-content\/uploads\/2026\/01\/LEM.png","width":224,"height":356},{"@type":"WebPage","@id":"https:\/\/omega-bakery.com\/sk\/produkt\/parna-pec-mondial-forni-lem\/#webpage","url":"https:\/\/omega-bakery.com\/sk\/produkt\/parna-pec-mondial-forni-lem\/","name":"parn\u00e1 pec Mondial Forni \u2013 LEM - Omega Bakery","isPartOf":{"@id":"https:\/\/omega-bakery.com\/sk\/#website"},"primaryImageOfPage":{"@id":"https:\/\/omega-bakery.com\/sk\/produkt\/parna-pec-mondial-forni-lem\/#primaryimage"},"datePublished":"2026-01-22T13:04:31+00:00","dateModified":"2026-01-22T13:10:27+00:00","breadcrumb":{"@id":"https:\/\/omega-bakery.com\/sk\/produkt\/parna-pec-mondial-forni-lem\/#breadcrumb"},"inLanguage":"sk-SK","potentialAction":[{"@type":"ReadAction","target":["https:\/\/omega-bakery.com\/sk\/produkt\/parna-pec-mondial-forni-lem\/"]}]},{"@type":"BreadcrumbList","@id":"https:\/\/omega-bakery.com\/sk\/produkt\/parna-pec-mondial-forni-lem\/#breadcrumb","itemListElement":[{"@type":"ListItem","position":1,"name":"Dom\u016f","item":"https:\/\/omega-bakery.com\/sk\/"},{"@type":"ListItem","position":2,"name":"Stroje a zariadenia","item":"https:\/\/omega-bakery.com\/sk\/stroje-a-zariadenia\/"},{"@type":"ListItem","position":3,"name":"Pece","item":"https:\/\/omega-bakery.com\/sk\/stroje-a-zarizeni\/pece\/"},{"@type":"ListItem","position":4,"name":"Pece et\u00e1\u017eov\u00e9","item":"https:\/\/omega-bakery.com\/sk\/stroje-a-zarizeni\/pece\/pece-etazove\/"},{"@type":"ListItem","position":5,"name":"parn\u00e1 pec Mondial Forni \u2013 LEM"}]}]}},"_links":{"self":[{"href":"https:\/\/omega-bakery.com\/sk\/wp-json\/wp\/v2\/product\/2344"}],"collection":[{"href":"https:\/\/omega-bakery.com\/sk\/wp-json\/wp\/v2\/product"}],"about":[{"href":"https:\/\/omega-bakery.com\/sk\/wp-json\/wp\/v2\/types\/product"}],"wp:featuredmedia":[{"embeddable":true,"href":"https:\/\/omega-bakery.com\/sk\/wp-json\/wp\/v2\/media\/2345"}],"wp:attachment":[{"href":"https:\/\/omega-bakery.com\/sk\/wp-json\/wp\/v2\/media?parent=2344"}],"curies":[{"name":"wp","href":"https:\/\/api.w.org\/{rel}","templated":true}]}}