{"id":2347,"date":"2026-01-22T15:12:13","date_gmt":"2026-01-22T13:12:13","guid":{"rendered":"https:\/\/omega-bakery.com\/sk\/?post_type=product&#038;p=2347"},"modified":"2026-01-22T15:19:16","modified_gmt":"2026-01-22T13:19:16","slug":"rotacna-pec-sveba-dahlen-typy-c100-a-c150","status":"publish","type":"product","link":"https:\/\/omega-bakery.com\/sk\/produkt\/rotacna-pec-sveba-dahlen-typy-c100-a-c150\/","title":{"rendered":"Rota\u010dn\u00e1 pec Sveba Dahlen typy C100 a C150"},"content":{"rendered":"","protected":false},"excerpt":{"rendered":"<p>Najnov\u0161ia gener\u00e1cia \u00fasporn\u00fdch rota\u010dn\u00fdch pec\u00ed so zosilnenou izol\u00e1ciou stien (nie je zni\u017eovan\u00fd vykurovac\u00ed v\u00fdkon!) Mo\u017enosti vykurovania (zad\u00e1va sa pri objedn\u00e1vke) elektro, plyn alebo olej.<\/p>\n<p>Prevedenie vo ve\u013ekostiach: C 100\/102 \u2013 ni\u017e\u0161ie a C150\/152 \u2013 vy\u0161\u0161ie<\/p>\n<p>Pre plechy ve\u013ekosti a\u017e 457 x 762 mm<\/p>\n<p>Viac inform\u00e1ci\u00ed o t\u00fdchto peciach n\u00e1jdete v prilo\u017eenom let\u00e1ku <a href=\"http:\/\/omega-bakery.com\/sk\/wp-content\/uploads\/2026\/01\/Sveba-C-100-az-102-a-150-az-152-0126.pdf\" target=\"_blank\" rel=\"noopener\">TU<\/a> [&#8230;]<\/p>\n<p><a class=\"btn btn-secondary understrap-read-more-link\" href=\"https:\/\/omega-bakery.com\/sk\/produkt\/rotacna-pec-sveba-dahlen-typy-c100-a-c150\/\">Read More&#8230;<\/a><\/p>\n","protected":false},"featured_media":2348,"template":"","meta":[],"yoast_head":"<!-- This site is optimized with the Yoast SEO plugin v17.1 - https:\/\/yoast.com\/wordpress\/plugins\/seo\/ -->\n<title>Rota\u010dn\u00e1 pec Sveba Dahlen typy C100 a C150 - Omega Bakery<\/title>\n<meta name=\"robots\" content=\"index, follow, max-snippet:-1, max-image-preview:large, max-video-preview:-1\" \/>\n<link rel=\"canonical\" href=\"https:\/\/omega-bakery.com\/sk\/produkt\/rotacna-pec-sveba-dahlen-typy-c100-a-c150\/\" \/>\n<meta property=\"og:locale\" content=\"sk_SK\" \/>\n<meta property=\"og:type\" content=\"article\" \/>\n<meta property=\"og:title\" content=\"Rota\u010dn\u00e1 pec Sveba Dahlen typy C100 a C150 - Omega Bakery\" \/>\n<meta property=\"og:description\" content=\"Najnov\u0161ia gener\u00e1cia \u00fasporn\u00fdch rota\u010dn\u00fdch pec\u00ed so zosilnenou izol\u00e1ciou stien (nie je zni\u017eovan\u00fd vykurovac\u00ed v\u00fdkon!) Mo\u017enosti vykurovania (zad\u00e1va sa pri objedn\u00e1vke) elektro, plyn alebo olej.  Prevedenie vo ve\u013ekostiach: C 100\/102 \u2013 ni\u017e\u0161ie a C150\/152 \u2013 vy\u0161\u0161ie  Pre plechy ve\u013ekosti a\u017e 457 x 762 mm  Viac inform\u00e1ci\u00ed o t\u00fdchto peciach n\u00e1jdete v prilo\u017eenom let\u00e1ku TU [...]Read More...\" \/>\n<meta property=\"og:url\" content=\"https:\/\/omega-bakery.com\/sk\/produkt\/rotacna-pec-sveba-dahlen-typy-c100-a-c150\/\" \/>\n<meta property=\"og:site_name\" content=\"Omega Bakery\" \/>\n<meta property=\"article:modified_time\" content=\"2026-01-22T13:19:16+00:00\" \/>\n<meta property=\"og:image\" content=\"http:\/\/omega-bakery.com\/sk\/wp-content\/uploads\/2026\/01\/c150-sveba-dahlen.jpg\" \/>\n\t<meta property=\"og:image:width\" content=\"800\" \/>\n\t<meta property=\"og:image:height\" content=\"800\" \/>\n<meta name=\"twitter:card\" content=\"summary_large_image\" \/>\n<script type=\"application\/ld+json\" class=\"yoast-schema-graph\">{\"@context\":\"https:\/\/schema.org\",\"@graph\":[{\"@type\":\"WebSite\",\"@id\":\"https:\/\/omega-bakery.com\/sk\/#website\",\"url\":\"https:\/\/omega-bakery.com\/sk\/\",\"name\":\"Omega Bakery\",\"description\":\"Dodavatel stroj\\u016f a za\\u0159\\u00edzen\\u00ed pro pek\\u00e1rny\",\"potentialAction\":[{\"@type\":\"SearchAction\",\"target\":{\"@type\":\"EntryPoint\",\"urlTemplate\":\"https:\/\/omega-bakery.com\/sk\/?s={search_term_string}\"},\"query-input\":\"required name=search_term_string\"}],\"inLanguage\":\"sk-SK\"},{\"@type\":\"ImageObject\",\"@id\":\"https:\/\/omega-bakery.com\/sk\/produkt\/rotacna-pec-sveba-dahlen-typy-c100-a-c150\/#primaryimage\",\"inLanguage\":\"sk-SK\",\"url\":\"https:\/\/omega-bakery.com\/sk\/wp-content\/uploads\/2026\/01\/c150-sveba-dahlen.jpg\",\"contentUrl\":\"https:\/\/omega-bakery.com\/sk\/wp-content\/uploads\/2026\/01\/c150-sveba-dahlen.jpg\",\"width\":800,\"height\":800},{\"@type\":\"WebPage\",\"@id\":\"https:\/\/omega-bakery.com\/sk\/produkt\/rotacna-pec-sveba-dahlen-typy-c100-a-c150\/#webpage\",\"url\":\"https:\/\/omega-bakery.com\/sk\/produkt\/rotacna-pec-sveba-dahlen-typy-c100-a-c150\/\",\"name\":\"Rota\\u010dn\\u00e1 pec Sveba Dahlen typy C100 a C150 - Omega Bakery\",\"isPartOf\":{\"@id\":\"https:\/\/omega-bakery.com\/sk\/#website\"},\"primaryImageOfPage\":{\"@id\":\"https:\/\/omega-bakery.com\/sk\/produkt\/rotacna-pec-sveba-dahlen-typy-c100-a-c150\/#primaryimage\"},\"datePublished\":\"2026-01-22T13:12:13+00:00\",\"dateModified\":\"2026-01-22T13:19:16+00:00\",\"breadcrumb\":{\"@id\":\"https:\/\/omega-bakery.com\/sk\/produkt\/rotacna-pec-sveba-dahlen-typy-c100-a-c150\/#breadcrumb\"},\"inLanguage\":\"sk-SK\",\"potentialAction\":[{\"@type\":\"ReadAction\",\"target\":[\"https:\/\/omega-bakery.com\/sk\/produkt\/rotacna-pec-sveba-dahlen-typy-c100-a-c150\/\"]}]},{\"@type\":\"BreadcrumbList\",\"@id\":\"https:\/\/omega-bakery.com\/sk\/produkt\/rotacna-pec-sveba-dahlen-typy-c100-a-c150\/#breadcrumb\",\"itemListElement\":[{\"@type\":\"ListItem\",\"position\":1,\"name\":\"Dom\\u016f\",\"item\":\"https:\/\/omega-bakery.com\/sk\/\"},{\"@type\":\"ListItem\",\"position\":2,\"name\":\"Stroje a zariadenia\",\"item\":\"https:\/\/omega-bakery.com\/sk\/stroje-a-zariadenia\/\"},{\"@type\":\"ListItem\",\"position\":3,\"name\":\"Pece\",\"item\":\"https:\/\/omega-bakery.com\/sk\/stroje-a-zarizeni\/pece\/\"},{\"@type\":\"ListItem\",\"position\":4,\"name\":\"Pece rota\\u010dn\\u00e9\",\"item\":\"https:\/\/omega-bakery.com\/sk\/stroje-a-zarizeni\/pece\/pece-rotacne\/\"},{\"@type\":\"ListItem\",\"position\":5,\"name\":\"Rota\\u010dn\\u00e1 pec Sveba Dahlen typy C100 a C150\"}]}]}<\/script>\n<!-- \/ Yoast SEO plugin. -->","yoast_head_json":{"title":"Rota\u010dn\u00e1 pec Sveba Dahlen typy C100 a C150 - Omega Bakery","robots":{"index":"index","follow":"follow","max-snippet":"max-snippet:-1","max-image-preview":"max-image-preview:large","max-video-preview":"max-video-preview:-1"},"canonical":"https:\/\/omega-bakery.com\/sk\/produkt\/rotacna-pec-sveba-dahlen-typy-c100-a-c150\/","og_locale":"sk_SK","og_type":"article","og_title":"Rota\u010dn\u00e1 pec Sveba Dahlen typy C100 a C150 - Omega Bakery","og_description":"Najnov\u0161ia gener\u00e1cia \u00fasporn\u00fdch rota\u010dn\u00fdch pec\u00ed so zosilnenou izol\u00e1ciou stien (nie je zni\u017eovan\u00fd vykurovac\u00ed v\u00fdkon!) Mo\u017enosti vykurovania (zad\u00e1va sa pri objedn\u00e1vke) elektro, plyn alebo olej.  Prevedenie vo ve\u013ekostiach: C 100\/102 \u2013 ni\u017e\u0161ie a C150\/152 \u2013 vy\u0161\u0161ie  Pre plechy ve\u013ekosti a\u017e 457 x 762 mm  Viac inform\u00e1ci\u00ed o t\u00fdchto peciach n\u00e1jdete v prilo\u017eenom let\u00e1ku TU [...]Read More...","og_url":"https:\/\/omega-bakery.com\/sk\/produkt\/rotacna-pec-sveba-dahlen-typy-c100-a-c150\/","og_site_name":"Omega Bakery","article_modified_time":"2026-01-22T13:19:16+00:00","og_image":[{"width":800,"height":800,"url":"http:\/\/omega-bakery.com\/sk\/wp-content\/uploads\/2026\/01\/c150-sveba-dahlen.jpg","path":"\/data\/web\/virtuals\/278194\/virtual\/www\/domains\/omega-bakery.com\/sk\/wp-content\/uploads\/2026\/01\/c150-sveba-dahlen.jpg","size":"full","id":2348,"alt":"","pixels":640000,"type":"image\/jpeg"}],"twitter_card":"summary_large_image","schema":{"@context":"https:\/\/schema.org","@graph":[{"@type":"WebSite","@id":"https:\/\/omega-bakery.com\/sk\/#website","url":"https:\/\/omega-bakery.com\/sk\/","name":"Omega Bakery","description":"Dodavatel stroj\u016f a za\u0159\u00edzen\u00ed pro pek\u00e1rny","potentialAction":[{"@type":"SearchAction","target":{"@type":"EntryPoint","urlTemplate":"https:\/\/omega-bakery.com\/sk\/?s={search_term_string}"},"query-input":"required name=search_term_string"}],"inLanguage":"sk-SK"},{"@type":"ImageObject","@id":"https:\/\/omega-bakery.com\/sk\/produkt\/rotacna-pec-sveba-dahlen-typy-c100-a-c150\/#primaryimage","inLanguage":"sk-SK","url":"https:\/\/omega-bakery.com\/sk\/wp-content\/uploads\/2026\/01\/c150-sveba-dahlen.jpg","contentUrl":"https:\/\/omega-bakery.com\/sk\/wp-content\/uploads\/2026\/01\/c150-sveba-dahlen.jpg","width":800,"height":800},{"@type":"WebPage","@id":"https:\/\/omega-bakery.com\/sk\/produkt\/rotacna-pec-sveba-dahlen-typy-c100-a-c150\/#webpage","url":"https:\/\/omega-bakery.com\/sk\/produkt\/rotacna-pec-sveba-dahlen-typy-c100-a-c150\/","name":"Rota\u010dn\u00e1 pec Sveba Dahlen typy C100 a C150 - Omega Bakery","isPartOf":{"@id":"https:\/\/omega-bakery.com\/sk\/#website"},"primaryImageOfPage":{"@id":"https:\/\/omega-bakery.com\/sk\/produkt\/rotacna-pec-sveba-dahlen-typy-c100-a-c150\/#primaryimage"},"datePublished":"2026-01-22T13:12:13+00:00","dateModified":"2026-01-22T13:19:16+00:00","breadcrumb":{"@id":"https:\/\/omega-bakery.com\/sk\/produkt\/rotacna-pec-sveba-dahlen-typy-c100-a-c150\/#breadcrumb"},"inLanguage":"sk-SK","potentialAction":[{"@type":"ReadAction","target":["https:\/\/omega-bakery.com\/sk\/produkt\/rotacna-pec-sveba-dahlen-typy-c100-a-c150\/"]}]},{"@type":"BreadcrumbList","@id":"https:\/\/omega-bakery.com\/sk\/produkt\/rotacna-pec-sveba-dahlen-typy-c100-a-c150\/#breadcrumb","itemListElement":[{"@type":"ListItem","position":1,"name":"Dom\u016f","item":"https:\/\/omega-bakery.com\/sk\/"},{"@type":"ListItem","position":2,"name":"Stroje a zariadenia","item":"https:\/\/omega-bakery.com\/sk\/stroje-a-zariadenia\/"},{"@type":"ListItem","position":3,"name":"Pece","item":"https:\/\/omega-bakery.com\/sk\/stroje-a-zarizeni\/pece\/"},{"@type":"ListItem","position":4,"name":"Pece rota\u010dn\u00e9","item":"https:\/\/omega-bakery.com\/sk\/stroje-a-zarizeni\/pece\/pece-rotacne\/"},{"@type":"ListItem","position":5,"name":"Rota\u010dn\u00e1 pec Sveba Dahlen typy C100 a C150"}]}]}},"_links":{"self":[{"href":"https:\/\/omega-bakery.com\/sk\/wp-json\/wp\/v2\/product\/2347"}],"collection":[{"href":"https:\/\/omega-bakery.com\/sk\/wp-json\/wp\/v2\/product"}],"about":[{"href":"https:\/\/omega-bakery.com\/sk\/wp-json\/wp\/v2\/types\/product"}],"wp:featuredmedia":[{"embeddable":true,"href":"https:\/\/omega-bakery.com\/sk\/wp-json\/wp\/v2\/media\/2348"}],"wp:attachment":[{"href":"https:\/\/omega-bakery.com\/sk\/wp-json\/wp\/v2\/media?parent=2347"}],"curies":[{"name":"wp","href":"https:\/\/api.w.org\/{rel}","templated":true}]}}