{"id":2356,"date":"2026-02-09T14:13:04","date_gmt":"2026-02-09T12:13:04","guid":{"rendered":"https:\/\/omega-bakery.com\/sk\/?post_type=product&#038;p=2356"},"modified":"2026-02-19T12:09:33","modified_gmt":"2026-02-19T10:09:33","slug":"debag-decon-125","status":"publish","type":"product","link":"https:\/\/omega-bakery.com\/sk\/produkt\/debag-decon-125\/","title":{"rendered":"Debag Decon 12+5"},"content":{"rendered":"","protected":false},"excerpt":{"rendered":"<p>Teplovzdu\u0161n\u00e1 elektrick\u00e1 pec DECON nastavuje nov\u00e9 \u0161tandardy v kon\u0161trukcii pec\u00ed. DECON je mo\u017en\u00e9 pou\u017ei\u0165 na pe\u010denie takmer v\u0161etk\u00fdch druhov drobn\u00e9ho a jemn\u00e9ho pe\u010diva. V\u010faka ve\u013ek\u00e9mu 7 palcov\u00e9mu dotykov\u00e9mu displeju m\u00f4\u017eu pec \u013eahko a intuit\u00edvne ovl\u00e1da\u0165 aj zamestnanci bez predch\u00e1dzaj\u00faceho \u0161kolenia.<br \/>\nDECON pon\u00faka a\u017e o 20% v\u00e4\u010d\u0161\u00ed priestor na pe\u010denie ako porovnate\u013en\u00e9 pece a \u013eah\u0161ie sa in\u0161taluje.<br \/>\nProgram pre automatick\u00e9 um\u00fdvanie vn\u00fatorn\u00e9ho priestoru pece. Um\u00fdvac\u00ed syst\u00e9m e.CLEAN znamen\u00e1 hygienu stla\u010den\u00edm tla\u010didla. \u010cistiace syst\u00e9my Debag, \u0161etriace zdroje, presved\u010dia n\u00edzkou spotrebou elektriny a vody.<\/p>\n<p>M\u00f4\u017ee by\u0165 aj v preveden\u00ed Decon 5+5, alebo Decon 10, pr\u00edpadne s podstavnou kyn\u00e1r\u0148ou.<\/p>\n<p>Viac inform\u00e1ci\u00ed o tejto rozpekacej peci n\u00e1jdete v prilo\u017eenom let\u00e1ku <a href=\"http:\/\/omega-bakery.com\/sk\/wp-content\/uploads\/2026\/02\/Debag-Decon-125-0524-.pdf\" target=\"_blank\" rel=\"noopener\">TU<\/a> [&#8230;]<\/p>\n<p><a class=\"btn btn-secondary understrap-read-more-link\" href=\"https:\/\/omega-bakery.com\/sk\/produkt\/debag-decon-125\/\">Read More&#8230;<\/a><\/p>\n","protected":false},"featured_media":2358,"template":"","meta":[],"yoast_head":"<!-- This site is optimized with the Yoast SEO plugin v17.1 - https:\/\/yoast.com\/wordpress\/plugins\/seo\/ -->\n<title>Debag Decon 12+5 - Omega Bakery<\/title>\n<meta name=\"robots\" content=\"index, follow, max-snippet:-1, max-image-preview:large, max-video-preview:-1\" \/>\n<link rel=\"canonical\" href=\"http:\/\/omega-bakery.com\/sk\/produkt\/debag-decon-125\/\" \/>\n<meta property=\"og:locale\" content=\"sk_SK\" \/>\n<meta property=\"og:type\" content=\"article\" \/>\n<meta property=\"og:title\" content=\"Debag Decon 12+5 - Omega Bakery\" \/>\n<meta property=\"og:description\" content=\"Teplovzdu\u0161n\u00e1 elektrick\u00e1 pec DECON nastavuje nov\u00e9 \u0161tandardy v kon\u0161trukcii pec\u00ed. DECON je mo\u017en\u00e9 pou\u017ei\u0165 na pe\u010denie takmer v\u0161etk\u00fdch druhov drobn\u00e9ho a jemn\u00e9ho pe\u010diva. V\u010faka ve\u013ek\u00e9mu 7 palcov\u00e9mu dotykov\u00e9mu displeju m\u00f4\u017eu pec \u013eahko a intuit\u00edvne ovl\u00e1da\u0165 aj zamestnanci bez predch\u00e1dzaj\u00faceho \u0161kolenia. DECON pon\u00faka a\u017e o 20% v\u00e4\u010d\u0161\u00ed priestor na pe\u010denie ako porovnate\u013en\u00e9 pece a \u013eah\u0161ie sa in\u0161taluje. Program pre automatick\u00e9 um\u00fdvanie vn\u00fatorn\u00e9ho priestoru pece. Um\u00fdvac\u00ed syst\u00e9m e.CLEAN znamen\u00e1 hygienu stla\u010den\u00edm tla\u010didla. \u010cistiace syst\u00e9my Debag, \u0161etriace zdroje, presved\u010dia n\u00edzkou spotrebou elektriny a vody.  M\u00f4\u017ee by\u0165 aj v preveden\u00ed Decon 5+5, alebo Decon 10, pr\u00edpadne s podstavnou kyn\u00e1r\u0148ou.  Viac inform\u00e1ci\u00ed o tejto rozpekacej peci n\u00e1jdete v prilo\u017eenom let\u00e1ku TU [...]Read More...\" \/>\n<meta property=\"og:url\" content=\"http:\/\/omega-bakery.com\/sk\/produkt\/debag-decon-125\/\" \/>\n<meta property=\"og:site_name\" content=\"Omega Bakery\" \/>\n<meta property=\"article:modified_time\" content=\"2026-02-19T10:09:33+00:00\" \/>\n<meta property=\"og:image\" content=\"http:\/\/omega-bakery.com\/sk\/wp-content\/uploads\/2026\/02\/decon125.png\" \/>\n\t<meta property=\"og:image:width\" content=\"141\" \/>\n\t<meta property=\"og:image:height\" content=\"300\" \/>\n<meta name=\"twitter:card\" content=\"summary_large_image\" \/>\n<script type=\"application\/ld+json\" class=\"yoast-schema-graph\">{\"@context\":\"https:\/\/schema.org\",\"@graph\":[{\"@type\":\"WebSite\",\"@id\":\"https:\/\/omega-bakery.com\/sk\/#website\",\"url\":\"https:\/\/omega-bakery.com\/sk\/\",\"name\":\"Omega Bakery\",\"description\":\"Dodavatel stroj\\u016f a za\\u0159\\u00edzen\\u00ed pro pek\\u00e1rny\",\"potentialAction\":[{\"@type\":\"SearchAction\",\"target\":{\"@type\":\"EntryPoint\",\"urlTemplate\":\"https:\/\/omega-bakery.com\/sk\/?s={search_term_string}\"},\"query-input\":\"required name=search_term_string\"}],\"inLanguage\":\"sk-SK\"},{\"@type\":\"ImageObject\",\"@id\":\"http:\/\/omega-bakery.com\/sk\/produkt\/debag-decon-125\/#primaryimage\",\"inLanguage\":\"sk-SK\",\"url\":\"https:\/\/omega-bakery.com\/sk\/wp-content\/uploads\/2026\/02\/decon125.png\",\"contentUrl\":\"https:\/\/omega-bakery.com\/sk\/wp-content\/uploads\/2026\/02\/decon125.png\",\"width\":141,\"height\":300},{\"@type\":\"WebPage\",\"@id\":\"http:\/\/omega-bakery.com\/sk\/produkt\/debag-decon-125\/#webpage\",\"url\":\"http:\/\/omega-bakery.com\/sk\/produkt\/debag-decon-125\/\",\"name\":\"Debag Decon 12+5 - Omega Bakery\",\"isPartOf\":{\"@id\":\"https:\/\/omega-bakery.com\/sk\/#website\"},\"primaryImageOfPage\":{\"@id\":\"http:\/\/omega-bakery.com\/sk\/produkt\/debag-decon-125\/#primaryimage\"},\"datePublished\":\"2026-02-09T12:13:04+00:00\",\"dateModified\":\"2026-02-19T10:09:33+00:00\",\"breadcrumb\":{\"@id\":\"http:\/\/omega-bakery.com\/sk\/produkt\/debag-decon-125\/#breadcrumb\"},\"inLanguage\":\"sk-SK\",\"potentialAction\":[{\"@type\":\"ReadAction\",\"target\":[\"http:\/\/omega-bakery.com\/sk\/produkt\/debag-decon-125\/\"]}]},{\"@type\":\"BreadcrumbList\",\"@id\":\"http:\/\/omega-bakery.com\/sk\/produkt\/debag-decon-125\/#breadcrumb\",\"itemListElement\":[{\"@type\":\"ListItem\",\"position\":1,\"name\":\"Dom\\u016f\",\"item\":\"https:\/\/omega-bakery.com\/sk\/\"},{\"@type\":\"ListItem\",\"position\":2,\"name\":\"Stroje a zariadenia\",\"item\":\"https:\/\/omega-bakery.com\/sk\/stroje-a-zariadenia\/\"},{\"@type\":\"ListItem\",\"position\":3,\"name\":\"Pece\",\"item\":\"https:\/\/omega-bakery.com\/sk\/stroje-a-zarizeni\/pece\/\"},{\"@type\":\"ListItem\",\"position\":4,\"name\":\"Pece rozpekacie\",\"item\":\"http:\/\/omega-bakery.com\/sk\/stroje-a-zarizeni\/pece\/pece-rozpekacie\/\"},{\"@type\":\"ListItem\",\"position\":5,\"name\":\"Debag Decon 12+5\"}]}]}<\/script>\n<!-- \/ Yoast SEO plugin. -->","yoast_head_json":{"title":"Debag Decon 12+5 - Omega Bakery","robots":{"index":"index","follow":"follow","max-snippet":"max-snippet:-1","max-image-preview":"max-image-preview:large","max-video-preview":"max-video-preview:-1"},"canonical":"http:\/\/omega-bakery.com\/sk\/produkt\/debag-decon-125\/","og_locale":"sk_SK","og_type":"article","og_title":"Debag Decon 12+5 - Omega Bakery","og_description":"Teplovzdu\u0161n\u00e1 elektrick\u00e1 pec DECON nastavuje nov\u00e9 \u0161tandardy v kon\u0161trukcii pec\u00ed. DECON je mo\u017en\u00e9 pou\u017ei\u0165 na pe\u010denie takmer v\u0161etk\u00fdch druhov drobn\u00e9ho a jemn\u00e9ho pe\u010diva. V\u010faka ve\u013ek\u00e9mu 7 palcov\u00e9mu dotykov\u00e9mu displeju m\u00f4\u017eu pec \u013eahko a intuit\u00edvne ovl\u00e1da\u0165 aj zamestnanci bez predch\u00e1dzaj\u00faceho \u0161kolenia. DECON pon\u00faka a\u017e o 20% v\u00e4\u010d\u0161\u00ed priestor na pe\u010denie ako porovnate\u013en\u00e9 pece a \u013eah\u0161ie sa in\u0161taluje. Program pre automatick\u00e9 um\u00fdvanie vn\u00fatorn\u00e9ho priestoru pece. Um\u00fdvac\u00ed syst\u00e9m e.CLEAN znamen\u00e1 hygienu stla\u010den\u00edm tla\u010didla. \u010cistiace syst\u00e9my Debag, \u0161etriace zdroje, presved\u010dia n\u00edzkou spotrebou elektriny a vody.  M\u00f4\u017ee by\u0165 aj v preveden\u00ed Decon 5+5, alebo Decon 10, pr\u00edpadne s podstavnou kyn\u00e1r\u0148ou.  Viac inform\u00e1ci\u00ed o tejto rozpekacej peci n\u00e1jdete v prilo\u017eenom let\u00e1ku TU [...]Read More...","og_url":"http:\/\/omega-bakery.com\/sk\/produkt\/debag-decon-125\/","og_site_name":"Omega Bakery","article_modified_time":"2026-02-19T10:09:33+00:00","og_image":[{"width":141,"height":300,"url":"http:\/\/omega-bakery.com\/sk\/wp-content\/uploads\/2026\/02\/decon125.png","path":"\/data\/web\/virtuals\/278194\/virtual\/www\/domains\/omega-bakery.com\/sk\/wp-content\/uploads\/2026\/02\/decon125.png","size":"full","id":2358,"alt":"","pixels":42300,"type":"image\/png"}],"twitter_card":"summary_large_image","schema":{"@context":"https:\/\/schema.org","@graph":[{"@type":"WebSite","@id":"https:\/\/omega-bakery.com\/sk\/#website","url":"https:\/\/omega-bakery.com\/sk\/","name":"Omega Bakery","description":"Dodavatel stroj\u016f a za\u0159\u00edzen\u00ed pro pek\u00e1rny","potentialAction":[{"@type":"SearchAction","target":{"@type":"EntryPoint","urlTemplate":"https:\/\/omega-bakery.com\/sk\/?s={search_term_string}"},"query-input":"required name=search_term_string"}],"inLanguage":"sk-SK"},{"@type":"ImageObject","@id":"http:\/\/omega-bakery.com\/sk\/produkt\/debag-decon-125\/#primaryimage","inLanguage":"sk-SK","url":"https:\/\/omega-bakery.com\/sk\/wp-content\/uploads\/2026\/02\/decon125.png","contentUrl":"https:\/\/omega-bakery.com\/sk\/wp-content\/uploads\/2026\/02\/decon125.png","width":141,"height":300},{"@type":"WebPage","@id":"http:\/\/omega-bakery.com\/sk\/produkt\/debag-decon-125\/#webpage","url":"http:\/\/omega-bakery.com\/sk\/produkt\/debag-decon-125\/","name":"Debag Decon 12+5 - Omega Bakery","isPartOf":{"@id":"https:\/\/omega-bakery.com\/sk\/#website"},"primaryImageOfPage":{"@id":"http:\/\/omega-bakery.com\/sk\/produkt\/debag-decon-125\/#primaryimage"},"datePublished":"2026-02-09T12:13:04+00:00","dateModified":"2026-02-19T10:09:33+00:00","breadcrumb":{"@id":"http:\/\/omega-bakery.com\/sk\/produkt\/debag-decon-125\/#breadcrumb"},"inLanguage":"sk-SK","potentialAction":[{"@type":"ReadAction","target":["http:\/\/omega-bakery.com\/sk\/produkt\/debag-decon-125\/"]}]},{"@type":"BreadcrumbList","@id":"http:\/\/omega-bakery.com\/sk\/produkt\/debag-decon-125\/#breadcrumb","itemListElement":[{"@type":"ListItem","position":1,"name":"Dom\u016f","item":"https:\/\/omega-bakery.com\/sk\/"},{"@type":"ListItem","position":2,"name":"Stroje a zariadenia","item":"https:\/\/omega-bakery.com\/sk\/stroje-a-zariadenia\/"},{"@type":"ListItem","position":3,"name":"Pece","item":"https:\/\/omega-bakery.com\/sk\/stroje-a-zarizeni\/pece\/"},{"@type":"ListItem","position":4,"name":"Pece rozpekacie","item":"http:\/\/omega-bakery.com\/sk\/stroje-a-zarizeni\/pece\/pece-rozpekacie\/"},{"@type":"ListItem","position":5,"name":"Debag Decon 12+5"}]}]}},"_links":{"self":[{"href":"https:\/\/omega-bakery.com\/sk\/wp-json\/wp\/v2\/product\/2356"}],"collection":[{"href":"https:\/\/omega-bakery.com\/sk\/wp-json\/wp\/v2\/product"}],"about":[{"href":"https:\/\/omega-bakery.com\/sk\/wp-json\/wp\/v2\/types\/product"}],"wp:featuredmedia":[{"embeddable":true,"href":"https:\/\/omega-bakery.com\/sk\/wp-json\/wp\/v2\/media\/2358"}],"wp:attachment":[{"href":"https:\/\/omega-bakery.com\/sk\/wp-json\/wp\/v2\/media?parent=2356"}],"curies":[{"name":"wp","href":"https:\/\/api.w.org\/{rel}","templated":true}]}}